{"id":69042,"date":"2021-05-31T09:19:49","date_gmt":"2021-05-31T07:19:49","guid":{"rendered":"https:\/\/www.pescafish.it\/new\/?post_type=product&#038;p=69042"},"modified":"2021-05-31T09:19:49","modified_gmt":"2021-05-31T07:19:49","slug":"groundbait-super-carp-feenyx-bait","status":"publish","type":"product","link":"https:\/\/www.pescafish.it\/new\/prodotto\/groundbait-super-carp-feenyx-bait\/","title":{"rendered":"Groundbait Super Carp &#8211; Feenyx Bait"},"content":{"rendered":"<p>La Super Carp di Feenyx Bait \u00e8 composta da pellet tritato, farine di pesce e sfarinati di altissima qualit\u00e0. Appositamente studiata e testata per la pesca di grossi ciprinidi e particolarmente adatta per l\u2019utilizzo nel sotto riva. Di colorazione gialla e con un aroma dolce, \u00e8 caratterizzata da particelle pi\u00f9 grossolane che, anche in momenti di forte frenesia alimentare, permetteranno un pi\u00f9 lungo stazionamento dei pesci nella zona di pasturazione anche se in forte pendenza. Pastura ideale per la carpa e il carasso nelle acque libere, ma ottima pure per la pesca estiva nelle acque commerciali.<\/p>\n<p><strong>Confezione da 1kg<\/strong><\/p>\n","protected":false},"excerpt":{"rendered":"<p>La Super Carp di Feenyx Bait \u00e8 composta da pellet tritato, farine di pesce e sfarinati di altissima qualit\u00e0. Appositamente studiata e testata per la pesca di grossi ciprinidi e particolarmente adatta per l\u2019utilizzo nel sotto riva. Di colorazione gialla e con un aroma dolce, \u00e8 caratterizzata da particelle pi\u00f9 grossolane che, anche in momenti [&hellip;]<\/p>\n","protected":false},"featured_media":69043,"comment_status":"closed","ping_status":"closed","template":"","meta":[],"product_cat":[705],"product_tag":[1252],"yoast_head":"<!-- This site is optimized with the Yoast SEO plugin v15.3 - https:\/\/yoast.com\/wordpress\/plugins\/seo\/ -->\n<title>Groundbait Super Carp - Feenyx Bait - Pesca Fish<\/title>\n<meta name=\"robots\" content=\"index, follow, max-snippet:-1, max-image-preview:large, max-video-preview:-1\" \/>\n<link rel=\"canonical\" href=\"https:\/\/www.pescafish.it\/new\/prodotto\/groundbait-super-carp-feenyx-bait\/\" \/>\n<meta property=\"og:locale\" content=\"it_IT\" \/>\n<meta property=\"og:type\" content=\"article\" \/>\n<meta property=\"og:title\" content=\"Groundbait Super Carp - Feenyx Bait - Pesca Fish\" \/>\n<meta property=\"og:description\" content=\"La Super Carp di Feenyx Bait \u00e8 composta da pellet tritato, farine di pesce e sfarinati di altissima qualit\u00e0. Appositamente studiata e testata per la pesca di grossi ciprinidi e particolarmente adatta per l\u2019utilizzo nel sotto riva. Di colorazione gialla e con un aroma dolce, \u00e8 caratterizzata da particelle pi\u00f9 grossolane che, anche in momenti [&hellip;]\" \/>\n<meta property=\"og:url\" content=\"https:\/\/www.pescafish.it\/new\/prodotto\/groundbait-super-carp-feenyx-bait\/\" \/>\n<meta property=\"og:site_name\" content=\"Pesca Fish\" \/>\n<meta property=\"article:publisher\" content=\"https:\/\/www.facebook.com\/pescafishvr\/\" \/>\n<meta property=\"og:image\" content=\"https:\/\/www.pescafish.it\/new\/wp-content\/uploads\/2021\/05\/SUPER-CARP-FEENYX.jpg\" \/>\n\t<meta property=\"og:image:width\" content=\"1000\" \/>\n\t<meta property=\"og:image:height\" content=\"1072\" \/>\n<meta name=\"twitter:card\" content=\"summary_large_image\" \/>\n<meta name=\"twitter:label1\" content=\"Scritto da\">\n\t<meta name=\"twitter:data1\" content=\"francesca\">\n\t<meta name=\"twitter:label2\" content=\"Tempo di lettura stimato\">\n\t<meta name=\"twitter:data2\" content=\"0 minuti\">\n<script type=\"application\/ld+json\" class=\"yoast-schema-graph\">{\"@context\":\"https:\/\/schema.org\",\"@graph\":[{\"@type\":\"WebSite\",\"@id\":\"https:\/\/www.pescafish.it\/new\/#website\",\"url\":\"https:\/\/www.pescafish.it\/new\/\",\"name\":\"Pesca Fish\",\"description\":\"Benvenuti sul nostro sito!\",\"potentialAction\":[{\"@type\":\"SearchAction\",\"target\":\"https:\/\/www.pescafish.it\/new\/?s={search_term_string}\",\"query-input\":\"required name=search_term_string\"}],\"inLanguage\":\"it-IT\"},{\"@type\":\"ImageObject\",\"@id\":\"https:\/\/www.pescafish.it\/new\/prodotto\/groundbait-super-carp-feenyx-bait\/#primaryimage\",\"inLanguage\":\"it-IT\",\"url\":\"https:\/\/www.pescafish.it\/new\/wp-content\/uploads\/2021\/05\/SUPER-CARP-FEENYX.jpg\",\"width\":1000,\"height\":1072,\"caption\":\"super carp feenyx bait\"},{\"@type\":\"WebPage\",\"@id\":\"https:\/\/www.pescafish.it\/new\/prodotto\/groundbait-super-carp-feenyx-bait\/#webpage\",\"url\":\"https:\/\/www.pescafish.it\/new\/prodotto\/groundbait-super-carp-feenyx-bait\/\",\"name\":\"Groundbait Super Carp - Feenyx Bait - Pesca Fish\",\"isPartOf\":{\"@id\":\"https:\/\/www.pescafish.it\/new\/#website\"},\"primaryImageOfPage\":{\"@id\":\"https:\/\/www.pescafish.it\/new\/prodotto\/groundbait-super-carp-feenyx-bait\/#primaryimage\"},\"datePublished\":\"2021-05-31T07:19:49+00:00\",\"dateModified\":\"2021-05-31T07:19:49+00:00\",\"inLanguage\":\"it-IT\",\"potentialAction\":[{\"@type\":\"ReadAction\",\"target\":[\"https:\/\/www.pescafish.it\/new\/prodotto\/groundbait-super-carp-feenyx-bait\/\"]}]}]}<\/script>\n<!-- \/ Yoast SEO plugin. -->","_links":{"self":[{"href":"https:\/\/www.pescafish.it\/new\/wp-json\/wp\/v2\/product\/69042"}],"collection":[{"href":"https:\/\/www.pescafish.it\/new\/wp-json\/wp\/v2\/product"}],"about":[{"href":"https:\/\/www.pescafish.it\/new\/wp-json\/wp\/v2\/types\/product"}],"replies":[{"embeddable":true,"href":"https:\/\/www.pescafish.it\/new\/wp-json\/wp\/v2\/comments?post=69042"}],"wp:featuredmedia":[{"embeddable":true,"href":"https:\/\/www.pescafish.it\/new\/wp-json\/wp\/v2\/media\/69043"}],"wp:attachment":[{"href":"https:\/\/www.pescafish.it\/new\/wp-json\/wp\/v2\/media?parent=69042"}],"wp:term":[{"taxonomy":"product_cat","embeddable":true,"href":"https:\/\/www.pescafish.it\/new\/wp-json\/wp\/v2\/product_cat?post=69042"},{"taxonomy":"product_tag","embeddable":true,"href":"https:\/\/www.pescafish.it\/new\/wp-json\/wp\/v2\/product_tag?post=69042"}],"curies":[{"name":"wp","href":"https:\/\/api.w.org\/{rel}","templated":true}]}}