{"id":69039,"date":"2021-05-31T08:58:38","date_gmt":"2021-05-31T06:58:38","guid":{"rendered":"https:\/\/www.pescafish.it\/new\/?post_type=product&#038;p=69039"},"modified":"2023-11-27T19:14:00","modified_gmt":"2023-11-27T18:14:00","slug":"groundbait-fishmeal-method-mix-feenyx-bait","status":"publish","type":"product","link":"https:\/\/www.pescafish.it\/new\/prodotto\/groundbait-fishmeal-method-mix-feenyx-bait\/","title":{"rendered":"Groundbait Fishmeal Method Mix &#8211; Feenyx Bait"},"content":{"rendered":"<p>La Groundbait Fishmeal Method Mix di Feenyx Bait \u00e8 composta da pellet tritato, farine di pesce e sfarinati di altissima qualit\u00e0. La Fishmeal method mix \u00e8 il vero e proprio jolly, con la sua granulometria medio fina e la sua altissima digeribilit\u00e0 \u00e8 adatta in ogni stagione e per le pi\u00f9 variegate tecniche e tipologie di pesca Match e Feeder. Perfetta per insidiare Carpe, Carassi e Breme in acque libere e commerciali. La sua versatilit\u00e0 permette l\u2019uso singolo o la miscelazione con tutte le altre pasture.<\/p>\n<p><strong>Confezione da 1kg<\/strong><\/p>\n","protected":false},"excerpt":{"rendered":"<p>La Groundbait Fishmeal Method Mix di Feenyx Bait \u00e8 composta da pellet tritato, farine di pesce e sfarinati di altissima qualit\u00e0. La Fishmeal method mix \u00e8 il vero e proprio jolly, con la sua granulometria medio fina e la sua altissima digeribilit\u00e0 \u00e8 adatta in ogni stagione e per le pi\u00f9 variegate tecniche e tipologie [&hellip;]<\/p>\n","protected":false},"featured_media":69041,"comment_status":"closed","ping_status":"closed","template":"","meta":[],"product_cat":[705],"product_tag":[1252],"yoast_head":"<!-- This site is optimized with the Yoast SEO plugin v15.3 - https:\/\/yoast.com\/wordpress\/plugins\/seo\/ -->\n<title>Groundbait Fishmeal Method Mix - Feenyx Bait - Pesca Fish<\/title>\n<meta name=\"robots\" content=\"index, follow, max-snippet:-1, max-image-preview:large, max-video-preview:-1\" \/>\n<link rel=\"canonical\" href=\"https:\/\/www.pescafish.it\/new\/prodotto\/groundbait-fishmeal-method-mix-feenyx-bait\/\" \/>\n<meta property=\"og:locale\" content=\"it_IT\" \/>\n<meta property=\"og:type\" content=\"article\" \/>\n<meta property=\"og:title\" content=\"Groundbait Fishmeal Method Mix - Feenyx Bait - Pesca Fish\" \/>\n<meta property=\"og:description\" content=\"La Groundbait Fishmeal Method Mix di Feenyx Bait \u00e8 composta da pellet tritato, farine di pesce e sfarinati di altissima qualit\u00e0. La Fishmeal method mix \u00e8 il vero e proprio jolly, con la sua granulometria medio fina e la sua altissima digeribilit\u00e0 \u00e8 adatta in ogni stagione e per le pi\u00f9 variegate tecniche e tipologie [&hellip;]\" \/>\n<meta property=\"og:url\" content=\"https:\/\/www.pescafish.it\/new\/prodotto\/groundbait-fishmeal-method-mix-feenyx-bait\/\" \/>\n<meta property=\"og:site_name\" content=\"Pesca Fish\" \/>\n<meta property=\"article:publisher\" content=\"https:\/\/www.facebook.com\/pescafishvr\/\" \/>\n<meta property=\"article:modified_time\" content=\"2023-11-27T18:14:00+00:00\" \/>\n<meta property=\"og:image\" content=\"https:\/\/www.pescafish.it\/new\/wp-content\/uploads\/2021\/05\/fishmeal-method-mix.jpg\" \/>\n\t<meta property=\"og:image:width\" content=\"1000\" \/>\n\t<meta property=\"og:image:height\" content=\"1061\" \/>\n<meta name=\"twitter:card\" content=\"summary_large_image\" \/>\n<meta name=\"twitter:label1\" content=\"Scritto da\">\n\t<meta name=\"twitter:data1\" content=\"francesca\">\n\t<meta name=\"twitter:label2\" content=\"Tempo di lettura stimato\">\n\t<meta name=\"twitter:data2\" content=\"0 minuti\">\n<script type=\"application\/ld+json\" class=\"yoast-schema-graph\">{\"@context\":\"https:\/\/schema.org\",\"@graph\":[{\"@type\":\"WebSite\",\"@id\":\"https:\/\/www.pescafish.it\/new\/#website\",\"url\":\"https:\/\/www.pescafish.it\/new\/\",\"name\":\"Pesca Fish\",\"description\":\"Benvenuti sul nostro sito!\",\"potentialAction\":[{\"@type\":\"SearchAction\",\"target\":\"https:\/\/www.pescafish.it\/new\/?s={search_term_string}\",\"query-input\":\"required name=search_term_string\"}],\"inLanguage\":\"it-IT\"},{\"@type\":\"ImageObject\",\"@id\":\"https:\/\/www.pescafish.it\/new\/prodotto\/groundbait-fishmeal-method-mix-feenyx-bait\/#primaryimage\",\"inLanguage\":\"it-IT\",\"url\":\"https:\/\/www.pescafish.it\/new\/wp-content\/uploads\/2021\/05\/fishmeal-method-mix.jpg\",\"width\":1000,\"height\":1061,\"caption\":\"FISHMEAL METHOD MIX FEENYX BAIT\"},{\"@type\":\"WebPage\",\"@id\":\"https:\/\/www.pescafish.it\/new\/prodotto\/groundbait-fishmeal-method-mix-feenyx-bait\/#webpage\",\"url\":\"https:\/\/www.pescafish.it\/new\/prodotto\/groundbait-fishmeal-method-mix-feenyx-bait\/\",\"name\":\"Groundbait Fishmeal Method Mix - Feenyx Bait - Pesca Fish\",\"isPartOf\":{\"@id\":\"https:\/\/www.pescafish.it\/new\/#website\"},\"primaryImageOfPage\":{\"@id\":\"https:\/\/www.pescafish.it\/new\/prodotto\/groundbait-fishmeal-method-mix-feenyx-bait\/#primaryimage\"},\"datePublished\":\"2021-05-31T06:58:38+00:00\",\"dateModified\":\"2023-11-27T18:14:00+00:00\",\"inLanguage\":\"it-IT\",\"potentialAction\":[{\"@type\":\"ReadAction\",\"target\":[\"https:\/\/www.pescafish.it\/new\/prodotto\/groundbait-fishmeal-method-mix-feenyx-bait\/\"]}]}]}<\/script>\n<!-- \/ Yoast SEO plugin. -->","_links":{"self":[{"href":"https:\/\/www.pescafish.it\/new\/wp-json\/wp\/v2\/product\/69039"}],"collection":[{"href":"https:\/\/www.pescafish.it\/new\/wp-json\/wp\/v2\/product"}],"about":[{"href":"https:\/\/www.pescafish.it\/new\/wp-json\/wp\/v2\/types\/product"}],"replies":[{"embeddable":true,"href":"https:\/\/www.pescafish.it\/new\/wp-json\/wp\/v2\/comments?post=69039"}],"wp:featuredmedia":[{"embeddable":true,"href":"https:\/\/www.pescafish.it\/new\/wp-json\/wp\/v2\/media\/69041"}],"wp:attachment":[{"href":"https:\/\/www.pescafish.it\/new\/wp-json\/wp\/v2\/media?parent=69039"}],"wp:term":[{"taxonomy":"product_cat","embeddable":true,"href":"https:\/\/www.pescafish.it\/new\/wp-json\/wp\/v2\/product_cat?post=69039"},{"taxonomy":"product_tag","embeddable":true,"href":"https:\/\/www.pescafish.it\/new\/wp-json\/wp\/v2\/product_tag?post=69039"}],"curies":[{"name":"wp","href":"https:\/\/api.w.org\/{rel}","templated":true}]}}