{"id":68980,"date":"2021-05-28T12:01:18","date_gmt":"2021-05-28T10:01:18","guid":{"rendered":"https:\/\/www.pescafish.it\/new\/?post_type=product&#038;p=68980"},"modified":"2021-11-06T23:57:04","modified_gmt":"2021-11-06T22:57:04","slug":"avani-casting-pe-smp-varivas","status":"publish","type":"product","link":"https:\/\/www.pescafish.it\/new\/prodotto\/avani-casting-pe-smp-varivas\/","title":{"rendered":"Avani Casting PE SMP &#8211; Varivas"},"content":{"rendered":"<h2>Avani Casting PE SMP<\/h2>\n<p>Avani Casting PE SMP\u00a0\u00e8 treccia storica di casa\u00a0Varivas \u00e8 uno dei prodotti top di gamma per chi non vuole scendere a compromessi e pretende prestazioni altissime. La sua delicatezza abbinata ad una elevata scorrevolezza ne fa un prodotto utilizzato principalmente dai pescatori pi\u00f9 esperti di spinning al tonno. L&#8217;apporto delle nuove tecnologie di trattamento SPF alla fluorina ne riduce altres\u00ec l&#8217;attrito con gli anelli e la possibilit\u00e0 di parrucche. Questo prodotto fa parte della famiglia degli SMP acronimo di &#8220;super max power&#8221;, che tradotto significa ancora pi\u00f9 resistenza alle sollecitazioni in rapporto allo stesso diametro di altri prodotti Varivas. Il Casting Pe SMP paragonato a trecce concorrenti risulter\u00e0 molto pi\u00f9 sottile (ca. il 10% in meno) permettendo cos\u00ec l&#8217;utilizzo di libraggi pi\u00f9 alti. Questo significa che utilizzando stick, popper e gomme voluminose possiamo tranquillamente servirci di libraggi da\u00a090 e 120 lb senza che il lancio ne risenta minimamente. Se l&#8217;approccio \u00e8 invece pi\u00f9 &#8220;light&#8221; ed impiega esche di piccole\/medie dimensioni (quali jig, piccole gomme o stick) sar\u00e0 possibile azzardare libraggi da\u00a070 e 80\u00a0lb.<br \/>\nI libraggi alti come il\u00a0150 e 160\u00a0lb sono molto ricercati ed utlizzati dai pescatori di popping tropicale.<\/p>\n<p>*\u00a0 la misura del diametro \u00e8 puramente indicativa e potrebbe differire in maniera minima da quello reale<\/p>\n<p><strong>Caratteristiche<\/strong>:<\/p>\n<p><strong>SPF<\/strong>: rivestimento a base di Fluorine ( fluoro) che crea una superfice estremamente liscia, incrementando il lancio e ne allunga il ciclovita. Riduce al minimo il pericolo di parrucche<br \/>\n<strong>PE<\/strong>\u00a0: materiale PREMIUM che riduce l&#8217;allungamento del 30%<br \/>\n<strong>SMP<\/strong><strong>\u00a0<\/strong>: rivestimento utilizzato su prodotti MAX POWER che aggiunge alle sue caratteristiche anche una finitura unica nel suo genere per lanci ancora piu&#8217; impressionanti<\/p>\n<p><strong>Disponibile nelle seguenti varianti:<\/strong><br \/>\n<strong>VAR558<\/strong>\u00a0 80lb<br \/>\n<strong>VAR557<\/strong>\u00a0 70lb<\/p>\n","protected":false},"excerpt":{"rendered":"<p>Avani Casting PE SMP Avani Casting PE SMP\u00a0\u00e8 treccia storica di casa\u00a0Varivas \u00e8 uno dei prodotti top di gamma per chi non vuole scendere a compromessi e pretende prestazioni altissime. La sua delicatezza abbinata ad una elevata scorrevolezza ne fa un prodotto utilizzato principalmente dai pescatori pi\u00f9 esperti di spinning al tonno. L&#8217;apporto delle nuove [&hellip;]<\/p>\n","protected":false},"featured_media":68981,"comment_status":"closed","ping_status":"closed","template":"","meta":[],"product_cat":[1253],"product_tag":[1255],"yoast_head":"<!-- This site is optimized with the Yoast SEO plugin v15.3 - https:\/\/yoast.com\/wordpress\/plugins\/seo\/ -->\n<title>Avani Casting PE SMP - Varivas - Pesca Fish<\/title>\n<meta name=\"robots\" content=\"index, follow, max-snippet:-1, max-image-preview:large, max-video-preview:-1\" \/>\n<link rel=\"canonical\" href=\"https:\/\/www.pescafish.it\/new\/prodotto\/avani-casting-pe-smp-varivas\/\" \/>\n<meta property=\"og:locale\" content=\"it_IT\" \/>\n<meta property=\"og:type\" content=\"article\" \/>\n<meta property=\"og:title\" content=\"Avani Casting PE SMP - Varivas - Pesca Fish\" \/>\n<meta property=\"og:description\" content=\"Avani Casting PE SMP Avani Casting PE SMP\u00a0\u00e8 treccia storica di casa\u00a0Varivas \u00e8 uno dei prodotti top di gamma per chi non vuole scendere a compromessi e pretende prestazioni altissime. La sua delicatezza abbinata ad una elevata scorrevolezza ne fa un prodotto utilizzato principalmente dai pescatori pi\u00f9 esperti di spinning al tonno. L&#8217;apporto delle nuove [&hellip;]\" \/>\n<meta property=\"og:url\" content=\"https:\/\/www.pescafish.it\/new\/prodotto\/avani-casting-pe-smp-varivas\/\" \/>\n<meta property=\"og:site_name\" content=\"Pesca Fish\" \/>\n<meta property=\"article:publisher\" content=\"https:\/\/www.facebook.com\/pescafishvr\/\" \/>\n<meta property=\"article:modified_time\" content=\"2021-11-06T22:57:04+00:00\" \/>\n<meta property=\"og:image\" content=\"https:\/\/www.pescafish.it\/new\/wp-content\/uploads\/2021\/05\/treccia_varivas_avani_casting_pe_smp_2.jpg\" \/>\n\t<meta property=\"og:image:width\" content=\"402\" \/>\n\t<meta property=\"og:image:height\" content=\"499\" \/>\n<meta name=\"twitter:card\" content=\"summary_large_image\" \/>\n<meta name=\"twitter:label1\" content=\"Scritto da\">\n\t<meta name=\"twitter:data1\" content=\"francesca\">\n\t<meta name=\"twitter:label2\" content=\"Tempo di lettura stimato\">\n\t<meta name=\"twitter:data2\" content=\"1 minuto\">\n<script type=\"application\/ld+json\" class=\"yoast-schema-graph\">{\"@context\":\"https:\/\/schema.org\",\"@graph\":[{\"@type\":\"WebSite\",\"@id\":\"https:\/\/www.pescafish.it\/new\/#website\",\"url\":\"https:\/\/www.pescafish.it\/new\/\",\"name\":\"Pesca Fish\",\"description\":\"Benvenuti sul nostro sito!\",\"potentialAction\":[{\"@type\":\"SearchAction\",\"target\":\"https:\/\/www.pescafish.it\/new\/?s={search_term_string}\",\"query-input\":\"required name=search_term_string\"}],\"inLanguage\":\"it-IT\"},{\"@type\":\"ImageObject\",\"@id\":\"https:\/\/www.pescafish.it\/new\/prodotto\/avani-casting-pe-smp-varivas\/#primaryimage\",\"inLanguage\":\"it-IT\",\"url\":\"https:\/\/www.pescafish.it\/new\/wp-content\/uploads\/2021\/05\/treccia_varivas_avani_casting_pe_smp_2.jpg\",\"width\":402,\"height\":499,\"caption\":\"Varivas\"},{\"@type\":\"WebPage\",\"@id\":\"https:\/\/www.pescafish.it\/new\/prodotto\/avani-casting-pe-smp-varivas\/#webpage\",\"url\":\"https:\/\/www.pescafish.it\/new\/prodotto\/avani-casting-pe-smp-varivas\/\",\"name\":\"Avani Casting PE SMP - Varivas - Pesca Fish\",\"isPartOf\":{\"@id\":\"https:\/\/www.pescafish.it\/new\/#website\"},\"primaryImageOfPage\":{\"@id\":\"https:\/\/www.pescafish.it\/new\/prodotto\/avani-casting-pe-smp-varivas\/#primaryimage\"},\"datePublished\":\"2021-05-28T10:01:18+00:00\",\"dateModified\":\"2021-11-06T22:57:04+00:00\",\"inLanguage\":\"it-IT\",\"potentialAction\":[{\"@type\":\"ReadAction\",\"target\":[\"https:\/\/www.pescafish.it\/new\/prodotto\/avani-casting-pe-smp-varivas\/\"]}]}]}<\/script>\n<!-- \/ Yoast SEO plugin. -->","_links":{"self":[{"href":"https:\/\/www.pescafish.it\/new\/wp-json\/wp\/v2\/product\/68980"}],"collection":[{"href":"https:\/\/www.pescafish.it\/new\/wp-json\/wp\/v2\/product"}],"about":[{"href":"https:\/\/www.pescafish.it\/new\/wp-json\/wp\/v2\/types\/product"}],"replies":[{"embeddable":true,"href":"https:\/\/www.pescafish.it\/new\/wp-json\/wp\/v2\/comments?post=68980"}],"wp:featuredmedia":[{"embeddable":true,"href":"https:\/\/www.pescafish.it\/new\/wp-json\/wp\/v2\/media\/68981"}],"wp:attachment":[{"href":"https:\/\/www.pescafish.it\/new\/wp-json\/wp\/v2\/media?parent=68980"}],"wp:term":[{"taxonomy":"product_cat","embeddable":true,"href":"https:\/\/www.pescafish.it\/new\/wp-json\/wp\/v2\/product_cat?post=68980"},{"taxonomy":"product_tag","embeddable":true,"href":"https:\/\/www.pescafish.it\/new\/wp-json\/wp\/v2\/product_tag?post=68980"}],"curies":[{"name":"wp","href":"https:\/\/api.w.org\/{rel}","templated":true}]}}