{"id":68965,"date":"2021-05-28T11:29:32","date_gmt":"2021-05-28T09:29:32","guid":{"rendered":"https:\/\/www.pescafish.it\/new\/?post_type=product&#038;p=68965"},"modified":"2024-03-27T16:35:10","modified_gmt":"2024-03-27T15:35:10","slug":"shock-leader-fluorocarbon-varivas","status":"publish","type":"product","link":"https:\/\/www.pescafish.it\/new\/prodotto\/shock-leader-fluorocarbon-varivas\/","title":{"rendered":"Shock Leader Fluorocarbon &#8211; Varivas"},"content":{"rendered":"<h2>Shock Leader Fluorocarbon<\/h2>\n<p>Shock Leader Fluorocarbon\u00a0\u00e8 un prodotto storico di casa\u00a0Varivas\u00a0top di gamma per tipologia, adatto a chi non vuole scendere a compromessi e pretende\u00a0prestazioni altissime. Prodotto con 100 % fluorocarbon, risulta invisibile grazie all&#8217;indice di rifrazione della luce quasi identico a quello dell&#8217;acqua. Il rivestimento antistress Varivas unito al trattamento\u00a0SP-T ha creato un equilibrio perfetto tra alta sensibilit\u00e0 e bassa elasticit\u00e0, facendone uno dei prodotti pi\u00f9 utilizzati per lo spinning medio pesante. Particolarmente indicato con l&#8217;utilizzo di gomme nello spinning al tonno, dove risulta essenziale il contatto diretto con l&#8217;esca nel momento esatto dell&#8217;ingresso in acqua . Ogni bobina \u00e8 dotata di un elastico colorato (cambia a seconda del libraggio) che tiene al riparo il prodotto dai raggi UV.<\/p>\n<p><strong>Disponibile nelle seguenti varianti:<\/strong><\/p>\n<p><strong>VAR630<\/strong>\u00a0 40lb<br \/>\n<strong>VAR631<\/strong>\u00a0 50lb<br \/>\n<strong>VAR015<\/strong>\u00a0 60lb<br \/>\n<strong>114019\u00a0<\/strong> 70lb<br \/>\n<strong>114020<\/strong>\u00a0 80lb<br \/>\n<strong>114021<\/strong>\u00a0 100lb<br \/>\n<strong>116237<\/strong>\u00a0 130lb<\/p>\n<p><strong>Confezione da 30mt<\/strong><\/p>\n","protected":false},"excerpt":{"rendered":"<p>Shock Leader Fluorocarbon Shock Leader Fluorocarbon\u00a0\u00e8 un prodotto storico di casa\u00a0Varivas\u00a0top di gamma per tipologia, adatto a chi non vuole scendere a compromessi e pretende\u00a0prestazioni altissime. Prodotto con 100 % fluorocarbon, risulta invisibile grazie all&#8217;indice di rifrazione della luce quasi identico a quello dell&#8217;acqua. Il rivestimento antistress Varivas unito al trattamento\u00a0SP-T ha creato un equilibrio [&hellip;]<\/p>\n","protected":false},"featured_media":68968,"comment_status":"closed","ping_status":"closed","template":"","meta":[],"product_cat":[1254],"product_tag":[1255],"yoast_head":"<!-- This site is optimized with the Yoast SEO plugin v15.3 - https:\/\/yoast.com\/wordpress\/plugins\/seo\/ -->\n<title>Shock Leader Fluorocarbon - Varivas - Pesca Fish<\/title>\n<meta name=\"robots\" content=\"index, follow, max-snippet:-1, max-image-preview:large, max-video-preview:-1\" \/>\n<link rel=\"canonical\" href=\"https:\/\/www.pescafish.it\/new\/prodotto\/shock-leader-fluorocarbon-varivas\/\" \/>\n<meta property=\"og:locale\" content=\"it_IT\" \/>\n<meta property=\"og:type\" content=\"article\" \/>\n<meta property=\"og:title\" content=\"Shock Leader Fluorocarbon - Varivas - Pesca Fish\" \/>\n<meta property=\"og:description\" content=\"Shock Leader Fluorocarbon Shock Leader Fluorocarbon\u00a0\u00e8 un prodotto storico di casa\u00a0Varivas\u00a0top di gamma per tipologia, adatto a chi non vuole scendere a compromessi e pretende\u00a0prestazioni altissime. Prodotto con 100 % fluorocarbon, risulta invisibile grazie all&#8217;indice di rifrazione della luce quasi identico a quello dell&#8217;acqua. Il rivestimento antistress Varivas unito al trattamento\u00a0SP-T ha creato un equilibrio [&hellip;]\" \/>\n<meta property=\"og:url\" content=\"https:\/\/www.pescafish.it\/new\/prodotto\/shock-leader-fluorocarbon-varivas\/\" \/>\n<meta property=\"og:site_name\" content=\"Pesca Fish\" \/>\n<meta property=\"article:publisher\" content=\"https:\/\/www.facebook.com\/pescafishvr\/\" \/>\n<meta property=\"article:modified_time\" content=\"2024-03-27T15:35:10+00:00\" \/>\n<meta property=\"og:image\" content=\"https:\/\/www.pescafish.it\/new\/wp-content\/uploads\/2021\/05\/Shock-Leader-Fluorocarbon-100-30mt-Varivas.jpg\" \/>\n\t<meta property=\"og:image:width\" content=\"1000\" \/>\n\t<meta property=\"og:image:height\" content=\"1000\" \/>\n<meta name=\"twitter:card\" content=\"summary_large_image\" \/>\n<meta name=\"twitter:label1\" content=\"Scritto da\">\n\t<meta name=\"twitter:data1\" content=\"francesca\">\n\t<meta name=\"twitter:label2\" content=\"Tempo di lettura stimato\">\n\t<meta name=\"twitter:data2\" content=\"1 minuto\">\n<script type=\"application\/ld+json\" class=\"yoast-schema-graph\">{\"@context\":\"https:\/\/schema.org\",\"@graph\":[{\"@type\":\"WebSite\",\"@id\":\"https:\/\/www.pescafish.it\/new\/#website\",\"url\":\"https:\/\/www.pescafish.it\/new\/\",\"name\":\"Pesca Fish\",\"description\":\"Benvenuti sul nostro sito!\",\"potentialAction\":[{\"@type\":\"SearchAction\",\"target\":\"https:\/\/www.pescafish.it\/new\/?s={search_term_string}\",\"query-input\":\"required name=search_term_string\"}],\"inLanguage\":\"it-IT\"},{\"@type\":\"ImageObject\",\"@id\":\"https:\/\/www.pescafish.it\/new\/prodotto\/shock-leader-fluorocarbon-varivas\/#primaryimage\",\"inLanguage\":\"it-IT\",\"url\":\"https:\/\/www.pescafish.it\/new\/wp-content\/uploads\/2021\/05\/Shock-Leader-Fluorocarbon-100-30mt-Varivas.jpg\",\"width\":1000,\"height\":1000,\"caption\":\"Varivas\"},{\"@type\":\"WebPage\",\"@id\":\"https:\/\/www.pescafish.it\/new\/prodotto\/shock-leader-fluorocarbon-varivas\/#webpage\",\"url\":\"https:\/\/www.pescafish.it\/new\/prodotto\/shock-leader-fluorocarbon-varivas\/\",\"name\":\"Shock Leader Fluorocarbon - Varivas - Pesca Fish\",\"isPartOf\":{\"@id\":\"https:\/\/www.pescafish.it\/new\/#website\"},\"primaryImageOfPage\":{\"@id\":\"https:\/\/www.pescafish.it\/new\/prodotto\/shock-leader-fluorocarbon-varivas\/#primaryimage\"},\"datePublished\":\"2021-05-28T09:29:32+00:00\",\"dateModified\":\"2024-03-27T15:35:10+00:00\",\"inLanguage\":\"it-IT\",\"potentialAction\":[{\"@type\":\"ReadAction\",\"target\":[\"https:\/\/www.pescafish.it\/new\/prodotto\/shock-leader-fluorocarbon-varivas\/\"]}]}]}<\/script>\n<!-- \/ Yoast SEO plugin. -->","_links":{"self":[{"href":"https:\/\/www.pescafish.it\/new\/wp-json\/wp\/v2\/product\/68965"}],"collection":[{"href":"https:\/\/www.pescafish.it\/new\/wp-json\/wp\/v2\/product"}],"about":[{"href":"https:\/\/www.pescafish.it\/new\/wp-json\/wp\/v2\/types\/product"}],"replies":[{"embeddable":true,"href":"https:\/\/www.pescafish.it\/new\/wp-json\/wp\/v2\/comments?post=68965"}],"wp:featuredmedia":[{"embeddable":true,"href":"https:\/\/www.pescafish.it\/new\/wp-json\/wp\/v2\/media\/68968"}],"wp:attachment":[{"href":"https:\/\/www.pescafish.it\/new\/wp-json\/wp\/v2\/media?parent=68965"}],"wp:term":[{"taxonomy":"product_cat","embeddable":true,"href":"https:\/\/www.pescafish.it\/new\/wp-json\/wp\/v2\/product_cat?post=68965"},{"taxonomy":"product_tag","embeddable":true,"href":"https:\/\/www.pescafish.it\/new\/wp-json\/wp\/v2\/product_tag?post=68965"}],"curies":[{"name":"wp","href":"https:\/\/api.w.org\/{rel}","templated":true}]}}