{"id":68572,"date":"2021-05-05T16:40:13","date_gmt":"2021-05-05T14:40:13","guid":{"rendered":"https:\/\/www.pescafish.it\/new\/?post_type=product&#038;p=68572"},"modified":"2024-01-22T18:06:38","modified_gmt":"2024-01-22T17:06:38","slug":"f12-torrent-jacket-aqua","status":"publish","type":"product","link":"https:\/\/www.pescafish.it\/new\/prodotto\/f12-torrent-jacket-aqua\/","title":{"rendered":"F12 Torrent Jacket &#8211; Aqua"},"content":{"rendered":"<h2>F12 Torrent Jacket<\/h2>\n<p>La gamma F12 Torrent \u00e8 stata sviluppata con i pescatori che hanno bisogno di materiali di alta qualit\u00e0.<\/p>\n<p>Vogliono capi che siano durevoli, impermeabili e abbastanza robusti per adattarsi a qualsiasi condizione atmosferica, pur essendo allo stesso tempo traspiranti e confortevoli.\u00a0Realizzata in poliestere a 3 strati con una fodera in tricot di poliestere e membrana in poliestere TPU, la giacca F12 Torrent ha una testa idrostatica da 10.000 mm, che gli consente di resistere agli acquazzoni pi\u00f9 torrenziali.<\/p>\n<p>\u00c8 dotato di un cappuccio compatibile con il cappello per offrire una maggiore protezione senza ostacolare la visione periferica e trattenute con le dita fredde, consentendo facili regolazioni nelle condizioni pi\u00f9 fredde.<\/p>\n<p>Ci sono\u00a0tre tasche, progettate per conservare in modo ottimale gli elementi essenziali del tempo piovoso. \u00c8 stata data una vestibilit\u00e0 regolare, che consente una facile stratificazione durante i mesi pi\u00f9 freddi, e offre un maggiore comfort pur restando di dimensioni compatte.\u00a0Viene fornito con una sacchetta porta indumento.<\/p>\n<p><strong>Caratteristiche:<\/strong><\/p>\n<p>\u2022 Tessuti tecnici ad alte prestazioni per attivit\u00e0 all&#8217;aperto in condizioni estreme.<br \/>\n\u2022 Materiali pregiati e resistenti per tutti i tempi che offrono le 4 funzioni principali richieste dai pescatori, resistenti, impermeabili, antivento e traspiranti con il comfort e la qualit\u00e0 aggiuntivi attesi dai prodotti Aqua.<br \/>\n\u2022 Cappuccio compatibile Hat offre una maggiore protezione senza ostacolare la visione periferica<br \/>\n\u2022 I cordoni lucchetti trattenuti a dita fredde consentono regolazioni semplici.<br \/>\n\u2022 Vestibilit\u00e0 regolare progettata per la stratificazione e il comfort di usura prolungato.<br \/>\n\u2022 Dimensioni compatte, prestazioni enormi, Fornito in sacchi<br \/>\n\u2022 3 tasche progettate per conservare in modo ottimale gli elementi essenziali del tempo piovoso<br \/>\n\u2022 3 strati di poliestere<br \/>\n\u2022 200 GSM<br \/>\n\u2022 Membrana TPU 100% poliestere<br \/>\n\u2022 Fodera in tricot di poliestere<br \/>\n\u2022 10.000 MMHH<br \/>\n\u2022 5000 MVP<br \/>\n\u2022 C6 Flouro<\/p>\n<p><strong>Disponibile nelle seguenti taglie:<br \/>\n406105<\/strong>\u00a0 Size M<br \/>\n<strong>406106<\/strong>\u00a0 Size L<br \/>\n<strong>406107<\/strong>\u00a0 Size XL<br \/>\n<strong>406108<\/strong>\u00a0 Size XXL<\/p>\n","protected":false},"excerpt":{"rendered":"<p>F12 Torrent Jacket La gamma F12 Torrent \u00e8 stata sviluppata con i pescatori che hanno bisogno di materiali di alta qualit\u00e0. Vogliono capi che siano durevoli, impermeabili e abbastanza robusti per adattarsi a qualsiasi condizione atmosferica, pur essendo allo stesso tempo traspiranti e confortevoli.\u00a0Realizzata in poliestere a 3 strati con una fodera in tricot di [&hellip;]<\/p>\n","protected":false},"featured_media":68573,"comment_status":"closed","ping_status":"closed","template":"","meta":[],"product_cat":[919],"product_tag":[1081],"yoast_head":"<!-- This site is optimized with the Yoast SEO plugin v15.3 - https:\/\/yoast.com\/wordpress\/plugins\/seo\/ -->\n<title>F12 Torrent Jacket - Aqua - Pesca Fish<\/title>\n<meta name=\"robots\" content=\"index, follow, max-snippet:-1, max-image-preview:large, max-video-preview:-1\" \/>\n<link rel=\"canonical\" href=\"https:\/\/www.pescafish.it\/new\/prodotto\/f12-torrent-jacket-aqua\/\" \/>\n<meta property=\"og:locale\" content=\"it_IT\" \/>\n<meta property=\"og:type\" content=\"article\" \/>\n<meta property=\"og:title\" content=\"F12 Torrent Jacket - Aqua - Pesca Fish\" \/>\n<meta property=\"og:description\" content=\"F12 Torrent Jacket La gamma F12 Torrent \u00e8 stata sviluppata con i pescatori che hanno bisogno di materiali di alta qualit\u00e0. Vogliono capi che siano durevoli, impermeabili e abbastanza robusti per adattarsi a qualsiasi condizione atmosferica, pur essendo allo stesso tempo traspiranti e confortevoli.\u00a0Realizzata in poliestere a 3 strati con una fodera in tricot di [&hellip;]\" \/>\n<meta property=\"og:url\" content=\"https:\/\/www.pescafish.it\/new\/prodotto\/f12-torrent-jacket-aqua\/\" \/>\n<meta property=\"og:site_name\" content=\"Pesca Fish\" \/>\n<meta property=\"article:publisher\" content=\"https:\/\/www.facebook.com\/pescafishvr\/\" \/>\n<meta property=\"article:modified_time\" content=\"2024-01-22T17:06:38+00:00\" \/>\n<meta property=\"og:image\" content=\"https:\/\/www.pescafish.it\/new\/wp-content\/uploads\/2021\/05\/F12-Torrent-Jacket.jpg\" \/>\n\t<meta property=\"og:image:width\" content=\"600\" \/>\n\t<meta property=\"og:image:height\" content=\"400\" \/>\n<meta name=\"twitter:card\" content=\"summary_large_image\" \/>\n<meta name=\"twitter:label1\" content=\"Scritto da\">\n\t<meta name=\"twitter:data1\" content=\"francesca\">\n\t<meta name=\"twitter:label2\" content=\"Tempo di lettura stimato\">\n\t<meta name=\"twitter:data2\" content=\"1 minuto\">\n<script type=\"application\/ld+json\" class=\"yoast-schema-graph\">{\"@context\":\"https:\/\/schema.org\",\"@graph\":[{\"@type\":\"WebSite\",\"@id\":\"https:\/\/www.pescafish.it\/new\/#website\",\"url\":\"https:\/\/www.pescafish.it\/new\/\",\"name\":\"Pesca Fish\",\"description\":\"Benvenuti sul nostro sito!\",\"potentialAction\":[{\"@type\":\"SearchAction\",\"target\":\"https:\/\/www.pescafish.it\/new\/?s={search_term_string}\",\"query-input\":\"required name=search_term_string\"}],\"inLanguage\":\"it-IT\"},{\"@type\":\"ImageObject\",\"@id\":\"https:\/\/www.pescafish.it\/new\/prodotto\/f12-torrent-jacket-aqua\/#primaryimage\",\"inLanguage\":\"it-IT\",\"url\":\"https:\/\/www.pescafish.it\/new\/wp-content\/uploads\/2021\/05\/F12-Torrent-Jacket.jpg\",\"width\":600,\"height\":400,\"caption\":\"Aqua\"},{\"@type\":\"WebPage\",\"@id\":\"https:\/\/www.pescafish.it\/new\/prodotto\/f12-torrent-jacket-aqua\/#webpage\",\"url\":\"https:\/\/www.pescafish.it\/new\/prodotto\/f12-torrent-jacket-aqua\/\",\"name\":\"F12 Torrent Jacket - Aqua - Pesca Fish\",\"isPartOf\":{\"@id\":\"https:\/\/www.pescafish.it\/new\/#website\"},\"primaryImageOfPage\":{\"@id\":\"https:\/\/www.pescafish.it\/new\/prodotto\/f12-torrent-jacket-aqua\/#primaryimage\"},\"datePublished\":\"2021-05-05T14:40:13+00:00\",\"dateModified\":\"2024-01-22T17:06:38+00:00\",\"inLanguage\":\"it-IT\",\"potentialAction\":[{\"@type\":\"ReadAction\",\"target\":[\"https:\/\/www.pescafish.it\/new\/prodotto\/f12-torrent-jacket-aqua\/\"]}]}]}<\/script>\n<!-- \/ Yoast SEO plugin. -->","_links":{"self":[{"href":"https:\/\/www.pescafish.it\/new\/wp-json\/wp\/v2\/product\/68572"}],"collection":[{"href":"https:\/\/www.pescafish.it\/new\/wp-json\/wp\/v2\/product"}],"about":[{"href":"https:\/\/www.pescafish.it\/new\/wp-json\/wp\/v2\/types\/product"}],"replies":[{"embeddable":true,"href":"https:\/\/www.pescafish.it\/new\/wp-json\/wp\/v2\/comments?post=68572"}],"wp:featuredmedia":[{"embeddable":true,"href":"https:\/\/www.pescafish.it\/new\/wp-json\/wp\/v2\/media\/68573"}],"wp:attachment":[{"href":"https:\/\/www.pescafish.it\/new\/wp-json\/wp\/v2\/media?parent=68572"}],"wp:term":[{"taxonomy":"product_cat","embeddable":true,"href":"https:\/\/www.pescafish.it\/new\/wp-json\/wp\/v2\/product_cat?post=68572"},{"taxonomy":"product_tag","embeddable":true,"href":"https:\/\/www.pescafish.it\/new\/wp-json\/wp\/v2\/product_tag?post=68572"}],"curies":[{"name":"wp","href":"https:\/\/api.w.org\/{rel}","templated":true}]}}