{"id":68488,"date":"2021-04-27T17:22:00","date_gmt":"2021-04-27T15:22:00","guid":{"rendered":"https:\/\/www.pescafish.it\/new\/?post_type=product&#038;p=68488"},"modified":"2021-04-27T17:22:00","modified_gmt":"2021-04-27T15:22:00","slug":"kore-kombat-boots-brown-korda","status":"publish","type":"product","link":"https:\/\/www.pescafish.it\/new\/prodotto\/kore-kombat-boots-brown-korda\/","title":{"rendered":"KORE Kombat Boots Brown &#8211; Korda"},"content":{"rendered":"<h2>KORE Kombat Boots Brown<\/h2>\n<p>I NUOVI stivali Kombat sono stati progettati dallo stesso Danny Fairbrass per copiare gli scarponi da trekking di alta qualit\u00e0 che indossava per la pesca. Tuttavia, con alcune funzionalit\u00e0 aggiuntive per renderli perfetti per i pescatori e senza un prezzo cos\u00ec pesante come avevano gli scarponi da trekking dell&#8217;epoca.<\/p>\n<p>Durante lo sviluppo, l&#8217;attenzione si \u00e8 rivolta alla funzionalit\u00e0 e al design. Hanno propriet\u00e0 idrorepellenti, che \u00e8 importante quando si cammina attraverso l&#8217;erba bagnata o in piedi con i piedi in acque poco profonde.<\/p>\n<p>Le suole offrono i migliori grip-autoadesivi su molte superfici diverse che puoi incontrare durante la pesca.<\/p>\n<p>Gli stivali Kombat sono ideali anche per lunghe distanze a piedi in quanto sostengono la caviglia senza essere rigidi.<\/p>\n<p>Molti scarponi da trekking sono difficili da indossare e spegnere, ma gli stivali Kombat sono appositamente progettati per i pescatori e possono essere spalancati, quindi possono essere indossati rapidamente se si ottiene un morso nel cuore della notte.<\/p>\n<p>Un altro problema con alcuni scarponi da trekking \u00e8 che i lacci si allentano ancora e ancora, il che significa che devi allagarti ancora e ancora per non bagnarti e sporcare i lacci.<\/p>\n<p>Gli stivali Kombat hanno un design piatto dei lacci per assicurarsi che ci\u00f2 non accada e si siedono in modo sicuro.<\/p>\n<p>Danny Fairbrass spiega: &#8220;Sono modellati su una scarpa da trekking di alta moda che ho comprato in Italia qualche anno fa per molti pi\u00f9 soldi di questa.<\/p>\n<p>La tomaia \u00e8 in pelle e hanno una membrana impermeabile in modo da poter stare in acqua se lo si desidera.<\/p>\n<p>Le persone chiedono sempre se sono calde &#8211; no, non sono calde perch\u00e9 non sono pensate per questo, perch\u00e9 dovrebbero essere impermeabili e fornire una buona presa, ma se le indossi in combinazione con i nostri calzini impermeabili o i calzini merino, i piedi rimangono caldi in loro.<\/p>\n<p><strong>Disponibile nelle seguenti taglie:<\/strong><br \/>\n<strong>KCL511<\/strong>\u00a0 Size 8 \/ 42<br \/>\n<strong>KCL512<\/strong>\u00a0 Size 9 \/ 43<br \/>\n<strong>KCL513<\/strong>\u00a0 Size 10 \/ 44,5<\/p>\n","protected":false},"excerpt":{"rendered":"<p>KORE Kombat Boots Brown I NUOVI stivali Kombat sono stati progettati dallo stesso Danny Fairbrass per copiare gli scarponi da trekking di alta qualit\u00e0 che indossava per la pesca. Tuttavia, con alcune funzionalit\u00e0 aggiuntive per renderli perfetti per i pescatori e senza un prezzo cos\u00ec pesante come avevano gli scarponi da trekking dell&#8217;epoca. Durante lo [&hellip;]<\/p>\n","protected":false},"featured_media":68489,"comment_status":"closed","ping_status":"closed","template":"","meta":[],"product_cat":[771],"product_tag":[1018],"yoast_head":"<!-- This site is optimized with the Yoast SEO plugin v15.3 - https:\/\/yoast.com\/wordpress\/plugins\/seo\/ -->\n<title>KORE Kombat Boots Brown - Korda - Pesca Fish<\/title>\n<meta name=\"robots\" content=\"index, follow, max-snippet:-1, max-image-preview:large, max-video-preview:-1\" \/>\n<link rel=\"canonical\" href=\"https:\/\/www.pescafish.it\/new\/prodotto\/kore-kombat-boots-brown-korda\/\" \/>\n<meta property=\"og:locale\" content=\"it_IT\" \/>\n<meta property=\"og:type\" content=\"article\" \/>\n<meta property=\"og:title\" content=\"KORE Kombat Boots Brown - Korda - Pesca Fish\" \/>\n<meta property=\"og:description\" content=\"KORE Kombat Boots Brown I NUOVI stivali Kombat sono stati progettati dallo stesso Danny Fairbrass per copiare gli scarponi da trekking di alta qualit\u00e0 che indossava per la pesca. Tuttavia, con alcune funzionalit\u00e0 aggiuntive per renderli perfetti per i pescatori e senza un prezzo cos\u00ec pesante come avevano gli scarponi da trekking dell&#8217;epoca. Durante lo [&hellip;]\" \/>\n<meta property=\"og:url\" content=\"https:\/\/www.pescafish.it\/new\/prodotto\/kore-kombat-boots-brown-korda\/\" \/>\n<meta property=\"og:site_name\" content=\"Pesca Fish\" \/>\n<meta property=\"article:publisher\" content=\"https:\/\/www.facebook.com\/pescafishvr\/\" \/>\n<meta property=\"og:image\" content=\"https:\/\/www.pescafish.it\/new\/wp-content\/uploads\/2021\/04\/Korda-Kore-Kombat-Boots-Brown.jpg\" \/>\n\t<meta property=\"og:image:width\" content=\"458\" \/>\n\t<meta property=\"og:image:height\" content=\"343\" \/>\n<meta name=\"twitter:card\" content=\"summary_large_image\" \/>\n<meta name=\"twitter:label1\" content=\"Scritto da\">\n\t<meta name=\"twitter:data1\" content=\"francesca\">\n\t<meta name=\"twitter:label2\" content=\"Tempo di lettura stimato\">\n\t<meta name=\"twitter:data2\" content=\"1 minuto\">\n<script type=\"application\/ld+json\" class=\"yoast-schema-graph\">{\"@context\":\"https:\/\/schema.org\",\"@graph\":[{\"@type\":\"WebSite\",\"@id\":\"https:\/\/www.pescafish.it\/new\/#website\",\"url\":\"https:\/\/www.pescafish.it\/new\/\",\"name\":\"Pesca Fish\",\"description\":\"Benvenuti sul nostro sito!\",\"potentialAction\":[{\"@type\":\"SearchAction\",\"target\":\"https:\/\/www.pescafish.it\/new\/?s={search_term_string}\",\"query-input\":\"required name=search_term_string\"}],\"inLanguage\":\"it-IT\"},{\"@type\":\"ImageObject\",\"@id\":\"https:\/\/www.pescafish.it\/new\/prodotto\/kore-kombat-boots-brown-korda\/#primaryimage\",\"inLanguage\":\"it-IT\",\"url\":\"https:\/\/www.pescafish.it\/new\/wp-content\/uploads\/2021\/04\/Korda-Kore-Kombat-Boots-Brown.jpg\",\"width\":458,\"height\":343,\"caption\":\"Korda\"},{\"@type\":\"WebPage\",\"@id\":\"https:\/\/www.pescafish.it\/new\/prodotto\/kore-kombat-boots-brown-korda\/#webpage\",\"url\":\"https:\/\/www.pescafish.it\/new\/prodotto\/kore-kombat-boots-brown-korda\/\",\"name\":\"KORE Kombat Boots Brown - Korda - Pesca Fish\",\"isPartOf\":{\"@id\":\"https:\/\/www.pescafish.it\/new\/#website\"},\"primaryImageOfPage\":{\"@id\":\"https:\/\/www.pescafish.it\/new\/prodotto\/kore-kombat-boots-brown-korda\/#primaryimage\"},\"datePublished\":\"2021-04-27T15:22:00+00:00\",\"dateModified\":\"2021-04-27T15:22:00+00:00\",\"inLanguage\":\"it-IT\",\"potentialAction\":[{\"@type\":\"ReadAction\",\"target\":[\"https:\/\/www.pescafish.it\/new\/prodotto\/kore-kombat-boots-brown-korda\/\"]}]}]}<\/script>\n<!-- \/ Yoast SEO plugin. -->","_links":{"self":[{"href":"https:\/\/www.pescafish.it\/new\/wp-json\/wp\/v2\/product\/68488"}],"collection":[{"href":"https:\/\/www.pescafish.it\/new\/wp-json\/wp\/v2\/product"}],"about":[{"href":"https:\/\/www.pescafish.it\/new\/wp-json\/wp\/v2\/types\/product"}],"replies":[{"embeddable":true,"href":"https:\/\/www.pescafish.it\/new\/wp-json\/wp\/v2\/comments?post=68488"}],"wp:featuredmedia":[{"embeddable":true,"href":"https:\/\/www.pescafish.it\/new\/wp-json\/wp\/v2\/media\/68489"}],"wp:attachment":[{"href":"https:\/\/www.pescafish.it\/new\/wp-json\/wp\/v2\/media?parent=68488"}],"wp:term":[{"taxonomy":"product_cat","embeddable":true,"href":"https:\/\/www.pescafish.it\/new\/wp-json\/wp\/v2\/product_cat?post=68488"},{"taxonomy":"product_tag","embeddable":true,"href":"https:\/\/www.pescafish.it\/new\/wp-json\/wp\/v2\/product_tag?post=68488"}],"curies":[{"name":"wp","href":"https:\/\/api.w.org\/{rel}","templated":true}]}}