{"id":68151,"date":"2021-04-09T17:14:40","date_gmt":"2021-04-09T15:14:40","guid":{"rendered":"https:\/\/www.pescafish.it\/new\/?post_type=product&#038;p=68151"},"modified":"2023-01-20T16:42:13","modified_gmt":"2023-01-20T15:42:13","slug":"competition-pro-brolly-preston-innovations","status":"publish","type":"product","link":"https:\/\/www.pescafish.it\/new\/prodotto\/competition-pro-brolly-preston-innovations\/","title":{"rendered":"Competition Pro Brolly &#8211; Preston Innovations"},"content":{"rendered":"<p>Il\u00a0\u00a0Competition Pro Brolly\u00a0 presenta un concetto di ombrellone totalmente nuovo che offre differenti possibilit\u00e0 di posizionamento. Per realizzarlo abbiamo utilizzato un telaio in acciaio extra resistente, bracci in fibra di vetro ultraleggeri leggeri e cuciture nastrate impermeabili per fornirvi il massimo supporto anche nelle condizioni meteorologiche pi\u00f9 estreme. Grazie al particolare snodo di blocco, potrete variare l&#8217;inclinazione angolare e disporre di differenti opzioni di copertura per affrontare nel migliore dei modi le differenti condizioni meteorologiche, inoltre abbiamo dotato la parte di copertura di due punti di ancoraggio per poter ancorare l&#8217;ombrello in caso di vento. (Picchetti forniti di serie). La dimensione di 50&#8243; (circa 130cm) \u00e8 ottimale per riparare completamente la tua postazione di pesca ed eventuali borsoni per esche. La stabilit\u00e0 e l&#8217;affidabilit\u00e0 di questo brolly sono garantite anche da un paletto telescopico extra robusto realizzato con spessore aumentato e maggiore lunghezza anche per fornire un ulteriore opzione di utilizzo in altezza.<\/p>\n","protected":false},"excerpt":{"rendered":"<p>Il\u00a0\u00a0Competition Pro Brolly\u00a0 presenta un concetto di ombrellone totalmente nuovo che offre differenti possibilit\u00e0 di posizionamento. Per realizzarlo abbiamo utilizzato un telaio in acciaio extra resistente, bracci in fibra di vetro ultraleggeri leggeri e cuciture nastrate impermeabili per fornirvi il massimo supporto anche nelle condizioni meteorologiche pi\u00f9 estreme. Grazie al particolare snodo di blocco, potrete [&hellip;]<\/p>\n","protected":false},"featured_media":68152,"comment_status":"closed","ping_status":"closed","template":"","meta":[],"product_cat":[193],"product_tag":[1020],"yoast_head":"<!-- This site is optimized with the Yoast SEO plugin v15.3 - https:\/\/yoast.com\/wordpress\/plugins\/seo\/ -->\n<title>Competition Pro Brolly - Preston Innovations - Pesca Fish<\/title>\n<meta name=\"robots\" content=\"index, follow, max-snippet:-1, max-image-preview:large, max-video-preview:-1\" \/>\n<link rel=\"canonical\" href=\"https:\/\/www.pescafish.it\/new\/prodotto\/competition-pro-brolly-preston-innovations\/\" \/>\n<meta property=\"og:locale\" content=\"it_IT\" \/>\n<meta property=\"og:type\" content=\"article\" \/>\n<meta property=\"og:title\" content=\"Competition Pro Brolly - Preston Innovations - Pesca Fish\" \/>\n<meta property=\"og:description\" content=\"Il\u00a0\u00a0Competition Pro Brolly\u00a0 presenta un concetto di ombrellone totalmente nuovo che offre differenti possibilit\u00e0 di posizionamento. Per realizzarlo abbiamo utilizzato un telaio in acciaio extra resistente, bracci in fibra di vetro ultraleggeri leggeri e cuciture nastrate impermeabili per fornirvi il massimo supporto anche nelle condizioni meteorologiche pi\u00f9 estreme. Grazie al particolare snodo di blocco, potrete [&hellip;]\" \/>\n<meta property=\"og:url\" content=\"https:\/\/www.pescafish.it\/new\/prodotto\/competition-pro-brolly-preston-innovations\/\" \/>\n<meta property=\"og:site_name\" content=\"Pesca Fish\" \/>\n<meta property=\"article:publisher\" content=\"https:\/\/www.facebook.com\/pescafishvr\/\" \/>\n<meta property=\"article:modified_time\" content=\"2023-01-20T15:42:13+00:00\" \/>\n<meta property=\"og:image\" content=\"https:\/\/www.pescafish.it\/new\/wp-content\/uploads\/2021\/04\/competition-pro-brolly.jpg\" \/>\n\t<meta property=\"og:image:width\" content=\"1000\" \/>\n\t<meta property=\"og:image:height\" content=\"977\" \/>\n<meta name=\"twitter:card\" content=\"summary_large_image\" \/>\n<meta name=\"twitter:label1\" content=\"Scritto da\">\n\t<meta name=\"twitter:data1\" content=\"francesca\">\n\t<meta name=\"twitter:label2\" content=\"Tempo di lettura stimato\">\n\t<meta name=\"twitter:data2\" content=\"1 minuto\">\n<script type=\"application\/ld+json\" class=\"yoast-schema-graph\">{\"@context\":\"https:\/\/schema.org\",\"@graph\":[{\"@type\":\"WebSite\",\"@id\":\"https:\/\/www.pescafish.it\/new\/#website\",\"url\":\"https:\/\/www.pescafish.it\/new\/\",\"name\":\"Pesca Fish\",\"description\":\"Benvenuti sul nostro sito!\",\"potentialAction\":[{\"@type\":\"SearchAction\",\"target\":\"https:\/\/www.pescafish.it\/new\/?s={search_term_string}\",\"query-input\":\"required name=search_term_string\"}],\"inLanguage\":\"it-IT\"},{\"@type\":\"ImageObject\",\"@id\":\"https:\/\/www.pescafish.it\/new\/prodotto\/competition-pro-brolly-preston-innovations\/#primaryimage\",\"inLanguage\":\"it-IT\",\"url\":\"https:\/\/www.pescafish.it\/new\/wp-content\/uploads\/2021\/04\/competition-pro-brolly.jpg\",\"width\":1000,\"height\":977,\"caption\":\"competition pro brolly 50 preston innovations\"},{\"@type\":\"WebPage\",\"@id\":\"https:\/\/www.pescafish.it\/new\/prodotto\/competition-pro-brolly-preston-innovations\/#webpage\",\"url\":\"https:\/\/www.pescafish.it\/new\/prodotto\/competition-pro-brolly-preston-innovations\/\",\"name\":\"Competition Pro Brolly - Preston Innovations - Pesca Fish\",\"isPartOf\":{\"@id\":\"https:\/\/www.pescafish.it\/new\/#website\"},\"primaryImageOfPage\":{\"@id\":\"https:\/\/www.pescafish.it\/new\/prodotto\/competition-pro-brolly-preston-innovations\/#primaryimage\"},\"datePublished\":\"2021-04-09T15:14:40+00:00\",\"dateModified\":\"2023-01-20T15:42:13+00:00\",\"inLanguage\":\"it-IT\",\"potentialAction\":[{\"@type\":\"ReadAction\",\"target\":[\"https:\/\/www.pescafish.it\/new\/prodotto\/competition-pro-brolly-preston-innovations\/\"]}]}]}<\/script>\n<!-- \/ Yoast SEO plugin. -->","_links":{"self":[{"href":"https:\/\/www.pescafish.it\/new\/wp-json\/wp\/v2\/product\/68151"}],"collection":[{"href":"https:\/\/www.pescafish.it\/new\/wp-json\/wp\/v2\/product"}],"about":[{"href":"https:\/\/www.pescafish.it\/new\/wp-json\/wp\/v2\/types\/product"}],"replies":[{"embeddable":true,"href":"https:\/\/www.pescafish.it\/new\/wp-json\/wp\/v2\/comments?post=68151"}],"wp:featuredmedia":[{"embeddable":true,"href":"https:\/\/www.pescafish.it\/new\/wp-json\/wp\/v2\/media\/68152"}],"wp:attachment":[{"href":"https:\/\/www.pescafish.it\/new\/wp-json\/wp\/v2\/media?parent=68151"}],"wp:term":[{"taxonomy":"product_cat","embeddable":true,"href":"https:\/\/www.pescafish.it\/new\/wp-json\/wp\/v2\/product_cat?post=68151"},{"taxonomy":"product_tag","embeddable":true,"href":"https:\/\/www.pescafish.it\/new\/wp-json\/wp\/v2\/product_tag?post=68151"}],"curies":[{"name":"wp","href":"https:\/\/api.w.org\/{rel}","templated":true}]}}