{"id":67795,"date":"2021-03-30T10:14:50","date_gmt":"2021-03-30T08:14:50","guid":{"rendered":"https:\/\/www.pescafish.it\/new\/?post_type=product&#038;p=67795"},"modified":"2022-03-03T21:27:46","modified_gmt":"2022-03-03T20:27:46","slug":"eco-quick-meccanica-vadese","status":"publish","type":"product","link":"https:\/\/www.pescafish.it\/new\/prodotto\/eco-quick-meccanica-vadese\/","title":{"rendered":"ECO-QUICK &#8211; Meccanica Vadese"},"content":{"rendered":"<h2>ECO-QUICK<\/h2>\n<p>L\u2019asta per trasduttore ECO-QUICK ha lo scopo di egevolare l\u2019operazione di posa degli inneschi, infatti contrariamente alle altre aste per trasduttore presenti sul mercato, l\u2019utilizzo di ECO-QUICK richiede una sola mano.<\/p>\n<p>Questa rivoluzionaria asta, permette quindi di salpare il trasduttore in modo immediato e senza dover armeggiare con varie viti; operazione che pu\u00f2 risultare difficoltosa, in particolare quando si \u00e8 soli in barca ed \u00e8 necessario salpare anche il motore, tutte queste macchinose operazioni, (che possono persino vanificare la precisione della calata) saranno solo un cattivo ricordo.<\/p>\n<p>ECO-QUICK \u00e8 inoltre dotato di un supporto per alloggiare un rear-rest, tale piccolo espediente risulta davvero utile quando si \u00e8 in barca e si ha necessit\u00e0 di appoggiare in sicurezza la canna durante l\u2019opera di posa degli inneschi, soprattutto durante il ritorno a riva.<\/p>\n<p>Regolata sul proprio natante al primo utilizzo, non sar\u00e0 necessario farlo nuovamente grazie al tampone di pescaggio settabile per ogni esigenza, dal gommone alle barche in vetroresina pi\u00f9 grandi.<\/p>\n<p>Al primo modello realizzato sono state apportate essenziali modifiche, rimosso e sostituito l\u2019or di gomma che gestiva la salita e discesa della sonda con una ghiera in alluminio, ci\u00f2 garantir\u00e0 affidabilit\u00e0 al top in ogni acqua e situazione.<\/p>\n<p>I materiali di prima scelta come alluminio e acciaio Inox garantiranno la sua efficenza a lungo negli anni.<\/p>\n","protected":false},"excerpt":{"rendered":"<p>ECO-QUICK L\u2019asta per trasduttore ECO-QUICK ha lo scopo di egevolare l\u2019operazione di posa degli inneschi, infatti contrariamente alle altre aste per trasduttore presenti sul mercato, l\u2019utilizzo di ECO-QUICK richiede una sola mano. Questa rivoluzionaria asta, permette quindi di salpare il trasduttore in modo immediato e senza dover armeggiare con varie viti; operazione che pu\u00f2 risultare [&hellip;]<\/p>\n","protected":false},"featured_media":67799,"comment_status":"closed","ping_status":"closed","template":"","meta":[],"product_cat":[220],"product_tag":[1142],"yoast_head":"<!-- This site is optimized with the Yoast SEO plugin v15.3 - https:\/\/yoast.com\/wordpress\/plugins\/seo\/ -->\n<title>ECO-QUICK - Meccanica Vadese - Pesca Fish<\/title>\n<meta name=\"robots\" content=\"index, follow, max-snippet:-1, max-image-preview:large, max-video-preview:-1\" \/>\n<link rel=\"canonical\" href=\"https:\/\/www.pescafish.it\/new\/prodotto\/eco-quick-meccanica-vadese\/\" \/>\n<meta property=\"og:locale\" content=\"it_IT\" \/>\n<meta property=\"og:type\" content=\"article\" \/>\n<meta property=\"og:title\" content=\"ECO-QUICK - Meccanica Vadese - Pesca Fish\" \/>\n<meta property=\"og:description\" content=\"ECO-QUICK L\u2019asta per trasduttore ECO-QUICK ha lo scopo di egevolare l\u2019operazione di posa degli inneschi, infatti contrariamente alle altre aste per trasduttore presenti sul mercato, l\u2019utilizzo di ECO-QUICK richiede una sola mano. Questa rivoluzionaria asta, permette quindi di salpare il trasduttore in modo immediato e senza dover armeggiare con varie viti; operazione che pu\u00f2 risultare [&hellip;]\" \/>\n<meta property=\"og:url\" content=\"https:\/\/www.pescafish.it\/new\/prodotto\/eco-quick-meccanica-vadese\/\" \/>\n<meta property=\"og:site_name\" content=\"Pesca Fish\" \/>\n<meta property=\"article:publisher\" content=\"https:\/\/www.facebook.com\/pescafishvr\/\" \/>\n<meta property=\"article:modified_time\" content=\"2022-03-03T20:27:46+00:00\" \/>\n<meta property=\"og:image\" content=\"https:\/\/www.pescafish.it\/new\/wp-content\/uploads\/2021\/03\/eco-quick-asta-porta-ecoscandaglio.jpg\" \/>\n\t<meta property=\"og:image:width\" content=\"458\" \/>\n\t<meta property=\"og:image:height\" content=\"343\" \/>\n<meta name=\"twitter:card\" content=\"summary_large_image\" \/>\n<meta name=\"twitter:label1\" content=\"Scritto da\">\n\t<meta name=\"twitter:data1\" content=\"francesca\">\n\t<meta name=\"twitter:label2\" content=\"Tempo di lettura stimato\">\n\t<meta name=\"twitter:data2\" content=\"1 minuto\">\n<script type=\"application\/ld+json\" class=\"yoast-schema-graph\">{\"@context\":\"https:\/\/schema.org\",\"@graph\":[{\"@type\":\"WebSite\",\"@id\":\"https:\/\/www.pescafish.it\/new\/#website\",\"url\":\"https:\/\/www.pescafish.it\/new\/\",\"name\":\"Pesca Fish\",\"description\":\"Benvenuti sul nostro sito!\",\"potentialAction\":[{\"@type\":\"SearchAction\",\"target\":\"https:\/\/www.pescafish.it\/new\/?s={search_term_string}\",\"query-input\":\"required name=search_term_string\"}],\"inLanguage\":\"it-IT\"},{\"@type\":\"ImageObject\",\"@id\":\"https:\/\/www.pescafish.it\/new\/prodotto\/eco-quick-meccanica-vadese\/#primaryimage\",\"inLanguage\":\"it-IT\",\"url\":\"https:\/\/www.pescafish.it\/new\/wp-content\/uploads\/2021\/03\/eco-quick-asta-porta-ecoscandaglio.jpg\",\"width\":458,\"height\":343,\"caption\":\"Meccanica Vadese\"},{\"@type\":\"WebPage\",\"@id\":\"https:\/\/www.pescafish.it\/new\/prodotto\/eco-quick-meccanica-vadese\/#webpage\",\"url\":\"https:\/\/www.pescafish.it\/new\/prodotto\/eco-quick-meccanica-vadese\/\",\"name\":\"ECO-QUICK - Meccanica Vadese - Pesca Fish\",\"isPartOf\":{\"@id\":\"https:\/\/www.pescafish.it\/new\/#website\"},\"primaryImageOfPage\":{\"@id\":\"https:\/\/www.pescafish.it\/new\/prodotto\/eco-quick-meccanica-vadese\/#primaryimage\"},\"datePublished\":\"2021-03-30T08:14:50+00:00\",\"dateModified\":\"2022-03-03T20:27:46+00:00\",\"inLanguage\":\"it-IT\",\"potentialAction\":[{\"@type\":\"ReadAction\",\"target\":[\"https:\/\/www.pescafish.it\/new\/prodotto\/eco-quick-meccanica-vadese\/\"]}]}]}<\/script>\n<!-- \/ Yoast SEO plugin. -->","_links":{"self":[{"href":"https:\/\/www.pescafish.it\/new\/wp-json\/wp\/v2\/product\/67795"}],"collection":[{"href":"https:\/\/www.pescafish.it\/new\/wp-json\/wp\/v2\/product"}],"about":[{"href":"https:\/\/www.pescafish.it\/new\/wp-json\/wp\/v2\/types\/product"}],"replies":[{"embeddable":true,"href":"https:\/\/www.pescafish.it\/new\/wp-json\/wp\/v2\/comments?post=67795"}],"wp:featuredmedia":[{"embeddable":true,"href":"https:\/\/www.pescafish.it\/new\/wp-json\/wp\/v2\/media\/67799"}],"wp:attachment":[{"href":"https:\/\/www.pescafish.it\/new\/wp-json\/wp\/v2\/media?parent=67795"}],"wp:term":[{"taxonomy":"product_cat","embeddable":true,"href":"https:\/\/www.pescafish.it\/new\/wp-json\/wp\/v2\/product_cat?post=67795"},{"taxonomy":"product_tag","embeddable":true,"href":"https:\/\/www.pescafish.it\/new\/wp-json\/wp\/v2\/product_tag?post=67795"}],"curies":[{"name":"wp","href":"https:\/\/api.w.org\/{rel}","templated":true}]}}