{"id":67641,"date":"2021-03-26T16:53:54","date_gmt":"2021-03-26T15:53:54","guid":{"rendered":"https:\/\/www.pescafish.it\/new\/?post_type=product&#038;p=67641"},"modified":"2021-03-26T16:53:55","modified_gmt":"2021-03-26T15:53:55","slug":"dark-matter-leader-50-cm-qc-hybrid-clip-weed-korda","status":"publish","type":"product","link":"https:\/\/www.pescafish.it\/new\/prodotto\/dark-matter-leader-50-cm-qc-hybrid-clip-weed-korda\/","title":{"rendered":"Dark Matter Leader 50 cm QC Hybrid Clip Weed &#8211; Korda"},"content":{"rendered":"<h2 class=\"title\">Dark Matter Leader 50 cm QC Hybrid Clip Weed<\/h2>\n<p>Questi capi hanno sezioni integrali di tungsteno per garantire che rimangano inchiodati al fondale del lago e aiutano a evitare di spaventare le carpe diffidenti, e sono disponibili in una scelta di lunghezze di 1 mo 50 cm, per soddisfare coloro che richiedono una versione pi\u00f9 corta, come quando si pesca a lungo raggio, o dove le regole di pesca impongono una lunghezza massima.<\/p>\n<p>In uno sono dotati di un Hybrid Lead Clip QC fuso sul leader e completo di Hybrid Tail Rubber, e all&#8217;altra estremit\u00e0 c&#8217;\u00e8 un anello fuso per un facile fissaggio alla tua linea principale &#8211; lo stile loop-to-loop funziona alla grande e lo rende facile cambiare leader quando lo desideri, senza dover tagliare o legare nulla.<\/p>\n<p>Il materiale leader Dark Matter \u00e8 molto resistente all&#8217;abrasione, ha un carico di rottura di 30 libbre e pu\u00f2 essere abbinato a qualsiasi tipo di fondo del lago in cui stai pescando, poich\u00e9 \u00e8 disponibile in una scelta di Clear, Weed o Gravel, Clay. Ogni confezione contiene un leader.<\/p>\n","protected":false},"excerpt":{"rendered":"<p>Dark Matter Leader 50 cm QC Hybrid Clip Weed Questi capi hanno sezioni integrali di tungsteno per garantire che rimangano inchiodati al fondale del lago e aiutano a evitare di spaventare le carpe diffidenti, e sono disponibili in una scelta di lunghezze di 1 mo 50 cm, per soddisfare coloro che richiedono una versione pi\u00f9 [&hellip;]<\/p>\n","protected":false},"featured_media":67642,"comment_status":"closed","ping_status":"closed","template":"","meta":[],"product_cat":[587],"product_tag":[],"yoast_head":"<!-- This site is optimized with the Yoast SEO plugin v15.3 - https:\/\/yoast.com\/wordpress\/plugins\/seo\/ -->\n<title>Dark Matter Leader 50 cm QC Hybrid Clip Weed - Korda - Pesca Fish<\/title>\n<meta name=\"robots\" content=\"index, follow, max-snippet:-1, max-image-preview:large, max-video-preview:-1\" \/>\n<link rel=\"canonical\" href=\"https:\/\/www.pescafish.it\/new\/prodotto\/dark-matter-leader-50-cm-qc-hybrid-clip-weed-korda\/\" \/>\n<meta property=\"og:locale\" content=\"it_IT\" \/>\n<meta property=\"og:type\" content=\"article\" \/>\n<meta property=\"og:title\" content=\"Dark Matter Leader 50 cm QC Hybrid Clip Weed - Korda - Pesca Fish\" \/>\n<meta property=\"og:description\" content=\"Dark Matter Leader 50 cm QC Hybrid Clip Weed Questi capi hanno sezioni integrali di tungsteno per garantire che rimangano inchiodati al fondale del lago e aiutano a evitare di spaventare le carpe diffidenti, e sono disponibili in una scelta di lunghezze di 1 mo 50 cm, per soddisfare coloro che richiedono una versione pi\u00f9 [&hellip;]\" \/>\n<meta property=\"og:url\" content=\"https:\/\/www.pescafish.it\/new\/prodotto\/dark-matter-leader-50-cm-qc-hybrid-clip-weed-korda\/\" \/>\n<meta property=\"og:site_name\" content=\"Pesca Fish\" \/>\n<meta property=\"article:publisher\" content=\"https:\/\/www.facebook.com\/pescafishvr\/\" \/>\n<meta property=\"article:modified_time\" content=\"2021-03-26T15:53:55+00:00\" \/>\n<meta property=\"og:image\" content=\"https:\/\/www.pescafish.it\/new\/wp-content\/uploads\/2021\/03\/dark_matter_leaders_qc_hybrid_leadclip_1m_50cm_2_-1.jpg\" \/>\n\t<meta property=\"og:image:width\" content=\"700\" \/>\n\t<meta property=\"og:image:height\" content=\"467\" \/>\n<meta name=\"twitter:card\" content=\"summary_large_image\" \/>\n<meta name=\"twitter:label1\" content=\"Scritto da\">\n\t<meta name=\"twitter:data1\" content=\"francesca\">\n\t<meta name=\"twitter:label2\" content=\"Tempo di lettura stimato\">\n\t<meta name=\"twitter:data2\" content=\"1 minuto\">\n<script type=\"application\/ld+json\" class=\"yoast-schema-graph\">{\"@context\":\"https:\/\/schema.org\",\"@graph\":[{\"@type\":\"WebSite\",\"@id\":\"https:\/\/www.pescafish.it\/new\/#website\",\"url\":\"https:\/\/www.pescafish.it\/new\/\",\"name\":\"Pesca Fish\",\"description\":\"Benvenuti sul nostro sito!\",\"potentialAction\":[{\"@type\":\"SearchAction\",\"target\":\"https:\/\/www.pescafish.it\/new\/?s={search_term_string}\",\"query-input\":\"required name=search_term_string\"}],\"inLanguage\":\"it-IT\"},{\"@type\":\"ImageObject\",\"@id\":\"https:\/\/www.pescafish.it\/new\/prodotto\/dark-matter-leader-50-cm-qc-hybrid-clip-weed-korda\/#primaryimage\",\"inLanguage\":\"it-IT\",\"url\":\"https:\/\/www.pescafish.it\/new\/wp-content\/uploads\/2021\/03\/dark_matter_leaders_qc_hybrid_leadclip_1m_50cm_2_-1.jpg\",\"width\":700,\"height\":467,\"caption\":\"Korda\"},{\"@type\":\"WebPage\",\"@id\":\"https:\/\/www.pescafish.it\/new\/prodotto\/dark-matter-leader-50-cm-qc-hybrid-clip-weed-korda\/#webpage\",\"url\":\"https:\/\/www.pescafish.it\/new\/prodotto\/dark-matter-leader-50-cm-qc-hybrid-clip-weed-korda\/\",\"name\":\"Dark Matter Leader 50 cm QC Hybrid Clip Weed - Korda - Pesca Fish\",\"isPartOf\":{\"@id\":\"https:\/\/www.pescafish.it\/new\/#website\"},\"primaryImageOfPage\":{\"@id\":\"https:\/\/www.pescafish.it\/new\/prodotto\/dark-matter-leader-50-cm-qc-hybrid-clip-weed-korda\/#primaryimage\"},\"datePublished\":\"2021-03-26T15:53:54+00:00\",\"dateModified\":\"2021-03-26T15:53:55+00:00\",\"inLanguage\":\"it-IT\",\"potentialAction\":[{\"@type\":\"ReadAction\",\"target\":[\"https:\/\/www.pescafish.it\/new\/prodotto\/dark-matter-leader-50-cm-qc-hybrid-clip-weed-korda\/\"]}]}]}<\/script>\n<!-- \/ Yoast SEO plugin. -->","_links":{"self":[{"href":"https:\/\/www.pescafish.it\/new\/wp-json\/wp\/v2\/product\/67641"}],"collection":[{"href":"https:\/\/www.pescafish.it\/new\/wp-json\/wp\/v2\/product"}],"about":[{"href":"https:\/\/www.pescafish.it\/new\/wp-json\/wp\/v2\/types\/product"}],"replies":[{"embeddable":true,"href":"https:\/\/www.pescafish.it\/new\/wp-json\/wp\/v2\/comments?post=67641"}],"wp:featuredmedia":[{"embeddable":true,"href":"https:\/\/www.pescafish.it\/new\/wp-json\/wp\/v2\/media\/67642"}],"wp:attachment":[{"href":"https:\/\/www.pescafish.it\/new\/wp-json\/wp\/v2\/media?parent=67641"}],"wp:term":[{"taxonomy":"product_cat","embeddable":true,"href":"https:\/\/www.pescafish.it\/new\/wp-json\/wp\/v2\/product_cat?post=67641"},{"taxonomy":"product_tag","embeddable":true,"href":"https:\/\/www.pescafish.it\/new\/wp-json\/wp\/v2\/product_tag?post=67641"}],"curies":[{"name":"wp","href":"https:\/\/api.w.org\/{rel}","templated":true}]}}