{"id":67595,"date":"2021-03-26T15:59:36","date_gmt":"2021-03-26T14:59:36","guid":{"rendered":"https:\/\/www.pescafish.it\/new\/?post_type=product&#038;p=67595"},"modified":"2025-08-29T16:59:10","modified_gmt":"2025-08-29T14:59:10","slug":"dark-matter-balancing-weights-guru","status":"publish","type":"product","link":"https:\/\/www.pescafish.it\/new\/prodotto\/dark-matter-balancing-weights-guru\/","title":{"rendered":"Dark Matter Balancing Weights\u00a0&#8211; Korda"},"content":{"rendered":"<h2>Dark Matter Balancing Weights<\/h2>\n<p>I nostri nuovi innovativi PESI DI BILANCIAMENTO DM intercambiabili in puro tungsteno sono una novit\u00e0 assoluta nel settore! Creati per sedersi sulla canna di una girella di taglia 11, questi pesi progettati con precisione controbilanciano un&#8217;esca galleggiante galleggiante sul rig scelto. Ideali per l&#8217;uso con rig Chod, Hinge-Stiff e Spinner, offrono una valida alternativa allo stucco. Realizzati in puro tungsteno, che \u00e8 molto pi\u00f9 denso di altri prodotti in gomma riempita di tungsteno, hanno un incredibile rapporto dimensioni \/ peso che aiuta a rendere pi\u00f9 ordinato il rig finale.<\/p>\n<p>I DM BALANCING WEIGHTS possono essere usati per controbilanciare la maggior parte dei pop up \/ hook bait galleggianti, questo \u00e8 particolarmente utile quando si usano Chod rig nudi dove pu\u00f2 essere difficile ottenere il peso necessario per affondare il pop up. Sono anche rapidamente intercambiabili, il che li rende perfetti quando si cerca di bilanciare in modo critico le esche all&#8217;amo. Non si indossano e sono riutilizzabili, il che significa che dureranno per sempre se non persi.<\/p>\n<p>Disponibile in 5 pesi (0,30 g &#8211; 0,50 g) con ogni singolo prodotto inciso al laser con un numero per identificare il peso, ovvero 0,30 g \u00e8 etichettato come 30. Inoltre, \u00e8 disponibile una &#8220;confezione mista&#8221; contenente 15 pesi (3 per ogni dimensione ). Con il pacchetto misto, puoi provare tutti i pesi fino a trovarne uno perfetto, quindi utilizzare ogni volta la stessa dimensione per quella particolare esca.<\/p>\n<p>Lo sapevate? I gamberi sono attratti dal tungsteno e i pescatori che pescano in acque con loro dentro ti diranno che incubo sono quando usano lo stucco. I DM BALANCING WEIGHTS sono la soluzione perfetta a questo problema quando si pesca in acque che contengono gamberi in quanto non possono tirarli fuori dall&#8217;attrezzatura.<\/p>\n<p>SUGGERIMENTO: si adattano a TUTTE le girelle Korda taglia 11. Abbiamo fatto tutto il possibile per cercare di controllare la tolleranza delle canne girevoli Korda taglia 11, MA a volte sono un po &#8216;strette per spingere completamente a mano. Si consiglia di utilizzare uno strumento Krimp per avvicinare con attenzione il peso di bilanciamento e la rotazione. Si prega di notare che non si adattano necessariamente alle girelle di taglia 11 della concorrenza poich\u00e9 le dimensioni variano. Il tungsteno \u00e8 un materiale molto duro, ha poca flessibilit\u00e0 e quindi non pu\u00f2 essere facilmente forzato su botti di grandi dimensioni.<\/p>\n<p><strong>Disponibili nelle seguenti varianti:<\/strong><br \/>\n<strong>KDMW01<\/strong>\u00a0 Mixed<br \/>\n<strong>KDMW02\u00a0<\/strong> 0.30 gr<br \/>\n<strong>KDMW03<\/strong>\u00a0 0.35 gr<br \/>\n<strong>KDMW04<\/strong>\u00a0 0.40 gr<br \/>\n<strong>KDMW05<\/strong>\u00a0 0.45 gr<br \/>\n<strong>KDMW06<\/strong>\u00a0 0.50 gr<\/p>\n<p><strong>Confezione da 10 pz<\/strong><\/p>\n","protected":false},"excerpt":{"rendered":"<p>Dark Matter Balancing Weights I nostri nuovi innovativi PESI DI BILANCIAMENTO DM intercambiabili in puro tungsteno sono una novit\u00e0 assoluta nel settore! Creati per sedersi sulla canna di una girella di taglia 11, questi pesi progettati con precisione controbilanciano un&#8217;esca galleggiante galleggiante sul rig scelto. Ideali per l&#8217;uso con rig Chod, Hinge-Stiff e Spinner, offrono [&hellip;]<\/p>\n","protected":false},"featured_media":67599,"comment_status":"closed","ping_status":"closed","template":"","meta":[],"product_cat":[587],"product_tag":[1018],"yoast_head":"<!-- This site is optimized with the Yoast SEO plugin v15.3 - https:\/\/yoast.com\/wordpress\/plugins\/seo\/ -->\n<title>Dark Matter Balancing Weights\u00a0- Korda - Pesca Fish<\/title>\n<meta name=\"robots\" content=\"index, follow, max-snippet:-1, max-image-preview:large, max-video-preview:-1\" \/>\n<link rel=\"canonical\" href=\"https:\/\/www.pescafish.it\/new\/prodotto\/dark-matter-balancing-weights-guru\/\" \/>\n<meta property=\"og:locale\" content=\"it_IT\" \/>\n<meta property=\"og:type\" content=\"article\" \/>\n<meta property=\"og:title\" content=\"Dark Matter Balancing Weights\u00a0- Korda - Pesca Fish\" \/>\n<meta property=\"og:description\" content=\"Dark Matter Balancing Weights I nostri nuovi innovativi PESI DI BILANCIAMENTO DM intercambiabili in puro tungsteno sono una novit\u00e0 assoluta nel settore! Creati per sedersi sulla canna di una girella di taglia 11, questi pesi progettati con precisione controbilanciano un&#8217;esca galleggiante galleggiante sul rig scelto. Ideali per l&#8217;uso con rig Chod, Hinge-Stiff e Spinner, offrono [&hellip;]\" \/>\n<meta property=\"og:url\" content=\"https:\/\/www.pescafish.it\/new\/prodotto\/dark-matter-balancing-weights-guru\/\" \/>\n<meta property=\"og:site_name\" content=\"Pesca Fish\" \/>\n<meta property=\"article:publisher\" content=\"https:\/\/www.facebook.com\/pescafishvr\/\" \/>\n<meta property=\"article:modified_time\" content=\"2025-08-29T14:59:10+00:00\" \/>\n<meta property=\"og:image\" content=\"https:\/\/www.pescafish.it\/new\/wp-content\/uploads\/2021\/03\/52121614852588.png\" \/>\n\t<meta property=\"og:image:width\" content=\"300\" \/>\n\t<meta property=\"og:image:height\" content=\"300\" \/>\n<meta name=\"twitter:card\" content=\"summary_large_image\" \/>\n<meta name=\"twitter:label1\" content=\"Scritto da\">\n\t<meta name=\"twitter:data1\" content=\"francesca\">\n\t<meta name=\"twitter:label2\" content=\"Tempo di lettura stimato\">\n\t<meta name=\"twitter:data2\" content=\"2 minuti\">\n<script type=\"application\/ld+json\" class=\"yoast-schema-graph\">{\"@context\":\"https:\/\/schema.org\",\"@graph\":[{\"@type\":\"WebSite\",\"@id\":\"https:\/\/www.pescafish.it\/new\/#website\",\"url\":\"https:\/\/www.pescafish.it\/new\/\",\"name\":\"Pesca Fish\",\"description\":\"Benvenuti sul nostro sito!\",\"potentialAction\":[{\"@type\":\"SearchAction\",\"target\":\"https:\/\/www.pescafish.it\/new\/?s={search_term_string}\",\"query-input\":\"required name=search_term_string\"}],\"inLanguage\":\"it-IT\"},{\"@type\":\"ImageObject\",\"@id\":\"https:\/\/www.pescafish.it\/new\/prodotto\/dark-matter-balancing-weights-guru\/#primaryimage\",\"inLanguage\":\"it-IT\",\"url\":\"https:\/\/www.pescafish.it\/new\/wp-content\/uploads\/2021\/03\/52121614852588.png\",\"width\":300,\"height\":300,\"caption\":\"Korda\"},{\"@type\":\"WebPage\",\"@id\":\"https:\/\/www.pescafish.it\/new\/prodotto\/dark-matter-balancing-weights-guru\/#webpage\",\"url\":\"https:\/\/www.pescafish.it\/new\/prodotto\/dark-matter-balancing-weights-guru\/\",\"name\":\"Dark Matter Balancing Weights\\u00a0- Korda - Pesca Fish\",\"isPartOf\":{\"@id\":\"https:\/\/www.pescafish.it\/new\/#website\"},\"primaryImageOfPage\":{\"@id\":\"https:\/\/www.pescafish.it\/new\/prodotto\/dark-matter-balancing-weights-guru\/#primaryimage\"},\"datePublished\":\"2021-03-26T14:59:36+00:00\",\"dateModified\":\"2025-08-29T14:59:10+00:00\",\"inLanguage\":\"it-IT\",\"potentialAction\":[{\"@type\":\"ReadAction\",\"target\":[\"https:\/\/www.pescafish.it\/new\/prodotto\/dark-matter-balancing-weights-guru\/\"]}]}]}<\/script>\n<!-- \/ Yoast SEO plugin. -->","_links":{"self":[{"href":"https:\/\/www.pescafish.it\/new\/wp-json\/wp\/v2\/product\/67595"}],"collection":[{"href":"https:\/\/www.pescafish.it\/new\/wp-json\/wp\/v2\/product"}],"about":[{"href":"https:\/\/www.pescafish.it\/new\/wp-json\/wp\/v2\/types\/product"}],"replies":[{"embeddable":true,"href":"https:\/\/www.pescafish.it\/new\/wp-json\/wp\/v2\/comments?post=67595"}],"wp:featuredmedia":[{"embeddable":true,"href":"https:\/\/www.pescafish.it\/new\/wp-json\/wp\/v2\/media\/67599"}],"wp:attachment":[{"href":"https:\/\/www.pescafish.it\/new\/wp-json\/wp\/v2\/media?parent=67595"}],"wp:term":[{"taxonomy":"product_cat","embeddable":true,"href":"https:\/\/www.pescafish.it\/new\/wp-json\/wp\/v2\/product_cat?post=67595"},{"taxonomy":"product_tag","embeddable":true,"href":"https:\/\/www.pescafish.it\/new\/wp-json\/wp\/v2\/product_tag?post=67595"}],"curies":[{"name":"wp","href":"https:\/\/api.w.org\/{rel}","templated":true}]}}