{"id":67422,"date":"2021-03-20T18:35:19","date_gmt":"2021-03-20T17:35:19","guid":{"rendered":"https:\/\/www.pescafish.it\/new\/?post_type=product&#038;p=67422"},"modified":"2021-03-20T18:35:20","modified_gmt":"2021-03-20T17:35:20","slug":"unievo-pellet-marukyu","status":"publish","type":"product","link":"https:\/\/www.pescafish.it\/new\/prodotto\/unievo-pellet-marukyu\/","title":{"rendered":"Unievo Pellet &#8211; Marukyu"},"content":{"rendered":"<p>La serie Unievo \u00e8 caratterizzata da una granulometria maggiore rispetto alle Luxus X, maggior apporto nutrizionale e poco effetto &#8220;fumo&#8221;, ma buona presenza di macro particelle che fungono da pasturazione e nutrimento. Ottime utilizzate da sole o mixate in percentuali differenti con le Luxus X.<br \/>\nLa Unievo Pellet di Marukyu \u00e8 prodotta con differenti tipologie di pellet franti quali pesce, gambero, carne, \u00e8 particolarmente veloce nella fase di disgregazione. Definita &#8220;match formula&#8221;, \u00e8 perfetta nella pesca marginale in carpodromo con tutte le tecniche. Il volume delle particelle che la compongono, aumenta notevolmente di volume una volta che queste risultano completamente reidratate. Molto gradita anche da barbi, cavedani, tinche. Potere legante medio, potere nutrizionale medio.<\/p>\n<p><strong>Confezione richiudibile salva-freschezza da 1kg<\/strong><\/p>\n","protected":false},"excerpt":{"rendered":"<p>La serie Unievo \u00e8 caratterizzata da una granulometria maggiore rispetto alle Luxus X, maggior apporto nutrizionale e poco effetto &#8220;fumo&#8221;, ma buona presenza di macro particelle che fungono da pasturazione e nutrimento. Ottime utilizzate da sole o mixate in percentuali differenti con le Luxus X. La Unievo Pellet di Marukyu \u00e8 prodotta con differenti tipologie [&hellip;]<\/p>\n","protected":false},"featured_media":67423,"comment_status":"closed","ping_status":"closed","template":"","meta":[],"product_cat":[705],"product_tag":[1218],"yoast_head":"<!-- This site is optimized with the Yoast SEO plugin v15.3 - https:\/\/yoast.com\/wordpress\/plugins\/seo\/ -->\n<title>Unievo Pellet - Marukyu - Pesca Fish<\/title>\n<meta name=\"description\" content=\"Unievo Pellet - Marukyu | Per informazioni scriveteci a info@pescafish.it oppure contattateci allo 045\/6100748\" \/>\n<meta name=\"robots\" content=\"index, follow, max-snippet:-1, max-image-preview:large, max-video-preview:-1\" \/>\n<link rel=\"canonical\" href=\"https:\/\/www.pescafish.it\/new\/prodotto\/unievo-pellet-marukyu\/\" \/>\n<meta property=\"og:locale\" content=\"it_IT\" \/>\n<meta property=\"og:type\" content=\"article\" \/>\n<meta property=\"og:title\" content=\"Unievo Pellet - Marukyu - Pesca Fish\" \/>\n<meta property=\"og:description\" content=\"Unievo Pellet - Marukyu | Per informazioni scriveteci a info@pescafish.it oppure contattateci allo 045\/6100748\" \/>\n<meta property=\"og:url\" content=\"https:\/\/www.pescafish.it\/new\/prodotto\/unievo-pellet-marukyu\/\" \/>\n<meta property=\"og:site_name\" content=\"Pesca Fish\" \/>\n<meta property=\"article:publisher\" content=\"https:\/\/www.facebook.com\/pescafishvr\/\" \/>\n<meta property=\"article:modified_time\" content=\"2021-03-20T17:35:20+00:00\" \/>\n<meta property=\"og:image\" content=\"https:\/\/www.pescafish.it\/new\/wp-content\/uploads\/2021\/03\/unievo-pellet-marukyu.jpg\" \/>\n\t<meta property=\"og:image:width\" content=\"1000\" \/>\n\t<meta property=\"og:image:height\" content=\"1087\" \/>\n<meta name=\"twitter:card\" content=\"summary_large_image\" \/>\n<meta name=\"twitter:label1\" content=\"Scritto da\">\n\t<meta name=\"twitter:data1\" content=\"francesca\">\n\t<meta name=\"twitter:label2\" content=\"Tempo di lettura stimato\">\n\t<meta name=\"twitter:data2\" content=\"0 minuti\">\n<script type=\"application\/ld+json\" class=\"yoast-schema-graph\">{\"@context\":\"https:\/\/schema.org\",\"@graph\":[{\"@type\":\"WebSite\",\"@id\":\"https:\/\/www.pescafish.it\/new\/#website\",\"url\":\"https:\/\/www.pescafish.it\/new\/\",\"name\":\"Pesca Fish\",\"description\":\"Benvenuti sul nostro sito!\",\"potentialAction\":[{\"@type\":\"SearchAction\",\"target\":\"https:\/\/www.pescafish.it\/new\/?s={search_term_string}\",\"query-input\":\"required name=search_term_string\"}],\"inLanguage\":\"it-IT\"},{\"@type\":\"ImageObject\",\"@id\":\"https:\/\/www.pescafish.it\/new\/prodotto\/unievo-pellet-marukyu\/#primaryimage\",\"inLanguage\":\"it-IT\",\"url\":\"https:\/\/www.pescafish.it\/new\/wp-content\/uploads\/2021\/03\/unievo-pellet-marukyu.jpg\",\"width\":1000,\"height\":1087,\"caption\":\"Unievo Pellet Marukyu\"},{\"@type\":\"WebPage\",\"@id\":\"https:\/\/www.pescafish.it\/new\/prodotto\/unievo-pellet-marukyu\/#webpage\",\"url\":\"https:\/\/www.pescafish.it\/new\/prodotto\/unievo-pellet-marukyu\/\",\"name\":\"Unievo Pellet - Marukyu - Pesca Fish\",\"isPartOf\":{\"@id\":\"https:\/\/www.pescafish.it\/new\/#website\"},\"primaryImageOfPage\":{\"@id\":\"https:\/\/www.pescafish.it\/new\/prodotto\/unievo-pellet-marukyu\/#primaryimage\"},\"datePublished\":\"2021-03-20T17:35:19+00:00\",\"dateModified\":\"2021-03-20T17:35:20+00:00\",\"description\":\"Unievo Pellet - Marukyu | Per informazioni scriveteci a info@pescafish.it oppure contattateci allo 045\/6100748\",\"inLanguage\":\"it-IT\",\"potentialAction\":[{\"@type\":\"ReadAction\",\"target\":[\"https:\/\/www.pescafish.it\/new\/prodotto\/unievo-pellet-marukyu\/\"]}]}]}<\/script>\n<!-- \/ Yoast SEO plugin. -->","_links":{"self":[{"href":"https:\/\/www.pescafish.it\/new\/wp-json\/wp\/v2\/product\/67422"}],"collection":[{"href":"https:\/\/www.pescafish.it\/new\/wp-json\/wp\/v2\/product"}],"about":[{"href":"https:\/\/www.pescafish.it\/new\/wp-json\/wp\/v2\/types\/product"}],"replies":[{"embeddable":true,"href":"https:\/\/www.pescafish.it\/new\/wp-json\/wp\/v2\/comments?post=67422"}],"wp:featuredmedia":[{"embeddable":true,"href":"https:\/\/www.pescafish.it\/new\/wp-json\/wp\/v2\/media\/67423"}],"wp:attachment":[{"href":"https:\/\/www.pescafish.it\/new\/wp-json\/wp\/v2\/media?parent=67422"}],"wp:term":[{"taxonomy":"product_cat","embeddable":true,"href":"https:\/\/www.pescafish.it\/new\/wp-json\/wp\/v2\/product_cat?post=67422"},{"taxonomy":"product_tag","embeddable":true,"href":"https:\/\/www.pescafish.it\/new\/wp-json\/wp\/v2\/product_tag?post=67422"}],"curies":[{"name":"wp","href":"https:\/\/api.w.org\/{rel}","templated":true}]}}