{"id":67399,"date":"2021-03-20T11:48:59","date_gmt":"2021-03-20T10:48:59","guid":{"rendered":"https:\/\/www.pescafish.it\/new\/?post_type=product&#038;p=67399"},"modified":"2022-02-17T14:07:29","modified_gmt":"2022-02-17T13:07:29","slug":"tokusen-ebiko-marukyu","status":"publish","type":"product","link":"https:\/\/www.pescafish.it\/new\/prodotto\/tokusen-ebiko-marukyu\/","title":{"rendered":"Tokusen Ebiko &#8211; Marukyu"},"content":{"rendered":"<p>Tokusen Ebiko di Marukyu \u00e8 un micronizzato puro, finissimo, ad alta solubilit\u00e0, di gamberi, gamberetti e krill. Non troverete nessun altro micronizzato di crostacei con le stesse qualit\u00e0! La sua diffusione in acqua \u00e8 pressoch\u00e9 immediata, producendo una scia attrattiva percepibile con qualsiasi temperatura ed in qualsiasi condizione. Il suo utilizzo non ha praticamente limiti: aggiunto alle pasture, ai pellet mix, quale ingrediente per la realizzazione di esche self made, mescolato agli stick mix od alle granaglie.<br \/>\nLa dose consigliata \u00e8 il 10% sul totale del prodotto secco.<\/p>\n<p><strong>Confezione da 400gr<\/strong><\/p>\n","protected":false},"excerpt":{"rendered":"<p>Tokusen Ebiko di Marukyu \u00e8 un micronizzato puro, finissimo, ad alta solubilit\u00e0, di gamberi, gamberetti e krill. Non troverete nessun altro micronizzato di crostacei con le stesse qualit\u00e0! La sua diffusione in acqua \u00e8 pressoch\u00e9 immediata, producendo una scia attrattiva percepibile con qualsiasi temperatura ed in qualsiasi condizione. Il suo utilizzo non ha praticamente limiti: [&hellip;]<\/p>\n","protected":false},"featured_media":67400,"comment_status":"closed","ping_status":"closed","template":"","meta":[],"product_cat":[707],"product_tag":[1218],"yoast_head":"<!-- This site is optimized with the Yoast SEO plugin v15.3 - https:\/\/yoast.com\/wordpress\/plugins\/seo\/ -->\n<title>Tokusen Ebiko - Marukyu - Pesca Fish<\/title>\n<meta name=\"description\" content=\"Tokusen Ebiko - Marukyu | Per informazioni scriveteci a info@pescafish.it oppure contattateci allo 045\/6100748\" \/>\n<meta name=\"robots\" content=\"index, follow, max-snippet:-1, max-image-preview:large, max-video-preview:-1\" \/>\n<link rel=\"canonical\" href=\"https:\/\/www.pescafish.it\/new\/prodotto\/tokusen-ebiko-marukyu\/\" \/>\n<meta property=\"og:locale\" content=\"it_IT\" \/>\n<meta property=\"og:type\" content=\"article\" \/>\n<meta property=\"og:title\" content=\"Tokusen Ebiko - Marukyu - Pesca Fish\" \/>\n<meta property=\"og:description\" content=\"Tokusen Ebiko - Marukyu | Per informazioni scriveteci a info@pescafish.it oppure contattateci allo 045\/6100748\" \/>\n<meta property=\"og:url\" content=\"https:\/\/www.pescafish.it\/new\/prodotto\/tokusen-ebiko-marukyu\/\" \/>\n<meta property=\"og:site_name\" content=\"Pesca Fish\" \/>\n<meta property=\"article:publisher\" content=\"https:\/\/www.facebook.com\/pescafishvr\/\" \/>\n<meta property=\"article:modified_time\" content=\"2022-02-17T13:07:29+00:00\" \/>\n<meta property=\"og:image\" content=\"https:\/\/www.pescafish.it\/new\/wp-content\/uploads\/2021\/03\/tokusen-ebiko.jpg\" \/>\n\t<meta property=\"og:image:width\" content=\"667\" \/>\n\t<meta property=\"og:image:height\" content=\"720\" \/>\n<meta name=\"twitter:card\" content=\"summary_large_image\" \/>\n<meta name=\"twitter:label1\" content=\"Scritto da\">\n\t<meta name=\"twitter:data1\" content=\"francesca\">\n\t<meta name=\"twitter:label2\" content=\"Tempo di lettura stimato\">\n\t<meta name=\"twitter:data2\" content=\"0 minuti\">\n<script type=\"application\/ld+json\" class=\"yoast-schema-graph\">{\"@context\":\"https:\/\/schema.org\",\"@graph\":[{\"@type\":\"WebSite\",\"@id\":\"https:\/\/www.pescafish.it\/new\/#website\",\"url\":\"https:\/\/www.pescafish.it\/new\/\",\"name\":\"Pesca Fish\",\"description\":\"Benvenuti sul nostro sito!\",\"potentialAction\":[{\"@type\":\"SearchAction\",\"target\":\"https:\/\/www.pescafish.it\/new\/?s={search_term_string}\",\"query-input\":\"required name=search_term_string\"}],\"inLanguage\":\"it-IT\"},{\"@type\":\"ImageObject\",\"@id\":\"https:\/\/www.pescafish.it\/new\/prodotto\/tokusen-ebiko-marukyu\/#primaryimage\",\"inLanguage\":\"it-IT\",\"url\":\"https:\/\/www.pescafish.it\/new\/wp-content\/uploads\/2021\/03\/tokusen-ebiko.jpg\",\"width\":667,\"height\":720,\"caption\":\"Tokusen Ebiko Marukyu\"},{\"@type\":\"WebPage\",\"@id\":\"https:\/\/www.pescafish.it\/new\/prodotto\/tokusen-ebiko-marukyu\/#webpage\",\"url\":\"https:\/\/www.pescafish.it\/new\/prodotto\/tokusen-ebiko-marukyu\/\",\"name\":\"Tokusen Ebiko - Marukyu - Pesca Fish\",\"isPartOf\":{\"@id\":\"https:\/\/www.pescafish.it\/new\/#website\"},\"primaryImageOfPage\":{\"@id\":\"https:\/\/www.pescafish.it\/new\/prodotto\/tokusen-ebiko-marukyu\/#primaryimage\"},\"datePublished\":\"2021-03-20T10:48:59+00:00\",\"dateModified\":\"2022-02-17T13:07:29+00:00\",\"description\":\"Tokusen Ebiko - Marukyu | Per informazioni scriveteci a info@pescafish.it oppure contattateci allo 045\/6100748\",\"inLanguage\":\"it-IT\",\"potentialAction\":[{\"@type\":\"ReadAction\",\"target\":[\"https:\/\/www.pescafish.it\/new\/prodotto\/tokusen-ebiko-marukyu\/\"]}]}]}<\/script>\n<!-- \/ Yoast SEO plugin. -->","_links":{"self":[{"href":"https:\/\/www.pescafish.it\/new\/wp-json\/wp\/v2\/product\/67399"}],"collection":[{"href":"https:\/\/www.pescafish.it\/new\/wp-json\/wp\/v2\/product"}],"about":[{"href":"https:\/\/www.pescafish.it\/new\/wp-json\/wp\/v2\/types\/product"}],"replies":[{"embeddable":true,"href":"https:\/\/www.pescafish.it\/new\/wp-json\/wp\/v2\/comments?post=67399"}],"wp:featuredmedia":[{"embeddable":true,"href":"https:\/\/www.pescafish.it\/new\/wp-json\/wp\/v2\/media\/67400"}],"wp:attachment":[{"href":"https:\/\/www.pescafish.it\/new\/wp-json\/wp\/v2\/media?parent=67399"}],"wp:term":[{"taxonomy":"product_cat","embeddable":true,"href":"https:\/\/www.pescafish.it\/new\/wp-json\/wp\/v2\/product_cat?post=67399"},{"taxonomy":"product_tag","embeddable":true,"href":"https:\/\/www.pescafish.it\/new\/wp-json\/wp\/v2\/product_tag?post=67399"}],"curies":[{"name":"wp","href":"https:\/\/api.w.org\/{rel}","templated":true}]}}