{"id":67024,"date":"2021-03-06T18:35:18","date_gmt":"2021-03-06T17:35:18","guid":{"rendered":"https:\/\/www.pescafish.it\/new\/?post_type=product&#038;p=67024"},"modified":"2025-10-09T18:55:39","modified_gmt":"2025-10-09T16:55:39","slug":"mini-stiky-pellet-sensas","status":"publish","type":"product","link":"https:\/\/www.pescafish.it\/new\/prodotto\/mini-stiky-pellet-sensas\/","title":{"rendered":"Mini Stiky Pellet &#8211; Sensas"},"content":{"rendered":"<h2>Mini Stiky Pellet<\/h2>\n<p>I nostri mini stiky pellet sono facili da preparare e utilizzare. Pi\u00f9 leganti dei pellet tradizionali, puoi usarli facilmente su un method feeder. Ma ti consigliamo anche di usarli nella pesca tradizionale con la canna, in luoghi profondi o quando soffia il vento. Inoltre, realizzando una pallina sarai pi\u00f9 preciso nel depositare con la tazza. Anche l&#8217;atto di attaccare le palline sar\u00e0 molto importante quando i pesci sono in grandi quantit\u00e0 sul posto. I pellet saranno meno volatili nello strato d&#8217;acqua e il pesce sar\u00e0 meno matto. Indispensabile per tutte le pesche carpodromo.<\/p>\n<p><b>Disponibile nelle seguenti aromatizzazioni:<\/b><br \/>\n<strong>SB44786<\/strong>\u00a0 Sweet Magic<\/p>\n<p><strong>Confezione da 700gr<\/strong><\/p>\n","protected":false},"excerpt":{"rendered":"<p>Mini Stiky Pellet I nostri mini stiky pellet sono facili da preparare e utilizzare. Pi\u00f9 leganti dei pellet tradizionali, puoi usarli facilmente su un method feeder. Ma ti consigliamo anche di usarli nella pesca tradizionale con la canna, in luoghi profondi o quando soffia il vento. Inoltre, realizzando una pallina sarai pi\u00f9 preciso nel depositare [&hellip;]<\/p>\n","protected":false},"featured_media":70247,"comment_status":"closed","ping_status":"closed","template":"","meta":[],"product_cat":[706],"product_tag":[1041],"yoast_head":"<!-- This site is optimized with the Yoast SEO plugin v15.3 - https:\/\/yoast.com\/wordpress\/plugins\/seo\/ -->\n<title>Mini Stiky Pellet - Sensas - Pesca Fish<\/title>\n<meta name=\"robots\" content=\"index, follow, max-snippet:-1, max-image-preview:large, max-video-preview:-1\" \/>\n<link rel=\"canonical\" href=\"https:\/\/www.pescafish.it\/new\/prodotto\/mini-stiky-pellet-sensas\/\" \/>\n<meta property=\"og:locale\" content=\"it_IT\" \/>\n<meta property=\"og:type\" content=\"article\" \/>\n<meta property=\"og:title\" content=\"Mini Stiky Pellet - Sensas - Pesca Fish\" \/>\n<meta property=\"og:description\" content=\"Mini Stiky Pellet I nostri mini stiky pellet sono facili da preparare e utilizzare. Pi\u00f9 leganti dei pellet tradizionali, puoi usarli facilmente su un method feeder. Ma ti consigliamo anche di usarli nella pesca tradizionale con la canna, in luoghi profondi o quando soffia il vento. Inoltre, realizzando una pallina sarai pi\u00f9 preciso nel depositare [&hellip;]\" \/>\n<meta property=\"og:url\" content=\"https:\/\/www.pescafish.it\/new\/prodotto\/mini-stiky-pellet-sensas\/\" \/>\n<meta property=\"og:site_name\" content=\"Pesca Fish\" \/>\n<meta property=\"article:publisher\" content=\"https:\/\/www.facebook.com\/pescafishvr\/\" \/>\n<meta property=\"article:modified_time\" content=\"2025-10-09T16:55:39+00:00\" \/>\n<meta property=\"og:image\" content=\"https:\/\/www.pescafish.it\/new\/wp-content\/uploads\/2021\/03\/sweet-magic-1-scaled.jpg\" \/>\n\t<meta property=\"og:image:width\" content=\"2560\" \/>\n\t<meta property=\"og:image:height\" content=\"1920\" \/>\n<meta name=\"twitter:card\" content=\"summary_large_image\" \/>\n<meta name=\"twitter:label1\" content=\"Scritto da\">\n\t<meta name=\"twitter:data1\" content=\"francesca\">\n\t<meta name=\"twitter:label2\" content=\"Tempo di lettura stimato\">\n\t<meta name=\"twitter:data2\" content=\"0 minuti\">\n<script type=\"application\/ld+json\" class=\"yoast-schema-graph\">{\"@context\":\"https:\/\/schema.org\",\"@graph\":[{\"@type\":\"WebSite\",\"@id\":\"https:\/\/www.pescafish.it\/new\/#website\",\"url\":\"https:\/\/www.pescafish.it\/new\/\",\"name\":\"Pesca Fish\",\"description\":\"Benvenuti sul nostro sito!\",\"potentialAction\":[{\"@type\":\"SearchAction\",\"target\":\"https:\/\/www.pescafish.it\/new\/?s={search_term_string}\",\"query-input\":\"required name=search_term_string\"}],\"inLanguage\":\"it-IT\"},{\"@type\":\"ImageObject\",\"@id\":\"https:\/\/www.pescafish.it\/new\/prodotto\/mini-stiky-pellet-sensas\/#primaryimage\",\"inLanguage\":\"it-IT\",\"url\":\"https:\/\/www.pescafish.it\/new\/wp-content\/uploads\/2021\/03\/sweet-magic-1-scaled.jpg\",\"width\":2560,\"height\":1920},{\"@type\":\"WebPage\",\"@id\":\"https:\/\/www.pescafish.it\/new\/prodotto\/mini-stiky-pellet-sensas\/#webpage\",\"url\":\"https:\/\/www.pescafish.it\/new\/prodotto\/mini-stiky-pellet-sensas\/\",\"name\":\"Mini Stiky Pellet - Sensas - Pesca Fish\",\"isPartOf\":{\"@id\":\"https:\/\/www.pescafish.it\/new\/#website\"},\"primaryImageOfPage\":{\"@id\":\"https:\/\/www.pescafish.it\/new\/prodotto\/mini-stiky-pellet-sensas\/#primaryimage\"},\"datePublished\":\"2021-03-06T17:35:18+00:00\",\"dateModified\":\"2025-10-09T16:55:39+00:00\",\"inLanguage\":\"it-IT\",\"potentialAction\":[{\"@type\":\"ReadAction\",\"target\":[\"https:\/\/www.pescafish.it\/new\/prodotto\/mini-stiky-pellet-sensas\/\"]}]}]}<\/script>\n<!-- \/ Yoast SEO plugin. -->","_links":{"self":[{"href":"https:\/\/www.pescafish.it\/new\/wp-json\/wp\/v2\/product\/67024"}],"collection":[{"href":"https:\/\/www.pescafish.it\/new\/wp-json\/wp\/v2\/product"}],"about":[{"href":"https:\/\/www.pescafish.it\/new\/wp-json\/wp\/v2\/types\/product"}],"replies":[{"embeddable":true,"href":"https:\/\/www.pescafish.it\/new\/wp-json\/wp\/v2\/comments?post=67024"}],"wp:featuredmedia":[{"embeddable":true,"href":"https:\/\/www.pescafish.it\/new\/wp-json\/wp\/v2\/media\/70247"}],"wp:attachment":[{"href":"https:\/\/www.pescafish.it\/new\/wp-json\/wp\/v2\/media?parent=67024"}],"wp:term":[{"taxonomy":"product_cat","embeddable":true,"href":"https:\/\/www.pescafish.it\/new\/wp-json\/wp\/v2\/product_cat?post=67024"},{"taxonomy":"product_tag","embeddable":true,"href":"https:\/\/www.pescafish.it\/new\/wp-json\/wp\/v2\/product_tag?post=67024"}],"curies":[{"name":"wp","href":"https:\/\/api.w.org\/{rel}","templated":true}]}}