{"id":66660,"date":"2021-02-23T12:10:22","date_gmt":"2021-02-23T11:10:22","guid":{"rendered":"https:\/\/www.pescafish.it\/new\/?post_type=product&#038;p=66660"},"modified":"2023-08-29T09:28:04","modified_gmt":"2023-08-29T07:28:04","slug":"kut-tail-worm-4-gary-jamamoto","status":"publish","type":"product","link":"https:\/\/www.pescafish.it\/new\/prodotto\/kut-tail-worm-4-gary-jamamoto\/","title":{"rendered":"Kut Tail Worm 4&#8243; &#8211; Gary Yamamoto"},"content":{"rendered":"<h2>Kut Tail Worm 4&#8243;<\/h2>\n<p>Il Kut Tail Worm della Gary Yamamoto \u00e8 una delle esche finesse pi\u00f9 conosciute ed utilizzate in tutto il mondo. Realizzato con una mescola ricca di sale, il Kut Tail Worm pu\u00f2 essere utilizzato con diverse tecniche tra cui il texas rig, drop shot, split shot e anche come trailer per i jig. Il Kut Tail Worm \u00e8 un&#8217;esca che non pu\u00f2 mancare tra l&#8217;attrezzatura di un pescatore di spinning e casting. E&#8217; disponibile in vari colori e dimensioni, tutte studiate per la pesca al Black Bass, al Luccio, al Siluro, al Lucioperca e di altri predatori d&#8217;acqua dolce e di mare.<\/p>\n<p><strong>Disponibile nelle seguenti colorazioni:<\/strong><br \/>\n<strong>7-20-305<\/strong>\u00a0 Col 305 Special<br \/>\n<strong>7-20-241<\/strong>\u00a0 Col 241 Cinnamon Brown \/ No Flake<br \/>\n<strong>7-20-020<\/strong>\u00a0 Col 020 Black \/ No Flake<br \/>\n<strong>7-20-042J<\/strong>\u00a0 Col 042J\u00a0 Watermelon \/ No Flake<br \/>\n<strong>7-20-232<\/strong>\u00a0 Col 232 Plum \/ No Flake<br \/>\n<strong>7-20-021<\/strong>\u00a0 Col 021 Black LG Blue Flake<br \/>\n<strong>7-20-9003<\/strong>\u00a0 Col 9003 \/ Fire Craw (20 pack)<\/p>\n","protected":false},"excerpt":{"rendered":"<p>Kut Tail Worm 4&#8243; Il Kut Tail Worm della Gary Yamamoto \u00e8 una delle esche finesse pi\u00f9 conosciute ed utilizzate in tutto il mondo. Realizzato con una mescola ricca di sale, il Kut Tail Worm pu\u00f2 essere utilizzato con diverse tecniche tra cui il texas rig, drop shot, split shot e anche come trailer per [&hellip;]<\/p>\n","protected":false},"featured_media":66665,"comment_status":"closed","ping_status":"closed","template":"","meta":[],"product_cat":[668],"product_tag":[1104],"yoast_head":"<!-- This site is optimized with the Yoast SEO plugin v15.3 - https:\/\/yoast.com\/wordpress\/plugins\/seo\/ -->\n<title>Kut Tail Worm 4&quot; - Gary Yamamoto - Pesca Fish<\/title>\n<meta name=\"robots\" content=\"index, follow, max-snippet:-1, max-image-preview:large, max-video-preview:-1\" \/>\n<link rel=\"canonical\" href=\"https:\/\/www.pescafish.it\/new\/prodotto\/kut-tail-worm-4-gary-jamamoto\/\" \/>\n<meta property=\"og:locale\" content=\"it_IT\" \/>\n<meta property=\"og:type\" content=\"article\" \/>\n<meta property=\"og:title\" content=\"Kut Tail Worm 4&quot; - Gary Yamamoto - Pesca Fish\" \/>\n<meta property=\"og:description\" content=\"Kut Tail Worm 4&#8243; Il Kut Tail Worm della Gary Yamamoto \u00e8 una delle esche finesse pi\u00f9 conosciute ed utilizzate in tutto il mondo. Realizzato con una mescola ricca di sale, il Kut Tail Worm pu\u00f2 essere utilizzato con diverse tecniche tra cui il texas rig, drop shot, split shot e anche come trailer per [&hellip;]\" \/>\n<meta property=\"og:url\" content=\"https:\/\/www.pescafish.it\/new\/prodotto\/kut-tail-worm-4-gary-jamamoto\/\" \/>\n<meta property=\"og:site_name\" content=\"Pesca Fish\" \/>\n<meta property=\"article:publisher\" content=\"https:\/\/www.facebook.com\/pescafishvr\/\" \/>\n<meta property=\"article:modified_time\" content=\"2023-08-29T07:28:04+00:00\" \/>\n<meta property=\"og:image\" content=\"https:\/\/www.pescafish.it\/new\/wp-content\/uploads\/2021\/02\/020-no-flake.jpg\" \/>\n\t<meta property=\"og:image:width\" content=\"981\" \/>\n\t<meta property=\"og:image:height\" content=\"766\" \/>\n<meta name=\"twitter:card\" content=\"summary_large_image\" \/>\n<meta name=\"twitter:label1\" content=\"Scritto da\">\n\t<meta name=\"twitter:data1\" content=\"francesca\">\n\t<meta name=\"twitter:label2\" content=\"Tempo di lettura stimato\">\n\t<meta name=\"twitter:data2\" content=\"1 minuto\">\n<script type=\"application\/ld+json\" class=\"yoast-schema-graph\">{\"@context\":\"https:\/\/schema.org\",\"@graph\":[{\"@type\":\"WebSite\",\"@id\":\"https:\/\/www.pescafish.it\/new\/#website\",\"url\":\"https:\/\/www.pescafish.it\/new\/\",\"name\":\"Pesca Fish\",\"description\":\"Benvenuti sul nostro sito!\",\"potentialAction\":[{\"@type\":\"SearchAction\",\"target\":\"https:\/\/www.pescafish.it\/new\/?s={search_term_string}\",\"query-input\":\"required name=search_term_string\"}],\"inLanguage\":\"it-IT\"},{\"@type\":\"ImageObject\",\"@id\":\"https:\/\/www.pescafish.it\/new\/prodotto\/kut-tail-worm-4-gary-jamamoto\/#primaryimage\",\"inLanguage\":\"it-IT\",\"url\":\"https:\/\/www.pescafish.it\/new\/wp-content\/uploads\/2021\/02\/020-no-flake.jpg\",\"width\":981,\"height\":766,\"caption\":\"Gary Jamamoto\"},{\"@type\":\"WebPage\",\"@id\":\"https:\/\/www.pescafish.it\/new\/prodotto\/kut-tail-worm-4-gary-jamamoto\/#webpage\",\"url\":\"https:\/\/www.pescafish.it\/new\/prodotto\/kut-tail-worm-4-gary-jamamoto\/\",\"name\":\"Kut Tail Worm 4\\\" - Gary Yamamoto - Pesca Fish\",\"isPartOf\":{\"@id\":\"https:\/\/www.pescafish.it\/new\/#website\"},\"primaryImageOfPage\":{\"@id\":\"https:\/\/www.pescafish.it\/new\/prodotto\/kut-tail-worm-4-gary-jamamoto\/#primaryimage\"},\"datePublished\":\"2021-02-23T11:10:22+00:00\",\"dateModified\":\"2023-08-29T07:28:04+00:00\",\"inLanguage\":\"it-IT\",\"potentialAction\":[{\"@type\":\"ReadAction\",\"target\":[\"https:\/\/www.pescafish.it\/new\/prodotto\/kut-tail-worm-4-gary-jamamoto\/\"]}]}]}<\/script>\n<!-- \/ Yoast SEO plugin. -->","_links":{"self":[{"href":"https:\/\/www.pescafish.it\/new\/wp-json\/wp\/v2\/product\/66660"}],"collection":[{"href":"https:\/\/www.pescafish.it\/new\/wp-json\/wp\/v2\/product"}],"about":[{"href":"https:\/\/www.pescafish.it\/new\/wp-json\/wp\/v2\/types\/product"}],"replies":[{"embeddable":true,"href":"https:\/\/www.pescafish.it\/new\/wp-json\/wp\/v2\/comments?post=66660"}],"wp:featuredmedia":[{"embeddable":true,"href":"https:\/\/www.pescafish.it\/new\/wp-json\/wp\/v2\/media\/66665"}],"wp:attachment":[{"href":"https:\/\/www.pescafish.it\/new\/wp-json\/wp\/v2\/media?parent=66660"}],"wp:term":[{"taxonomy":"product_cat","embeddable":true,"href":"https:\/\/www.pescafish.it\/new\/wp-json\/wp\/v2\/product_cat?post=66660"},{"taxonomy":"product_tag","embeddable":true,"href":"https:\/\/www.pescafish.it\/new\/wp-json\/wp\/v2\/product_tag?post=66660"}],"curies":[{"name":"wp","href":"https:\/\/api.w.org\/{rel}","templated":true}]}}