{"id":66042,"date":"2021-02-04T10:29:35","date_gmt":"2021-02-04T09:29:35","guid":{"rendered":"https:\/\/www.pescafish.it\/new\/?post_type=product&#038;p=66042"},"modified":"2022-11-29T17:04:31","modified_gmt":"2022-11-29T16:04:31","slug":"hair-mesh-landing-nets-preston-innovations","status":"publish","type":"product","link":"https:\/\/www.pescafish.it\/new\/prodotto\/hair-mesh-landing-nets-preston-innovations\/","title":{"rendered":"Hair Mesh Landing Nets &#8211; Preston Innovations"},"content":{"rendered":"<p>Testa da guadino versatile e resistente, perfetta per differenti tecniche di pesca. Estremamente leggero, \u00e8 ideale per qualsiasi sessione di pesca in velocit\u00e0, comprese quelle dedicate alla cattura di carassetti o piccole placchette. La rete a maglie sottili \u00e8 indispensabile quando si usano ami montati in hair rig in particolare nei laghi commerciali dove questo tipo di tecnica \u00e8 ammessa anche nelle gare a roubasienne.<\/p>\n<p><strong>Disponibile nelle seguenti misure:<\/strong><br \/>\n<strong>P0140036<\/strong>\u00a0 18&#8243;<br \/>\n<strong>P0140037\u00a0<\/strong> 20&#8243;<\/p>\n","protected":false},"excerpt":{"rendered":"<p>Testa da guadino versatile e resistente, perfetta per differenti tecniche di pesca. Estremamente leggero, \u00e8 ideale per qualsiasi sessione di pesca in velocit\u00e0, comprese quelle dedicate alla cattura di carassetti o piccole placchette. La rete a maglie sottili \u00e8 indispensabile quando si usano ami montati in hair rig in particolare nei laghi commerciali dove questo [&hellip;]<\/p>\n","protected":false},"featured_media":66043,"comment_status":"closed","ping_status":"closed","template":"","meta":[],"product_cat":[183],"product_tag":[1020],"yoast_head":"<!-- This site is optimized with the Yoast SEO plugin v15.3 - https:\/\/yoast.com\/wordpress\/plugins\/seo\/ -->\n<title>Hair Mesh Landing Nets - Preston Innovations - Pesca Fish<\/title>\n<meta name=\"robots\" content=\"index, follow, max-snippet:-1, max-image-preview:large, max-video-preview:-1\" \/>\n<link rel=\"canonical\" href=\"https:\/\/www.pescafish.it\/new\/prodotto\/hair-mesh-landing-nets-preston-innovations\/\" \/>\n<meta property=\"og:locale\" content=\"it_IT\" \/>\n<meta property=\"og:type\" content=\"article\" \/>\n<meta property=\"og:title\" content=\"Hair Mesh Landing Nets - Preston Innovations - Pesca Fish\" \/>\n<meta property=\"og:description\" content=\"Testa da guadino versatile e resistente, perfetta per differenti tecniche di pesca. Estremamente leggero, \u00e8 ideale per qualsiasi sessione di pesca in velocit\u00e0, comprese quelle dedicate alla cattura di carassetti o piccole placchette. La rete a maglie sottili \u00e8 indispensabile quando si usano ami montati in hair rig in particolare nei laghi commerciali dove questo [&hellip;]\" \/>\n<meta property=\"og:url\" content=\"https:\/\/www.pescafish.it\/new\/prodotto\/hair-mesh-landing-nets-preston-innovations\/\" \/>\n<meta property=\"og:site_name\" content=\"Pesca Fish\" \/>\n<meta property=\"article:publisher\" content=\"https:\/\/www.facebook.com\/pescafishvr\/\" \/>\n<meta property=\"article:modified_time\" content=\"2022-11-29T16:04:31+00:00\" \/>\n<meta property=\"og:image\" content=\"https:\/\/www.pescafish.it\/new\/wp-content\/uploads\/2021\/02\/hair-mesh-landing-net.jpg\" \/>\n\t<meta property=\"og:image:width\" content=\"1000\" \/>\n\t<meta property=\"og:image:height\" content=\"1213\" \/>\n<meta name=\"twitter:card\" content=\"summary_large_image\" \/>\n<meta name=\"twitter:label1\" content=\"Scritto da\">\n\t<meta name=\"twitter:data1\" content=\"francesca\">\n\t<meta name=\"twitter:label2\" content=\"Tempo di lettura stimato\">\n\t<meta name=\"twitter:data2\" content=\"0 minuti\">\n<script type=\"application\/ld+json\" class=\"yoast-schema-graph\">{\"@context\":\"https:\/\/schema.org\",\"@graph\":[{\"@type\":\"WebSite\",\"@id\":\"https:\/\/www.pescafish.it\/new\/#website\",\"url\":\"https:\/\/www.pescafish.it\/new\/\",\"name\":\"Pesca Fish\",\"description\":\"Benvenuti sul nostro sito!\",\"potentialAction\":[{\"@type\":\"SearchAction\",\"target\":\"https:\/\/www.pescafish.it\/new\/?s={search_term_string}\",\"query-input\":\"required name=search_term_string\"}],\"inLanguage\":\"it-IT\"},{\"@type\":\"ImageObject\",\"@id\":\"https:\/\/www.pescafish.it\/new\/prodotto\/hair-mesh-landing-nets-preston-innovations\/#primaryimage\",\"inLanguage\":\"it-IT\",\"url\":\"https:\/\/www.pescafish.it\/new\/wp-content\/uploads\/2021\/02\/hair-mesh-landing-net.jpg\",\"width\":1000,\"height\":1213,\"caption\":\"hair mesh landing net preston innovations\"},{\"@type\":\"WebPage\",\"@id\":\"https:\/\/www.pescafish.it\/new\/prodotto\/hair-mesh-landing-nets-preston-innovations\/#webpage\",\"url\":\"https:\/\/www.pescafish.it\/new\/prodotto\/hair-mesh-landing-nets-preston-innovations\/\",\"name\":\"Hair Mesh Landing Nets - Preston Innovations - Pesca Fish\",\"isPartOf\":{\"@id\":\"https:\/\/www.pescafish.it\/new\/#website\"},\"primaryImageOfPage\":{\"@id\":\"https:\/\/www.pescafish.it\/new\/prodotto\/hair-mesh-landing-nets-preston-innovations\/#primaryimage\"},\"datePublished\":\"2021-02-04T09:29:35+00:00\",\"dateModified\":\"2022-11-29T16:04:31+00:00\",\"inLanguage\":\"it-IT\",\"potentialAction\":[{\"@type\":\"ReadAction\",\"target\":[\"https:\/\/www.pescafish.it\/new\/prodotto\/hair-mesh-landing-nets-preston-innovations\/\"]}]}]}<\/script>\n<!-- \/ Yoast SEO plugin. -->","_links":{"self":[{"href":"https:\/\/www.pescafish.it\/new\/wp-json\/wp\/v2\/product\/66042"}],"collection":[{"href":"https:\/\/www.pescafish.it\/new\/wp-json\/wp\/v2\/product"}],"about":[{"href":"https:\/\/www.pescafish.it\/new\/wp-json\/wp\/v2\/types\/product"}],"replies":[{"embeddable":true,"href":"https:\/\/www.pescafish.it\/new\/wp-json\/wp\/v2\/comments?post=66042"}],"wp:featuredmedia":[{"embeddable":true,"href":"https:\/\/www.pescafish.it\/new\/wp-json\/wp\/v2\/media\/66043"}],"wp:attachment":[{"href":"https:\/\/www.pescafish.it\/new\/wp-json\/wp\/v2\/media?parent=66042"}],"wp:term":[{"taxonomy":"product_cat","embeddable":true,"href":"https:\/\/www.pescafish.it\/new\/wp-json\/wp\/v2\/product_cat?post=66042"},{"taxonomy":"product_tag","embeddable":true,"href":"https:\/\/www.pescafish.it\/new\/wp-json\/wp\/v2\/product_tag?post=66042"}],"curies":[{"name":"wp","href":"https:\/\/api.w.org\/{rel}","templated":true}]}}