{"id":66030,"date":"2021-02-04T09:24:45","date_gmt":"2021-02-04T08:24:45","guid":{"rendered":"https:\/\/www.pescafish.it\/new\/?post_type=product&#038;p=66030"},"modified":"2025-01-11T06:52:53","modified_gmt":"2025-01-11T05:52:53","slug":"rod-safe-multi-preston-innovations","status":"publish","type":"product","link":"https:\/\/www.pescafish.it\/new\/prodotto\/rod-safe-multi-preston-innovations\/","title":{"rendered":"Rod Safe Multi &#8211; Preston Innovations"},"content":{"rendered":"<p>Rod Safe Multi \u00e8 il perfetto supporto anteriore per la pesca commerciale, che consente di appoggiare la canna in pi\u00f9 posizioni regolando alla perfezione la tensione sulla vetta. Ogni punto di appoggio \u00e8 dotato di una scanalatura che permette di effettuare piccoli inviti e di un profilo studiato per evitare l&#8217;estrazione della canna in caso di mangiate violente.<\/p>\n","protected":false},"excerpt":{"rendered":"<p>Rod Safe Multi \u00e8 il perfetto supporto anteriore per la pesca commerciale, che consente di appoggiare la canna in pi\u00f9 posizioni regolando alla perfezione la tensione sulla vetta. Ogni punto di appoggio \u00e8 dotato di una scanalatura che permette di effettuare piccoli inviti e di un profilo studiato per evitare l&#8217;estrazione della canna in caso [&hellip;]<\/p>\n","protected":false},"featured_media":66031,"comment_status":"closed","ping_status":"closed","template":"","meta":[],"product_cat":[182],"product_tag":[1020],"yoast_head":"<!-- This site is optimized with the Yoast SEO plugin v15.3 - https:\/\/yoast.com\/wordpress\/plugins\/seo\/ -->\n<title>Rod Safe Multi - Preston Innovations - Pesca Fish<\/title>\n<meta name=\"robots\" content=\"index, follow, max-snippet:-1, max-image-preview:large, max-video-preview:-1\" \/>\n<link rel=\"canonical\" href=\"https:\/\/www.pescafish.it\/new\/prodotto\/rod-safe-multi-preston-innovations\/\" \/>\n<meta property=\"og:locale\" content=\"it_IT\" \/>\n<meta property=\"og:type\" content=\"article\" \/>\n<meta property=\"og:title\" content=\"Rod Safe Multi - Preston Innovations - Pesca Fish\" \/>\n<meta property=\"og:description\" content=\"Rod Safe Multi \u00e8 il perfetto supporto anteriore per la pesca commerciale, che consente di appoggiare la canna in pi\u00f9 posizioni regolando alla perfezione la tensione sulla vetta. Ogni punto di appoggio \u00e8 dotato di una scanalatura che permette di effettuare piccoli inviti e di un profilo studiato per evitare l&#8217;estrazione della canna in caso [&hellip;]\" \/>\n<meta property=\"og:url\" content=\"https:\/\/www.pescafish.it\/new\/prodotto\/rod-safe-multi-preston-innovations\/\" \/>\n<meta property=\"og:site_name\" content=\"Pesca Fish\" \/>\n<meta property=\"article:publisher\" content=\"https:\/\/www.facebook.com\/pescafishvr\/\" \/>\n<meta property=\"article:modified_time\" content=\"2025-01-11T05:52:53+00:00\" \/>\n<meta property=\"og:image\" content=\"https:\/\/www.pescafish.it\/new\/wp-content\/uploads\/2021\/02\/rod-safe-multi.jpg\" \/>\n\t<meta property=\"og:image:width\" content=\"888\" \/>\n\t<meta property=\"og:image:height\" content=\"852\" \/>\n<meta name=\"twitter:card\" content=\"summary_large_image\" \/>\n<meta name=\"twitter:label1\" content=\"Scritto da\">\n\t<meta name=\"twitter:data1\" content=\"francesca\">\n\t<meta name=\"twitter:label2\" content=\"Tempo di lettura stimato\">\n\t<meta name=\"twitter:data2\" content=\"0 minuti\">\n<script type=\"application\/ld+json\" class=\"yoast-schema-graph\">{\"@context\":\"https:\/\/schema.org\",\"@graph\":[{\"@type\":\"WebSite\",\"@id\":\"https:\/\/www.pescafish.it\/new\/#website\",\"url\":\"https:\/\/www.pescafish.it\/new\/\",\"name\":\"Pesca Fish\",\"description\":\"Benvenuti sul nostro sito!\",\"potentialAction\":[{\"@type\":\"SearchAction\",\"target\":\"https:\/\/www.pescafish.it\/new\/?s={search_term_string}\",\"query-input\":\"required name=search_term_string\"}],\"inLanguage\":\"it-IT\"},{\"@type\":\"ImageObject\",\"@id\":\"https:\/\/www.pescafish.it\/new\/prodotto\/rod-safe-multi-preston-innovations\/#primaryimage\",\"inLanguage\":\"it-IT\",\"url\":\"https:\/\/www.pescafish.it\/new\/wp-content\/uploads\/2021\/02\/rod-safe-multi.jpg\",\"width\":888,\"height\":852,\"caption\":\"rod safe multi preston innovations\"},{\"@type\":\"WebPage\",\"@id\":\"https:\/\/www.pescafish.it\/new\/prodotto\/rod-safe-multi-preston-innovations\/#webpage\",\"url\":\"https:\/\/www.pescafish.it\/new\/prodotto\/rod-safe-multi-preston-innovations\/\",\"name\":\"Rod Safe Multi - Preston Innovations - Pesca Fish\",\"isPartOf\":{\"@id\":\"https:\/\/www.pescafish.it\/new\/#website\"},\"primaryImageOfPage\":{\"@id\":\"https:\/\/www.pescafish.it\/new\/prodotto\/rod-safe-multi-preston-innovations\/#primaryimage\"},\"datePublished\":\"2021-02-04T08:24:45+00:00\",\"dateModified\":\"2025-01-11T05:52:53+00:00\",\"inLanguage\":\"it-IT\",\"potentialAction\":[{\"@type\":\"ReadAction\",\"target\":[\"https:\/\/www.pescafish.it\/new\/prodotto\/rod-safe-multi-preston-innovations\/\"]}]}]}<\/script>\n<!-- \/ Yoast SEO plugin. -->","_links":{"self":[{"href":"https:\/\/www.pescafish.it\/new\/wp-json\/wp\/v2\/product\/66030"}],"collection":[{"href":"https:\/\/www.pescafish.it\/new\/wp-json\/wp\/v2\/product"}],"about":[{"href":"https:\/\/www.pescafish.it\/new\/wp-json\/wp\/v2\/types\/product"}],"replies":[{"embeddable":true,"href":"https:\/\/www.pescafish.it\/new\/wp-json\/wp\/v2\/comments?post=66030"}],"wp:featuredmedia":[{"embeddable":true,"href":"https:\/\/www.pescafish.it\/new\/wp-json\/wp\/v2\/media\/66031"}],"wp:attachment":[{"href":"https:\/\/www.pescafish.it\/new\/wp-json\/wp\/v2\/media?parent=66030"}],"wp:term":[{"taxonomy":"product_cat","embeddable":true,"href":"https:\/\/www.pescafish.it\/new\/wp-json\/wp\/v2\/product_cat?post=66030"},{"taxonomy":"product_tag","embeddable":true,"href":"https:\/\/www.pescafish.it\/new\/wp-json\/wp\/v2\/product_tag?post=66030"}],"curies":[{"name":"wp","href":"https:\/\/api.w.org\/{rel}","templated":true}]}}