{"id":66024,"date":"2021-02-04T08:57:33","date_gmt":"2021-02-04T07:57:33","guid":{"rendered":"https:\/\/www.pescafish.it\/new\/?post_type=product&#038;p=66024"},"modified":"2025-04-23T19:18:56","modified_gmt":"2025-04-23T17:18:56","slug":"canna-ignition-carp-feeder-preston-innovations","status":"publish","type":"product","link":"https:\/\/www.pescafish.it\/new\/prodotto\/canna-ignition-carp-feeder-preston-innovations\/","title":{"rendered":"Canna Ignition Carp Feeder &#8211; Preston Innovations"},"content":{"rendered":"<p>Serie di canne ideali per qualsiasi tipo di pesca sia in acque commerciali che naturali. Azione progressiva senza soluzione di continuit\u00e0 e componentistica di alta qualit\u00e0 donano a queste canne un rapporto qualit\u00e0 prezzo imbattibile.<\/p>\n<p><strong>11ft Carp Feeder<\/strong><br \/>\nLa tuttofare per eccellenza adatta sia per skimmer e breme che per carpe. Dotata di un azione progressiva morbida e di calcio potente \u00e8 adatta anche alla cattura di carpe di grandi dimensioni. Perfetta per distanze fino a circa 50 m.<\/p>\n<p><strong>Fornite con n\u00b01 cimino da 1oz e n\u00b01 cimino da 2oz<\/strong><\/p>\n<p><strong>Disponibile nei seguenti modelli:<\/strong><\/p>\n<table style=\"width: 100%; border-collapse: collapse; border-color: #000000;\" border=\"2\">\n<tbody>\n<tr>\n<td style=\"width: 12.5%;\"><strong>Modello<\/strong><\/td>\n<td style=\"width: 12.5%; text-align: center;\"><strong>Lunghezza<\/strong><\/td>\n<td style=\"width: 12.5%; text-align: center;\"><strong>Potenza<\/strong><\/td>\n<td style=\"width: 12.5%; text-align: center;\"><strong>Ingombro<\/strong><\/td>\n<td style=\"width: 12.5%; text-align: center;\"><strong>Peso<\/strong><\/td>\n<td style=\"width: 12.5%; text-align: center;\"><strong>Calcio<\/strong><\/td>\n<td style=\"width: 12.5%; text-align: center;\"><strong>Line Rating<\/strong><\/td>\n<td style=\"width: 12.5%; text-align: center;\"><strong>N\u00b0 sezioni<\/strong><\/td>\n<\/tr>\n<tr>\n<td style=\"width: 12.5%;\"><strong>P0080026<\/strong><\/td>\n<td style=\"width: 12.5%; text-align: center;\">11ft &#8211; 3,35m<\/td>\n<td style=\"width: 12.5%; text-align: center;\">50g<\/td>\n<td style=\"width: 12.5%; text-align: center;\">170cm<\/td>\n<td style=\"width: 12.5%; text-align: center;\">192g<\/td>\n<td style=\"width: 12.5%; text-align: center;\">57cm<\/td>\n<td style=\"width: 12.5%; text-align: center;\">4-10lb<\/td>\n<td style=\"width: 12.5%; text-align: center;\">2 + 2 tip<\/td>\n<\/tr>\n<\/tbody>\n<\/table>\n","protected":false},"excerpt":{"rendered":"<p>Serie di canne ideali per qualsiasi tipo di pesca sia in acque commerciali che naturali. Azione progressiva senza soluzione di continuit\u00e0 e componentistica di alta qualit\u00e0 donano a queste canne un rapporto qualit\u00e0 prezzo imbattibile. 11ft Carp Feeder La tuttofare per eccellenza adatta sia per skimmer e breme che per carpe. Dotata di un azione [&hellip;]<\/p>\n","protected":false},"featured_media":66025,"comment_status":"closed","ping_status":"closed","template":"","meta":[],"product_cat":[317],"product_tag":[1020],"yoast_head":"<!-- This site is optimized with the Yoast SEO plugin v15.3 - https:\/\/yoast.com\/wordpress\/plugins\/seo\/ -->\n<title>Canna Ignition Carp Feeder - Preston Innovations - Pesca Fish<\/title>\n<meta name=\"robots\" content=\"index, follow, max-snippet:-1, max-image-preview:large, max-video-preview:-1\" \/>\n<link rel=\"canonical\" href=\"https:\/\/www.pescafish.it\/new\/prodotto\/canna-ignition-carp-feeder-preston-innovations\/\" \/>\n<meta property=\"og:locale\" content=\"it_IT\" \/>\n<meta property=\"og:type\" content=\"article\" \/>\n<meta property=\"og:title\" content=\"Canna Ignition Carp Feeder - Preston Innovations - Pesca Fish\" \/>\n<meta property=\"og:description\" content=\"Serie di canne ideali per qualsiasi tipo di pesca sia in acque commerciali che naturali. Azione progressiva senza soluzione di continuit\u00e0 e componentistica di alta qualit\u00e0 donano a queste canne un rapporto qualit\u00e0 prezzo imbattibile. 11ft Carp Feeder La tuttofare per eccellenza adatta sia per skimmer e breme che per carpe. Dotata di un azione [&hellip;]\" \/>\n<meta property=\"og:url\" content=\"https:\/\/www.pescafish.it\/new\/prodotto\/canna-ignition-carp-feeder-preston-innovations\/\" \/>\n<meta property=\"og:site_name\" content=\"Pesca Fish\" \/>\n<meta property=\"article:publisher\" content=\"https:\/\/www.facebook.com\/pescafishvr\/\" \/>\n<meta property=\"article:modified_time\" content=\"2025-04-23T17:18:56+00:00\" \/>\n<meta property=\"og:image\" content=\"https:\/\/www.pescafish.it\/new\/wp-content\/uploads\/2021\/02\/IGNITION-CARP-FEEDER_2.jpg\" \/>\n\t<meta property=\"og:image:width\" content=\"1000\" \/>\n\t<meta property=\"og:image:height\" content=\"667\" \/>\n<meta name=\"twitter:card\" content=\"summary_large_image\" \/>\n<meta name=\"twitter:label1\" content=\"Scritto da\">\n\t<meta name=\"twitter:data1\" content=\"francesca\">\n\t<meta name=\"twitter:label2\" content=\"Tempo di lettura stimato\">\n\t<meta name=\"twitter:data2\" content=\"0 minuti\">\n<script type=\"application\/ld+json\" class=\"yoast-schema-graph\">{\"@context\":\"https:\/\/schema.org\",\"@graph\":[{\"@type\":\"WebSite\",\"@id\":\"https:\/\/www.pescafish.it\/new\/#website\",\"url\":\"https:\/\/www.pescafish.it\/new\/\",\"name\":\"Pesca Fish\",\"description\":\"Benvenuti sul nostro sito!\",\"potentialAction\":[{\"@type\":\"SearchAction\",\"target\":\"https:\/\/www.pescafish.it\/new\/?s={search_term_string}\",\"query-input\":\"required name=search_term_string\"}],\"inLanguage\":\"it-IT\"},{\"@type\":\"ImageObject\",\"@id\":\"https:\/\/www.pescafish.it\/new\/prodotto\/canna-ignition-carp-feeder-preston-innovations\/#primaryimage\",\"inLanguage\":\"it-IT\",\"url\":\"https:\/\/www.pescafish.it\/new\/wp-content\/uploads\/2021\/02\/IGNITION-CARP-FEEDER_2.jpg\",\"width\":1000,\"height\":667,\"caption\":\"ignition carp feeder preston innovations\"},{\"@type\":\"WebPage\",\"@id\":\"https:\/\/www.pescafish.it\/new\/prodotto\/canna-ignition-carp-feeder-preston-innovations\/#webpage\",\"url\":\"https:\/\/www.pescafish.it\/new\/prodotto\/canna-ignition-carp-feeder-preston-innovations\/\",\"name\":\"Canna Ignition Carp Feeder - Preston Innovations - Pesca Fish\",\"isPartOf\":{\"@id\":\"https:\/\/www.pescafish.it\/new\/#website\"},\"primaryImageOfPage\":{\"@id\":\"https:\/\/www.pescafish.it\/new\/prodotto\/canna-ignition-carp-feeder-preston-innovations\/#primaryimage\"},\"datePublished\":\"2021-02-04T07:57:33+00:00\",\"dateModified\":\"2025-04-23T17:18:56+00:00\",\"inLanguage\":\"it-IT\",\"potentialAction\":[{\"@type\":\"ReadAction\",\"target\":[\"https:\/\/www.pescafish.it\/new\/prodotto\/canna-ignition-carp-feeder-preston-innovations\/\"]}]}]}<\/script>\n<!-- \/ Yoast SEO plugin. -->","_links":{"self":[{"href":"https:\/\/www.pescafish.it\/new\/wp-json\/wp\/v2\/product\/66024"}],"collection":[{"href":"https:\/\/www.pescafish.it\/new\/wp-json\/wp\/v2\/product"}],"about":[{"href":"https:\/\/www.pescafish.it\/new\/wp-json\/wp\/v2\/types\/product"}],"replies":[{"embeddable":true,"href":"https:\/\/www.pescafish.it\/new\/wp-json\/wp\/v2\/comments?post=66024"}],"wp:featuredmedia":[{"embeddable":true,"href":"https:\/\/www.pescafish.it\/new\/wp-json\/wp\/v2\/media\/66025"}],"wp:attachment":[{"href":"https:\/\/www.pescafish.it\/new\/wp-json\/wp\/v2\/media?parent=66024"}],"wp:term":[{"taxonomy":"product_cat","embeddable":true,"href":"https:\/\/www.pescafish.it\/new\/wp-json\/wp\/v2\/product_cat?post=66024"},{"taxonomy":"product_tag","embeddable":true,"href":"https:\/\/www.pescafish.it\/new\/wp-json\/wp\/v2\/product_tag?post=66024"}],"curies":[{"name":"wp","href":"https:\/\/api.w.org\/{rel}","templated":true}]}}