{"id":65713,"date":"2021-01-23T11:15:41","date_gmt":"2021-01-23T10:15:41","guid":{"rendered":"https:\/\/www.pescafish.it\/new\/?post_type=product&#038;p=65713"},"modified":"2021-01-23T11:15:41","modified_gmt":"2021-01-23T10:15:41","slug":"shad-dancer-sdd04-rapala","status":"publish","type":"product","link":"https:\/\/www.pescafish.it\/new\/prodotto\/shad-dancer-sdd04-rapala\/","title":{"rendered":"Shad Dancer SDD04 &#8211; Rapala"},"content":{"rendered":"<p>Questa esca in balsa combina la forte azione del Rapala Tail Dancer con un profilo Shad. Un esca molto pi\u00f9 corta con un nuoto silenzioso. Un azione di coda accentuata e aggressiva. Progettato per sondare le poste pi\u00f9 profonde, sia a lancio che a traina.<\/p>\n<p><strong>Lunghezza:<\/strong> 4cm<br \/>\n<strong>Peso:<\/strong> 5gr<br \/>\n<strong>Azione:<\/strong> Floating<br \/>\n<strong>Profondit\u00e0 di nuoto:<\/strong> 2,1 &#8211; 3 m<\/p>\n<p><strong>Disponibile nelle seguenti colorazioni:<\/strong><br \/>\n<strong>RA5821028<\/strong>\u00a0 HLWM<br \/>\n<strong>RA5821029\u00a0<\/strong> PEML<br \/>\n<strong>RA5821030\u00a0<\/strong> ROML<\/p>\n","protected":false},"excerpt":{"rendered":"<p>Questa esca in balsa combina la forte azione del Rapala Tail Dancer con un profilo Shad. Un esca molto pi\u00f9 corta con un nuoto silenzioso. Un azione di coda accentuata e aggressiva. Progettato per sondare le poste pi\u00f9 profonde, sia a lancio che a traina. Lunghezza: 4cm Peso: 5gr Azione: Floating Profondit\u00e0 di nuoto: 2,1 [&hellip;]<\/p>\n","protected":false},"featured_media":65714,"comment_status":"closed","ping_status":"closed","template":"","meta":[],"product_cat":[625],"product_tag":[1113],"yoast_head":"<!-- This site is optimized with the Yoast SEO plugin v15.3 - https:\/\/yoast.com\/wordpress\/plugins\/seo\/ -->\n<title>Shad Dancer SDD04 - Rapala - Pesca Fish<\/title>\n<meta name=\"robots\" content=\"index, follow, max-snippet:-1, max-image-preview:large, max-video-preview:-1\" \/>\n<link rel=\"canonical\" href=\"https:\/\/www.pescafish.it\/new\/prodotto\/shad-dancer-sdd04-rapala\/\" \/>\n<meta property=\"og:locale\" content=\"it_IT\" \/>\n<meta property=\"og:type\" content=\"article\" \/>\n<meta property=\"og:title\" content=\"Shad Dancer SDD04 - Rapala - Pesca Fish\" \/>\n<meta property=\"og:description\" content=\"Questa esca in balsa combina la forte azione del Rapala Tail Dancer con un profilo Shad. Un esca molto pi\u00f9 corta con un nuoto silenzioso. Un azione di coda accentuata e aggressiva. Progettato per sondare le poste pi\u00f9 profonde, sia a lancio che a traina. Lunghezza: 4cm Peso: 5gr Azione: Floating Profondit\u00e0 di nuoto: 2,1 [&hellip;]\" \/>\n<meta property=\"og:url\" content=\"https:\/\/www.pescafish.it\/new\/prodotto\/shad-dancer-sdd04-rapala\/\" \/>\n<meta property=\"og:site_name\" content=\"Pesca Fish\" \/>\n<meta property=\"article:publisher\" content=\"https:\/\/www.facebook.com\/pescafishvr\/\" \/>\n<meta property=\"og:image\" content=\"https:\/\/www.pescafish.it\/new\/wp-content\/uploads\/2021\/01\/SHAD-DANCER_SDD04_ROML.jpg\" \/>\n\t<meta property=\"og:image:width\" content=\"1000\" \/>\n\t<meta property=\"og:image:height\" content=\"915\" \/>\n<meta name=\"twitter:card\" content=\"summary_large_image\" \/>\n<meta name=\"twitter:label1\" content=\"Scritto da\">\n\t<meta name=\"twitter:data1\" content=\"francesca\">\n\t<meta name=\"twitter:label2\" content=\"Tempo di lettura stimato\">\n\t<meta name=\"twitter:data2\" content=\"0 minuti\">\n<script type=\"application\/ld+json\" class=\"yoast-schema-graph\">{\"@context\":\"https:\/\/schema.org\",\"@graph\":[{\"@type\":\"WebSite\",\"@id\":\"https:\/\/www.pescafish.it\/new\/#website\",\"url\":\"https:\/\/www.pescafish.it\/new\/\",\"name\":\"Pesca Fish\",\"description\":\"Benvenuti sul nostro sito!\",\"potentialAction\":[{\"@type\":\"SearchAction\",\"target\":\"https:\/\/www.pescafish.it\/new\/?s={search_term_string}\",\"query-input\":\"required name=search_term_string\"}],\"inLanguage\":\"it-IT\"},{\"@type\":\"ImageObject\",\"@id\":\"https:\/\/www.pescafish.it\/new\/prodotto\/shad-dancer-sdd04-rapala\/#primaryimage\",\"inLanguage\":\"it-IT\",\"url\":\"https:\/\/www.pescafish.it\/new\/wp-content\/uploads\/2021\/01\/SHAD-DANCER_SDD04_ROML.jpg\",\"width\":1000,\"height\":915,\"caption\":\"shad dancer rapala\"},{\"@type\":\"WebPage\",\"@id\":\"https:\/\/www.pescafish.it\/new\/prodotto\/shad-dancer-sdd04-rapala\/#webpage\",\"url\":\"https:\/\/www.pescafish.it\/new\/prodotto\/shad-dancer-sdd04-rapala\/\",\"name\":\"Shad Dancer SDD04 - Rapala - Pesca Fish\",\"isPartOf\":{\"@id\":\"https:\/\/www.pescafish.it\/new\/#website\"},\"primaryImageOfPage\":{\"@id\":\"https:\/\/www.pescafish.it\/new\/prodotto\/shad-dancer-sdd04-rapala\/#primaryimage\"},\"datePublished\":\"2021-01-23T10:15:41+00:00\",\"dateModified\":\"2021-01-23T10:15:41+00:00\",\"inLanguage\":\"it-IT\",\"potentialAction\":[{\"@type\":\"ReadAction\",\"target\":[\"https:\/\/www.pescafish.it\/new\/prodotto\/shad-dancer-sdd04-rapala\/\"]}]}]}<\/script>\n<!-- \/ Yoast SEO plugin. -->","_links":{"self":[{"href":"https:\/\/www.pescafish.it\/new\/wp-json\/wp\/v2\/product\/65713"}],"collection":[{"href":"https:\/\/www.pescafish.it\/new\/wp-json\/wp\/v2\/product"}],"about":[{"href":"https:\/\/www.pescafish.it\/new\/wp-json\/wp\/v2\/types\/product"}],"replies":[{"embeddable":true,"href":"https:\/\/www.pescafish.it\/new\/wp-json\/wp\/v2\/comments?post=65713"}],"wp:featuredmedia":[{"embeddable":true,"href":"https:\/\/www.pescafish.it\/new\/wp-json\/wp\/v2\/media\/65714"}],"wp:attachment":[{"href":"https:\/\/www.pescafish.it\/new\/wp-json\/wp\/v2\/media?parent=65713"}],"wp:term":[{"taxonomy":"product_cat","embeddable":true,"href":"https:\/\/www.pescafish.it\/new\/wp-json\/wp\/v2\/product_cat?post=65713"},{"taxonomy":"product_tag","embeddable":true,"href":"https:\/\/www.pescafish.it\/new\/wp-json\/wp\/v2\/product_tag?post=65713"}],"curies":[{"name":"wp","href":"https:\/\/api.w.org\/{rel}","templated":true}]}}