{"id":65585,"date":"2021-01-22T17:09:16","date_gmt":"2021-01-22T16:09:16","guid":{"rendered":"https:\/\/www.pescafish.it\/new\/?post_type=product&#038;p=65585"},"modified":"2021-03-26T14:51:52","modified_gmt":"2021-03-26T13:51:52","slug":"nitelite-indicator-set-iii-delkim","status":"publish","type":"product","link":"https:\/\/www.pescafish.it\/new\/prodotto\/nitelite-indicator-set-iii-delkim\/","title":{"rendered":"NiteLite Indicator Set III &#8211; Delkim"},"content":{"rendered":"<h2>NiteLite Indicator Set III<\/h2>\n<p>Il set di indicazioni NiteLite comprende: il gancio luminoso NiteLite v.3, lo stabilizzatore di carbonio SlimCarb e i pesi di trascinamento &#8220;C-Slot&#8221;. Un&#8217;evoluzione del NiteLite Pro e del set di indicazioni SlimLite, che offre all&#8217;utente la possibilit\u00e0 di aggiungere pesi pi\u00f9 pesanti rispetto a SlimLite per far fronte a una pi\u00f9 ampia gamma di condizioni. Il NiteLite v.2 \u00e8 un gancio illuminante completo, clip per filo e attacco per allarme morso tutto in uno. Funziona proprio come una catena con l&#8217;esclusivo cavo CatFlex &#x2122; 2 brevettato che offre una buona resistenza alla trazione e consente di proteggere i fili sottili necessari per il collegamento al segnalatore di abboccata e di avvolgerli in una bobina sottile e flessibile in acciaio inossidabile nero. Replica tutte le funzioni LED degli allarmi Delkim, blocco lampeggiante, regolazione della luminosit\u00e0 e Night Marking SENZA BATTERIE AGGIUNTIVE. Ha anche una clip a linea magnetica integrata autoregolante brevettata che rende ridondanti i tipi regolabili vecchio stile. Il gancio illuminante NiteLite v.3 pu\u00f2 essere utilizzato completamente appeso liberamente, ma quando \u00e8 collegato all&#8217;esclusivo stabilizzatore di carbonio SlimCarb Tilt &#8216;N&#8217; Slide, ne consente l&#8217;uso in una gamma molto pi\u00f9 ampia di condizioni, inclusi venti forti.<\/p>\n<p><strong>Disponibile nelle seguenti colorazioni:<\/strong><\/p>\n<p>DP106\u00a0 Red (Rosso)<strong><br \/>\nDP107\u00a0 <\/strong>Green (Verde)<br \/>\n<strong>DP108\u00a0 <\/strong>Yellow (Giallo)<strong><br \/>\nDP109\u00a0 <\/strong>Blue (Blu)<strong><br \/>\n<\/strong><strong>DP110 <\/strong>White (Bianco)<br \/>\n<strong>DP111\u00a0<\/strong> Purple (Viola)<\/p>\n","protected":false},"excerpt":{"rendered":"<p>NiteLite Indicator Set III Il set di indicazioni NiteLite comprende: il gancio luminoso NiteLite v.3, lo stabilizzatore di carbonio SlimCarb e i pesi di trascinamento &#8220;C-Slot&#8221;. Un&#8217;evoluzione del NiteLite Pro e del set di indicazioni SlimLite, che offre all&#8217;utente la possibilit\u00e0 di aggiungere pesi pi\u00f9 pesanti rispetto a SlimLite per far fronte a una pi\u00f9 [&hellip;]<\/p>\n","protected":false},"featured_media":65586,"comment_status":"closed","ping_status":"closed","template":"","meta":[],"product_cat":[471],"product_tag":[1098],"yoast_head":"<!-- This site is optimized with the Yoast SEO plugin v15.3 - https:\/\/yoast.com\/wordpress\/plugins\/seo\/ -->\n<title>NiteLite Indicator Set III - Delkim - Pesca Fish<\/title>\n<meta name=\"robots\" content=\"index, follow, max-snippet:-1, max-image-preview:large, max-video-preview:-1\" \/>\n<link rel=\"canonical\" href=\"https:\/\/www.pescafish.it\/new\/prodotto\/nitelite-indicator-set-iii-delkim\/\" \/>\n<meta property=\"og:locale\" content=\"it_IT\" \/>\n<meta property=\"og:type\" content=\"article\" \/>\n<meta property=\"og:title\" content=\"NiteLite Indicator Set III - Delkim - Pesca Fish\" \/>\n<meta property=\"og:description\" content=\"NiteLite Indicator Set III Il set di indicazioni NiteLite comprende: il gancio luminoso NiteLite v.3, lo stabilizzatore di carbonio SlimCarb e i pesi di trascinamento &#8220;C-Slot&#8221;. Un&#8217;evoluzione del NiteLite Pro e del set di indicazioni SlimLite, che offre all&#8217;utente la possibilit\u00e0 di aggiungere pesi pi\u00f9 pesanti rispetto a SlimLite per far fronte a una pi\u00f9 [&hellip;]\" \/>\n<meta property=\"og:url\" content=\"https:\/\/www.pescafish.it\/new\/prodotto\/nitelite-indicator-set-iii-delkim\/\" \/>\n<meta property=\"og:site_name\" content=\"Pesca Fish\" \/>\n<meta property=\"article:publisher\" content=\"https:\/\/www.facebook.com\/pescafishvr\/\" \/>\n<meta property=\"article:modified_time\" content=\"2021-03-26T13:51:52+00:00\" \/>\n<meta property=\"og:image\" content=\"https:\/\/www.pescafish.it\/new\/wp-content\/uploads\/2021\/01\/hanger-nitelite-indication-set-iii-violet-delkim.jpg\" \/>\n\t<meta property=\"og:image:width\" content=\"452\" \/>\n\t<meta property=\"og:image:height\" content=\"452\" \/>\n<meta name=\"twitter:card\" content=\"summary_large_image\" \/>\n<meta name=\"twitter:label1\" content=\"Scritto da\">\n\t<meta name=\"twitter:data1\" content=\"francesca\">\n\t<meta name=\"twitter:label2\" content=\"Tempo di lettura stimato\">\n\t<meta name=\"twitter:data2\" content=\"1 minuto\">\n<script type=\"application\/ld+json\" class=\"yoast-schema-graph\">{\"@context\":\"https:\/\/schema.org\",\"@graph\":[{\"@type\":\"WebSite\",\"@id\":\"https:\/\/www.pescafish.it\/new\/#website\",\"url\":\"https:\/\/www.pescafish.it\/new\/\",\"name\":\"Pesca Fish\",\"description\":\"Benvenuti sul nostro sito!\",\"potentialAction\":[{\"@type\":\"SearchAction\",\"target\":\"https:\/\/www.pescafish.it\/new\/?s={search_term_string}\",\"query-input\":\"required name=search_term_string\"}],\"inLanguage\":\"it-IT\"},{\"@type\":\"ImageObject\",\"@id\":\"https:\/\/www.pescafish.it\/new\/prodotto\/nitelite-indicator-set-iii-delkim\/#primaryimage\",\"inLanguage\":\"it-IT\",\"url\":\"https:\/\/www.pescafish.it\/new\/wp-content\/uploads\/2021\/01\/hanger-nitelite-indication-set-iii-violet-delkim.jpg\",\"width\":452,\"height\":452,\"caption\":\"Delkim\"},{\"@type\":\"WebPage\",\"@id\":\"https:\/\/www.pescafish.it\/new\/prodotto\/nitelite-indicator-set-iii-delkim\/#webpage\",\"url\":\"https:\/\/www.pescafish.it\/new\/prodotto\/nitelite-indicator-set-iii-delkim\/\",\"name\":\"NiteLite Indicator Set III - Delkim - Pesca Fish\",\"isPartOf\":{\"@id\":\"https:\/\/www.pescafish.it\/new\/#website\"},\"primaryImageOfPage\":{\"@id\":\"https:\/\/www.pescafish.it\/new\/prodotto\/nitelite-indicator-set-iii-delkim\/#primaryimage\"},\"datePublished\":\"2021-01-22T16:09:16+00:00\",\"dateModified\":\"2021-03-26T13:51:52+00:00\",\"inLanguage\":\"it-IT\",\"potentialAction\":[{\"@type\":\"ReadAction\",\"target\":[\"https:\/\/www.pescafish.it\/new\/prodotto\/nitelite-indicator-set-iii-delkim\/\"]}]}]}<\/script>\n<!-- \/ Yoast SEO plugin. -->","_links":{"self":[{"href":"https:\/\/www.pescafish.it\/new\/wp-json\/wp\/v2\/product\/65585"}],"collection":[{"href":"https:\/\/www.pescafish.it\/new\/wp-json\/wp\/v2\/product"}],"about":[{"href":"https:\/\/www.pescafish.it\/new\/wp-json\/wp\/v2\/types\/product"}],"replies":[{"embeddable":true,"href":"https:\/\/www.pescafish.it\/new\/wp-json\/wp\/v2\/comments?post=65585"}],"wp:featuredmedia":[{"embeddable":true,"href":"https:\/\/www.pescafish.it\/new\/wp-json\/wp\/v2\/media\/65586"}],"wp:attachment":[{"href":"https:\/\/www.pescafish.it\/new\/wp-json\/wp\/v2\/media?parent=65585"}],"wp:term":[{"taxonomy":"product_cat","embeddable":true,"href":"https:\/\/www.pescafish.it\/new\/wp-json\/wp\/v2\/product_cat?post=65585"},{"taxonomy":"product_tag","embeddable":true,"href":"https:\/\/www.pescafish.it\/new\/wp-json\/wp\/v2\/product_tag?post=65585"}],"curies":[{"name":"wp","href":"https:\/\/api.w.org\/{rel}","templated":true}]}}