{"id":65497,"date":"2021-01-21T09:28:05","date_gmt":"2021-01-21T08:28:05","guid":{"rendered":"https:\/\/www.pescafish.it\/new\/?post_type=product&#038;p=65497"},"modified":"2024-03-01T17:12:04","modified_gmt":"2024-03-01T16:12:04","slug":"capacity-tackle-box-loaded-nash","status":"publish","type":"product","link":"https:\/\/www.pescafish.it\/new\/prodotto\/capacity-tackle-box-loaded-nash\/","title":{"rendered":"Capacity Tackle Box Loaded &#8211; Nash"},"content":{"rendered":"<h2>Capacity Tackle Box Loaded<\/h2>\n<p>Scatole porta minuterie di alta qualit\u00e0, gi\u00e0 complete! Ideali per tutte le esigenze di conservazione di attrezzature e minuterie, dai pi\u00f9 piccoli articoli, agli aghi e fino a contenere tutti gli altri strumenti.<\/p>\n<p><strong>Caratteristiche:<\/strong><\/p>\n<p><b>Medium Tackle Box Loaded:<\/b><\/p>\n<p>\u2022 Medium Box<br \/>\n\u2022 6 divisori piccoli<br \/>\n\u2022 Slim Box 8<br \/>\n\u2022 Shallow Box 6<br \/>\n\u2022 Shallow Box 2<br \/>\n\u2022 4 x Linkers<\/p>\n<p><b>Large Tackle Box Loaded:<\/b><\/p>\n<p>\u2022 Large Box<br \/>\n\u2022 10 divisori piccoli<br \/>\n\u2022 Slim Box 8<br \/>\n\u2022 Shallow Box 6<br \/>\n\u2022 Shallow Box 2<br \/>\n\u2022 Hook Box small<br \/>\n\u2022 Needle Box<br \/>\n\u2022 6 x Linkers<\/p>\n<p><strong>Disponibile nelle seguenti varianti:<\/strong><br \/>\n<strong>KNT0273<\/strong>\u00a0 Medium<br \/>\n<strong>KNT0274<\/strong>\u00a0 Large<\/p>\n","protected":false},"excerpt":{"rendered":"<p>Capacity Tackle Box Loaded Scatole porta minuterie di alta qualit\u00e0, gi\u00e0 complete! Ideali per tutte le esigenze di conservazione di attrezzature e minuterie, dai pi\u00f9 piccoli articoli, agli aghi e fino a contenere tutti gli altri strumenti. Caratteristiche: Medium Tackle Box Loaded: \u2022 Medium Box \u2022 6 divisori piccoli \u2022 Slim Box 8 \u2022 Shallow [&hellip;]<\/p>\n","protected":false},"featured_media":65498,"comment_status":"closed","ping_status":"closed","template":"","meta":[],"product_cat":[877],"product_tag":[1024],"yoast_head":"<!-- This site is optimized with the Yoast SEO plugin v15.3 - https:\/\/yoast.com\/wordpress\/plugins\/seo\/ -->\n<title>Capacity Tackle Box Loaded - Nash - Pesca Fish<\/title>\n<meta name=\"robots\" content=\"index, follow, max-snippet:-1, max-image-preview:large, max-video-preview:-1\" \/>\n<link rel=\"canonical\" href=\"https:\/\/www.pescafish.it\/new\/prodotto\/capacity-tackle-box-loaded-nash\/\" \/>\n<meta property=\"og:locale\" content=\"it_IT\" \/>\n<meta property=\"og:type\" content=\"article\" \/>\n<meta property=\"og:title\" content=\"Capacity Tackle Box Loaded - Nash - Pesca Fish\" \/>\n<meta property=\"og:description\" content=\"Capacity Tackle Box Loaded Scatole porta minuterie di alta qualit\u00e0, gi\u00e0 complete! Ideali per tutte le esigenze di conservazione di attrezzature e minuterie, dai pi\u00f9 piccoli articoli, agli aghi e fino a contenere tutti gli altri strumenti. Caratteristiche: Medium Tackle Box Loaded: \u2022 Medium Box \u2022 6 divisori piccoli \u2022 Slim Box 8 \u2022 Shallow [&hellip;]\" \/>\n<meta property=\"og:url\" content=\"https:\/\/www.pescafish.it\/new\/prodotto\/capacity-tackle-box-loaded-nash\/\" \/>\n<meta property=\"og:site_name\" content=\"Pesca Fish\" \/>\n<meta property=\"article:publisher\" content=\"https:\/\/www.facebook.com\/pescafishvr\/\" \/>\n<meta property=\"article:modified_time\" content=\"2024-03-01T16:12:04+00:00\" \/>\n<meta property=\"og:image\" content=\"https:\/\/www.pescafish.it\/new\/wp-content\/uploads\/2021\/01\/t0274.jpg\" \/>\n\t<meta property=\"og:image:width\" content=\"800\" \/>\n\t<meta property=\"og:image:height\" content=\"533\" \/>\n<meta name=\"twitter:card\" content=\"summary_large_image\" \/>\n<meta name=\"twitter:label1\" content=\"Scritto da\">\n\t<meta name=\"twitter:data1\" content=\"francesca\">\n\t<meta name=\"twitter:label2\" content=\"Tempo di lettura stimato\">\n\t<meta name=\"twitter:data2\" content=\"0 minuti\">\n<script type=\"application\/ld+json\" class=\"yoast-schema-graph\">{\"@context\":\"https:\/\/schema.org\",\"@graph\":[{\"@type\":\"WebSite\",\"@id\":\"https:\/\/www.pescafish.it\/new\/#website\",\"url\":\"https:\/\/www.pescafish.it\/new\/\",\"name\":\"Pesca Fish\",\"description\":\"Benvenuti sul nostro sito!\",\"potentialAction\":[{\"@type\":\"SearchAction\",\"target\":\"https:\/\/www.pescafish.it\/new\/?s={search_term_string}\",\"query-input\":\"required name=search_term_string\"}],\"inLanguage\":\"it-IT\"},{\"@type\":\"ImageObject\",\"@id\":\"https:\/\/www.pescafish.it\/new\/prodotto\/capacity-tackle-box-loaded-nash\/#primaryimage\",\"inLanguage\":\"it-IT\",\"url\":\"https:\/\/www.pescafish.it\/new\/wp-content\/uploads\/2021\/01\/t0274.jpg\",\"width\":800,\"height\":533,\"caption\":\"Nash\"},{\"@type\":\"WebPage\",\"@id\":\"https:\/\/www.pescafish.it\/new\/prodotto\/capacity-tackle-box-loaded-nash\/#webpage\",\"url\":\"https:\/\/www.pescafish.it\/new\/prodotto\/capacity-tackle-box-loaded-nash\/\",\"name\":\"Capacity Tackle Box Loaded - Nash - Pesca Fish\",\"isPartOf\":{\"@id\":\"https:\/\/www.pescafish.it\/new\/#website\"},\"primaryImageOfPage\":{\"@id\":\"https:\/\/www.pescafish.it\/new\/prodotto\/capacity-tackle-box-loaded-nash\/#primaryimage\"},\"datePublished\":\"2021-01-21T08:28:05+00:00\",\"dateModified\":\"2024-03-01T16:12:04+00:00\",\"inLanguage\":\"it-IT\",\"potentialAction\":[{\"@type\":\"ReadAction\",\"target\":[\"https:\/\/www.pescafish.it\/new\/prodotto\/capacity-tackle-box-loaded-nash\/\"]}]}]}<\/script>\n<!-- \/ Yoast SEO plugin. -->","_links":{"self":[{"href":"https:\/\/www.pescafish.it\/new\/wp-json\/wp\/v2\/product\/65497"}],"collection":[{"href":"https:\/\/www.pescafish.it\/new\/wp-json\/wp\/v2\/product"}],"about":[{"href":"https:\/\/www.pescafish.it\/new\/wp-json\/wp\/v2\/types\/product"}],"replies":[{"embeddable":true,"href":"https:\/\/www.pescafish.it\/new\/wp-json\/wp\/v2\/comments?post=65497"}],"wp:featuredmedia":[{"embeddable":true,"href":"https:\/\/www.pescafish.it\/new\/wp-json\/wp\/v2\/media\/65498"}],"wp:attachment":[{"href":"https:\/\/www.pescafish.it\/new\/wp-json\/wp\/v2\/media?parent=65497"}],"wp:term":[{"taxonomy":"product_cat","embeddable":true,"href":"https:\/\/www.pescafish.it\/new\/wp-json\/wp\/v2\/product_cat?post=65497"},{"taxonomy":"product_tag","embeddable":true,"href":"https:\/\/www.pescafish.it\/new\/wp-json\/wp\/v2\/product_tag?post=65497"}],"curies":[{"name":"wp","href":"https:\/\/api.w.org\/{rel}","templated":true}]}}