{"id":65449,"date":"2021-01-20T15:48:13","date_gmt":"2021-01-20T14:48:13","guid":{"rendered":"https:\/\/www.pescafish.it\/new\/?post_type=product&#038;p=65449"},"modified":"2022-09-01T16:24:37","modified_gmt":"2022-09-01T14:24:37","slug":"inception-station-white-edition-preston-innovations","status":"publish","type":"product","link":"https:\/\/www.pescafish.it\/new\/prodotto\/inception-station-white-edition-preston-innovations\/","title":{"rendered":"Inception Station White Edition \u2013 Preston Innovations"},"content":{"rendered":"<p>Il nuovo Inception Station nasce dal successo delle versioni precedenti e vanta molte delle stesse caratteristiche come le clip Mag-Lok, pedana dotata di pistoni di bloccaggio e volantini soft touch. Costruita con una struttura super resistente ed elegante \u00e8 disponibile in bianco o in grafite, e fornisce un notevole spazio di stoccaggio. L&#8217;unit\u00e0 cassetto laterale \u00e8 caratterizzata da compartimenti profondi ideali per riporre gli accessori, mentre il cassetto laterale profondo, con divisori rimovibili pu\u00f2 essere utilizzato per scatole portafinali o avvolgilenza da roubasienne. C&#8217;\u00e8 anche un vassoio poco profondo, situato tra il monoblocco e la seduta, ideale per riporre piccoli oggetti. La cassettiera situata sotto il telaio, include un vassoio da 26 mm e un coperchio a cui \u00e8 possibile aggiungere unit\u00e0 extra, se necessario. Il panchetto viene fornito con sei gambe telescopiche per agevolarne il posizionamento in qualsiasi situazione.<\/p>\n<p>\u2022 Sedile imbottito<br \/>\n\u2022 N 2 unit\u00e0 cassetto Cassetto Mag-Lok<br \/>\n\u2022 Vassoio poco profondo da 26mm dotato di guide<br \/>\n\u2022 Coperchio<br \/>\n\u2022 N 6 Gambe telescopiche da 30 mm lunghe 50 cm<br \/>\n\u2022 Pedana con perni di bloccaggio<br \/>\n\u2022 Tracolla imbottita deluxe<br \/>\n\u2022 Peso: 16,22kg<\/p>\n","protected":false},"excerpt":{"rendered":"<p>Il nuovo Inception Station nasce dal successo delle versioni precedenti e vanta molte delle stesse caratteristiche come le clip Mag-Lok, pedana dotata di pistoni di bloccaggio e volantini soft touch. Costruita con una struttura super resistente ed elegante \u00e8 disponibile in bianco o in grafite, e fornisce un notevole spazio di stoccaggio. L&#8217;unit\u00e0 cassetto laterale [&hellip;]<\/p>\n","protected":false},"featured_media":65450,"comment_status":"closed","ping_status":"closed","template":"","meta":[],"product_cat":[189],"product_tag":[1020],"yoast_head":"<!-- This site is optimized with the Yoast SEO plugin v15.3 - https:\/\/yoast.com\/wordpress\/plugins\/seo\/ -->\n<title>Inception Station White Edition \u2013 Preston Innovations - Pesca Fish<\/title>\n<meta name=\"robots\" content=\"index, follow, max-snippet:-1, max-image-preview:large, max-video-preview:-1\" \/>\n<link rel=\"canonical\" href=\"https:\/\/www.pescafish.it\/new\/prodotto\/inception-station-white-edition-preston-innovations\/\" \/>\n<meta property=\"og:locale\" content=\"it_IT\" \/>\n<meta property=\"og:type\" content=\"article\" \/>\n<meta property=\"og:title\" content=\"Inception Station White Edition \u2013 Preston Innovations - Pesca Fish\" \/>\n<meta property=\"og:description\" content=\"Il nuovo Inception Station nasce dal successo delle versioni precedenti e vanta molte delle stesse caratteristiche come le clip Mag-Lok, pedana dotata di pistoni di bloccaggio e volantini soft touch. Costruita con una struttura super resistente ed elegante \u00e8 disponibile in bianco o in grafite, e fornisce un notevole spazio di stoccaggio. L&#8217;unit\u00e0 cassetto laterale [&hellip;]\" \/>\n<meta property=\"og:url\" content=\"https:\/\/www.pescafish.it\/new\/prodotto\/inception-station-white-edition-preston-innovations\/\" \/>\n<meta property=\"og:site_name\" content=\"Pesca Fish\" \/>\n<meta property=\"article:publisher\" content=\"https:\/\/www.facebook.com\/pescafishvr\/\" \/>\n<meta property=\"article:modified_time\" content=\"2022-09-01T14:24:37+00:00\" \/>\n<meta property=\"og:image\" content=\"https:\/\/www.pescafish.it\/new\/wp-content\/uploads\/2021\/01\/inception-station-white-edition-preston-innovation.jpg\" \/>\n\t<meta property=\"og:image:width\" content=\"1000\" \/>\n\t<meta property=\"og:image:height\" content=\"908\" \/>\n<meta name=\"twitter:card\" content=\"summary_large_image\" \/>\n<meta name=\"twitter:label1\" content=\"Scritto da\">\n\t<meta name=\"twitter:data1\" content=\"francesca\">\n\t<meta name=\"twitter:label2\" content=\"Tempo di lettura stimato\">\n\t<meta name=\"twitter:data2\" content=\"1 minuto\">\n<script type=\"application\/ld+json\" class=\"yoast-schema-graph\">{\"@context\":\"https:\/\/schema.org\",\"@graph\":[{\"@type\":\"WebSite\",\"@id\":\"https:\/\/www.pescafish.it\/new\/#website\",\"url\":\"https:\/\/www.pescafish.it\/new\/\",\"name\":\"Pesca Fish\",\"description\":\"Benvenuti sul nostro sito!\",\"potentialAction\":[{\"@type\":\"SearchAction\",\"target\":\"https:\/\/www.pescafish.it\/new\/?s={search_term_string}\",\"query-input\":\"required name=search_term_string\"}],\"inLanguage\":\"it-IT\"},{\"@type\":\"ImageObject\",\"@id\":\"https:\/\/www.pescafish.it\/new\/prodotto\/inception-station-white-edition-preston-innovations\/#primaryimage\",\"inLanguage\":\"it-IT\",\"url\":\"https:\/\/www.pescafish.it\/new\/wp-content\/uploads\/2021\/01\/inception-station-white-edition-preston-innovation.jpg\",\"width\":1000,\"height\":908,\"caption\":\"paniere inception station white preston innovations\"},{\"@type\":\"WebPage\",\"@id\":\"https:\/\/www.pescafish.it\/new\/prodotto\/inception-station-white-edition-preston-innovations\/#webpage\",\"url\":\"https:\/\/www.pescafish.it\/new\/prodotto\/inception-station-white-edition-preston-innovations\/\",\"name\":\"Inception Station White Edition \\u2013 Preston Innovations - Pesca Fish\",\"isPartOf\":{\"@id\":\"https:\/\/www.pescafish.it\/new\/#website\"},\"primaryImageOfPage\":{\"@id\":\"https:\/\/www.pescafish.it\/new\/prodotto\/inception-station-white-edition-preston-innovations\/#primaryimage\"},\"datePublished\":\"2021-01-20T14:48:13+00:00\",\"dateModified\":\"2022-09-01T14:24:37+00:00\",\"inLanguage\":\"it-IT\",\"potentialAction\":[{\"@type\":\"ReadAction\",\"target\":[\"https:\/\/www.pescafish.it\/new\/prodotto\/inception-station-white-edition-preston-innovations\/\"]}]}]}<\/script>\n<!-- \/ Yoast SEO plugin. -->","_links":{"self":[{"href":"https:\/\/www.pescafish.it\/new\/wp-json\/wp\/v2\/product\/65449"}],"collection":[{"href":"https:\/\/www.pescafish.it\/new\/wp-json\/wp\/v2\/product"}],"about":[{"href":"https:\/\/www.pescafish.it\/new\/wp-json\/wp\/v2\/types\/product"}],"replies":[{"embeddable":true,"href":"https:\/\/www.pescafish.it\/new\/wp-json\/wp\/v2\/comments?post=65449"}],"wp:featuredmedia":[{"embeddable":true,"href":"https:\/\/www.pescafish.it\/new\/wp-json\/wp\/v2\/media\/65450"}],"wp:attachment":[{"href":"https:\/\/www.pescafish.it\/new\/wp-json\/wp\/v2\/media?parent=65449"}],"wp:term":[{"taxonomy":"product_cat","embeddable":true,"href":"https:\/\/www.pescafish.it\/new\/wp-json\/wp\/v2\/product_cat?post=65449"},{"taxonomy":"product_tag","embeddable":true,"href":"https:\/\/www.pescafish.it\/new\/wp-json\/wp\/v2\/product_tag?post=65449"}],"curies":[{"name":"wp","href":"https:\/\/api.w.org\/{rel}","templated":true}]}}