{"id":65221,"date":"2021-01-16T19:18:11","date_gmt":"2021-01-16T18:18:11","guid":{"rendered":"https:\/\/www.pescafish.it\/new\/?post_type=product&#038;p=65221"},"modified":"2021-07-29T14:53:56","modified_gmt":"2021-07-29T12:53:56","slug":"distance-sticks-ptfe-hi-viz-heads-prologic","status":"publish","type":"product","link":"https:\/\/www.pescafish.it\/new\/prodotto\/distance-sticks-ptfe-hi-viz-heads-prologic\/","title":{"rendered":"Distance Sticks PTFE Hi-Viz Heads &#8211; Prologic"},"content":{"rendered":"<h2><strong>Distance Sticks PTFE Hi-Viz Heads<\/strong><\/h2>\n<p>Le teste in PTFE bianco brillante sono un&#8217;aggiunta fantastica e molto elegante ai nostri picchetti Distance -64131. Queste teste Hi-Viz svasate con taglio a macchina di precisione possono essere facilmente viste nei giorni pi\u00f9 scuri. Inoltre, c&#8217;\u00e8 una fessura per isotopo nascosta (non fornito) nascosta sotto il logo Carp. Quindi, anche nelle notti pi\u00f9 buie, puoi tranquillamente non perdere mai il segno<\/p>\n<p><strong>Caratteristiche:<\/strong><br \/>\n\u2022 PTFE tagliato a macchina di precisione<br \/>\n\u2022 Le teste svasate riducono lo scivolamento della linea<br \/>\n\u2022 Hi-Viz<br \/>\n\u2022 Slot per isotopo nascosto<\/p>\n","protected":false},"excerpt":{"rendered":"<p>Distance Sticks PTFE Hi-Viz Heads Le teste in PTFE bianco brillante sono un&#8217;aggiunta fantastica e molto elegante ai nostri picchetti Distance -64131. Queste teste Hi-Viz svasate con taglio a macchina di precisione possono essere facilmente viste nei giorni pi\u00f9 scuri. Inoltre, c&#8217;\u00e8 una fessura per isotopo nascosta (non fornito) nascosta sotto il logo Carp. Quindi, [&hellip;]<\/p>\n","protected":false},"featured_media":65222,"comment_status":"open","ping_status":"closed","template":"","meta":[],"product_cat":[122],"product_tag":[1040],"yoast_head":"<!-- This site is optimized with the Yoast SEO plugin v15.3 - https:\/\/yoast.com\/wordpress\/plugins\/seo\/ -->\n<title>Distance Sticks PTFE Hi-Viz Heads - Prologic - Pesca Fish<\/title>\n<meta name=\"robots\" content=\"index, follow, max-snippet:-1, max-image-preview:large, max-video-preview:-1\" \/>\n<link rel=\"canonical\" href=\"https:\/\/www.pescafish.it\/new\/prodotto\/distance-sticks-ptfe-hi-viz-heads-prologic\/\" \/>\n<meta property=\"og:locale\" content=\"it_IT\" \/>\n<meta property=\"og:type\" content=\"article\" \/>\n<meta property=\"og:title\" content=\"Distance Sticks PTFE Hi-Viz Heads - Prologic - Pesca Fish\" \/>\n<meta property=\"og:description\" content=\"Distance Sticks PTFE Hi-Viz Heads Le teste in PTFE bianco brillante sono un&#8217;aggiunta fantastica e molto elegante ai nostri picchetti Distance -64131. Queste teste Hi-Viz svasate con taglio a macchina di precisione possono essere facilmente viste nei giorni pi\u00f9 scuri. Inoltre, c&#8217;\u00e8 una fessura per isotopo nascosta (non fornito) nascosta sotto il logo Carp. Quindi, [&hellip;]\" \/>\n<meta property=\"og:url\" content=\"https:\/\/www.pescafish.it\/new\/prodotto\/distance-sticks-ptfe-hi-viz-heads-prologic\/\" \/>\n<meta property=\"og:site_name\" content=\"Pesca Fish\" \/>\n<meta property=\"article:publisher\" content=\"https:\/\/www.facebook.com\/pescafishvr\/\" \/>\n<meta property=\"article:modified_time\" content=\"2021-07-29T12:53:56+00:00\" \/>\n<meta property=\"og:image\" content=\"https:\/\/www.pescafish.it\/new\/wp-content\/uploads\/2021\/01\/64132_cut.jpg\" \/>\n\t<meta property=\"og:image:width\" content=\"900\" \/>\n\t<meta property=\"og:image:height\" content=\"900\" \/>\n<meta name=\"twitter:card\" content=\"summary_large_image\" \/>\n<meta name=\"twitter:label1\" content=\"Scritto da\">\n\t<meta name=\"twitter:data1\" content=\"francesca\">\n\t<meta name=\"twitter:label2\" content=\"Tempo di lettura stimato\">\n\t<meta name=\"twitter:data2\" content=\"0 minuti\">\n<script type=\"application\/ld+json\" class=\"yoast-schema-graph\">{\"@context\":\"https:\/\/schema.org\",\"@graph\":[{\"@type\":\"WebSite\",\"@id\":\"https:\/\/www.pescafish.it\/new\/#website\",\"url\":\"https:\/\/www.pescafish.it\/new\/\",\"name\":\"Pesca Fish\",\"description\":\"Benvenuti sul nostro sito!\",\"potentialAction\":[{\"@type\":\"SearchAction\",\"target\":\"https:\/\/www.pescafish.it\/new\/?s={search_term_string}\",\"query-input\":\"required name=search_term_string\"}],\"inLanguage\":\"it-IT\"},{\"@type\":\"ImageObject\",\"@id\":\"https:\/\/www.pescafish.it\/new\/prodotto\/distance-sticks-ptfe-hi-viz-heads-prologic\/#primaryimage\",\"inLanguage\":\"it-IT\",\"url\":\"https:\/\/www.pescafish.it\/new\/wp-content\/uploads\/2021\/01\/64132_cut.jpg\",\"width\":900,\"height\":900,\"caption\":\"Prologic\"},{\"@type\":\"WebPage\",\"@id\":\"https:\/\/www.pescafish.it\/new\/prodotto\/distance-sticks-ptfe-hi-viz-heads-prologic\/#webpage\",\"url\":\"https:\/\/www.pescafish.it\/new\/prodotto\/distance-sticks-ptfe-hi-viz-heads-prologic\/\",\"name\":\"Distance Sticks PTFE Hi-Viz Heads - Prologic - Pesca Fish\",\"isPartOf\":{\"@id\":\"https:\/\/www.pescafish.it\/new\/#website\"},\"primaryImageOfPage\":{\"@id\":\"https:\/\/www.pescafish.it\/new\/prodotto\/distance-sticks-ptfe-hi-viz-heads-prologic\/#primaryimage\"},\"datePublished\":\"2021-01-16T18:18:11+00:00\",\"dateModified\":\"2021-07-29T12:53:56+00:00\",\"inLanguage\":\"it-IT\",\"potentialAction\":[{\"@type\":\"ReadAction\",\"target\":[\"https:\/\/www.pescafish.it\/new\/prodotto\/distance-sticks-ptfe-hi-viz-heads-prologic\/\"]}]}]}<\/script>\n<!-- \/ Yoast SEO plugin. -->","_links":{"self":[{"href":"https:\/\/www.pescafish.it\/new\/wp-json\/wp\/v2\/product\/65221"}],"collection":[{"href":"https:\/\/www.pescafish.it\/new\/wp-json\/wp\/v2\/product"}],"about":[{"href":"https:\/\/www.pescafish.it\/new\/wp-json\/wp\/v2\/types\/product"}],"replies":[{"embeddable":true,"href":"https:\/\/www.pescafish.it\/new\/wp-json\/wp\/v2\/comments?post=65221"}],"wp:featuredmedia":[{"embeddable":true,"href":"https:\/\/www.pescafish.it\/new\/wp-json\/wp\/v2\/media\/65222"}],"wp:attachment":[{"href":"https:\/\/www.pescafish.it\/new\/wp-json\/wp\/v2\/media?parent=65221"}],"wp:term":[{"taxonomy":"product_cat","embeddable":true,"href":"https:\/\/www.pescafish.it\/new\/wp-json\/wp\/v2\/product_cat?post=65221"},{"taxonomy":"product_tag","embeddable":true,"href":"https:\/\/www.pescafish.it\/new\/wp-json\/wp\/v2\/product_tag?post=65221"}],"curies":[{"name":"wp","href":"https:\/\/api.w.org\/{rel}","templated":true}]}}