{"id":65006,"date":"2021-01-15T18:06:00","date_gmt":"2021-01-15T17:06:00","guid":{"rendered":"https:\/\/www.pescafish.it\/new\/?post_type=product&#038;p=65006"},"modified":"2024-01-20T12:01:51","modified_gmt":"2024-01-20T11:01:51","slug":"trecciato-super-8-slick-v2-power-pro","status":"publish","type":"product","link":"https:\/\/www.pescafish.it\/new\/prodotto\/trecciato-super-8-slick-v2-power-pro\/","title":{"rendered":"Trecciato Super 8 Slick V2 135m &#8211; Power Pro"},"content":{"rendered":"<p>La pluripremiata treccia Super8Slick V2 combina una costruzione a trama fitta a 8 capi con un collaudato processo di rivestimento Enhanced Body Technology che offre prestazioni fluide e silenziose, oltre a una maggiore resistenza all\u2019abrasione per strappare le coperture pi\u00f9 pesanti con la stessa forza di una tradizionale treccia a 4 capi.<br \/>\nNon appena sentirete la treccia Super8Slick V2 di prima qualit\u00e0 tra le dita, noterete immediatamente la superficie esterna ultra liscia e la morbidezza che vi dir\u00e0 che si tratta di una treccia con impressionanti capacit\u00e0 di lancio e resistenza. E nell\u2019uso non rimarrete delusi. A differenza di alcune trecce rivestite che spesso perdono il rivestimento prima di iniziare a funzionare correttamente, la treccia Super8Slick V2 \u00e8 pronta fin dal primo lancio. Ma non lasciatevi ingannare dalla raffinatezza di questa treccia: quando vi troverete di fronte a erbacce e vegetazione pesante, potrete fidarvi della treccia Super8Slick V2 per affrontare ogni sfida.<\/p>\n<p><strong>Colore:<\/strong> Moss Green<\/p>\n<p><strong>Disponibile nei seguenti diametri:<\/strong><br \/>\n<strong>PPBISV213513MG<\/strong>\u00a0 \u00d8 0,13mm &#8211; 8kg<br \/>\n<strong>PPBISV213515MG<\/strong>\u00a0 \u00d8 0,15mm &#8211; 10kg<br \/>\n<strong>PPBISV213519MG<\/strong>\u00a0 \u00d8 0,19mm &#8211; 15kg<br \/>\n<strong>PPBISV213528MG\u00a0<\/strong> \u00d8 0,28mm &#8211; 20kg<br \/>\n<strong>PPBISV213532MG\u00a0<\/strong> \u00d8 0,32mm &#8211; 24kg<\/p>\n<p><strong>Bobina da 135 metri<\/strong><\/p>\n","protected":false},"excerpt":{"rendered":"<p>La pluripremiata treccia Super8Slick V2 combina una costruzione a trama fitta a 8 capi con un collaudato processo di rivestimento Enhanced Body Technology che offre prestazioni fluide e silenziose, oltre a una maggiore resistenza all\u2019abrasione per strappare le coperture pi\u00f9 pesanti con la stessa forza di una tradizionale treccia a 4 capi. Non appena sentirete [&hellip;]<\/p>\n","protected":false},"featured_media":65007,"comment_status":"closed","ping_status":"closed","template":"","meta":[],"product_cat":[734],"product_tag":[1048],"yoast_head":"<!-- This site is optimized with the Yoast SEO plugin v15.3 - https:\/\/yoast.com\/wordpress\/plugins\/seo\/ -->\n<title>Trecciato Super 8 Slick V2 135m - Power Pro - Pesca Fish<\/title>\n<meta name=\"robots\" content=\"index, follow, max-snippet:-1, max-image-preview:large, max-video-preview:-1\" \/>\n<link rel=\"canonical\" href=\"https:\/\/www.pescafish.it\/new\/prodotto\/trecciato-super-8-slick-v2-power-pro\/\" \/>\n<meta property=\"og:locale\" content=\"it_IT\" \/>\n<meta property=\"og:type\" content=\"article\" \/>\n<meta property=\"og:title\" content=\"Trecciato Super 8 Slick V2 135m - Power Pro - Pesca Fish\" \/>\n<meta property=\"og:description\" content=\"La pluripremiata treccia Super8Slick V2 combina una costruzione a trama fitta a 8 capi con un collaudato processo di rivestimento Enhanced Body Technology che offre prestazioni fluide e silenziose, oltre a una maggiore resistenza all\u2019abrasione per strappare le coperture pi\u00f9 pesanti con la stessa forza di una tradizionale treccia a 4 capi. Non appena sentirete [&hellip;]\" \/>\n<meta property=\"og:url\" content=\"https:\/\/www.pescafish.it\/new\/prodotto\/trecciato-super-8-slick-v2-power-pro\/\" \/>\n<meta property=\"og:site_name\" content=\"Pesca Fish\" \/>\n<meta property=\"article:publisher\" content=\"https:\/\/www.facebook.com\/pescafishvr\/\" \/>\n<meta property=\"article:modified_time\" content=\"2024-01-20T11:01:51+00:00\" \/>\n<meta property=\"og:image\" content=\"https:\/\/www.pescafish.it\/new\/wp-content\/uploads\/2021\/01\/power-pro-super-8-slick-v2.jpg\" \/>\n\t<meta property=\"og:image:width\" content=\"890\" \/>\n\t<meta property=\"og:image:height\" content=\"897\" \/>\n<meta name=\"twitter:card\" content=\"summary_large_image\" \/>\n<meta name=\"twitter:label1\" content=\"Scritto da\">\n\t<meta name=\"twitter:data1\" content=\"francesca\">\n\t<meta name=\"twitter:label2\" content=\"Tempo di lettura stimato\">\n\t<meta name=\"twitter:data2\" content=\"1 minuto\">\n<script type=\"application\/ld+json\" class=\"yoast-schema-graph\">{\"@context\":\"https:\/\/schema.org\",\"@graph\":[{\"@type\":\"WebSite\",\"@id\":\"https:\/\/www.pescafish.it\/new\/#website\",\"url\":\"https:\/\/www.pescafish.it\/new\/\",\"name\":\"Pesca Fish\",\"description\":\"Benvenuti sul nostro sito!\",\"potentialAction\":[{\"@type\":\"SearchAction\",\"target\":\"https:\/\/www.pescafish.it\/new\/?s={search_term_string}\",\"query-input\":\"required name=search_term_string\"}],\"inLanguage\":\"it-IT\"},{\"@type\":\"ImageObject\",\"@id\":\"https:\/\/www.pescafish.it\/new\/prodotto\/trecciato-super-8-slick-v2-power-pro\/#primaryimage\",\"inLanguage\":\"it-IT\",\"url\":\"https:\/\/www.pescafish.it\/new\/wp-content\/uploads\/2021\/01\/power-pro-super-8-slick-v2.jpg\",\"width\":890,\"height\":897,\"caption\":\"trecciato super 8 slick v2 power pro\"},{\"@type\":\"WebPage\",\"@id\":\"https:\/\/www.pescafish.it\/new\/prodotto\/trecciato-super-8-slick-v2-power-pro\/#webpage\",\"url\":\"https:\/\/www.pescafish.it\/new\/prodotto\/trecciato-super-8-slick-v2-power-pro\/\",\"name\":\"Trecciato Super 8 Slick V2 135m - Power Pro - Pesca Fish\",\"isPartOf\":{\"@id\":\"https:\/\/www.pescafish.it\/new\/#website\"},\"primaryImageOfPage\":{\"@id\":\"https:\/\/www.pescafish.it\/new\/prodotto\/trecciato-super-8-slick-v2-power-pro\/#primaryimage\"},\"datePublished\":\"2021-01-15T17:06:00+00:00\",\"dateModified\":\"2024-01-20T11:01:51+00:00\",\"inLanguage\":\"it-IT\",\"potentialAction\":[{\"@type\":\"ReadAction\",\"target\":[\"https:\/\/www.pescafish.it\/new\/prodotto\/trecciato-super-8-slick-v2-power-pro\/\"]}]}]}<\/script>\n<!-- \/ Yoast SEO plugin. -->","_links":{"self":[{"href":"https:\/\/www.pescafish.it\/new\/wp-json\/wp\/v2\/product\/65006"}],"collection":[{"href":"https:\/\/www.pescafish.it\/new\/wp-json\/wp\/v2\/product"}],"about":[{"href":"https:\/\/www.pescafish.it\/new\/wp-json\/wp\/v2\/types\/product"}],"replies":[{"embeddable":true,"href":"https:\/\/www.pescafish.it\/new\/wp-json\/wp\/v2\/comments?post=65006"}],"wp:featuredmedia":[{"embeddable":true,"href":"https:\/\/www.pescafish.it\/new\/wp-json\/wp\/v2\/media\/65007"}],"wp:attachment":[{"href":"https:\/\/www.pescafish.it\/new\/wp-json\/wp\/v2\/media?parent=65006"}],"wp:term":[{"taxonomy":"product_cat","embeddable":true,"href":"https:\/\/www.pescafish.it\/new\/wp-json\/wp\/v2\/product_cat?post=65006"},{"taxonomy":"product_tag","embeddable":true,"href":"https:\/\/www.pescafish.it\/new\/wp-json\/wp\/v2\/product_tag?post=65006"}],"curies":[{"name":"wp","href":"https:\/\/api.w.org\/{rel}","templated":true}]}}