{"id":64985,"date":"2021-01-15T17:02:01","date_gmt":"2021-01-15T16:02:01","guid":{"rendered":"https:\/\/www.pescafish.it\/new\/?post_type=product&#038;p=64985"},"modified":"2024-08-28T09:50:48","modified_gmt":"2024-08-28T07:50:48","slug":"canna-tribal-tx-a-spod-shimano","status":"publish","type":"product","link":"https:\/\/www.pescafish.it\/new\/prodotto\/canna-tribal-tx-a-spod-shimano\/","title":{"rendered":"Canna Tribal TX-A Spod &#8211; Shimano"},"content":{"rendered":"<p>Le canne Tribal TX Spod e Marker sono state rinnovate. Il grezzo \u00e8 ancora pi\u00f9 sottile del precedente e il look \u00e8 cambiato drasticamente. E&#8217; la canna da carpa ideale per il pescatore alle prime armi con un budget limitato ed \u00e8 alla ricerca di una canna robusta e \/ o di marca. Le canne TX Spod e Marker potrebbero essere considerate canne &#8220;entry level&#8221; di Shimano, ma come sempre la qualit\u00e0 \u00e8 molto alta.<\/p>\n<p>\u2022 I modelli Spod 5lb sono ideali per spod pesanti<br \/>\n\u2022 Anelli Seaguide SiC (50mm starter guide sui modelli pi\u00f9 lunghi)<br \/>\n\u2022 SHIMANO DPS reel seat<br \/>\n\u2022 Manico Slim shrink con impugnatura in materiale EVA<\/p>\n<p><strong>Disponibile nei seguenti modelli:<\/strong><\/p>\n<table style=\"width: 100%; border-collapse: collapse; border-color: #000000;\" border=\"2\">\n<tbody>\n<tr>\n<td style=\"width: 14.2857%;\"><strong>Modello<\/strong><\/td>\n<td style=\"width: 14.2857%; text-align: center;\"><strong>Lunghezza<\/strong><\/td>\n<td style=\"width: 14.2857%; text-align: center;\"><strong>Potenza<\/strong><\/td>\n<td style=\"width: 14.2857%; text-align: center;\"><strong>Ingombro<\/strong><\/td>\n<td style=\"width: 14.2857%; text-align: center;\"><strong>Peso<\/strong><\/td>\n<td style=\"width: 14.2857%; text-align: center;\"><strong>N\u00b0 sezioni<\/strong><\/td>\n<td style=\"width: 14.2857%; text-align: center;\"><strong>N\u00b0 anelli<\/strong><\/td>\n<\/tr>\n<tr>\n<td style=\"width: 14.2857%;\"><strong>TXAS12500<\/strong><\/td>\n<td style=\"width: 14.2857%; text-align: center;\">12ft<\/td>\n<td style=\"width: 14.2857%; text-align: center;\">5lb<\/td>\n<td style=\"width: 14.2857%; text-align: center;\">188cm<\/td>\n<td style=\"width: 14.2857%; text-align: center;\">502g<\/td>\n<td style=\"width: 14.2857%; text-align: center;\">2<\/td>\n<td style=\"width: 14.2857%; text-align: center;\">6<\/td>\n<\/tr>\n<tr>\n<td style=\"width: 14.2857%;\"><strong>TXAS13500<\/strong><\/td>\n<td style=\"width: 14.2857%; text-align: center;\">13ft<\/td>\n<td style=\"width: 14.2857%; text-align: center;\">5lb<\/td>\n<td style=\"width: 14.2857%; text-align: center;\">203cm<\/td>\n<td style=\"width: 14.2857%; text-align: center;\">558g<\/td>\n<td style=\"width: 14.2857%; text-align: center;\">2<\/td>\n<td style=\"width: 14.2857%; text-align: center;\">6<\/td>\n<\/tr>\n<\/tbody>\n<\/table>\n<p><strong><br \/>\n<span style=\"color: #ff0000;\">DUE ANNI DI GARANZIA<\/span><\/strong><br \/>\n<span style=\"color: #ff0000;\"><strong>Da oggi per avere il TERZO ANNO DI GARANZIA, collegati al nuovo portale e registra il tuo prodotto su:<\/strong><\/span><br \/>\n<span style=\"color: #000000; background-color: #ffff00;\"><a style=\"color: #000000; background-color: #ffff00;\" href=\"http:\/\/www.shimanofishnetwork.it\/garanzia\/sign_in\"><strong>http:\/\/www.shimanofishnetwork.it\/garanzia\/sign_in<\/strong><\/a><\/span><\/p>\n","protected":false},"excerpt":{"rendered":"<p>Le canne Tribal TX Spod e Marker sono state rinnovate. Il grezzo \u00e8 ancora pi\u00f9 sottile del precedente e il look \u00e8 cambiato drasticamente. E&#8217; la canna da carpa ideale per il pescatore alle prime armi con un budget limitato ed \u00e8 alla ricerca di una canna robusta e \/ o di marca. Le canne [&hellip;]<\/p>\n","protected":false},"featured_media":64987,"comment_status":"closed","ping_status":"closed","template":"","meta":[],"product_cat":[257],"product_tag":[1023],"yoast_head":"<!-- This site is optimized with the Yoast SEO plugin v15.3 - https:\/\/yoast.com\/wordpress\/plugins\/seo\/ -->\n<title>Canna Tribal TX-A Spod - Shimano - Pesca Fish<\/title>\n<meta name=\"robots\" content=\"index, follow, max-snippet:-1, max-image-preview:large, max-video-preview:-1\" \/>\n<link rel=\"canonical\" href=\"https:\/\/www.pescafish.it\/new\/prodotto\/canna-tribal-tx-a-spod-shimano\/\" \/>\n<meta property=\"og:locale\" content=\"it_IT\" \/>\n<meta property=\"og:type\" content=\"article\" \/>\n<meta property=\"og:title\" content=\"Canna Tribal TX-A Spod - Shimano - Pesca Fish\" \/>\n<meta property=\"og:description\" content=\"Le canne Tribal TX Spod e Marker sono state rinnovate. Il grezzo \u00e8 ancora pi\u00f9 sottile del precedente e il look \u00e8 cambiato drasticamente. E&#8217; la canna da carpa ideale per il pescatore alle prime armi con un budget limitato ed \u00e8 alla ricerca di una canna robusta e \/ o di marca. Le canne [&hellip;]\" \/>\n<meta property=\"og:url\" content=\"https:\/\/www.pescafish.it\/new\/prodotto\/canna-tribal-tx-a-spod-shimano\/\" \/>\n<meta property=\"og:site_name\" content=\"Pesca Fish\" \/>\n<meta property=\"article:publisher\" content=\"https:\/\/www.facebook.com\/pescafishvr\/\" \/>\n<meta property=\"article:modified_time\" content=\"2024-08-28T07:50:48+00:00\" \/>\n<meta property=\"og:image\" content=\"https:\/\/www.pescafish.it\/new\/wp-content\/uploads\/2021\/01\/tribal-tx-a-spod.jpg\" \/>\n\t<meta property=\"og:image:width\" content=\"1000\" \/>\n\t<meta property=\"og:image:height\" content=\"831\" \/>\n<meta name=\"twitter:card\" content=\"summary_large_image\" \/>\n<meta name=\"twitter:label1\" content=\"Scritto da\">\n\t<meta name=\"twitter:data1\" content=\"francesca\">\n\t<meta name=\"twitter:label2\" content=\"Tempo di lettura stimato\">\n\t<meta name=\"twitter:data2\" content=\"1 minuto\">\n<script type=\"application\/ld+json\" class=\"yoast-schema-graph\">{\"@context\":\"https:\/\/schema.org\",\"@graph\":[{\"@type\":\"WebSite\",\"@id\":\"https:\/\/www.pescafish.it\/new\/#website\",\"url\":\"https:\/\/www.pescafish.it\/new\/\",\"name\":\"Pesca Fish\",\"description\":\"Benvenuti sul nostro sito!\",\"potentialAction\":[{\"@type\":\"SearchAction\",\"target\":\"https:\/\/www.pescafish.it\/new\/?s={search_term_string}\",\"query-input\":\"required name=search_term_string\"}],\"inLanguage\":\"it-IT\"},{\"@type\":\"ImageObject\",\"@id\":\"https:\/\/www.pescafish.it\/new\/prodotto\/canna-tribal-tx-a-spod-shimano\/#primaryimage\",\"inLanguage\":\"it-IT\",\"url\":\"https:\/\/www.pescafish.it\/new\/wp-content\/uploads\/2021\/01\/tribal-tx-a-spod.jpg\",\"width\":1000,\"height\":831,\"caption\":\"tribal tx-a spod shimano\"},{\"@type\":\"WebPage\",\"@id\":\"https:\/\/www.pescafish.it\/new\/prodotto\/canna-tribal-tx-a-spod-shimano\/#webpage\",\"url\":\"https:\/\/www.pescafish.it\/new\/prodotto\/canna-tribal-tx-a-spod-shimano\/\",\"name\":\"Canna Tribal TX-A Spod - Shimano - Pesca Fish\",\"isPartOf\":{\"@id\":\"https:\/\/www.pescafish.it\/new\/#website\"},\"primaryImageOfPage\":{\"@id\":\"https:\/\/www.pescafish.it\/new\/prodotto\/canna-tribal-tx-a-spod-shimano\/#primaryimage\"},\"datePublished\":\"2021-01-15T16:02:01+00:00\",\"dateModified\":\"2024-08-28T07:50:48+00:00\",\"inLanguage\":\"it-IT\",\"potentialAction\":[{\"@type\":\"ReadAction\",\"target\":[\"https:\/\/www.pescafish.it\/new\/prodotto\/canna-tribal-tx-a-spod-shimano\/\"]}]}]}<\/script>\n<!-- \/ Yoast SEO plugin. -->","_links":{"self":[{"href":"https:\/\/www.pescafish.it\/new\/wp-json\/wp\/v2\/product\/64985"}],"collection":[{"href":"https:\/\/www.pescafish.it\/new\/wp-json\/wp\/v2\/product"}],"about":[{"href":"https:\/\/www.pescafish.it\/new\/wp-json\/wp\/v2\/types\/product"}],"replies":[{"embeddable":true,"href":"https:\/\/www.pescafish.it\/new\/wp-json\/wp\/v2\/comments?post=64985"}],"wp:featuredmedia":[{"embeddable":true,"href":"https:\/\/www.pescafish.it\/new\/wp-json\/wp\/v2\/media\/64987"}],"wp:attachment":[{"href":"https:\/\/www.pescafish.it\/new\/wp-json\/wp\/v2\/media?parent=64985"}],"wp:term":[{"taxonomy":"product_cat","embeddable":true,"href":"https:\/\/www.pescafish.it\/new\/wp-json\/wp\/v2\/product_cat?post=64985"},{"taxonomy":"product_tag","embeddable":true,"href":"https:\/\/www.pescafish.it\/new\/wp-json\/wp\/v2\/product_tag?post=64985"}],"curies":[{"name":"wp","href":"https:\/\/api.w.org\/{rel}","templated":true}]}}