{"id":64911,"date":"2021-01-15T10:36:55","date_gmt":"2021-01-15T09:36:55","guid":{"rendered":"https:\/\/www.pescafish.it\/new\/?post_type=product&#038;p=64911"},"modified":"2024-12-08T06:49:23","modified_gmt":"2024-12-08T05:49:23","slug":"kairiki-4-multi-color-300m-shimano","status":"publish","type":"product","link":"https:\/\/www.pescafish.it\/new\/prodotto\/kairiki-4-multi-color-300m-shimano\/","title":{"rendered":"Kairiki 4 Multi Color 300m \u2013 Shimano"},"content":{"rendered":"<p>Il nuovo Shimano Kairiki 4 \u00e8 un nuovo trecciato 4 Capi, prodotto in Japan, con metodo \u201cVT construction\u201d. E\u2019 un PE molto liscio e resistente, che permette di raggiungere distanze importanti. E\u2019 disponibili nei diametri dallo 0.06mm allo 0.315mm che presenta un carico di rottura di ben 29.8kg. Ha le propriet\u00e0 perfette per lo spinning sia in acqua dolce che salata poich\u00e9 \u00e8 altamente sensibile e molto regolare, il che si traduce anche in una riduzione del rumore. Inoltre ci saranno due colori extra disponibili accanto a Mantis Green e Steel Grey, vale a dire un arancione altamente visibile e multi color . Il Multi Color \u00e8 particolarmente interessante per la pesca a profondit\u00e0 maggiori. Grazie alla scorrevolezza e al basso diametro, Kairiki 4 \u00e8 ottimo per il jigging poich\u00e9 offre poca resistenza all\u2019acqua e avendo un allungamento ridotto &lt;3.0%, ci permette di essere sempre pronti in fase di ferrata.<\/p>\n<p><strong>Disponibili nei seguenti diametri:<\/strong><br \/>\n<strong>LDM64TE0810030M\u00a0 <\/strong>\u00d8 0,10mm \u2013 6,8kg<br \/>\n<strong>LDM64TE1013030M\u00a0 <\/strong>\u00d8 0,13mm \u2013 7,4kg<br \/>\n<strong>LDM64TE1516030M\u00a0<\/strong> \u00d8 0,16mm \u2013 8,1kg<\/p>\n<p><strong>Bobina da 300 metri<\/strong><\/p>\n","protected":false},"excerpt":{"rendered":"<p>Il nuovo Shimano Kairiki 4 \u00e8 un nuovo trecciato 4 Capi, prodotto in Japan, con metodo \u201cVT construction\u201d. E\u2019 un PE molto liscio e resistente, che permette di raggiungere distanze importanti. E\u2019 disponibili nei diametri dallo 0.06mm allo 0.315mm che presenta un carico di rottura di ben 29.8kg. Ha le propriet\u00e0 perfette per lo spinning [&hellip;]<\/p>\n","protected":false},"featured_media":62597,"comment_status":"closed","ping_status":"closed","template":"","meta":[],"product_cat":[926],"product_tag":[1023],"yoast_head":"<!-- This site is optimized with the Yoast SEO plugin v15.3 - https:\/\/yoast.com\/wordpress\/plugins\/seo\/ -->\n<title>Kairiki 4 Multi Color 300m \u2013 Shimano - Pesca Fish<\/title>\n<meta name=\"robots\" content=\"index, follow, max-snippet:-1, max-image-preview:large, max-video-preview:-1\" \/>\n<link rel=\"canonical\" href=\"https:\/\/www.pescafish.it\/new\/prodotto\/kairiki-4-multi-color-300m-shimano\/\" \/>\n<meta property=\"og:locale\" content=\"it_IT\" \/>\n<meta property=\"og:type\" content=\"article\" \/>\n<meta property=\"og:title\" content=\"Kairiki 4 Multi Color 300m \u2013 Shimano - Pesca Fish\" \/>\n<meta property=\"og:description\" content=\"Il nuovo Shimano Kairiki 4 \u00e8 un nuovo trecciato 4 Capi, prodotto in Japan, con metodo \u201cVT construction\u201d. E\u2019 un PE molto liscio e resistente, che permette di raggiungere distanze importanti. E\u2019 disponibili nei diametri dallo 0.06mm allo 0.315mm che presenta un carico di rottura di ben 29.8kg. Ha le propriet\u00e0 perfette per lo spinning [&hellip;]\" \/>\n<meta property=\"og:url\" content=\"https:\/\/www.pescafish.it\/new\/prodotto\/kairiki-4-multi-color-300m-shimano\/\" \/>\n<meta property=\"og:site_name\" content=\"Pesca Fish\" \/>\n<meta property=\"article:publisher\" content=\"https:\/\/www.facebook.com\/pescafishvr\/\" \/>\n<meta property=\"article:modified_time\" content=\"2024-12-08T05:49:23+00:00\" \/>\n<meta property=\"og:image\" content=\"https:\/\/www.pescafish.it\/new\/wp-content\/uploads\/2020\/10\/KAIRIKI-4-SHIMANO.jpg\" \/>\n\t<meta property=\"og:image:width\" content=\"1000\" \/>\n\t<meta property=\"og:image:height\" content=\"939\" \/>\n<meta name=\"twitter:card\" content=\"summary_large_image\" \/>\n<meta name=\"twitter:label1\" content=\"Scritto da\">\n\t<meta name=\"twitter:data1\" content=\"francesca\">\n\t<meta name=\"twitter:label2\" content=\"Tempo di lettura stimato\">\n\t<meta name=\"twitter:data2\" content=\"1 minuto\">\n<script type=\"application\/ld+json\" class=\"yoast-schema-graph\">{\"@context\":\"https:\/\/schema.org\",\"@graph\":[{\"@type\":\"WebSite\",\"@id\":\"https:\/\/www.pescafish.it\/new\/#website\",\"url\":\"https:\/\/www.pescafish.it\/new\/\",\"name\":\"Pesca Fish\",\"description\":\"Benvenuti sul nostro sito!\",\"potentialAction\":[{\"@type\":\"SearchAction\",\"target\":\"https:\/\/www.pescafish.it\/new\/?s={search_term_string}\",\"query-input\":\"required name=search_term_string\"}],\"inLanguage\":\"it-IT\"},{\"@type\":\"ImageObject\",\"@id\":\"https:\/\/www.pescafish.it\/new\/prodotto\/kairiki-4-multi-color-300m-shimano\/#primaryimage\",\"inLanguage\":\"it-IT\",\"url\":\"https:\/\/www.pescafish.it\/new\/wp-content\/uploads\/2020\/10\/KAIRIKI-4-SHIMANO.jpg\",\"width\":1000,\"height\":939,\"caption\":\"Kairiki 4 Multi color 300m Shimano\"},{\"@type\":\"WebPage\",\"@id\":\"https:\/\/www.pescafish.it\/new\/prodotto\/kairiki-4-multi-color-300m-shimano\/#webpage\",\"url\":\"https:\/\/www.pescafish.it\/new\/prodotto\/kairiki-4-multi-color-300m-shimano\/\",\"name\":\"Kairiki 4 Multi Color 300m \\u2013 Shimano - Pesca Fish\",\"isPartOf\":{\"@id\":\"https:\/\/www.pescafish.it\/new\/#website\"},\"primaryImageOfPage\":{\"@id\":\"https:\/\/www.pescafish.it\/new\/prodotto\/kairiki-4-multi-color-300m-shimano\/#primaryimage\"},\"datePublished\":\"2021-01-15T09:36:55+00:00\",\"dateModified\":\"2024-12-08T05:49:23+00:00\",\"inLanguage\":\"it-IT\",\"potentialAction\":[{\"@type\":\"ReadAction\",\"target\":[\"https:\/\/www.pescafish.it\/new\/prodotto\/kairiki-4-multi-color-300m-shimano\/\"]}]}]}<\/script>\n<!-- \/ Yoast SEO plugin. -->","_links":{"self":[{"href":"https:\/\/www.pescafish.it\/new\/wp-json\/wp\/v2\/product\/64911"}],"collection":[{"href":"https:\/\/www.pescafish.it\/new\/wp-json\/wp\/v2\/product"}],"about":[{"href":"https:\/\/www.pescafish.it\/new\/wp-json\/wp\/v2\/types\/product"}],"replies":[{"embeddable":true,"href":"https:\/\/www.pescafish.it\/new\/wp-json\/wp\/v2\/comments?post=64911"}],"wp:featuredmedia":[{"embeddable":true,"href":"https:\/\/www.pescafish.it\/new\/wp-json\/wp\/v2\/media\/62597"}],"wp:attachment":[{"href":"https:\/\/www.pescafish.it\/new\/wp-json\/wp\/v2\/media?parent=64911"}],"wp:term":[{"taxonomy":"product_cat","embeddable":true,"href":"https:\/\/www.pescafish.it\/new\/wp-json\/wp\/v2\/product_cat?post=64911"},{"taxonomy":"product_tag","embeddable":true,"href":"https:\/\/www.pescafish.it\/new\/wp-json\/wp\/v2\/product_tag?post=64911"}],"curies":[{"name":"wp","href":"https:\/\/api.w.org\/{rel}","templated":true}]}}