{"id":64388,"date":"2020-12-19T18:46:01","date_gmt":"2020-12-19T17:46:01","guid":{"rendered":"https:\/\/www.pescafish.it\/new\/?post_type=product&#038;p=64388"},"modified":"2026-01-08T15:57:22","modified_gmt":"2026-01-08T14:57:22","slug":"titan-t2-mk-ii-nash","status":"publish","type":"product","link":"https:\/\/www.pescafish.it\/new\/prodotto\/titan-t2-mk-ii-nash\/","title":{"rendered":"Titan T2 Mk II &#8211; Nash"},"content":{"rendered":"<h3>Titan T2 Mk II &#8211; Groundsheet<\/h3>\n<p>Tappeto Heay Duty per Titan T2 MK II<\/p>\n<p>Pavimentio extra resistente (HD groundsheet) dotato di anelli di ancoraggio utili per 2 differenti scopi ai possessori di Titan Pro e Camo Pro.<\/p>\n<p>Il pavimento aggiuntivo HD (HD groundsheet) pu\u00f2 essere posizionato sotto la camera di base interna con rete in PVC per una maggiore protezione dai banchi di ghiaia, una maggiore prevenzione dai danni, oltre che evitare di richiudere la capsula interna ancora bagnata. Inoltre, pu\u00f2 essere utilizzato in tutte quelle sessioni in cui la camera interna non \u00e8 necessaria ma \u00e8 comunque preferibile avere un telo di base.<\/p>\n<p>&nbsp;<\/p>\n<div id=\"product-description\">\n<p><strong>Caratteristiche:<\/strong><\/p>\n<p><strong>Larghezza massima:<\/strong> 340cm<\/p>\n<p><strong>Larghezza posteriore:<\/strong> 308cm<\/p>\n<p><strong>Disponibile nelle seguenti varianti:<\/strong><br \/>\n<strong>KNT4115<\/strong>\u00a0 Groundsheet<\/p>\n<\/div>\n","protected":false},"excerpt":{"rendered":"<p>Titan T2 Mk II &#8211; Groundsheet Tappeto Heay Duty per Titan T2 MK II Pavimentio extra resistente (HD groundsheet) dotato di anelli di ancoraggio utili per 2 differenti scopi ai possessori di Titan Pro e Camo Pro. Il pavimento aggiuntivo HD (HD groundsheet) pu\u00f2 essere posizionato sotto la camera di base interna con rete in [&hellip;]<\/p>\n","protected":false},"featured_media":107545,"comment_status":"closed","ping_status":"closed","template":"","meta":[],"product_cat":[429],"product_tag":[1024],"yoast_head":"<!-- This site is optimized with the Yoast SEO plugin v15.3 - https:\/\/yoast.com\/wordpress\/plugins\/seo\/ -->\n<title>Titan T2 Mk II - Nash - Pesca Fish<\/title>\n<meta name=\"robots\" content=\"index, follow, max-snippet:-1, max-image-preview:large, max-video-preview:-1\" \/>\n<link rel=\"canonical\" href=\"https:\/\/www.pescafish.it\/new\/prodotto\/titan-t2-mk-ii-nash\/\" \/>\n<meta property=\"og:locale\" content=\"it_IT\" \/>\n<meta property=\"og:type\" content=\"article\" \/>\n<meta property=\"og:title\" content=\"Titan T2 Mk II - Nash - Pesca Fish\" \/>\n<meta property=\"og:description\" content=\"Titan T2 Mk II &#8211; Groundsheet Tappeto Heay Duty per Titan T2 MK II Pavimentio extra resistente (HD groundsheet) dotato di anelli di ancoraggio utili per 2 differenti scopi ai possessori di Titan Pro e Camo Pro. Il pavimento aggiuntivo HD (HD groundsheet) pu\u00f2 essere posizionato sotto la camera di base interna con rete in [&hellip;]\" \/>\n<meta property=\"og:url\" content=\"https:\/\/www.pescafish.it\/new\/prodotto\/titan-t2-mk-ii-nash\/\" \/>\n<meta property=\"og:site_name\" content=\"Pesca Fish\" \/>\n<meta property=\"article:publisher\" content=\"https:\/\/www.facebook.com\/pescafishvr\/\" \/>\n<meta property=\"article:modified_time\" content=\"2026-01-08T14:57:22+00:00\" \/>\n<meta property=\"og:image\" content=\"https:\/\/www.pescafish.it\/new\/wp-content\/uploads\/2020\/12\/Nash-Titan-T2-Pro-Groundsheet.jpg\" \/>\n\t<meta property=\"og:image:width\" content=\"1100\" \/>\n\t<meta property=\"og:image:height\" content=\"1422\" \/>\n<meta name=\"twitter:card\" content=\"summary_large_image\" \/>\n<meta name=\"twitter:label1\" content=\"Scritto da\">\n\t<meta name=\"twitter:data1\" content=\"francesca\">\n\t<meta name=\"twitter:label2\" content=\"Tempo di lettura stimato\">\n\t<meta name=\"twitter:data2\" content=\"0 minuti\">\n<script type=\"application\/ld+json\" class=\"yoast-schema-graph\">{\"@context\":\"https:\/\/schema.org\",\"@graph\":[{\"@type\":\"WebSite\",\"@id\":\"https:\/\/www.pescafish.it\/new\/#website\",\"url\":\"https:\/\/www.pescafish.it\/new\/\",\"name\":\"Pesca Fish\",\"description\":\"Benvenuti sul nostro sito!\",\"potentialAction\":[{\"@type\":\"SearchAction\",\"target\":\"https:\/\/www.pescafish.it\/new\/?s={search_term_string}\",\"query-input\":\"required name=search_term_string\"}],\"inLanguage\":\"it-IT\"},{\"@type\":\"ImageObject\",\"@id\":\"https:\/\/www.pescafish.it\/new\/prodotto\/titan-t2-mk-ii-nash\/#primaryimage\",\"inLanguage\":\"it-IT\",\"url\":\"https:\/\/www.pescafish.it\/new\/wp-content\/uploads\/2020\/12\/Nash-Titan-T2-Pro-Groundsheet.jpg\",\"width\":1100,\"height\":1422},{\"@type\":\"WebPage\",\"@id\":\"https:\/\/www.pescafish.it\/new\/prodotto\/titan-t2-mk-ii-nash\/#webpage\",\"url\":\"https:\/\/www.pescafish.it\/new\/prodotto\/titan-t2-mk-ii-nash\/\",\"name\":\"Titan T2 Mk II - Nash - Pesca Fish\",\"isPartOf\":{\"@id\":\"https:\/\/www.pescafish.it\/new\/#website\"},\"primaryImageOfPage\":{\"@id\":\"https:\/\/www.pescafish.it\/new\/prodotto\/titan-t2-mk-ii-nash\/#primaryimage\"},\"datePublished\":\"2020-12-19T17:46:01+00:00\",\"dateModified\":\"2026-01-08T14:57:22+00:00\",\"inLanguage\":\"it-IT\",\"potentialAction\":[{\"@type\":\"ReadAction\",\"target\":[\"https:\/\/www.pescafish.it\/new\/prodotto\/titan-t2-mk-ii-nash\/\"]}]}]}<\/script>\n<!-- \/ Yoast SEO plugin. -->","_links":{"self":[{"href":"https:\/\/www.pescafish.it\/new\/wp-json\/wp\/v2\/product\/64388"}],"collection":[{"href":"https:\/\/www.pescafish.it\/new\/wp-json\/wp\/v2\/product"}],"about":[{"href":"https:\/\/www.pescafish.it\/new\/wp-json\/wp\/v2\/types\/product"}],"replies":[{"embeddable":true,"href":"https:\/\/www.pescafish.it\/new\/wp-json\/wp\/v2\/comments?post=64388"}],"wp:featuredmedia":[{"embeddable":true,"href":"https:\/\/www.pescafish.it\/new\/wp-json\/wp\/v2\/media\/107545"}],"wp:attachment":[{"href":"https:\/\/www.pescafish.it\/new\/wp-json\/wp\/v2\/media?parent=64388"}],"wp:term":[{"taxonomy":"product_cat","embeddable":true,"href":"https:\/\/www.pescafish.it\/new\/wp-json\/wp\/v2\/product_cat?post=64388"},{"taxonomy":"product_tag","embeddable":true,"href":"https:\/\/www.pescafish.it\/new\/wp-json\/wp\/v2\/product_tag?post=64388"}],"curies":[{"name":"wp","href":"https:\/\/api.w.org\/{rel}","templated":true}]}}