{"id":64324,"date":"2020-12-18T18:18:48","date_gmt":"2020-12-18T17:18:48","guid":{"rendered":"https:\/\/www.pescafish.it\/new\/?post_type=product&#038;p=64324"},"modified":"2025-07-29T21:29:42","modified_gmt":"2025-07-29T19:29:42","slug":"toto-131-seaspin","status":"publish","type":"product","link":"https:\/\/www.pescafish.it\/new\/prodotto\/toto-131-seaspin\/","title":{"rendered":"Toto 131 &#8211; Seaspin"},"content":{"rendered":"<h2>Toto 131<\/h2>\n<p>Con la realizzazione di questo artificiale, proprio per la sua singolarit\u00e0 estetica, ma soprattutto per quanto di tecnico rappresenta, si alza di molto l\u2019asticella della progettazione delle hard bait di ultima generazione. In questo caso lo studio di progettazione esce dallo schema naturalistico d\u2019imitazioni di colori o forme simili al reale, per andare alla ricerca di nuovi profili e superfici che siano funzionali al movimento che si voglia l\u2019artificiale abbia in acqua. In cosa consiste dunque tutta questa innovazione? Nell\u2019utilizzo di una forma semplice ma che ha comportato pi\u00f9 di due anni di studi e di test per collocarla correttamente e far s\u00ec che durante il nuoto crei forze complesse che causino azioni sorprendenti: un buco. Un semplice buco che comporta per\u00f2 un\u2019importante innovazione nel mondo delle esche artificiali. Un buco che genera ovviamente delle vibrazioni diverse dal normale e che, per questo motivo, sono percepite dai pesci in maniera pi\u00f9 efficace e che causa dei comportamenti in acqua molto interessanti difficilmente confrontabili con alcun altro popper in commercio.<br \/>\nUn progettista pu\u00f2 immaginare immediatamente quale importanza e quali forze si generano con la presenza stessa dell\u2019anomalia di un foro nella parte posteriore del modello. Queste forze sono create dalla forma particolare e asimmetrica delle superfici che creano il foro e che interrompono i filetti di acqua che normalmente aderiscono ai fianchi e al corpo dell\u2019artificiale durante il recupero. Per progettare correttamente le superfici, in particolare quelle nella zona intorno al buco, chiamiamola \u201ccamera del foro\u201d, abbiamo deciso di utilizzare dei programmi dedicati alla meccanica strutturale e alla fluidodinamica che ci offrivano la possibilit\u00e0 di simulare varie configurazioni relative al comportamento strutturale dell\u2019artificiale.<br \/>\nLe due svasature laterali asimmetriche servono, infatti, a convogliare una quantit\u00e0 maggiore di aria e acqua nella zona in questione e, in collaborazione con le superfici curve di battuta, creano un attrito nella parte posteriore dell\u2019artificiale e interagiscono continuamente nel nuoto del modello. Potremmo semplificare l\u2019azione come un freno che tra le altre cose genera un caratteristico \u201cbrivido\u201d a intervalli regolari durante l\u2019azione di recupero che \u00e8 veramente molto interessante. Oltre a questo, l\u2019esca una volta entrata in acqua accumula, proprio all\u2019interno del foro, una bolla d\u2019aria che alleggerisce la parte posteriore favorendone lo scodinzolamento iniziale. Jerkando successivamente con energia, l\u2019artificiale crea un tubo di bollicine, che si disperde nell\u2019acqua, decisamente superiore a quello formato dai popper normali, sia per la presenza del surplus di aria trattenuto dal foro sia e soprattutto per la forte turbolenza che si crea all\u2019interno del complesso sistema della \u201ccamera del foro\u201d. Altra caratteristica causata dal freno posteriore, esaminato in precedenza, \u00e8 l\u2019arresto immediato dell\u2019artificiale quando il pescatore interrompe il recupero.<br \/>\nL\u2019esca si ferma come durante la pausa di un video! Un\u2019assenza totale di abbrivio. In generale l\u2019artificiale si pu\u00f2 descrivere come un popper \u201cnuotatore che durante l\u2019azione di recupero entra ed esce dall\u2019acqua automaticamente senza che sia necessaria nessun\u2019azione particolare con la canna da parte del pescatore. Recuperato linearmente, o alternato a brevi o lunghe jerkate, crea un tubo subacqueo di bollicine veramente impressionante intervallato da un caratteristico \u201cbrivido\u201d dell\u2019esca che entra autonomamente in vibrazione a intervalli regolari.<br \/>\nIl Toto \u00e8 perfetto anche se utilizzato a strappi da fermo per rompere la superficie e creare grandi schizzi sull\u2019acqua. Lancio? Lontanissimo.<br \/>\nPer quanto riguarda la camera del foro, che indubbiamente caratterizza tutta l\u2019estetica dell\u2019esca, sono state scelte delle specifiche colorazioni metallizzate, ma non riflettenti, per creare un\u2019alternanza lucido\/opaco durante il nuoto che ha sembra dato ottimi risultati in pesca. Nei modelli trasparenti questa diversa luminosit\u00e0 \u00e8 causata dai flash ritmici dovuti alle diverse angolazioni della lamina interna metallizzata durante l\u2019azione di rollio dell\u2019esca. Vista la particolare resistenza delle ancorette \u00e8 dedicato in particolare a serra, lecce e ricciole ma in generale a tutti i pesci della fascia mediterranea come barracuda e tunnidi di media taglia.<\/p>\n<p><strong>Lunghezza:<\/strong> 131mm<br \/>\n<strong>Peso:<\/strong> 36g<br \/>\n<strong>Azione:<\/strong> Top Water<\/p>\n<p><strong>Disponibile nelle seguenti colorazioni:<\/strong><br \/>\n<strong>UT5380\u00a0 <\/strong>SARP<br \/>\n<strong>UT5381\u00a0 <\/strong>MR-AYU<br \/>\n<strong>UT5972\u00a0<\/strong> GLWR<br \/>\n<strong>UT5387\u00a0<\/strong> GLWG<br \/>\n<strong>UT5970\u00a0<\/strong> SART<br \/>\n<strong>UT5386\u00a0<\/strong> CALAMARO<\/p>\n","protected":false},"excerpt":{"rendered":"<p>Toto 131 Con la realizzazione di questo artificiale, proprio per la sua singolarit\u00e0 estetica, ma soprattutto per quanto di tecnico rappresenta, si alza di molto l\u2019asticella della progettazione delle hard bait di ultima generazione. In questo caso lo studio di progettazione esce dallo schema naturalistico d\u2019imitazioni di colori o forme simili al reale, per andare [&hellip;]<\/p>\n","protected":false},"featured_media":64342,"comment_status":"closed","ping_status":"closed","template":"","meta":[],"product_cat":[632],"product_tag":[1166],"yoast_head":"<!-- This site is optimized with the Yoast SEO plugin v15.3 - https:\/\/yoast.com\/wordpress\/plugins\/seo\/ -->\n<title>Toto 131 - Seaspin - Pesca Fish<\/title>\n<meta name=\"robots\" content=\"index, follow, max-snippet:-1, max-image-preview:large, max-video-preview:-1\" \/>\n<link rel=\"canonical\" href=\"https:\/\/www.pescafish.it\/new\/prodotto\/toto-131-seaspin\/\" \/>\n<meta property=\"og:locale\" content=\"it_IT\" \/>\n<meta property=\"og:type\" content=\"article\" \/>\n<meta property=\"og:title\" content=\"Toto 131 - Seaspin - Pesca Fish\" \/>\n<meta property=\"og:description\" content=\"Toto 131 Con la realizzazione di questo artificiale, proprio per la sua singolarit\u00e0 estetica, ma soprattutto per quanto di tecnico rappresenta, si alza di molto l\u2019asticella della progettazione delle hard bait di ultima generazione. In questo caso lo studio di progettazione esce dallo schema naturalistico d\u2019imitazioni di colori o forme simili al reale, per andare [&hellip;]\" \/>\n<meta property=\"og:url\" content=\"https:\/\/www.pescafish.it\/new\/prodotto\/toto-131-seaspin\/\" \/>\n<meta property=\"og:site_name\" content=\"Pesca Fish\" \/>\n<meta property=\"article:publisher\" content=\"https:\/\/www.facebook.com\/pescafishvr\/\" \/>\n<meta property=\"article:modified_time\" content=\"2025-07-29T19:29:42+00:00\" \/>\n<meta property=\"og:image\" content=\"https:\/\/www.pescafish.it\/new\/wp-content\/uploads\/2020\/12\/TOTO-131_SARP.jpg\" \/>\n\t<meta property=\"og:image:width\" content=\"1000\" \/>\n\t<meta property=\"og:image:height\" content=\"749\" \/>\n<meta name=\"twitter:card\" content=\"summary_large_image\" \/>\n<meta name=\"twitter:label1\" content=\"Scritto da\">\n\t<meta name=\"twitter:data1\" content=\"francesca\">\n\t<meta name=\"twitter:label2\" content=\"Tempo di lettura stimato\">\n\t<meta name=\"twitter:data2\" content=\"3 minuti\">\n<script type=\"application\/ld+json\" class=\"yoast-schema-graph\">{\"@context\":\"https:\/\/schema.org\",\"@graph\":[{\"@type\":\"WebSite\",\"@id\":\"https:\/\/www.pescafish.it\/new\/#website\",\"url\":\"https:\/\/www.pescafish.it\/new\/\",\"name\":\"Pesca Fish\",\"description\":\"Benvenuti sul nostro sito!\",\"potentialAction\":[{\"@type\":\"SearchAction\",\"target\":\"https:\/\/www.pescafish.it\/new\/?s={search_term_string}\",\"query-input\":\"required name=search_term_string\"}],\"inLanguage\":\"it-IT\"},{\"@type\":\"ImageObject\",\"@id\":\"https:\/\/www.pescafish.it\/new\/prodotto\/toto-131-seaspin\/#primaryimage\",\"inLanguage\":\"it-IT\",\"url\":\"https:\/\/www.pescafish.it\/new\/wp-content\/uploads\/2020\/12\/TOTO-131_SARP.jpg\",\"width\":1000,\"height\":749,\"caption\":\"toto 131 seaspin\"},{\"@type\":\"WebPage\",\"@id\":\"https:\/\/www.pescafish.it\/new\/prodotto\/toto-131-seaspin\/#webpage\",\"url\":\"https:\/\/www.pescafish.it\/new\/prodotto\/toto-131-seaspin\/\",\"name\":\"Toto 131 - Seaspin - Pesca Fish\",\"isPartOf\":{\"@id\":\"https:\/\/www.pescafish.it\/new\/#website\"},\"primaryImageOfPage\":{\"@id\":\"https:\/\/www.pescafish.it\/new\/prodotto\/toto-131-seaspin\/#primaryimage\"},\"datePublished\":\"2020-12-18T17:18:48+00:00\",\"dateModified\":\"2025-07-29T19:29:42+00:00\",\"inLanguage\":\"it-IT\",\"potentialAction\":[{\"@type\":\"ReadAction\",\"target\":[\"https:\/\/www.pescafish.it\/new\/prodotto\/toto-131-seaspin\/\"]}]}]}<\/script>\n<!-- \/ Yoast SEO plugin. -->","_links":{"self":[{"href":"https:\/\/www.pescafish.it\/new\/wp-json\/wp\/v2\/product\/64324"}],"collection":[{"href":"https:\/\/www.pescafish.it\/new\/wp-json\/wp\/v2\/product"}],"about":[{"href":"https:\/\/www.pescafish.it\/new\/wp-json\/wp\/v2\/types\/product"}],"replies":[{"embeddable":true,"href":"https:\/\/www.pescafish.it\/new\/wp-json\/wp\/v2\/comments?post=64324"}],"wp:featuredmedia":[{"embeddable":true,"href":"https:\/\/www.pescafish.it\/new\/wp-json\/wp\/v2\/media\/64342"}],"wp:attachment":[{"href":"https:\/\/www.pescafish.it\/new\/wp-json\/wp\/v2\/media?parent=64324"}],"wp:term":[{"taxonomy":"product_cat","embeddable":true,"href":"https:\/\/www.pescafish.it\/new\/wp-json\/wp\/v2\/product_cat?post=64324"},{"taxonomy":"product_tag","embeddable":true,"href":"https:\/\/www.pescafish.it\/new\/wp-json\/wp\/v2\/product_tag?post=64324"}],"curies":[{"name":"wp","href":"https:\/\/api.w.org\/{rel}","templated":true}]}}