{"id":64058,"date":"2020-12-02T17:49:59","date_gmt":"2020-12-02T16:49:59","guid":{"rendered":"https:\/\/www.pescafish.it\/new\/?post_type=product&#038;p=64058"},"modified":"2022-05-25T19:27:40","modified_gmt":"2022-05-25T17:27:40","slug":"gps-etrex-10-garmin-2","status":"publish","type":"product","link":"https:\/\/www.pescafish.it\/new\/prodotto\/gps-etrex-10-garmin-2\/","title":{"rendered":"GPS eTrex 10 \u2013 Garmin"},"content":{"rendered":"<h2>GPS eTrex 10 Garmin<\/h2>\n<p>Solo Garmin \u00e8 in grado di migliorare eTrex. Il nuovo eTrex 10 conserva le funzionalit\u00e0 principali, la struttura robusta, la lunga autonomia della batteria e il rapporto qualit\u00e0\/prezzo che hanno reso eTrex il pi\u00f9 diffuso dispositivo GPS sul mercato. E\u2019 stata migliorata l\u2019interfaccia utente ed \u00e8 stato aggiunto il basemap mondiale, il geocaching informatizzato, e resi compatibili gli accessori per montaggio su manubrio. Stesso nome. Stessa qualit\u00e0. Tuttavia, eTrex 10 \u00e8 un dispositivo completamente nuovo, che solo Garmin poteva offrire.<\/p>\n<p><strong>Caratteristiche:<\/strong><br \/>\n\u2022 Mappa base mondiale<br \/>\n\u2022 Schermo in bianco e nero da 2,2\u2033, facile da leggere in qualsiasi condizione di illuminazione<br \/>\n\u2022 Satelliti GPS e GLONASS per una localizzazione pi\u00f9 rapida<br \/>\n\u2022 Funzione TracBack\u00ae<br \/>\n\u2022 Durata della batteria di 25 ore con 2 batterie AA<\/p>\n<p><strong>Visualizzazione del percorso<\/strong><br \/>\nIl dispositivo eTrex 10 \u00e8 dotato di un display monocromatico 2.2\u201d facile da leggere in qualsiasi condizione di illuminazione. Robusto e impermeabile, eTrex 10 \u00e8 progettato per resistere agli elementi atmosferici. L\u2019interfaccia facile da utilizzare consente di passare pi\u00f9 tempo all\u2019aria aperta, riducendo i tempi di ricerca delle informazioni. eTrex 10 \u00e8 dotato della resistenza necessaria per resistere ad elementi quali polvere, umidit\u00e0 o acqua, nessuno dei quali rappresenta una sfida per questo formidabile navigatore.<\/p>\n<p><strong>Divertimento<\/strong><br \/>\neTrex 10 supporta i file GPX di geocaching per il download delle geocache e dei dettagli direttamente sull\u2019unit\u00e0. Per iniziare l\u2019avventura con il geocaching, visitare OpenCachin.com. eTrex 10 memorizza e visualizza le informazioni chiave, inclusa posizione, terreno, difficolt\u00e0, suggerimenti e descrizioni; in questo modo, non sar\u00e0 pi\u00f9 necessario inserire manualmente le coordinate e stampare le mappe. \u00c8 sufficiente caricare il file GPX sull\u2019unit\u00e0 e avviare la ricerca di cache.<\/p>\n<p><strong>Mantenimento della posizione<\/strong><br \/>\nCon il ricevitore GPS ad alta sensibilit\u00e0, abilitato WAAS e le previsioni satellitari HotFix\u00ae, eTrex 10 individua la posizione rapidamente e in modo preciso e la mantiene in aree coperte e in zone montuose. Il vantaggio \u00e8 evidente: quando ci si trova nel fitto di un bosco o semplicemente vicino a edifici alti, eTrex 10 sar\u00e0 in grado di elaborare un percorso nel momento pi\u00f9 opportuno.<\/p>\n<p><strong>Rilevazioni avanzate<\/strong><br \/>\nLa nuova serie eTrex \u00e8 la prima in grado di rilevare contemporaneamente sia i satelliti GPS che GLONASS. GLONASS \u00e8 un sistema sviluppato dalla Federazione Russa che sar\u00e0 completamente operativo nel 2012. Quando si utilizzano i satelliti GLONASS, il tempo impiegato dal ricevitore per rilevare una posizione \u00e8 (in media) del 20 per cento minore rispetto al GPS. Inoltre, quando si utilizzano sia i satelliti GPS che GLONASS, il ricevitore \u00e8 in grado di ricevere segnali da 24 satelliti in pi\u00f9 rispetto al solo sistema GPS.<\/p>\n","protected":false},"excerpt":{"rendered":"<p>GPS eTrex 10 Garmin Solo Garmin \u00e8 in grado di migliorare eTrex. Il nuovo eTrex 10 conserva le funzionalit\u00e0 principali, la struttura robusta, la lunga autonomia della batteria e il rapporto qualit\u00e0\/prezzo che hanno reso eTrex il pi\u00f9 diffuso dispositivo GPS sul mercato. E\u2019 stata migliorata l\u2019interfaccia utente ed \u00e8 stato aggiunto il basemap mondiale, [&hellip;]<\/p>\n","protected":false},"featured_media":64059,"comment_status":"open","ping_status":"closed","template":"","meta":[],"product_cat":[220],"product_tag":[1181],"yoast_head":"<!-- This site is optimized with the Yoast SEO plugin v15.3 - https:\/\/yoast.com\/wordpress\/plugins\/seo\/ -->\n<title>GPS eTrex 10 \u2013 Garmin - Pesca Fish<\/title>\n<meta name=\"robots\" content=\"index, follow, max-snippet:-1, max-image-preview:large, max-video-preview:-1\" \/>\n<link rel=\"canonical\" href=\"https:\/\/www.pescafish.it\/new\/prodotto\/gps-etrex-10-garmin-2\/\" \/>\n<meta property=\"og:locale\" content=\"it_IT\" \/>\n<meta property=\"og:type\" content=\"article\" \/>\n<meta property=\"og:title\" content=\"GPS eTrex 10 \u2013 Garmin - Pesca Fish\" \/>\n<meta property=\"og:description\" content=\"GPS eTrex 10 Garmin Solo Garmin \u00e8 in grado di migliorare eTrex. Il nuovo eTrex 10 conserva le funzionalit\u00e0 principali, la struttura robusta, la lunga autonomia della batteria e il rapporto qualit\u00e0\/prezzo che hanno reso eTrex il pi\u00f9 diffuso dispositivo GPS sul mercato. E\u2019 stata migliorata l\u2019interfaccia utente ed \u00e8 stato aggiunto il basemap mondiale, [&hellip;]\" \/>\n<meta property=\"og:url\" content=\"https:\/\/www.pescafish.it\/new\/prodotto\/gps-etrex-10-garmin-2\/\" \/>\n<meta property=\"og:site_name\" content=\"Pesca Fish\" \/>\n<meta property=\"article:publisher\" content=\"https:\/\/www.facebook.com\/pescafishvr\/\" \/>\n<meta property=\"article:modified_time\" content=\"2022-05-25T17:27:40+00:00\" \/>\n<meta property=\"og:image\" content=\"https:\/\/www.pescafish.it\/new\/wp-content\/uploads\/2020\/12\/ETREX-10-GPS.png\" \/>\n\t<meta property=\"og:image:width\" content=\"589\" \/>\n\t<meta property=\"og:image:height\" content=\"599\" \/>\n<meta name=\"twitter:card\" content=\"summary_large_image\" \/>\n<meta name=\"twitter:label1\" content=\"Scritto da\">\n\t<meta name=\"twitter:data1\" content=\"francesca\">\n\t<meta name=\"twitter:label2\" content=\"Tempo di lettura stimato\">\n\t<meta name=\"twitter:data2\" content=\"2 minuti\">\n<script type=\"application\/ld+json\" class=\"yoast-schema-graph\">{\"@context\":\"https:\/\/schema.org\",\"@graph\":[{\"@type\":\"WebSite\",\"@id\":\"https:\/\/www.pescafish.it\/new\/#website\",\"url\":\"https:\/\/www.pescafish.it\/new\/\",\"name\":\"Pesca Fish\",\"description\":\"Benvenuti sul nostro sito!\",\"potentialAction\":[{\"@type\":\"SearchAction\",\"target\":\"https:\/\/www.pescafish.it\/new\/?s={search_term_string}\",\"query-input\":\"required name=search_term_string\"}],\"inLanguage\":\"it-IT\"},{\"@type\":\"ImageObject\",\"@id\":\"https:\/\/www.pescafish.it\/new\/prodotto\/gps-etrex-10-garmin-2\/#primaryimage\",\"inLanguage\":\"it-IT\",\"url\":\"https:\/\/www.pescafish.it\/new\/wp-content\/uploads\/2020\/12\/ETREX-10-GPS.png\",\"width\":589,\"height\":599},{\"@type\":\"WebPage\",\"@id\":\"https:\/\/www.pescafish.it\/new\/prodotto\/gps-etrex-10-garmin-2\/#webpage\",\"url\":\"https:\/\/www.pescafish.it\/new\/prodotto\/gps-etrex-10-garmin-2\/\",\"name\":\"GPS eTrex 10 \\u2013 Garmin - Pesca Fish\",\"isPartOf\":{\"@id\":\"https:\/\/www.pescafish.it\/new\/#website\"},\"primaryImageOfPage\":{\"@id\":\"https:\/\/www.pescafish.it\/new\/prodotto\/gps-etrex-10-garmin-2\/#primaryimage\"},\"datePublished\":\"2020-12-02T16:49:59+00:00\",\"dateModified\":\"2022-05-25T17:27:40+00:00\",\"inLanguage\":\"it-IT\",\"potentialAction\":[{\"@type\":\"ReadAction\",\"target\":[\"https:\/\/www.pescafish.it\/new\/prodotto\/gps-etrex-10-garmin-2\/\"]}]}]}<\/script>\n<!-- \/ Yoast SEO plugin. -->","_links":{"self":[{"href":"https:\/\/www.pescafish.it\/new\/wp-json\/wp\/v2\/product\/64058"}],"collection":[{"href":"https:\/\/www.pescafish.it\/new\/wp-json\/wp\/v2\/product"}],"about":[{"href":"https:\/\/www.pescafish.it\/new\/wp-json\/wp\/v2\/types\/product"}],"replies":[{"embeddable":true,"href":"https:\/\/www.pescafish.it\/new\/wp-json\/wp\/v2\/comments?post=64058"}],"wp:featuredmedia":[{"embeddable":true,"href":"https:\/\/www.pescafish.it\/new\/wp-json\/wp\/v2\/media\/64059"}],"wp:attachment":[{"href":"https:\/\/www.pescafish.it\/new\/wp-json\/wp\/v2\/media?parent=64058"}],"wp:term":[{"taxonomy":"product_cat","embeddable":true,"href":"https:\/\/www.pescafish.it\/new\/wp-json\/wp\/v2\/product_cat?post=64058"},{"taxonomy":"product_tag","embeddable":true,"href":"https:\/\/www.pescafish.it\/new\/wp-json\/wp\/v2\/product_tag?post=64058"}],"curies":[{"name":"wp","href":"https:\/\/api.w.org\/{rel}","templated":true}]}}