{"id":64027,"date":"2020-12-02T10:22:56","date_gmt":"2020-12-02T09:22:56","guid":{"rendered":"https:\/\/www.pescafish.it\/new\/?post_type=product&#038;p=64027"},"modified":"2024-04-03T11:03:14","modified_gmt":"2024-04-03T09:03:14","slug":"trago-spin-tail-molix","status":"publish","type":"product","link":"https:\/\/www.pescafish.it\/new\/prodotto\/trago-spin-tail-molix\/","title":{"rendered":"Trago Spin Tail 7g &#8211; Molix"},"content":{"rendered":"<p>Esca innovativa dal profilo compatto. Si caratterizza per la forma e l\u2019azione ultra realistica. Occhi 3D custom, equipaggiato con una girella di alta qualit\u00e0 per migliorare la rotazione e le vibrazioni emesse della Colorado blade posta in coda. \u00c8 perfetto per raggiungere grandi distanze sul lancio e per la pesca in verticale. Il Trago Spin Tail pu\u00f2 essere utilizzato con successo in qualsiasi specchio d\u2019acqua e per diverse tipologie di predatori. \u00c8 realizzato in lega di zinco nel rispetto della natura e degli ecosistemi.<\/p>\n<p><strong>Lunghezza:<\/strong> 2,4cm<br \/>\n<strong>Peso:<\/strong> 7g &#8211; 1\/4oz<\/p>\n<p><strong>Disponibile nelle seguenti colorazioni:<\/strong><br \/>\n<strong>TRST14-43<\/strong>\u00a0 43 &#8211; Giallo Metal<br \/>\n<strong>TRST14-45<\/strong>\u00a0 45 &#8211; Viola Metal<br \/>\n<strong>TRST14-46<\/strong>\u00a0 46 &#8211; GT<br \/>\n<strong>TRST14-326<\/strong>\u00a0 326 &#8211; MX Tennessee Shad<br \/>\n<strong>TRST14-124<\/strong>\u00a0 124 &#8211; Perch<br \/>\n<strong>TRST14-PS02<\/strong>\u00a0 PS02 &#8211; Red Yellow Tiger<\/p>\n","protected":false},"excerpt":{"rendered":"<p>Esca innovativa dal profilo compatto. Si caratterizza per la forma e l\u2019azione ultra realistica. Occhi 3D custom, equipaggiato con una girella di alta qualit\u00e0 per migliorare la rotazione e le vibrazioni emesse della Colorado blade posta in coda. \u00c8 perfetto per raggiungere grandi distanze sul lancio e per la pesca in verticale. Il Trago Spin [&hellip;]<\/p>\n","protected":false},"featured_media":64028,"comment_status":"closed","ping_status":"closed","template":"","meta":[],"product_cat":[620],"product_tag":[1025],"yoast_head":"<!-- This site is optimized with the Yoast SEO plugin v15.3 - https:\/\/yoast.com\/wordpress\/plugins\/seo\/ -->\n<title>Trago Spin Tail 7g - Molix - Pesca Fish<\/title>\n<meta name=\"robots\" content=\"index, follow, max-snippet:-1, max-image-preview:large, max-video-preview:-1\" \/>\n<link rel=\"canonical\" href=\"https:\/\/www.pescafish.it\/new\/prodotto\/trago-spin-tail-molix\/\" \/>\n<meta property=\"og:locale\" content=\"it_IT\" \/>\n<meta property=\"og:type\" content=\"article\" \/>\n<meta property=\"og:title\" content=\"Trago Spin Tail 7g - Molix - Pesca Fish\" \/>\n<meta property=\"og:description\" content=\"Esca innovativa dal profilo compatto. Si caratterizza per la forma e l\u2019azione ultra realistica. Occhi 3D custom, equipaggiato con una girella di alta qualit\u00e0 per migliorare la rotazione e le vibrazioni emesse della Colorado blade posta in coda. \u00c8 perfetto per raggiungere grandi distanze sul lancio e per la pesca in verticale. Il Trago Spin [&hellip;]\" \/>\n<meta property=\"og:url\" content=\"https:\/\/www.pescafish.it\/new\/prodotto\/trago-spin-tail-molix\/\" \/>\n<meta property=\"og:site_name\" content=\"Pesca Fish\" \/>\n<meta property=\"article:publisher\" content=\"https:\/\/www.facebook.com\/pescafishvr\/\" \/>\n<meta property=\"article:modified_time\" content=\"2024-04-03T09:03:14+00:00\" \/>\n<meta property=\"og:image\" content=\"https:\/\/www.pescafish.it\/new\/wp-content\/uploads\/2020\/12\/TRAGO-SPIN-TAIL_43-giallo-metal.jpg\" \/>\n\t<meta property=\"og:image:width\" content=\"1000\" \/>\n\t<meta property=\"og:image:height\" content=\"874\" \/>\n<meta name=\"twitter:card\" content=\"summary_large_image\" \/>\n<meta name=\"twitter:label1\" content=\"Scritto da\">\n\t<meta name=\"twitter:data1\" content=\"francesca\">\n\t<meta name=\"twitter:label2\" content=\"Tempo di lettura stimato\">\n\t<meta name=\"twitter:data2\" content=\"1 minuto\">\n<script type=\"application\/ld+json\" class=\"yoast-schema-graph\">{\"@context\":\"https:\/\/schema.org\",\"@graph\":[{\"@type\":\"WebSite\",\"@id\":\"https:\/\/www.pescafish.it\/new\/#website\",\"url\":\"https:\/\/www.pescafish.it\/new\/\",\"name\":\"Pesca Fish\",\"description\":\"Benvenuti sul nostro sito!\",\"potentialAction\":[{\"@type\":\"SearchAction\",\"target\":\"https:\/\/www.pescafish.it\/new\/?s={search_term_string}\",\"query-input\":\"required name=search_term_string\"}],\"inLanguage\":\"it-IT\"},{\"@type\":\"ImageObject\",\"@id\":\"https:\/\/www.pescafish.it\/new\/prodotto\/trago-spin-tail-molix\/#primaryimage\",\"inLanguage\":\"it-IT\",\"url\":\"https:\/\/www.pescafish.it\/new\/wp-content\/uploads\/2020\/12\/TRAGO-SPIN-TAIL_43-giallo-metal.jpg\",\"width\":1000,\"height\":874,\"caption\":\"trago spin tail molix\"},{\"@type\":\"WebPage\",\"@id\":\"https:\/\/www.pescafish.it\/new\/prodotto\/trago-spin-tail-molix\/#webpage\",\"url\":\"https:\/\/www.pescafish.it\/new\/prodotto\/trago-spin-tail-molix\/\",\"name\":\"Trago Spin Tail 7g - Molix - Pesca Fish\",\"isPartOf\":{\"@id\":\"https:\/\/www.pescafish.it\/new\/#website\"},\"primaryImageOfPage\":{\"@id\":\"https:\/\/www.pescafish.it\/new\/prodotto\/trago-spin-tail-molix\/#primaryimage\"},\"datePublished\":\"2020-12-02T09:22:56+00:00\",\"dateModified\":\"2024-04-03T09:03:14+00:00\",\"inLanguage\":\"it-IT\",\"potentialAction\":[{\"@type\":\"ReadAction\",\"target\":[\"https:\/\/www.pescafish.it\/new\/prodotto\/trago-spin-tail-molix\/\"]}]}]}<\/script>\n<!-- \/ Yoast SEO plugin. -->","_links":{"self":[{"href":"https:\/\/www.pescafish.it\/new\/wp-json\/wp\/v2\/product\/64027"}],"collection":[{"href":"https:\/\/www.pescafish.it\/new\/wp-json\/wp\/v2\/product"}],"about":[{"href":"https:\/\/www.pescafish.it\/new\/wp-json\/wp\/v2\/types\/product"}],"replies":[{"embeddable":true,"href":"https:\/\/www.pescafish.it\/new\/wp-json\/wp\/v2\/comments?post=64027"}],"wp:featuredmedia":[{"embeddable":true,"href":"https:\/\/www.pescafish.it\/new\/wp-json\/wp\/v2\/media\/64028"}],"wp:attachment":[{"href":"https:\/\/www.pescafish.it\/new\/wp-json\/wp\/v2\/media?parent=64027"}],"wp:term":[{"taxonomy":"product_cat","embeddable":true,"href":"https:\/\/www.pescafish.it\/new\/wp-json\/wp\/v2\/product_cat?post=64027"},{"taxonomy":"product_tag","embeddable":true,"href":"https:\/\/www.pescafish.it\/new\/wp-json\/wp\/v2\/product_tag?post=64027"}],"curies":[{"name":"wp","href":"https:\/\/api.w.org\/{rel}","templated":true}]}}