{"id":63836,"date":"2020-11-24T16:22:30","date_gmt":"2020-11-24T15:22:30","guid":{"rendered":"https:\/\/www.pescafish.it\/new\/?post_type=product&#038;p=63836"},"modified":"2021-06-24T18:12:03","modified_gmt":"2021-06-24T16:12:03","slug":"elastico-eyebrydhol-milo","status":"publish","type":"product","link":"https:\/\/www.pescafish.it\/new\/prodotto\/elastico-eyebrydhol-milo\/","title":{"rendered":"Elastico Eyebrydhol &#8211; Milo"},"content":{"rendered":"<p>Il nuovissimo Eyebrydhol integra la gamma di indiscutibile successo dei nostri elastici. \u00c8 realizzato in puro lattice naturale e disponibile in buste da ben 6 metri. Si tratta di una evoluzione del richiestissimo ed affidabile elastico MiHol: possiede il mede-simo coefficiente di allungamento di 1:8 ma si distingue per un incremento del grado di resistenza all\u2019abrasione. Dispone infatti di pareti pi\u00f9 generose in termini di spessore che lo proteggo-no maggiormente dall\u2019usura anche nelle fasi di maggiore stress, garantendogli cos\u00ec vita pi\u00f9 lunga. Disponibile in vasta gamma, \u00e8 consigliato sia per le pesche al pesce bianco, sia nelle acque commerciali. Ottimo rapporto qualit\u00e0 \u2013 prezzo.<\/p>\n<p><strong>Disponibile nelle seguenti misure:<\/strong><br \/>\n<strong>606VV0100-2.5<\/strong>\u00a0 \u00d8 2,50mm &#8211; Yellow<br \/>\n<strong>606vv0100-3<\/strong>\u00a0 \u00d8 3mm &#8211; Black<\/p>\n<p><strong>Confezione da 6 metri<\/strong><\/p>\n","protected":false},"excerpt":{"rendered":"<p>Il nuovissimo Eyebrydhol integra la gamma di indiscutibile successo dei nostri elastici. \u00c8 realizzato in puro lattice naturale e disponibile in buste da ben 6 metri. Si tratta di una evoluzione del richiestissimo ed affidabile elastico MiHol: possiede il mede-simo coefficiente di allungamento di 1:8 ma si distingue per un incremento del grado di resistenza [&hellip;]<\/p>\n","protected":false},"featured_media":63837,"comment_status":"closed","ping_status":"closed","template":"","meta":[],"product_cat":[177],"product_tag":[1033],"yoast_head":"<!-- This site is optimized with the Yoast SEO plugin v15.3 - https:\/\/yoast.com\/wordpress\/plugins\/seo\/ -->\n<title>Elastico Eyebrydhol - Milo - Pesca Fish<\/title>\n<meta name=\"robots\" content=\"index, follow, max-snippet:-1, max-image-preview:large, max-video-preview:-1\" \/>\n<link rel=\"canonical\" href=\"https:\/\/www.pescafish.it\/new\/prodotto\/elastico-eyebrydhol-milo\/\" \/>\n<meta property=\"og:locale\" content=\"it_IT\" \/>\n<meta property=\"og:type\" content=\"article\" \/>\n<meta property=\"og:title\" content=\"Elastico Eyebrydhol - Milo - Pesca Fish\" \/>\n<meta property=\"og:description\" content=\"Il nuovissimo Eyebrydhol integra la gamma di indiscutibile successo dei nostri elastici. \u00c8 realizzato in puro lattice naturale e disponibile in buste da ben 6 metri. Si tratta di una evoluzione del richiestissimo ed affidabile elastico MiHol: possiede il mede-simo coefficiente di allungamento di 1:8 ma si distingue per un incremento del grado di resistenza [&hellip;]\" \/>\n<meta property=\"og:url\" content=\"https:\/\/www.pescafish.it\/new\/prodotto\/elastico-eyebrydhol-milo\/\" \/>\n<meta property=\"og:site_name\" content=\"Pesca Fish\" \/>\n<meta property=\"article:publisher\" content=\"https:\/\/www.facebook.com\/pescafishvr\/\" \/>\n<meta property=\"article:modified_time\" content=\"2021-06-24T16:12:03+00:00\" \/>\n<meta property=\"og:image\" content=\"https:\/\/www.pescafish.it\/new\/wp-content\/uploads\/2020\/11\/ELASTICO-EYEBRYDOL-MILO.jpg\" \/>\n\t<meta property=\"og:image:width\" content=\"825\" \/>\n\t<meta property=\"og:image:height\" content=\"925\" \/>\n<meta name=\"twitter:card\" content=\"summary_large_image\" \/>\n<meta name=\"twitter:label1\" content=\"Scritto da\">\n\t<meta name=\"twitter:data1\" content=\"francesca\">\n\t<meta name=\"twitter:label2\" content=\"Tempo di lettura stimato\">\n\t<meta name=\"twitter:data2\" content=\"0 minuti\">\n<script type=\"application\/ld+json\" class=\"yoast-schema-graph\">{\"@context\":\"https:\/\/schema.org\",\"@graph\":[{\"@type\":\"WebSite\",\"@id\":\"https:\/\/www.pescafish.it\/new\/#website\",\"url\":\"https:\/\/www.pescafish.it\/new\/\",\"name\":\"Pesca Fish\",\"description\":\"Benvenuti sul nostro sito!\",\"potentialAction\":[{\"@type\":\"SearchAction\",\"target\":\"https:\/\/www.pescafish.it\/new\/?s={search_term_string}\",\"query-input\":\"required name=search_term_string\"}],\"inLanguage\":\"it-IT\"},{\"@type\":\"ImageObject\",\"@id\":\"https:\/\/www.pescafish.it\/new\/prodotto\/elastico-eyebrydhol-milo\/#primaryimage\",\"inLanguage\":\"it-IT\",\"url\":\"https:\/\/www.pescafish.it\/new\/wp-content\/uploads\/2020\/11\/ELASTICO-EYEBRYDOL-MILO.jpg\",\"width\":825,\"height\":925,\"caption\":\"elastico eyebrydhol milo\"},{\"@type\":\"WebPage\",\"@id\":\"https:\/\/www.pescafish.it\/new\/prodotto\/elastico-eyebrydhol-milo\/#webpage\",\"url\":\"https:\/\/www.pescafish.it\/new\/prodotto\/elastico-eyebrydhol-milo\/\",\"name\":\"Elastico Eyebrydhol - Milo - Pesca Fish\",\"isPartOf\":{\"@id\":\"https:\/\/www.pescafish.it\/new\/#website\"},\"primaryImageOfPage\":{\"@id\":\"https:\/\/www.pescafish.it\/new\/prodotto\/elastico-eyebrydhol-milo\/#primaryimage\"},\"datePublished\":\"2020-11-24T15:22:30+00:00\",\"dateModified\":\"2021-06-24T16:12:03+00:00\",\"inLanguage\":\"it-IT\",\"potentialAction\":[{\"@type\":\"ReadAction\",\"target\":[\"https:\/\/www.pescafish.it\/new\/prodotto\/elastico-eyebrydhol-milo\/\"]}]}]}<\/script>\n<!-- \/ Yoast SEO plugin. -->","_links":{"self":[{"href":"https:\/\/www.pescafish.it\/new\/wp-json\/wp\/v2\/product\/63836"}],"collection":[{"href":"https:\/\/www.pescafish.it\/new\/wp-json\/wp\/v2\/product"}],"about":[{"href":"https:\/\/www.pescafish.it\/new\/wp-json\/wp\/v2\/types\/product"}],"replies":[{"embeddable":true,"href":"https:\/\/www.pescafish.it\/new\/wp-json\/wp\/v2\/comments?post=63836"}],"wp:featuredmedia":[{"embeddable":true,"href":"https:\/\/www.pescafish.it\/new\/wp-json\/wp\/v2\/media\/63837"}],"wp:attachment":[{"href":"https:\/\/www.pescafish.it\/new\/wp-json\/wp\/v2\/media?parent=63836"}],"wp:term":[{"taxonomy":"product_cat","embeddable":true,"href":"https:\/\/www.pescafish.it\/new\/wp-json\/wp\/v2\/product_cat?post=63836"},{"taxonomy":"product_tag","embeddable":true,"href":"https:\/\/www.pescafish.it\/new\/wp-json\/wp\/v2\/product_tag?post=63836"}],"curies":[{"name":"wp","href":"https:\/\/api.w.org\/{rel}","templated":true}]}}