{"id":63646,"date":"2020-11-20T10:48:48","date_gmt":"2020-11-20T09:48:48","guid":{"rendered":"https:\/\/www.pescafish.it\/new\/?post_type=product&#038;p=63646"},"modified":"2025-03-24T16:00:49","modified_gmt":"2025-03-24T15:00:49","slug":"leppa-44-seaspin","status":"publish","type":"product","link":"https:\/\/www.pescafish.it\/new\/prodotto\/leppa-44-seaspin\/","title":{"rendered":"Leppa 44 &#8211; Seaspin"},"content":{"rendered":"<p>Il Leppa \u00e9 un metal jig dalla forma appiattita, non per niente Leppa, in dialetto sardo, significa \u00abcoltello\u00bb, ed infatti la sua fisionomia ricorda molto quella di un pugnale. La forma particolarmente piatta ed aereodinamica, unita al baricentro spostato nella parte posteriore, gli permettono lanci sorprendenti. Nel recupero permette molte personalizzazioni: riesce a garantire un nuoto nervoso e molto adescante anche sul recupero lineare e a velocit\u00e0 molto basse e nello stesso tempo sulle jerkate risponde con degli evidenti scatti laterali quasi fosse una jerk bait invece di un metal jig; a canna alta e velocit\u00e0 sostenuta \u00e8 possibile farlo nuotare appena sotto la superfice sfruttando i vortici che andr\u00e0 a creare come ulteriore fonte di attrattiva per i predatori.<br \/>\nViene proposto con un apposito amo singolo (G\u00e0mu round hook) al posto della classica ancoretta, perch\u00e9 \u00e8 una conformazione pi\u00f9 affidabile nei confronti dei grossi predatori marini. Ottimo sia per l\u2019utilizzo da terra che dalla barca, \u00e8 indicato per la ricerca di un gran numero di predatori in particolare pelagici come tunnidi vari, palamite, ricciole e lampughe. Non viene per\u00f2 disdegnato da predatori del sotto costa come dentici e serra. Ottimo artificiale per la pesca sulle mangianze off shore dove le sue caratteristiche di nuoto consentono passaggi molto lenti che permettono di restare per pi\u00f9 tempo nella zona di frenesia.<\/p>\n<p><strong>Lunghezza:<\/strong> 95mm<br \/>\n<strong>Peso:<\/strong> 44gr<br \/>\n<strong>Azione:<\/strong> Sinking<\/p>\n<p><strong>Disponibile nelle seguenti colorazioni:<\/strong><br \/>\n<strong>UT3745<\/strong>\u00a0 ACC<br \/>\n<strong>UT3787\u00a0<\/strong> PPW<\/p>\n","protected":false},"excerpt":{"rendered":"<p>Il Leppa \u00e9 un metal jig dalla forma appiattita, non per niente Leppa, in dialetto sardo, significa \u00abcoltello\u00bb, ed infatti la sua fisionomia ricorda molto quella di un pugnale. La forma particolarmente piatta ed aereodinamica, unita al baricentro spostato nella parte posteriore, gli permettono lanci sorprendenti. Nel recupero permette molte personalizzazioni: riesce a garantire un [&hellip;]<\/p>\n","protected":false},"featured_media":63649,"comment_status":"closed","ping_status":"closed","template":"","meta":[],"product_cat":[692,632],"product_tag":[1166],"yoast_head":"<!-- This site is optimized with the Yoast SEO plugin v15.3 - https:\/\/yoast.com\/wordpress\/plugins\/seo\/ -->\n<title>Leppa 44 - Seaspin - Pesca Fish<\/title>\n<meta name=\"robots\" content=\"index, follow, max-snippet:-1, max-image-preview:large, max-video-preview:-1\" \/>\n<link rel=\"canonical\" href=\"https:\/\/www.pescafish.it\/new\/prodotto\/leppa-44-seaspin\/\" \/>\n<meta property=\"og:locale\" content=\"it_IT\" \/>\n<meta property=\"og:type\" content=\"article\" \/>\n<meta property=\"og:title\" content=\"Leppa 44 - Seaspin - Pesca Fish\" \/>\n<meta property=\"og:description\" content=\"Il Leppa \u00e9 un metal jig dalla forma appiattita, non per niente Leppa, in dialetto sardo, significa \u00abcoltello\u00bb, ed infatti la sua fisionomia ricorda molto quella di un pugnale. La forma particolarmente piatta ed aereodinamica, unita al baricentro spostato nella parte posteriore, gli permettono lanci sorprendenti. Nel recupero permette molte personalizzazioni: riesce a garantire un [&hellip;]\" \/>\n<meta property=\"og:url\" content=\"https:\/\/www.pescafish.it\/new\/prodotto\/leppa-44-seaspin\/\" \/>\n<meta property=\"og:site_name\" content=\"Pesca Fish\" \/>\n<meta property=\"article:publisher\" content=\"https:\/\/www.facebook.com\/pescafishvr\/\" \/>\n<meta property=\"article:modified_time\" content=\"2025-03-24T15:00:49+00:00\" \/>\n<meta property=\"og:image\" content=\"https:\/\/www.pescafish.it\/new\/wp-content\/uploads\/2020\/11\/leppa-22_ppw.jpg\" \/>\n\t<meta property=\"og:image:width\" content=\"1000\" \/>\n\t<meta property=\"og:image:height\" content=\"663\" \/>\n<meta name=\"twitter:card\" content=\"summary_large_image\" \/>\n<meta name=\"twitter:label1\" content=\"Scritto da\">\n\t<meta name=\"twitter:data1\" content=\"francesca\">\n\t<meta name=\"twitter:label2\" content=\"Tempo di lettura stimato\">\n\t<meta name=\"twitter:data2\" content=\"1 minuto\">\n<script type=\"application\/ld+json\" class=\"yoast-schema-graph\">{\"@context\":\"https:\/\/schema.org\",\"@graph\":[{\"@type\":\"WebSite\",\"@id\":\"https:\/\/www.pescafish.it\/new\/#website\",\"url\":\"https:\/\/www.pescafish.it\/new\/\",\"name\":\"Pesca Fish\",\"description\":\"Benvenuti sul nostro sito!\",\"potentialAction\":[{\"@type\":\"SearchAction\",\"target\":\"https:\/\/www.pescafish.it\/new\/?s={search_term_string}\",\"query-input\":\"required name=search_term_string\"}],\"inLanguage\":\"it-IT\"},{\"@type\":\"ImageObject\",\"@id\":\"https:\/\/www.pescafish.it\/new\/prodotto\/leppa-44-seaspin\/#primaryimage\",\"inLanguage\":\"it-IT\",\"url\":\"https:\/\/www.pescafish.it\/new\/wp-content\/uploads\/2020\/11\/leppa-22_ppw.jpg\",\"width\":1000,\"height\":663,\"caption\":\"leppa 44 seaspin\"},{\"@type\":\"WebPage\",\"@id\":\"https:\/\/www.pescafish.it\/new\/prodotto\/leppa-44-seaspin\/#webpage\",\"url\":\"https:\/\/www.pescafish.it\/new\/prodotto\/leppa-44-seaspin\/\",\"name\":\"Leppa 44 - Seaspin - Pesca Fish\",\"isPartOf\":{\"@id\":\"https:\/\/www.pescafish.it\/new\/#website\"},\"primaryImageOfPage\":{\"@id\":\"https:\/\/www.pescafish.it\/new\/prodotto\/leppa-44-seaspin\/#primaryimage\"},\"datePublished\":\"2020-11-20T09:48:48+00:00\",\"dateModified\":\"2025-03-24T15:00:49+00:00\",\"inLanguage\":\"it-IT\",\"potentialAction\":[{\"@type\":\"ReadAction\",\"target\":[\"https:\/\/www.pescafish.it\/new\/prodotto\/leppa-44-seaspin\/\"]}]}]}<\/script>\n<!-- \/ Yoast SEO plugin. -->","_links":{"self":[{"href":"https:\/\/www.pescafish.it\/new\/wp-json\/wp\/v2\/product\/63646"}],"collection":[{"href":"https:\/\/www.pescafish.it\/new\/wp-json\/wp\/v2\/product"}],"about":[{"href":"https:\/\/www.pescafish.it\/new\/wp-json\/wp\/v2\/types\/product"}],"replies":[{"embeddable":true,"href":"https:\/\/www.pescafish.it\/new\/wp-json\/wp\/v2\/comments?post=63646"}],"wp:featuredmedia":[{"embeddable":true,"href":"https:\/\/www.pescafish.it\/new\/wp-json\/wp\/v2\/media\/63649"}],"wp:attachment":[{"href":"https:\/\/www.pescafish.it\/new\/wp-json\/wp\/v2\/media?parent=63646"}],"wp:term":[{"taxonomy":"product_cat","embeddable":true,"href":"https:\/\/www.pescafish.it\/new\/wp-json\/wp\/v2\/product_cat?post=63646"},{"taxonomy":"product_tag","embeddable":true,"href":"https:\/\/www.pescafish.it\/new\/wp-json\/wp\/v2\/product_tag?post=63646"}],"curies":[{"name":"wp","href":"https:\/\/api.w.org\/{rel}","templated":true}]}}