{"id":63616,"date":"2020-11-20T09:20:26","date_gmt":"2020-11-20T08:20:26","guid":{"rendered":"https:\/\/www.pescafish.it\/new\/?post_type=product&#038;p=63616"},"modified":"2025-11-24T17:00:35","modified_gmt":"2025-11-24T16:00:35","slug":"top-kit-rig-clips-matrix-fox","status":"publish","type":"product","link":"https:\/\/www.pescafish.it\/new\/prodotto\/top-kit-rig-clips-matrix-fox\/","title":{"rendered":"Top Kit Rig Clips &#8211; Matrix Fox"},"content":{"rendered":"<h2><strong>Top Kit Rig Clips<\/strong><\/h2>\n<p><strong>Caratteristiche:<\/strong><\/p>\n<p>\u2022 Disegnate per proteggere l\u2019elastico della roubaisienne e tenere al sicuro il rig quando si spostano i top kit<br \/>\n\u2022 Il rig \u00e8 agevolmente bloccato in modo sicuro quando il vostro top kit \u00e8 diviso a met\u00e0<br \/>\n\u2022 Vi consentono di trasportare i vostri kit sulla sponda con i terminali gi\u00e0 collegati<br \/>\n\u2022 Realizzate tramite stampo in morbido TPR per prevenire qualsiasi danno al vostro terminale o al vostro top kit<br \/>\n\u2022 Idonee per elastici da 0.6 mm fino a 2.8 mm<br \/>\n\u2022 6 clip per confezione<\/p>\n","protected":false},"excerpt":{"rendered":"<p>Top Kit Rig Clips Caratteristiche: \u2022 Disegnate per proteggere l\u2019elastico della roubaisienne e tenere al sicuro il rig quando si spostano i top kit \u2022 Il rig \u00e8 agevolmente bloccato in modo sicuro quando il vostro top kit \u00e8 diviso a met\u00e0 \u2022 Vi consentono di trasportare i vostri kit sulla sponda con i terminali [&hellip;]<\/p>\n","protected":false},"featured_media":63619,"comment_status":"closed","ping_status":"closed","template":"","meta":[],"product_cat":[190],"product_tag":[1021],"yoast_head":"<!-- This site is optimized with the Yoast SEO plugin v15.3 - https:\/\/yoast.com\/wordpress\/plugins\/seo\/ -->\n<title>Top Kit Rig Clips - Matrix Fox - Pesca Fish<\/title>\n<meta name=\"robots\" content=\"index, follow, max-snippet:-1, max-image-preview:large, max-video-preview:-1\" \/>\n<link rel=\"canonical\" href=\"https:\/\/www.pescafish.it\/new\/prodotto\/top-kit-rig-clips-matrix-fox\/\" \/>\n<meta property=\"og:locale\" content=\"it_IT\" \/>\n<meta property=\"og:type\" content=\"article\" \/>\n<meta property=\"og:title\" content=\"Top Kit Rig Clips - Matrix Fox - Pesca Fish\" \/>\n<meta property=\"og:description\" content=\"Top Kit Rig Clips Caratteristiche: \u2022 Disegnate per proteggere l\u2019elastico della roubaisienne e tenere al sicuro il rig quando si spostano i top kit \u2022 Il rig \u00e8 agevolmente bloccato in modo sicuro quando il vostro top kit \u00e8 diviso a met\u00e0 \u2022 Vi consentono di trasportare i vostri kit sulla sponda con i terminali [&hellip;]\" \/>\n<meta property=\"og:url\" content=\"https:\/\/www.pescafish.it\/new\/prodotto\/top-kit-rig-clips-matrix-fox\/\" \/>\n<meta property=\"og:site_name\" content=\"Pesca Fish\" \/>\n<meta property=\"article:publisher\" content=\"https:\/\/www.facebook.com\/pescafishvr\/\" \/>\n<meta property=\"article:modified_time\" content=\"2025-11-24T16:00:35+00:00\" \/>\n<meta property=\"og:image\" content=\"https:\/\/www.pescafish.it\/new\/wp-content\/uploads\/2020\/11\/matrix_top_kit_clip_group.jpg\" \/>\n\t<meta property=\"og:image:width\" content=\"800\" \/>\n\t<meta property=\"og:image:height\" content=\"534\" \/>\n<meta name=\"twitter:card\" content=\"summary_large_image\" \/>\n<meta name=\"twitter:label1\" content=\"Scritto da\">\n\t<meta name=\"twitter:data1\" content=\"francesca\">\n\t<meta name=\"twitter:label2\" content=\"Tempo di lettura stimato\">\n\t<meta name=\"twitter:data2\" content=\"0 minuti\">\n<script type=\"application\/ld+json\" class=\"yoast-schema-graph\">{\"@context\":\"https:\/\/schema.org\",\"@graph\":[{\"@type\":\"WebSite\",\"@id\":\"https:\/\/www.pescafish.it\/new\/#website\",\"url\":\"https:\/\/www.pescafish.it\/new\/\",\"name\":\"Pesca Fish\",\"description\":\"Benvenuti sul nostro sito!\",\"potentialAction\":[{\"@type\":\"SearchAction\",\"target\":\"https:\/\/www.pescafish.it\/new\/?s={search_term_string}\",\"query-input\":\"required name=search_term_string\"}],\"inLanguage\":\"it-IT\"},{\"@type\":\"ImageObject\",\"@id\":\"https:\/\/www.pescafish.it\/new\/prodotto\/top-kit-rig-clips-matrix-fox\/#primaryimage\",\"inLanguage\":\"it-IT\",\"url\":\"https:\/\/www.pescafish.it\/new\/wp-content\/uploads\/2020\/11\/matrix_top_kit_clip_group.jpg\",\"width\":800,\"height\":534,\"caption\":\"Matrix Fox\"},{\"@type\":\"WebPage\",\"@id\":\"https:\/\/www.pescafish.it\/new\/prodotto\/top-kit-rig-clips-matrix-fox\/#webpage\",\"url\":\"https:\/\/www.pescafish.it\/new\/prodotto\/top-kit-rig-clips-matrix-fox\/\",\"name\":\"Top Kit Rig Clips - Matrix Fox - Pesca Fish\",\"isPartOf\":{\"@id\":\"https:\/\/www.pescafish.it\/new\/#website\"},\"primaryImageOfPage\":{\"@id\":\"https:\/\/www.pescafish.it\/new\/prodotto\/top-kit-rig-clips-matrix-fox\/#primaryimage\"},\"datePublished\":\"2020-11-20T08:20:26+00:00\",\"dateModified\":\"2025-11-24T16:00:35+00:00\",\"inLanguage\":\"it-IT\",\"potentialAction\":[{\"@type\":\"ReadAction\",\"target\":[\"https:\/\/www.pescafish.it\/new\/prodotto\/top-kit-rig-clips-matrix-fox\/\"]}]}]}<\/script>\n<!-- \/ Yoast SEO plugin. -->","_links":{"self":[{"href":"https:\/\/www.pescafish.it\/new\/wp-json\/wp\/v2\/product\/63616"}],"collection":[{"href":"https:\/\/www.pescafish.it\/new\/wp-json\/wp\/v2\/product"}],"about":[{"href":"https:\/\/www.pescafish.it\/new\/wp-json\/wp\/v2\/types\/product"}],"replies":[{"embeddable":true,"href":"https:\/\/www.pescafish.it\/new\/wp-json\/wp\/v2\/comments?post=63616"}],"wp:featuredmedia":[{"embeddable":true,"href":"https:\/\/www.pescafish.it\/new\/wp-json\/wp\/v2\/media\/63619"}],"wp:attachment":[{"href":"https:\/\/www.pescafish.it\/new\/wp-json\/wp\/v2\/media?parent=63616"}],"wp:term":[{"taxonomy":"product_cat","embeddable":true,"href":"https:\/\/www.pescafish.it\/new\/wp-json\/wp\/v2\/product_cat?post=63616"},{"taxonomy":"product_tag","embeddable":true,"href":"https:\/\/www.pescafish.it\/new\/wp-json\/wp\/v2\/product_tag?post=63616"}],"curies":[{"name":"wp","href":"https:\/\/api.w.org\/{rel}","templated":true}]}}