{"id":63279,"date":"2020-11-11T15:27:58","date_gmt":"2020-11-11T14:27:58","guid":{"rendered":"https:\/\/www.pescafish.it\/new\/?post_type=product&#038;p=63279"},"modified":"2025-01-11T18:13:39","modified_gmt":"2025-01-11T17:13:39","slug":"li-worm-nano-valkein","status":"publish","type":"product","link":"https:\/\/www.pescafish.it\/new\/prodotto\/li-worm-nano-valkein\/","title":{"rendered":"Li-Worm Nano &#8211; ValkeIn"},"content":{"rendered":"<p>L&#8217;evoluzione del Li-Worm \u00e8 questa versione nominata Li-Worm Nano di casa ValkeIN. La caratteristica principale del Li-Worm Nano \u00e8 l&#8217;azione vibrante durante la discesa sul fondo ed il recupero, che pu\u00f2 essere percepita attraverso la canna. Questo vi porter\u00e0 la trota che desideri!<\/p>\n<p><strong>Lunghezza:<\/strong> 28mm<br \/>\n<strong>Peso:<\/strong> 2,3gr<br \/>\n<strong>Azione:<\/strong> Sinking<\/p>\n<p><strong>Disponibile nelle seguenti colorazioni:<\/strong><br \/>\n<strong>LIWNR-IT1901\u00a0<span style=\"color: #ff0000;\"> IT19-01<\/span><\/strong><br \/>\n<strong>LIWNR-IT1903\u00a0<span style=\"color: #ff0000;\"> IT19-03<\/span><\/strong><br \/>\n<strong>LIWNR-IT1905\u00a0<span style=\"color: #ff0000;\"> IT19-05<\/span><\/strong><br \/>\n<strong>LIWNR-IT1906\u00a0<span style=\"color: #ff0000;\"> IT19-06<\/span><\/strong><\/p>\n","protected":false},"excerpt":{"rendered":"<p>L&#8217;evoluzione del Li-Worm \u00e8 questa versione nominata Li-Worm Nano di casa ValkeIN. La caratteristica principale del Li-Worm Nano \u00e8 l&#8217;azione vibrante durante la discesa sul fondo ed il recupero, che pu\u00f2 essere percepita attraverso la canna. Questo vi porter\u00e0 la trota che desideri! Lunghezza: 28mm Peso: 2,3gr Azione: Sinking Disponibile nelle seguenti colorazioni: LIWNR-IT1901\u00a0 IT19-01 [&hellip;]<\/p>\n","protected":false},"featured_media":63284,"comment_status":"open","ping_status":"closed","template":"","meta":[],"product_cat":[923],"product_tag":[1174],"yoast_head":"<!-- This site is optimized with the Yoast SEO plugin v15.3 - https:\/\/yoast.com\/wordpress\/plugins\/seo\/ -->\n<title>Li-Worm Nano - ValkeIn - Pesca Fish<\/title>\n<meta name=\"robots\" content=\"index, follow, max-snippet:-1, max-image-preview:large, max-video-preview:-1\" \/>\n<link rel=\"canonical\" href=\"https:\/\/www.pescafish.it\/new\/prodotto\/li-worm-nano-valkein\/\" \/>\n<meta property=\"og:locale\" content=\"it_IT\" \/>\n<meta property=\"og:type\" content=\"article\" \/>\n<meta property=\"og:title\" content=\"Li-Worm Nano - ValkeIn - Pesca Fish\" \/>\n<meta property=\"og:description\" content=\"L&#8217;evoluzione del Li-Worm \u00e8 questa versione nominata Li-Worm Nano di casa ValkeIN. La caratteristica principale del Li-Worm Nano \u00e8 l&#8217;azione vibrante durante la discesa sul fondo ed il recupero, che pu\u00f2 essere percepita attraverso la canna. Questo vi porter\u00e0 la trota che desideri! Lunghezza: 28mm Peso: 2,3gr Azione: Sinking Disponibile nelle seguenti colorazioni: LIWNR-IT1901\u00a0 IT19-01 [&hellip;]\" \/>\n<meta property=\"og:url\" content=\"https:\/\/www.pescafish.it\/new\/prodotto\/li-worm-nano-valkein\/\" \/>\n<meta property=\"og:site_name\" content=\"Pesca Fish\" \/>\n<meta property=\"article:publisher\" content=\"https:\/\/www.facebook.com\/pescafishvr\/\" \/>\n<meta property=\"article:modified_time\" content=\"2025-01-11T17:13:39+00:00\" \/>\n<meta property=\"og:image\" content=\"https:\/\/www.pescafish.it\/new\/wp-content\/uploads\/2020\/11\/LI-WORM-NANO_IT19-01.jpg\" \/>\n\t<meta property=\"og:image:width\" content=\"840\" \/>\n\t<meta property=\"og:image:height\" content=\"822\" \/>\n<meta name=\"twitter:card\" content=\"summary_large_image\" \/>\n<meta name=\"twitter:label1\" content=\"Scritto da\">\n\t<meta name=\"twitter:data1\" content=\"francesca\">\n\t<meta name=\"twitter:label2\" content=\"Tempo di lettura stimato\">\n\t<meta name=\"twitter:data2\" content=\"0 minuti\">\n<script type=\"application\/ld+json\" class=\"yoast-schema-graph\">{\"@context\":\"https:\/\/schema.org\",\"@graph\":[{\"@type\":\"WebSite\",\"@id\":\"https:\/\/www.pescafish.it\/new\/#website\",\"url\":\"https:\/\/www.pescafish.it\/new\/\",\"name\":\"Pesca Fish\",\"description\":\"Benvenuti sul nostro sito!\",\"potentialAction\":[{\"@type\":\"SearchAction\",\"target\":\"https:\/\/www.pescafish.it\/new\/?s={search_term_string}\",\"query-input\":\"required name=search_term_string\"}],\"inLanguage\":\"it-IT\"},{\"@type\":\"ImageObject\",\"@id\":\"https:\/\/www.pescafish.it\/new\/prodotto\/li-worm-nano-valkein\/#primaryimage\",\"inLanguage\":\"it-IT\",\"url\":\"https:\/\/www.pescafish.it\/new\/wp-content\/uploads\/2020\/11\/LI-WORM-NANO_IT19-01.jpg\",\"width\":840,\"height\":822,\"caption\":\"li worm nano valkein\"},{\"@type\":\"WebPage\",\"@id\":\"https:\/\/www.pescafish.it\/new\/prodotto\/li-worm-nano-valkein\/#webpage\",\"url\":\"https:\/\/www.pescafish.it\/new\/prodotto\/li-worm-nano-valkein\/\",\"name\":\"Li-Worm Nano - ValkeIn - Pesca Fish\",\"isPartOf\":{\"@id\":\"https:\/\/www.pescafish.it\/new\/#website\"},\"primaryImageOfPage\":{\"@id\":\"https:\/\/www.pescafish.it\/new\/prodotto\/li-worm-nano-valkein\/#primaryimage\"},\"datePublished\":\"2020-11-11T14:27:58+00:00\",\"dateModified\":\"2025-01-11T17:13:39+00:00\",\"inLanguage\":\"it-IT\",\"potentialAction\":[{\"@type\":\"ReadAction\",\"target\":[\"https:\/\/www.pescafish.it\/new\/prodotto\/li-worm-nano-valkein\/\"]}]}]}<\/script>\n<!-- \/ Yoast SEO plugin. -->","_links":{"self":[{"href":"https:\/\/www.pescafish.it\/new\/wp-json\/wp\/v2\/product\/63279"}],"collection":[{"href":"https:\/\/www.pescafish.it\/new\/wp-json\/wp\/v2\/product"}],"about":[{"href":"https:\/\/www.pescafish.it\/new\/wp-json\/wp\/v2\/types\/product"}],"replies":[{"embeddable":true,"href":"https:\/\/www.pescafish.it\/new\/wp-json\/wp\/v2\/comments?post=63279"}],"wp:featuredmedia":[{"embeddable":true,"href":"https:\/\/www.pescafish.it\/new\/wp-json\/wp\/v2\/media\/63284"}],"wp:attachment":[{"href":"https:\/\/www.pescafish.it\/new\/wp-json\/wp\/v2\/media?parent=63279"}],"wp:term":[{"taxonomy":"product_cat","embeddable":true,"href":"https:\/\/www.pescafish.it\/new\/wp-json\/wp\/v2\/product_cat?post=63279"},{"taxonomy":"product_tag","embeddable":true,"href":"https:\/\/www.pescafish.it\/new\/wp-json\/wp\/v2\/product_tag?post=63279"}],"curies":[{"name":"wp","href":"https:\/\/api.w.org\/{rel}","templated":true}]}}