{"id":63234,"date":"2020-11-10T17:35:16","date_gmt":"2020-11-10T16:35:16","guid":{"rendered":"https:\/\/www.pescafish.it\/new\/?post_type=product&#038;p=63234"},"modified":"2025-01-17T02:51:04","modified_gmt":"2025-01-17T01:51:04","slug":"shine-ride-nano-valkein","status":"publish","type":"product","link":"https:\/\/www.pescafish.it\/new\/prodotto\/shine-ride-nano-valkein\/","title":{"rendered":"Shine Ride Nano &#8211; ValkeIN"},"content":{"rendered":"<h2>Shine Ride Nano<\/h2>\n<p>Lo Shine Ride Nano di Valkein \u00e8 il fratello minore dello Shide Ride. Come dice il nome \u00e8 stato ridimensionando il corpo del primo e mantenute inalterate le caratteristiche di nuoto e catturabilit\u00e0. Lo Shide Ride Nano raggiunge velocemente il fondale dove si posizione con la testa verso il basso, facendo scattare le trote pi\u00f9 apatiche. Ideale anche quando le trote vogliono qualcosa di piccolo che in caduta gli ricordi il pellet oppure quando ci troviamo di fronte a pesce foraggio di piccola dimensione.<\/p>\n<p><strong>Lunghezza:<\/strong> 31mm<br \/>\n<strong>Peso: 2<\/strong>,8g<br \/>\n<strong>Azione:<\/strong> Sinking<\/p>\n<p><strong>Disponibili nelle seguenti colorazioni:<\/strong><br \/>\n<strong>SRNS-IT2020\u00a0 <\/strong><span style=\"color: #000000;\">IT20-20<\/span><br \/>\n<strong>SRNS-IT2022\u00a0 <\/strong><span style=\"color: #000000;\">IT20-22<\/span><br \/>\n<strong>SRNS-IT2023\u00a0<\/strong><span style=\"color: #000000;\">IT20-23<\/span><strong><span style=\"color: #ff0000;\"><br \/>\n<\/span><span style=\"color: #000000;\">SRN-C159\u00a0 <\/span><\/strong><span style=\"color: #000000;\">C159<br \/>\n<\/span><strong><span style=\"color: #ff0000;\"><span style=\"color: #000000;\">SRN-C174\u00a0 <\/span><\/span><\/strong><span style=\"color: #ff0000;\"><span style=\"color: #000000;\">C174<\/span><\/span><strong><span style=\"color: #ff0000;\"><br \/>\n<span style=\"color: #000000;\">SRN-M078\u00a0 <\/span><\/span><\/strong><span style=\"color: #ff0000;\"><span style=\"color: #000000;\">M078<\/span><\/span><strong><span style=\"color: #ff0000;\"><br \/>\n<span style=\"color: #000000;\">SRN-M162\u00a0 <\/span><\/span><\/strong><span style=\"color: #ff0000;\"><span style=\"color: #000000;\">M162<\/span><\/span><strong><span style=\"color: #ff0000;\"><br \/>\n<span style=\"color: #000000;\">SRN-M172\u00a0 <\/span><\/span><\/strong><span style=\"color: #ff0000;\"><span style=\"color: #000000;\">M172<\/span><\/span><strong><span style=\"color: #ff0000;\"><br \/>\n<span style=\"color: #000000;\">SRN-M173\u00a0 <\/span><\/span><\/strong><span style=\"color: #ff0000;\"><span style=\"color: #000000;\">M173<\/span><\/span><strong><span style=\"color: #ff0000;\"><\/p>\n<p><\/span><\/strong><\/p>\n","protected":false},"excerpt":{"rendered":"<p>Shine Ride Nano Lo Shine Ride Nano di Valkein \u00e8 il fratello minore dello Shide Ride. Come dice il nome \u00e8 stato ridimensionando il corpo del primo e mantenute inalterate le caratteristiche di nuoto e catturabilit\u00e0. Lo Shide Ride Nano raggiunge velocemente il fondale dove si posizione con la testa verso il basso, facendo scattare [&hellip;]<\/p>\n","protected":false},"featured_media":63235,"comment_status":"closed","ping_status":"closed","template":"","meta":[],"product_cat":[923],"product_tag":[1174],"yoast_head":"<!-- This site is optimized with the Yoast SEO plugin v15.3 - https:\/\/yoast.com\/wordpress\/plugins\/seo\/ -->\n<title>Shine Ride Nano - ValkeIN - Pesca Fish<\/title>\n<meta name=\"robots\" content=\"index, follow, max-snippet:-1, max-image-preview:large, max-video-preview:-1\" \/>\n<link rel=\"canonical\" href=\"https:\/\/www.pescafish.it\/new\/prodotto\/shine-ride-nano-valkein\/\" \/>\n<meta property=\"og:locale\" content=\"it_IT\" \/>\n<meta property=\"og:type\" content=\"article\" \/>\n<meta property=\"og:title\" content=\"Shine Ride Nano - ValkeIN - Pesca Fish\" \/>\n<meta property=\"og:description\" content=\"Shine Ride Nano Lo Shine Ride Nano di Valkein \u00e8 il fratello minore dello Shide Ride. Come dice il nome \u00e8 stato ridimensionando il corpo del primo e mantenute inalterate le caratteristiche di nuoto e catturabilit\u00e0. Lo Shide Ride Nano raggiunge velocemente il fondale dove si posizione con la testa verso il basso, facendo scattare [&hellip;]\" \/>\n<meta property=\"og:url\" content=\"https:\/\/www.pescafish.it\/new\/prodotto\/shine-ride-nano-valkein\/\" \/>\n<meta property=\"og:site_name\" content=\"Pesca Fish\" \/>\n<meta property=\"article:publisher\" content=\"https:\/\/www.facebook.com\/pescafishvr\/\" \/>\n<meta property=\"article:modified_time\" content=\"2025-01-17T01:51:04+00:00\" \/>\n<meta property=\"og:image\" content=\"https:\/\/www.pescafish.it\/new\/wp-content\/uploads\/2020\/11\/SHINE-RIDE-NANO_IT20-20.jpg\" \/>\n\t<meta property=\"og:image:width\" content=\"1000\" \/>\n\t<meta property=\"og:image:height\" content=\"911\" \/>\n<meta name=\"twitter:card\" content=\"summary_large_image\" \/>\n<meta name=\"twitter:label1\" content=\"Scritto da\">\n\t<meta name=\"twitter:data1\" content=\"francesca\">\n\t<meta name=\"twitter:label2\" content=\"Tempo di lettura stimato\">\n\t<meta name=\"twitter:data2\" content=\"0 minuti\">\n<script type=\"application\/ld+json\" class=\"yoast-schema-graph\">{\"@context\":\"https:\/\/schema.org\",\"@graph\":[{\"@type\":\"WebSite\",\"@id\":\"https:\/\/www.pescafish.it\/new\/#website\",\"url\":\"https:\/\/www.pescafish.it\/new\/\",\"name\":\"Pesca Fish\",\"description\":\"Benvenuti sul nostro sito!\",\"potentialAction\":[{\"@type\":\"SearchAction\",\"target\":\"https:\/\/www.pescafish.it\/new\/?s={search_term_string}\",\"query-input\":\"required name=search_term_string\"}],\"inLanguage\":\"it-IT\"},{\"@type\":\"ImageObject\",\"@id\":\"https:\/\/www.pescafish.it\/new\/prodotto\/shine-ride-nano-valkein\/#primaryimage\",\"inLanguage\":\"it-IT\",\"url\":\"https:\/\/www.pescafish.it\/new\/wp-content\/uploads\/2020\/11\/SHINE-RIDE-NANO_IT20-20.jpg\",\"width\":1000,\"height\":911,\"caption\":\"shine ride nano valkein\"},{\"@type\":\"WebPage\",\"@id\":\"https:\/\/www.pescafish.it\/new\/prodotto\/shine-ride-nano-valkein\/#webpage\",\"url\":\"https:\/\/www.pescafish.it\/new\/prodotto\/shine-ride-nano-valkein\/\",\"name\":\"Shine Ride Nano - ValkeIN - Pesca Fish\",\"isPartOf\":{\"@id\":\"https:\/\/www.pescafish.it\/new\/#website\"},\"primaryImageOfPage\":{\"@id\":\"https:\/\/www.pescafish.it\/new\/prodotto\/shine-ride-nano-valkein\/#primaryimage\"},\"datePublished\":\"2020-11-10T16:35:16+00:00\",\"dateModified\":\"2025-01-17T01:51:04+00:00\",\"inLanguage\":\"it-IT\",\"potentialAction\":[{\"@type\":\"ReadAction\",\"target\":[\"https:\/\/www.pescafish.it\/new\/prodotto\/shine-ride-nano-valkein\/\"]}]}]}<\/script>\n<!-- \/ Yoast SEO plugin. -->","_links":{"self":[{"href":"https:\/\/www.pescafish.it\/new\/wp-json\/wp\/v2\/product\/63234"}],"collection":[{"href":"https:\/\/www.pescafish.it\/new\/wp-json\/wp\/v2\/product"}],"about":[{"href":"https:\/\/www.pescafish.it\/new\/wp-json\/wp\/v2\/types\/product"}],"replies":[{"embeddable":true,"href":"https:\/\/www.pescafish.it\/new\/wp-json\/wp\/v2\/comments?post=63234"}],"wp:featuredmedia":[{"embeddable":true,"href":"https:\/\/www.pescafish.it\/new\/wp-json\/wp\/v2\/media\/63235"}],"wp:attachment":[{"href":"https:\/\/www.pescafish.it\/new\/wp-json\/wp\/v2\/media?parent=63234"}],"wp:term":[{"taxonomy":"product_cat","embeddable":true,"href":"https:\/\/www.pescafish.it\/new\/wp-json\/wp\/v2\/product_cat?post=63234"},{"taxonomy":"product_tag","embeddable":true,"href":"https:\/\/www.pescafish.it\/new\/wp-json\/wp\/v2\/product_tag?post=63234"}],"curies":[{"name":"wp","href":"https:\/\/api.w.org\/{rel}","templated":true}]}}