{"id":62389,"date":"2020-10-03T09:47:02","date_gmt":"2020-10-03T07:47:02","guid":{"rendered":"https:\/\/www.pescafish.it\/new\/?post_type=product&#038;p=62389"},"modified":"2024-12-03T23:23:36","modified_gmt":"2024-12-03T22:23:36","slug":"the-shrinker-nash","status":"publish","type":"product","link":"https:\/\/www.pescafish.it\/new\/prodotto\/the-shrinker-nash\/","title":{"rendered":"The Shrinker &#8211; Nash"},"content":{"rendered":"<h2>The Shrinker<\/h2>\n<p>Il modo pi\u00f9 rapido e accurato che mai, concepito per la rifinitura di rig con kicker e tubetti termoretraibili. Bagnare l\u2019intero rig, far scorrere l\u2019amo ed il tubetto nel foro centrale dello Shrinker e fissare il terminale. Con un accendino a getto, applicare il calore sul lato inferiore del tubetto ed in pochi secondi si restringer\u00e0, pu\u00f2 quindi essere rimosso e modellato con facilit\u00e0. Niente pi\u00f9 bollitori e stufette o attesa per l\u2019acqua bollente.<\/p>\n<p><iframe loading=\"lazy\" title=\"The Shrinker\" width=\"900\" height=\"506\" src=\"https:\/\/www.youtube.com\/embed\/_3OUuE4zPRA?feature=oembed\" frameborder=\"0\" allow=\"accelerometer; autoplay; clipboard-write; encrypted-media; gyroscope; picture-in-picture\" allowfullscreen><\/iframe><\/p>\n","protected":false},"excerpt":{"rendered":"<p>The Shrinker Il modo pi\u00f9 rapido e accurato che mai, concepito per la rifinitura di rig con kicker e tubetti termoretraibili. Bagnare l\u2019intero rig, far scorrere l\u2019amo ed il tubetto nel foro centrale dello Shrinker e fissare il terminale. Con un accendino a getto, applicare il calore sul lato inferiore del tubetto ed in pochi [&hellip;]<\/p>\n","protected":false},"featured_media":62390,"comment_status":"open","ping_status":"closed","template":"","meta":[],"product_cat":[575],"product_tag":[1024],"yoast_head":"<!-- This site is optimized with the Yoast SEO plugin v15.3 - https:\/\/yoast.com\/wordpress\/plugins\/seo\/ -->\n<title>The Shrinker - Nash - Pesca Fish<\/title>\n<meta name=\"robots\" content=\"index, follow, max-snippet:-1, max-image-preview:large, max-video-preview:-1\" \/>\n<link rel=\"canonical\" href=\"https:\/\/www.pescafish.it\/new\/prodotto\/the-shrinker-nash\/\" \/>\n<meta property=\"og:locale\" content=\"it_IT\" \/>\n<meta property=\"og:type\" content=\"article\" \/>\n<meta property=\"og:title\" content=\"The Shrinker - Nash - Pesca Fish\" \/>\n<meta property=\"og:description\" content=\"The Shrinker Il modo pi\u00f9 rapido e accurato che mai, concepito per la rifinitura di rig con kicker e tubetti termoretraibili. Bagnare l\u2019intero rig, far scorrere l\u2019amo ed il tubetto nel foro centrale dello Shrinker e fissare il terminale. Con un accendino a getto, applicare il calore sul lato inferiore del tubetto ed in pochi [&hellip;]\" \/>\n<meta property=\"og:url\" content=\"https:\/\/www.pescafish.it\/new\/prodotto\/the-shrinker-nash\/\" \/>\n<meta property=\"og:site_name\" content=\"Pesca Fish\" \/>\n<meta property=\"article:publisher\" content=\"https:\/\/www.facebook.com\/pescafishvr\/\" \/>\n<meta property=\"article:modified_time\" content=\"2024-12-03T22:23:36+00:00\" \/>\n<meta property=\"og:image\" content=\"https:\/\/www.pescafish.it\/new\/wp-content\/uploads\/2020\/10\/t8055.png\" \/>\n\t<meta property=\"og:image:width\" content=\"800\" \/>\n\t<meta property=\"og:image:height\" content=\"800\" \/>\n<meta name=\"twitter:card\" content=\"summary_large_image\" \/>\n<meta name=\"twitter:label1\" content=\"Scritto da\">\n\t<meta name=\"twitter:data1\" content=\"francesca\">\n\t<meta name=\"twitter:label2\" content=\"Tempo di lettura stimato\">\n\t<meta name=\"twitter:data2\" content=\"0 minuti\">\n<script type=\"application\/ld+json\" class=\"yoast-schema-graph\">{\"@context\":\"https:\/\/schema.org\",\"@graph\":[{\"@type\":\"WebSite\",\"@id\":\"https:\/\/www.pescafish.it\/new\/#website\",\"url\":\"https:\/\/www.pescafish.it\/new\/\",\"name\":\"Pesca Fish\",\"description\":\"Benvenuti sul nostro sito!\",\"potentialAction\":[{\"@type\":\"SearchAction\",\"target\":\"https:\/\/www.pescafish.it\/new\/?s={search_term_string}\",\"query-input\":\"required name=search_term_string\"}],\"inLanguage\":\"it-IT\"},{\"@type\":\"ImageObject\",\"@id\":\"https:\/\/www.pescafish.it\/new\/prodotto\/the-shrinker-nash\/#primaryimage\",\"inLanguage\":\"it-IT\",\"url\":\"https:\/\/www.pescafish.it\/new\/wp-content\/uploads\/2020\/10\/t8055.png\",\"width\":800,\"height\":800,\"caption\":\"Nash\"},{\"@type\":\"WebPage\",\"@id\":\"https:\/\/www.pescafish.it\/new\/prodotto\/the-shrinker-nash\/#webpage\",\"url\":\"https:\/\/www.pescafish.it\/new\/prodotto\/the-shrinker-nash\/\",\"name\":\"The Shrinker - Nash - Pesca Fish\",\"isPartOf\":{\"@id\":\"https:\/\/www.pescafish.it\/new\/#website\"},\"primaryImageOfPage\":{\"@id\":\"https:\/\/www.pescafish.it\/new\/prodotto\/the-shrinker-nash\/#primaryimage\"},\"datePublished\":\"2020-10-03T07:47:02+00:00\",\"dateModified\":\"2024-12-03T22:23:36+00:00\",\"inLanguage\":\"it-IT\",\"potentialAction\":[{\"@type\":\"ReadAction\",\"target\":[\"https:\/\/www.pescafish.it\/new\/prodotto\/the-shrinker-nash\/\"]}]}]}<\/script>\n<!-- \/ Yoast SEO plugin. -->","_links":{"self":[{"href":"https:\/\/www.pescafish.it\/new\/wp-json\/wp\/v2\/product\/62389"}],"collection":[{"href":"https:\/\/www.pescafish.it\/new\/wp-json\/wp\/v2\/product"}],"about":[{"href":"https:\/\/www.pescafish.it\/new\/wp-json\/wp\/v2\/types\/product"}],"replies":[{"embeddable":true,"href":"https:\/\/www.pescafish.it\/new\/wp-json\/wp\/v2\/comments?post=62389"}],"wp:featuredmedia":[{"embeddable":true,"href":"https:\/\/www.pescafish.it\/new\/wp-json\/wp\/v2\/media\/62390"}],"wp:attachment":[{"href":"https:\/\/www.pescafish.it\/new\/wp-json\/wp\/v2\/media?parent=62389"}],"wp:term":[{"taxonomy":"product_cat","embeddable":true,"href":"https:\/\/www.pescafish.it\/new\/wp-json\/wp\/v2\/product_cat?post=62389"},{"taxonomy":"product_tag","embeddable":true,"href":"https:\/\/www.pescafish.it\/new\/wp-json\/wp\/v2\/product_tag?post=62389"}],"curies":[{"name":"wp","href":"https:\/\/api.w.org\/{rel}","templated":true}]}}