{"id":62337,"date":"2020-10-02T14:48:07","date_gmt":"2020-10-02T12:48:07","guid":{"rendered":"https:\/\/www.pescafish.it\/new\/?post_type=product&#038;p=62337"},"modified":"2020-10-02T14:56:04","modified_gmt":"2020-10-02T12:56:04","slug":"rm-t-rock-bottom-semi-stiff-ridgemonkey","status":"publish","type":"product","link":"https:\/\/www.pescafish.it\/new\/prodotto\/rm-t-rock-bottom-semi-stiff-ridgemonkey\/","title":{"rendered":"RM-T Rock Bottom Semi Stiff &#8211; RidgeMonkey"},"content":{"rendered":"<h2>Rock Bottom Semi Stiff<\/h2>\n<p>Il\u00a0<strong>Ridgemonkey Rock Bottom Semi Stiff 25lb<\/strong>\u00a0\u00e8 una treccia da terminali con un nucleo resistente e con un rivestimento impregnato di tungsteno super pesante, si raddrizza senza vapore e offre il materiale di collegamento perfetto per una vasta gamma di situazioni e presentazioni.<\/p>\n<p>Eccellente resistenza all&#8217;usura e finitura opaca con scarsa visibilit\u00e0.\u00a0Questa opzione semirigida \u00e8 l&#8217;ideale per fare una presentazione eccellente quando si pesca con esche grandi, pesanti o rig multicomponente: la rigidit\u00e0 regolata con precisione impedisce grovigli sul lancio e spinger\u00e0 l&#8217;esca lontano dal piombo quando atterr\u00e0 su il lago o il letto del fiume, creando una presentazione efficiente.<\/p>\n<p><strong>Carico di rottura:<\/strong> 25lb<br \/>\n<strong>Colore:<\/strong> Green<\/p>\n","protected":false},"excerpt":{"rendered":"<p>Rock Bottom Semi Stiff Il\u00a0Ridgemonkey Rock Bottom Semi Stiff 25lb\u00a0\u00e8 una treccia da terminali con un nucleo resistente e con un rivestimento impregnato di tungsteno super pesante, si raddrizza senza vapore e offre il materiale di collegamento perfetto per una vasta gamma di situazioni e presentazioni. Eccellente resistenza all&#8217;usura e finitura opaca con scarsa visibilit\u00e0.\u00a0Questa [&hellip;]<\/p>\n","protected":false},"featured_media":62341,"comment_status":"open","ping_status":"closed","template":"","meta":[],"product_cat":[1103],"product_tag":[1101],"yoast_head":"<!-- This site is optimized with the Yoast SEO plugin v15.3 - https:\/\/yoast.com\/wordpress\/plugins\/seo\/ -->\n<title>RM-T Rock Bottom Semi Stiff - RidgeMonkey - Pesca Fish<\/title>\n<meta name=\"robots\" content=\"index, follow, max-snippet:-1, max-image-preview:large, max-video-preview:-1\" \/>\n<link rel=\"canonical\" href=\"https:\/\/www.pescafish.it\/new\/prodotto\/rm-t-rock-bottom-semi-stiff-ridgemonkey\/\" \/>\n<meta property=\"og:locale\" content=\"it_IT\" \/>\n<meta property=\"og:type\" content=\"article\" \/>\n<meta property=\"og:title\" content=\"RM-T Rock Bottom Semi Stiff - RidgeMonkey - Pesca Fish\" \/>\n<meta property=\"og:description\" content=\"Rock Bottom Semi Stiff Il\u00a0Ridgemonkey Rock Bottom Semi Stiff 25lb\u00a0\u00e8 una treccia da terminali con un nucleo resistente e con un rivestimento impregnato di tungsteno super pesante, si raddrizza senza vapore e offre il materiale di collegamento perfetto per una vasta gamma di situazioni e presentazioni. Eccellente resistenza all&#8217;usura e finitura opaca con scarsa visibilit\u00e0.\u00a0Questa [&hellip;]\" \/>\n<meta property=\"og:url\" content=\"https:\/\/www.pescafish.it\/new\/prodotto\/rm-t-rock-bottom-semi-stiff-ridgemonkey\/\" \/>\n<meta property=\"og:site_name\" content=\"Pesca Fish\" \/>\n<meta property=\"article:publisher\" content=\"https:\/\/www.facebook.com\/pescafishvr\/\" \/>\n<meta property=\"article:modified_time\" content=\"2020-10-02T12:56:04+00:00\" \/>\n<meta property=\"og:image\" content=\"https:\/\/www.pescafish.it\/new\/wp-content\/uploads\/2020\/10\/ridgemonkey_rock_bottom_semi_stiff_25lb_green.png\" \/>\n\t<meta property=\"og:image:width\" content=\"320\" \/>\n\t<meta property=\"og:image:height\" content=\"320\" \/>\n<meta name=\"twitter:card\" content=\"summary_large_image\" \/>\n<meta name=\"twitter:label1\" content=\"Scritto da\">\n\t<meta name=\"twitter:data1\" content=\"francesca\">\n\t<meta name=\"twitter:label2\" content=\"Tempo di lettura stimato\">\n\t<meta name=\"twitter:data2\" content=\"0 minuti\">\n<script type=\"application\/ld+json\" class=\"yoast-schema-graph\">{\"@context\":\"https:\/\/schema.org\",\"@graph\":[{\"@type\":\"WebSite\",\"@id\":\"https:\/\/www.pescafish.it\/new\/#website\",\"url\":\"https:\/\/www.pescafish.it\/new\/\",\"name\":\"Pesca Fish\",\"description\":\"Benvenuti sul nostro sito!\",\"potentialAction\":[{\"@type\":\"SearchAction\",\"target\":\"https:\/\/www.pescafish.it\/new\/?s={search_term_string}\",\"query-input\":\"required name=search_term_string\"}],\"inLanguage\":\"it-IT\"},{\"@type\":\"ImageObject\",\"@id\":\"https:\/\/www.pescafish.it\/new\/prodotto\/rm-t-rock-bottom-semi-stiff-ridgemonkey\/#primaryimage\",\"inLanguage\":\"it-IT\",\"url\":\"https:\/\/www.pescafish.it\/new\/wp-content\/uploads\/2020\/10\/ridgemonkey_rock_bottom_semi_stiff_25lb_green.png\",\"width\":320,\"height\":320,\"caption\":\"RidgeMonkey\"},{\"@type\":\"WebPage\",\"@id\":\"https:\/\/www.pescafish.it\/new\/prodotto\/rm-t-rock-bottom-semi-stiff-ridgemonkey\/#webpage\",\"url\":\"https:\/\/www.pescafish.it\/new\/prodotto\/rm-t-rock-bottom-semi-stiff-ridgemonkey\/\",\"name\":\"RM-T Rock Bottom Semi Stiff - RidgeMonkey - Pesca Fish\",\"isPartOf\":{\"@id\":\"https:\/\/www.pescafish.it\/new\/#website\"},\"primaryImageOfPage\":{\"@id\":\"https:\/\/www.pescafish.it\/new\/prodotto\/rm-t-rock-bottom-semi-stiff-ridgemonkey\/#primaryimage\"},\"datePublished\":\"2020-10-02T12:48:07+00:00\",\"dateModified\":\"2020-10-02T12:56:04+00:00\",\"inLanguage\":\"it-IT\",\"potentialAction\":[{\"@type\":\"ReadAction\",\"target\":[\"https:\/\/www.pescafish.it\/new\/prodotto\/rm-t-rock-bottom-semi-stiff-ridgemonkey\/\"]}]}]}<\/script>\n<!-- \/ Yoast SEO plugin. -->","_links":{"self":[{"href":"https:\/\/www.pescafish.it\/new\/wp-json\/wp\/v2\/product\/62337"}],"collection":[{"href":"https:\/\/www.pescafish.it\/new\/wp-json\/wp\/v2\/product"}],"about":[{"href":"https:\/\/www.pescafish.it\/new\/wp-json\/wp\/v2\/types\/product"}],"replies":[{"embeddable":true,"href":"https:\/\/www.pescafish.it\/new\/wp-json\/wp\/v2\/comments?post=62337"}],"wp:featuredmedia":[{"embeddable":true,"href":"https:\/\/www.pescafish.it\/new\/wp-json\/wp\/v2\/media\/62341"}],"wp:attachment":[{"href":"https:\/\/www.pescafish.it\/new\/wp-json\/wp\/v2\/media?parent=62337"}],"wp:term":[{"taxonomy":"product_cat","embeddable":true,"href":"https:\/\/www.pescafish.it\/new\/wp-json\/wp\/v2\/product_cat?post=62337"},{"taxonomy":"product_tag","embeddable":true,"href":"https:\/\/www.pescafish.it\/new\/wp-json\/wp\/v2\/product_tag?post=62337"}],"curies":[{"name":"wp","href":"https:\/\/api.w.org\/{rel}","templated":true}]}}