{"id":62227,"date":"2020-09-28T18:34:02","date_gmt":"2020-09-28T16:34:02","guid":{"rendered":"https:\/\/www.pescafish.it\/new\/?post_type=product&#038;p=62227"},"modified":"2024-12-15T18:30:38","modified_gmt":"2024-12-15T17:30:38","slug":"yasei-predator-fluorocarbon-shimano","status":"publish","type":"product","link":"https:\/\/www.pescafish.it\/new\/prodotto\/yasei-predator-fluorocarbon-shimano\/","title":{"rendered":"Yasei Predator Fluorocarbon &#8211; Shimano"},"content":{"rendered":"<h2>Yasei Predator Fluorocarbon Shimano<\/h2>\n<p>Shimano Yasei Predator Fluorocarbon Leader \u00e8 prodotto con fluorocarburo giapponese al 100%. Estremamente resistente all&#8217;usura dato la sua robustezza, in pi\u00f9 \u00e8 praticamente invisibile sott&#8217;acqua, il suo utilizzo in acquee limpide rimane la soluzione migliore. La speciale natura morbida e liscia migliora la presentazione dell&#8217;esca.<\/p>\n<p><strong>Disponibili nelle seguenti misure:<\/strong><br \/>\n<strong>YASPFL5022\u00a0<\/strong> \u00d8 0,22mm &#8211; 3,59kg &#8211; 50m<br \/>\n<strong>YASPFL5025\u00a0<\/strong> \u00d8 0,25mm &#8211; 5,06kg &#8211; 50m<br \/>\n<strong>YASPFL5028\u00a0<\/strong> \u00d8 0,28mm &#8211; 6,32kg &#8211; 50m<br \/>\n<strong>YASPFL5030\u00a0<\/strong> \u00d8 0,30mm &#8211; 7,17kg &#8211; 50m<br \/>\n<strong>YASPFL5035\u00a0<\/strong> \u00d8 0,35mm &#8211; 8,08kg &#8211; 50m<br \/>\n<strong>YASPFL5040\u00a0<\/strong> \u00d8 0,40mm &#8211; 11,93kg &#8211; 50m<br \/>\n<strong>YASPFL1090\u00a0<\/strong> \u00d8 0,90mm &#8211; 40,19kg &#8211; 10m<br \/>\n<strong>YASPFL10100\u00a0<\/strong> \u00d8 1mm &#8211; 45,86kg &#8211; 10m<\/p>\n","protected":false},"excerpt":{"rendered":"<p>Yasei Predator Fluorocarbon Shimano Shimano Yasei Predator Fluorocarbon Leader \u00e8 prodotto con fluorocarburo giapponese al 100%. Estremamente resistente all&#8217;usura dato la sua robustezza, in pi\u00f9 \u00e8 praticamente invisibile sott&#8217;acqua, il suo utilizzo in acquee limpide rimane la soluzione migliore. La speciale natura morbida e liscia migliora la presentazione dell&#8217;esca. Disponibili nelle seguenti misure: YASPFL5022\u00a0 \u00d8 [&hellip;]<\/p>\n","protected":false},"featured_media":62228,"comment_status":"open","ping_status":"closed","template":"","meta":[],"product_cat":[210],"product_tag":[1023],"yoast_head":"<!-- This site is optimized with the Yoast SEO plugin v15.3 - https:\/\/yoast.com\/wordpress\/plugins\/seo\/ -->\n<title>Yasei Predator Fluorocarbon - Shimano - Pesca Fish<\/title>\n<meta name=\"description\" content=\"Yasei Predator Fluorocarbon - Shimano | Per informazioni scriveteci a info@pescafish.it oppure contattateci allo 045\/6100748\" \/>\n<meta name=\"robots\" content=\"index, follow, max-snippet:-1, max-image-preview:large, max-video-preview:-1\" \/>\n<link rel=\"canonical\" href=\"https:\/\/www.pescafish.it\/new\/prodotto\/yasei-predator-fluorocarbon-shimano\/\" \/>\n<meta property=\"og:locale\" content=\"it_IT\" \/>\n<meta property=\"og:type\" content=\"article\" \/>\n<meta property=\"og:title\" content=\"Yasei Predator Fluorocarbon - Shimano - Pesca Fish\" \/>\n<meta property=\"og:description\" content=\"Yasei Predator Fluorocarbon - Shimano | Per informazioni scriveteci a info@pescafish.it oppure contattateci allo 045\/6100748\" \/>\n<meta property=\"og:url\" content=\"https:\/\/www.pescafish.it\/new\/prodotto\/yasei-predator-fluorocarbon-shimano\/\" \/>\n<meta property=\"og:site_name\" content=\"Pesca Fish\" \/>\n<meta property=\"article:publisher\" content=\"https:\/\/www.facebook.com\/pescafishvr\/\" \/>\n<meta property=\"article:modified_time\" content=\"2024-12-15T17:30:38+00:00\" \/>\n<meta property=\"og:image\" content=\"https:\/\/www.pescafish.it\/new\/wp-content\/uploads\/2020\/09\/yasei-fluorocarbon.png\" \/>\n\t<meta property=\"og:image:width\" content=\"1000\" \/>\n\t<meta property=\"og:image:height\" content=\"958\" \/>\n<meta name=\"twitter:card\" content=\"summary_large_image\" \/>\n<meta name=\"twitter:label1\" content=\"Scritto da\">\n\t<meta name=\"twitter:data1\" content=\"francesca\">\n\t<meta name=\"twitter:label2\" content=\"Tempo di lettura stimato\">\n\t<meta name=\"twitter:data2\" content=\"0 minuti\">\n<script type=\"application\/ld+json\" class=\"yoast-schema-graph\">{\"@context\":\"https:\/\/schema.org\",\"@graph\":[{\"@type\":\"WebSite\",\"@id\":\"https:\/\/www.pescafish.it\/new\/#website\",\"url\":\"https:\/\/www.pescafish.it\/new\/\",\"name\":\"Pesca Fish\",\"description\":\"Benvenuti sul nostro sito!\",\"potentialAction\":[{\"@type\":\"SearchAction\",\"target\":\"https:\/\/www.pescafish.it\/new\/?s={search_term_string}\",\"query-input\":\"required name=search_term_string\"}],\"inLanguage\":\"it-IT\"},{\"@type\":\"ImageObject\",\"@id\":\"https:\/\/www.pescafish.it\/new\/prodotto\/yasei-predator-fluorocarbon-shimano\/#primaryimage\",\"inLanguage\":\"it-IT\",\"url\":\"https:\/\/www.pescafish.it\/new\/wp-content\/uploads\/2020\/09\/yasei-fluorocarbon.png\",\"width\":1000,\"height\":958,\"caption\":\"yasei fluorocarbon shimano\"},{\"@type\":\"WebPage\",\"@id\":\"https:\/\/www.pescafish.it\/new\/prodotto\/yasei-predator-fluorocarbon-shimano\/#webpage\",\"url\":\"https:\/\/www.pescafish.it\/new\/prodotto\/yasei-predator-fluorocarbon-shimano\/\",\"name\":\"Yasei Predator Fluorocarbon - Shimano - Pesca Fish\",\"isPartOf\":{\"@id\":\"https:\/\/www.pescafish.it\/new\/#website\"},\"primaryImageOfPage\":{\"@id\":\"https:\/\/www.pescafish.it\/new\/prodotto\/yasei-predator-fluorocarbon-shimano\/#primaryimage\"},\"datePublished\":\"2020-09-28T16:34:02+00:00\",\"dateModified\":\"2024-12-15T17:30:38+00:00\",\"description\":\"Yasei Predator Fluorocarbon - Shimano | Per informazioni scriveteci a info@pescafish.it oppure contattateci allo 045\/6100748\",\"inLanguage\":\"it-IT\",\"potentialAction\":[{\"@type\":\"ReadAction\",\"target\":[\"https:\/\/www.pescafish.it\/new\/prodotto\/yasei-predator-fluorocarbon-shimano\/\"]}]}]}<\/script>\n<!-- \/ Yoast SEO plugin. -->","_links":{"self":[{"href":"https:\/\/www.pescafish.it\/new\/wp-json\/wp\/v2\/product\/62227"}],"collection":[{"href":"https:\/\/www.pescafish.it\/new\/wp-json\/wp\/v2\/product"}],"about":[{"href":"https:\/\/www.pescafish.it\/new\/wp-json\/wp\/v2\/types\/product"}],"replies":[{"embeddable":true,"href":"https:\/\/www.pescafish.it\/new\/wp-json\/wp\/v2\/comments?post=62227"}],"wp:featuredmedia":[{"embeddable":true,"href":"https:\/\/www.pescafish.it\/new\/wp-json\/wp\/v2\/media\/62228"}],"wp:attachment":[{"href":"https:\/\/www.pescafish.it\/new\/wp-json\/wp\/v2\/media?parent=62227"}],"wp:term":[{"taxonomy":"product_cat","embeddable":true,"href":"https:\/\/www.pescafish.it\/new\/wp-json\/wp\/v2\/product_cat?post=62227"},{"taxonomy":"product_tag","embeddable":true,"href":"https:\/\/www.pescafish.it\/new\/wp-json\/wp\/v2\/product_tag?post=62227"}],"curies":[{"name":"wp","href":"https:\/\/api.w.org\/{rel}","templated":true}]}}