{"id":62199,"date":"2020-09-26T08:44:14","date_gmt":"2020-09-26T06:44:14","guid":{"rendered":"https:\/\/www.pescafish.it\/new\/?post_type=product&#038;p=62199"},"modified":"2024-06-20T07:06:28","modified_gmt":"2024-06-20T05:06:28","slug":"super-deluxe-recliner-chair-fox","status":"publish","type":"product","link":"https:\/\/www.pescafish.it\/new\/prodotto\/super-deluxe-recliner-chair-fox\/","title":{"rendered":"Super Deluxe Recliner Chair &#8211; Fox"},"content":{"rendered":"<h2>Super Deluxe Recliner Chair Fox<\/h2>\n<p>Questa sedia dal design ben pensato, ulteriormente migliorato, pu\u00f2 tranquillamente essere descritta come la sedia pi\u00f9 evoluta per gli angler che richiedono il massimo comfort sulle sponde. Difatti questo \u00e8 un trono pi\u00f9 che una sedia da pesca! Questa sedia vale realmente tutti i soldi che pagherete per averla, garantendovi un comfort inarrivabile!<\/p>\n<p>\u2022 Una sedia da pesca incredibilmente confortevole, reclinabile<br \/>\n\u2022 Doppio strato di gommapiuma nel sedile e nello schienale, con rivestimento in micropile per avere il massimo comfort<br \/>\n\u2022 Materiale esterno in poliestere da 500D caratterizzato dall\u2019esclusiva colorazione mimetica Fox camo<br \/>\n\u2022 Poggiatesta rivestito in morbido micropile, con altezza e angolazione regolabili<br \/>\n\u2022 Braccioli rivestiti in neoprene con colorazione Camo<br \/>\n\u2022 Gambe extra lunghe regolabili<br \/>\n\u2022 Tasca laterale<br \/>\n\u2022 La tasca pu\u00f2 essere ripiegata e riposta sotto la sedia tramite Velcro<br \/>\n\u2022 Serraggio delle gambe tramite fermi con molla<br \/>\n\u2022 Esclusivo supporto lombare per garantire un comfort prolungato<br \/>\n\u2022 Massimo peso sostenibile: 150kg<br \/>\n\u2022 Altezza del sedile: 45-60cm<br \/>\n\u2022 Larghezza del sedile: 60cm<br \/>\n\u2022 Altezza dello schienale: 60cm<br \/>\n\u2022 Peso: 9kg<\/p>\n","protected":false},"excerpt":{"rendered":"<p>Super Deluxe Recliner Chair Fox Questa sedia dal design ben pensato, ulteriormente migliorato, pu\u00f2 tranquillamente essere descritta come la sedia pi\u00f9 evoluta per gli angler che richiedono il massimo comfort sulle sponde. Difatti questo \u00e8 un trono pi\u00f9 che una sedia da pesca! Questa sedia vale realmente tutti i soldi che pagherete per averla, garantendovi [&hellip;]<\/p>\n","protected":false},"featured_media":62200,"comment_status":"closed","ping_status":"closed","template":"","meta":[],"product_cat":[422],"product_tag":[1028],"yoast_head":"<!-- This site is optimized with the Yoast SEO plugin v15.3 - https:\/\/yoast.com\/wordpress\/plugins\/seo\/ -->\n<title>Super Deluxe Recliner Chair - Fox - Pesca Fish<\/title>\n<meta name=\"description\" content=\"Super Deluxe Recliner Chair - Fox | Per informazioni scriveteci a info@pescafish.it oppure contattateci allo 045\/6100748\" \/>\n<meta name=\"robots\" content=\"index, follow, max-snippet:-1, max-image-preview:large, max-video-preview:-1\" \/>\n<link rel=\"canonical\" href=\"https:\/\/www.pescafish.it\/new\/prodotto\/super-deluxe-recliner-chair-fox\/\" \/>\n<meta property=\"og:locale\" content=\"it_IT\" \/>\n<meta property=\"og:type\" content=\"article\" \/>\n<meta property=\"og:title\" content=\"Super Deluxe Recliner Chair - Fox - Pesca Fish\" \/>\n<meta property=\"og:description\" content=\"Super Deluxe Recliner Chair - Fox | Per informazioni scriveteci a info@pescafish.it oppure contattateci allo 045\/6100748\" \/>\n<meta property=\"og:url\" content=\"https:\/\/www.pescafish.it\/new\/prodotto\/super-deluxe-recliner-chair-fox\/\" \/>\n<meta property=\"og:site_name\" content=\"Pesca Fish\" \/>\n<meta property=\"article:publisher\" content=\"https:\/\/www.facebook.com\/pescafishvr\/\" \/>\n<meta property=\"article:modified_time\" content=\"2024-06-20T05:06:28+00:00\" \/>\n<meta property=\"og:image\" content=\"https:\/\/www.pescafish.it\/new\/wp-content\/uploads\/2020\/09\/super-deluxe-recliner-chair.jpg\" \/>\n\t<meta property=\"og:image:width\" content=\"1000\" \/>\n\t<meta property=\"og:image:height\" content=\"1056\" \/>\n<meta name=\"twitter:card\" content=\"summary_large_image\" \/>\n<meta name=\"twitter:label1\" content=\"Scritto da\">\n\t<meta name=\"twitter:data1\" content=\"francesca\">\n\t<meta name=\"twitter:label2\" content=\"Tempo di lettura stimato\">\n\t<meta name=\"twitter:data2\" content=\"1 minuto\">\n<script type=\"application\/ld+json\" class=\"yoast-schema-graph\">{\"@context\":\"https:\/\/schema.org\",\"@graph\":[{\"@type\":\"WebSite\",\"@id\":\"https:\/\/www.pescafish.it\/new\/#website\",\"url\":\"https:\/\/www.pescafish.it\/new\/\",\"name\":\"Pesca Fish\",\"description\":\"Benvenuti sul nostro sito!\",\"potentialAction\":[{\"@type\":\"SearchAction\",\"target\":\"https:\/\/www.pescafish.it\/new\/?s={search_term_string}\",\"query-input\":\"required name=search_term_string\"}],\"inLanguage\":\"it-IT\"},{\"@type\":\"ImageObject\",\"@id\":\"https:\/\/www.pescafish.it\/new\/prodotto\/super-deluxe-recliner-chair-fox\/#primaryimage\",\"inLanguage\":\"it-IT\",\"url\":\"https:\/\/www.pescafish.it\/new\/wp-content\/uploads\/2020\/09\/super-deluxe-recliner-chair.jpg\",\"width\":1000,\"height\":1056,\"caption\":\"Super Deluxe Recliner Chair Fox\"},{\"@type\":\"WebPage\",\"@id\":\"https:\/\/www.pescafish.it\/new\/prodotto\/super-deluxe-recliner-chair-fox\/#webpage\",\"url\":\"https:\/\/www.pescafish.it\/new\/prodotto\/super-deluxe-recliner-chair-fox\/\",\"name\":\"Super Deluxe Recliner Chair - Fox - Pesca Fish\",\"isPartOf\":{\"@id\":\"https:\/\/www.pescafish.it\/new\/#website\"},\"primaryImageOfPage\":{\"@id\":\"https:\/\/www.pescafish.it\/new\/prodotto\/super-deluxe-recliner-chair-fox\/#primaryimage\"},\"datePublished\":\"2020-09-26T06:44:14+00:00\",\"dateModified\":\"2024-06-20T05:06:28+00:00\",\"description\":\"Super Deluxe Recliner Chair - Fox | Per informazioni scriveteci a info@pescafish.it oppure contattateci allo 045\/6100748\",\"inLanguage\":\"it-IT\",\"potentialAction\":[{\"@type\":\"ReadAction\",\"target\":[\"https:\/\/www.pescafish.it\/new\/prodotto\/super-deluxe-recliner-chair-fox\/\"]}]}]}<\/script>\n<!-- \/ Yoast SEO plugin. -->","_links":{"self":[{"href":"https:\/\/www.pescafish.it\/new\/wp-json\/wp\/v2\/product\/62199"}],"collection":[{"href":"https:\/\/www.pescafish.it\/new\/wp-json\/wp\/v2\/product"}],"about":[{"href":"https:\/\/www.pescafish.it\/new\/wp-json\/wp\/v2\/types\/product"}],"replies":[{"embeddable":true,"href":"https:\/\/www.pescafish.it\/new\/wp-json\/wp\/v2\/comments?post=62199"}],"wp:featuredmedia":[{"embeddable":true,"href":"https:\/\/www.pescafish.it\/new\/wp-json\/wp\/v2\/media\/62200"}],"wp:attachment":[{"href":"https:\/\/www.pescafish.it\/new\/wp-json\/wp\/v2\/media?parent=62199"}],"wp:term":[{"taxonomy":"product_cat","embeddable":true,"href":"https:\/\/www.pescafish.it\/new\/wp-json\/wp\/v2\/product_cat?post=62199"},{"taxonomy":"product_tag","embeddable":true,"href":"https:\/\/www.pescafish.it\/new\/wp-json\/wp\/v2\/product_tag?post=62199"}],"curies":[{"name":"wp","href":"https:\/\/api.w.org\/{rel}","templated":true}]}}