{"id":6194,"date":"2015-12-01T11:37:27","date_gmt":"2015-12-01T10:37:27","guid":{"rendered":"http:\/\/www.pescafish.it\/new\/trecciato-powerpro-92m-power-pro"},"modified":"2023-06-06T11:17:26","modified_gmt":"2023-06-06T09:17:26","slug":"trecciato-powerpro-92m-power-pro","status":"publish","type":"product","link":"https:\/\/www.pescafish.it\/new\/prodotto\/trecciato-powerpro-92m-power-pro\/","title":{"rendered":"Trecciato PowerPro 92m &#8211; Power Pro"},"content":{"rendered":"<p>UN\u2019ECCELLENTE UTILIZZO DEL FILO<br \/>\n\u2022 Non consente alle spire di sovrapporsi<br \/>\n\u2022 Trattiene meno acqua<br \/>\n\u2022 Permette imbobinamenti migliori<br \/>\n\u2022 Nessuna memoria<br \/>\nSTRUTTURALMENTE SUPERIORE<br \/>\n\u2022 Riduce la formazione accidentale di nodi e parrucche.<br \/>\n\u2022 Permette nodi pi\u00f9 semplici e sicuri<br \/>\n\u2022 Allungamento prossimo allo zero<br \/>\n\u2022 Incredibile rapporto resistenza-diametro<br \/>\nMORBIDO E LISCIO<br \/>\n\u2022 Scorre senza attriti all\u2019interno degli anelli per lanci pi\u00f9 lunghi<br \/>\n\u2022 Resiste all\u2019azione usurante degli anelli oppure degli<br \/>\nostacoli naturali<br \/>\n\u2022 Non taglia la pietra degli anelli<br \/>\n\u2022 Conserva le caratteristiche pi\u00f9 a lungo<\/p>\n<p>La fibra di Spectra \u00e8 quella con il pi\u00f9 alto rapporto resistenzapeso. La sua tenacit\u00e0 gli permette, metro dopo metro, di essere 15 volte pi\u00f9 robusto dell\u2019acciaio, molto pi\u00f9 duraturo del poliestere e la sua resistenza \u00e8 ben il 40% superiore a quella delle altre fi bre aramidiche. Le caratteristiche specifi che dipendono comunque dal diametro dei fi li che compongono il trefolo e dal loro numero.<\/p>\n<p><strong>Disponibile nelle seguenti misure e varianti di colore:<\/strong><br \/>\n<strong>PPBI9206MG<\/strong> \u00a0 0,06mm &#8211; VERDE &#8211; Carico di Rottura 3kg<br \/>\n<strong>PPBI9215MG\u00a0\u00a0<\/strong> 0,15mm &#8211; VERDE &#8211; Carico di Rottura 9kg<br \/>\n<strong>PPBI9219MG\u00a0\u00a0 <\/strong>0,19mm &#8211; VERDE &#8211; Carico di Rottura 13kg<\/p>\n","protected":false},"excerpt":{"rendered":"<p>UN\u2019ECCELLENTE UTILIZZO DEL FILO \u2022 Non consente alle spire di sovrapporsi \u2022 Trattiene meno acqua \u2022 Permette imbobinamenti migliori \u2022 Nessuna memoria STRUTTURALMENTE SUPERIORE \u2022 Riduce la formazione accidentale di nodi e parrucche. \u2022 Permette nodi pi\u00f9 semplici e sicuri \u2022 Allungamento prossimo allo zero \u2022 Incredibile rapporto resistenza-diametro MORBIDO E LISCIO \u2022 Scorre senza [&hellip;]<\/p>\n","protected":false},"featured_media":23665,"comment_status":"closed","ping_status":"closed","template":"","meta":[],"product_cat":[734],"product_tag":[],"yoast_head":"<!-- This site is optimized with the Yoast SEO plugin v15.3 - https:\/\/yoast.com\/wordpress\/plugins\/seo\/ -->\n<title>Trecciato PowerPro 92m - Power Pro - Pesca Fish<\/title>\n<meta name=\"robots\" content=\"index, follow, max-snippet:-1, max-image-preview:large, max-video-preview:-1\" \/>\n<link rel=\"canonical\" href=\"https:\/\/www.pescafish.it\/new\/prodotto\/trecciato-powerpro-92m-power-pro\/\" \/>\n<meta property=\"og:locale\" content=\"it_IT\" \/>\n<meta property=\"og:type\" content=\"article\" \/>\n<meta property=\"og:title\" content=\"Trecciato PowerPro 92m - Power Pro - Pesca Fish\" \/>\n<meta property=\"og:description\" content=\"UN\u2019ECCELLENTE UTILIZZO DEL FILO \u2022 Non consente alle spire di sovrapporsi \u2022 Trattiene meno acqua \u2022 Permette imbobinamenti migliori \u2022 Nessuna memoria STRUTTURALMENTE SUPERIORE \u2022 Riduce la formazione accidentale di nodi e parrucche. \u2022 Permette nodi pi\u00f9 semplici e sicuri \u2022 Allungamento prossimo allo zero \u2022 Incredibile rapporto resistenza-diametro MORBIDO E LISCIO \u2022 Scorre senza [&hellip;]\" \/>\n<meta property=\"og:url\" content=\"https:\/\/www.pescafish.it\/new\/prodotto\/trecciato-powerpro-92m-power-pro\/\" \/>\n<meta property=\"og:site_name\" content=\"Pesca Fish\" \/>\n<meta property=\"article:publisher\" content=\"https:\/\/www.facebook.com\/pescafishvr\/\" \/>\n<meta property=\"article:modified_time\" content=\"2023-06-06T09:17:26+00:00\" \/>\n<meta property=\"og:image\" content=\"https:\/\/www.pescafish.it\/new\/wp-content\/uploads\/2015\/12\/9390df4fee7590047e453b5d4646aa39.jpg\" \/>\n\t<meta property=\"og:image:width\" content=\"400\" \/>\n\t<meta property=\"og:image:height\" content=\"400\" \/>\n<meta name=\"twitter:card\" content=\"summary_large_image\" \/>\n<meta name=\"twitter:label1\" content=\"Scritto da\">\n\t<meta name=\"twitter:data1\" content=\"francesca\">\n\t<meta name=\"twitter:label2\" content=\"Tempo di lettura stimato\">\n\t<meta name=\"twitter:data2\" content=\"1 minuto\">\n<script type=\"application\/ld+json\" class=\"yoast-schema-graph\">{\"@context\":\"https:\/\/schema.org\",\"@graph\":[{\"@type\":\"WebSite\",\"@id\":\"https:\/\/www.pescafish.it\/new\/#website\",\"url\":\"https:\/\/www.pescafish.it\/new\/\",\"name\":\"Pesca Fish\",\"description\":\"Benvenuti sul nostro sito!\",\"potentialAction\":[{\"@type\":\"SearchAction\",\"target\":\"https:\/\/www.pescafish.it\/new\/?s={search_term_string}\",\"query-input\":\"required name=search_term_string\"}],\"inLanguage\":\"it-IT\"},{\"@type\":\"ImageObject\",\"@id\":\"https:\/\/www.pescafish.it\/new\/prodotto\/trecciato-powerpro-92m-power-pro\/#primaryimage\",\"inLanguage\":\"it-IT\",\"url\":\"https:\/\/www.pescafish.it\/new\/wp-content\/uploads\/2015\/12\/9390df4fee7590047e453b5d4646aa39.jpg\",\"width\":400,\"height\":400},{\"@type\":\"WebPage\",\"@id\":\"https:\/\/www.pescafish.it\/new\/prodotto\/trecciato-powerpro-92m-power-pro\/#webpage\",\"url\":\"https:\/\/www.pescafish.it\/new\/prodotto\/trecciato-powerpro-92m-power-pro\/\",\"name\":\"Trecciato PowerPro 92m - Power Pro - Pesca Fish\",\"isPartOf\":{\"@id\":\"https:\/\/www.pescafish.it\/new\/#website\"},\"primaryImageOfPage\":{\"@id\":\"https:\/\/www.pescafish.it\/new\/prodotto\/trecciato-powerpro-92m-power-pro\/#primaryimage\"},\"datePublished\":\"2015-12-01T10:37:27+00:00\",\"dateModified\":\"2023-06-06T09:17:26+00:00\",\"inLanguage\":\"it-IT\",\"potentialAction\":[{\"@type\":\"ReadAction\",\"target\":[\"https:\/\/www.pescafish.it\/new\/prodotto\/trecciato-powerpro-92m-power-pro\/\"]}]}]}<\/script>\n<!-- \/ Yoast SEO plugin. -->","_links":{"self":[{"href":"https:\/\/www.pescafish.it\/new\/wp-json\/wp\/v2\/product\/6194"}],"collection":[{"href":"https:\/\/www.pescafish.it\/new\/wp-json\/wp\/v2\/product"}],"about":[{"href":"https:\/\/www.pescafish.it\/new\/wp-json\/wp\/v2\/types\/product"}],"replies":[{"embeddable":true,"href":"https:\/\/www.pescafish.it\/new\/wp-json\/wp\/v2\/comments?post=6194"}],"wp:featuredmedia":[{"embeddable":true,"href":"https:\/\/www.pescafish.it\/new\/wp-json\/wp\/v2\/media\/23665"}],"wp:attachment":[{"href":"https:\/\/www.pescafish.it\/new\/wp-json\/wp\/v2\/media?parent=6194"}],"wp:term":[{"taxonomy":"product_cat","embeddable":true,"href":"https:\/\/www.pescafish.it\/new\/wp-json\/wp\/v2\/product_cat?post=6194"},{"taxonomy":"product_tag","embeddable":true,"href":"https:\/\/www.pescafish.it\/new\/wp-json\/wp\/v2\/product_tag?post=6194"}],"curies":[{"name":"wp","href":"https:\/\/api.w.org\/{rel}","templated":true}]}}