{"id":61434,"date":"2020-09-02T09:28:52","date_gmt":"2020-09-02T07:28:52","guid":{"rendered":"https:\/\/www.pescafish.it\/new\/?post_type=product&#038;p=61434"},"modified":"2021-10-13T09:32:31","modified_gmt":"2021-10-13T07:32:31","slug":"canna-monster-hunt-rapala","status":"publish","type":"product","link":"https:\/\/www.pescafish.it\/new\/prodotto\/canna-monster-hunt-rapala\/","title":{"rendered":"Canna Monster Hunt Black Edition &#8211; Rapala"},"content":{"rendered":"<h2>Canna Monster Hunt Rapala<\/h2>\n<p>Per un pescatore che \u00e8 abituato a pescare con attrezzatura di qualit\u00e0, dover partire e magari trovarsi a pescare nel posto dei sogni con una canna a pi\u00f9 pezzi, che notoriamente non offre il massimo delle performance, \u00e8 veramente un dramma. In Rapala lo sappiamo bene, quindi, abbiamo deciso di investire nella progettazione di due canne insuperabili, che non ti facciano sentire la mancanza della tua attrezzatura, quando dovrai strappare da una cover il luccio di una vita o stoppare un carangide prima che la sua pazza fuga si arresti inesorabilmente su un anfratto coralligeno. Le Rapala Trailblazer Monster Hunt Black Edition sono delle pe6, in due versioni una da casting ed una da spinning, hanno un casting di 4oz e componentistica Fuji, un look aggressivo ed elegante e sono dotate di una comoda custodia in neoprene che ti permetter\u00e0 di portarle facilmente ovunque. Quando pianificherai il tuo prossimo viaggio, non potrai prevedere se piover\u00e0 o ci sar\u00e0 il sole, ma certamente saprai di avere in valigia una canna che non ti tradir\u00e0 mai!<\/p>\n<p><strong>Disponibili nei seguenti modelli:<\/strong><\/p>\n<table style=\"border-color: #000000;\" border=\"2\">\n<tbody>\n<tr>\n<td><strong>Modello<\/strong><\/td>\n<td style=\"text-align: center;\"><strong>Tipo<\/strong><\/td>\n<td style=\"text-align: center;\"><strong>Lunghezza<\/strong><\/td>\n<td style=\"text-align: center;\"><strong>Potenza<\/strong><\/td>\n<td style=\"text-align: center;\"><strong>Rating<\/strong><\/td>\n<td style=\"text-align: center;\"><strong>N\u00b0 sezioni<\/strong><\/td>\n<td style=\"text-align: center;\"><strong>Azione<\/strong><\/td>\n<\/tr>\n<tr>\n<td><strong>TBMHS694XXH<\/strong><\/td>\n<td style=\"text-align: center;\">Spinning<\/td>\n<td style=\"text-align: center;\">6&#8217;9&#8243;<\/td>\n<td style=\"text-align: center;\">4 oz<\/td>\n<td style=\"text-align: center;\">Max PE6<\/td>\n<td style=\"text-align: center;\">4<\/td>\n<td style=\"text-align: center;\">Regular Fast<\/td>\n<\/tr>\n<tr>\n<td><strong>TBMHC694XXH<\/strong><\/td>\n<td style=\"text-align: center;\">Casting<\/td>\n<td style=\"text-align: center;\">6&#8217;9&#8243;<\/td>\n<td style=\"text-align: center;\">4 oz<\/td>\n<td style=\"text-align: center;\">Max PE6<\/td>\n<td style=\"text-align: center;\">4<\/td>\n<td style=\"text-align: center;\">Regular Fast<\/td>\n<\/tr>\n<\/tbody>\n<\/table>\n","protected":false},"excerpt":{"rendered":"<p>Canna Monster Hunt Rapala Per un pescatore che \u00e8 abituato a pescare con attrezzatura di qualit\u00e0, dover partire e magari trovarsi a pescare nel posto dei sogni con una canna a pi\u00f9 pezzi, che notoriamente non offre il massimo delle performance, \u00e8 veramente un dramma. In Rapala lo sappiamo bene, quindi, abbiamo deciso di investire [&hellip;]<\/p>\n","protected":false},"featured_media":61435,"comment_status":"closed","ping_status":"closed","template":"","meta":[],"product_cat":[1112],"product_tag":[1113],"yoast_head":"<!-- This site is optimized with the Yoast SEO plugin v15.3 - https:\/\/yoast.com\/wordpress\/plugins\/seo\/ -->\n<title>Canna Monster Hunt Black Edition - Rapala - Pesca Fish<\/title>\n<meta name=\"description\" content=\"Canna Monster Hunt Black Edition - Rapala | Per informazioni scriveteci a info@pescafish.it oppure contattateci allo 045\/6100748\" \/>\n<meta name=\"robots\" content=\"index, follow, max-snippet:-1, max-image-preview:large, max-video-preview:-1\" \/>\n<link rel=\"canonical\" href=\"https:\/\/www.pescafish.it\/new\/prodotto\/canna-monster-hunt-rapala\/\" \/>\n<meta property=\"og:locale\" content=\"it_IT\" \/>\n<meta property=\"og:type\" content=\"article\" \/>\n<meta property=\"og:title\" content=\"Canna Monster Hunt Black Edition - Rapala - Pesca Fish\" \/>\n<meta property=\"og:description\" content=\"Canna Monster Hunt Black Edition - Rapala | Per informazioni scriveteci a info@pescafish.it oppure contattateci allo 045\/6100748\" \/>\n<meta property=\"og:url\" content=\"https:\/\/www.pescafish.it\/new\/prodotto\/canna-monster-hunt-rapala\/\" \/>\n<meta property=\"og:site_name\" content=\"Pesca Fish\" \/>\n<meta property=\"article:publisher\" content=\"https:\/\/www.facebook.com\/pescafishvr\/\" \/>\n<meta property=\"article:modified_time\" content=\"2021-10-13T07:32:31+00:00\" \/>\n<meta property=\"og:image\" content=\"https:\/\/www.pescafish.it\/new\/wp-content\/uploads\/2020\/09\/monster-hunt-rapala.jpg\" \/>\n\t<meta property=\"og:image:width\" content=\"1000\" \/>\n\t<meta property=\"og:image:height\" content=\"1000\" \/>\n<meta name=\"twitter:card\" content=\"summary_large_image\" \/>\n<meta name=\"twitter:label1\" content=\"Scritto da\">\n\t<meta name=\"twitter:data1\" content=\"francesca\">\n\t<meta name=\"twitter:label2\" content=\"Tempo di lettura stimato\">\n\t<meta name=\"twitter:data2\" content=\"1 minuto\">\n<script type=\"application\/ld+json\" class=\"yoast-schema-graph\">{\"@context\":\"https:\/\/schema.org\",\"@graph\":[{\"@type\":\"WebSite\",\"@id\":\"https:\/\/www.pescafish.it\/new\/#website\",\"url\":\"https:\/\/www.pescafish.it\/new\/\",\"name\":\"Pesca Fish\",\"description\":\"Benvenuti sul nostro sito!\",\"potentialAction\":[{\"@type\":\"SearchAction\",\"target\":\"https:\/\/www.pescafish.it\/new\/?s={search_term_string}\",\"query-input\":\"required name=search_term_string\"}],\"inLanguage\":\"it-IT\"},{\"@type\":\"ImageObject\",\"@id\":\"https:\/\/www.pescafish.it\/new\/prodotto\/canna-monster-hunt-rapala\/#primaryimage\",\"inLanguage\":\"it-IT\",\"url\":\"https:\/\/www.pescafish.it\/new\/wp-content\/uploads\/2020\/09\/monster-hunt-rapala.jpg\",\"width\":1000,\"height\":1000,\"caption\":\"canna monster hunt rapala\"},{\"@type\":\"WebPage\",\"@id\":\"https:\/\/www.pescafish.it\/new\/prodotto\/canna-monster-hunt-rapala\/#webpage\",\"url\":\"https:\/\/www.pescafish.it\/new\/prodotto\/canna-monster-hunt-rapala\/\",\"name\":\"Canna Monster Hunt Black Edition - Rapala - Pesca Fish\",\"isPartOf\":{\"@id\":\"https:\/\/www.pescafish.it\/new\/#website\"},\"primaryImageOfPage\":{\"@id\":\"https:\/\/www.pescafish.it\/new\/prodotto\/canna-monster-hunt-rapala\/#primaryimage\"},\"datePublished\":\"2020-09-02T07:28:52+00:00\",\"dateModified\":\"2021-10-13T07:32:31+00:00\",\"description\":\"Canna Monster Hunt Black Edition - Rapala | Per informazioni scriveteci a info@pescafish.it oppure contattateci allo 045\/6100748\",\"inLanguage\":\"it-IT\",\"potentialAction\":[{\"@type\":\"ReadAction\",\"target\":[\"https:\/\/www.pescafish.it\/new\/prodotto\/canna-monster-hunt-rapala\/\"]}]}]}<\/script>\n<!-- \/ Yoast SEO plugin. -->","_links":{"self":[{"href":"https:\/\/www.pescafish.it\/new\/wp-json\/wp\/v2\/product\/61434"}],"collection":[{"href":"https:\/\/www.pescafish.it\/new\/wp-json\/wp\/v2\/product"}],"about":[{"href":"https:\/\/www.pescafish.it\/new\/wp-json\/wp\/v2\/types\/product"}],"replies":[{"embeddable":true,"href":"https:\/\/www.pescafish.it\/new\/wp-json\/wp\/v2\/comments?post=61434"}],"wp:featuredmedia":[{"embeddable":true,"href":"https:\/\/www.pescafish.it\/new\/wp-json\/wp\/v2\/media\/61435"}],"wp:attachment":[{"href":"https:\/\/www.pescafish.it\/new\/wp-json\/wp\/v2\/media?parent=61434"}],"wp:term":[{"taxonomy":"product_cat","embeddable":true,"href":"https:\/\/www.pescafish.it\/new\/wp-json\/wp\/v2\/product_cat?post=61434"},{"taxonomy":"product_tag","embeddable":true,"href":"https:\/\/www.pescafish.it\/new\/wp-json\/wp\/v2\/product_tag?post=61434"}],"curies":[{"name":"wp","href":"https:\/\/api.w.org\/{rel}","templated":true}]}}