{"id":61177,"date":"2020-08-22T15:09:40","date_gmt":"2020-08-22T13:09:40","guid":{"rendered":"https:\/\/www.pescafish.it\/new\/?post_type=product&#038;p=61177"},"modified":"2020-08-22T15:09:41","modified_gmt":"2020-08-22T13:09:41","slug":"fructose-concentrate-cc-moore","status":"publish","type":"product","link":"https:\/\/www.pescafish.it\/new\/prodotto\/fructose-concentrate-cc-moore\/","title":{"rendered":"Fructose Concentrate &#8211; CC Moore"},"content":{"rendered":"<h2>Fructose Concentrate<\/h2>\n<p>Questo additivo \u00e8 un potente palatant alla frutto molto forte che \u00e8 stato ora potenziato con l&#8217;aggiunta di un particolare dolcificante. Una volta aggiunto caratterizzer\u00e0 le vostre esche con un sapore\/aroma di frutta\/lampone, estremamente efficace se usato in combinazione con proteine del latte e birdfood.<\/p>\n<p><strong>Confezione da 250gr<\/strong><\/p>\n","protected":false},"excerpt":{"rendered":"<p>Fructose Concentrate Questo additivo \u00e8 un potente palatant alla frutto molto forte che \u00e8 stato ora potenziato con l&#8217;aggiunta di un particolare dolcificante. Una volta aggiunto caratterizzer\u00e0 le vostre esche con un sapore\/aroma di frutta\/lampone, estremamente efficace se usato in combinazione con proteine del latte e birdfood. Confezione da 250gr<\/p>\n","protected":false},"featured_media":61178,"comment_status":"open","ping_status":"closed","template":"","meta":[],"product_cat":[1128],"product_tag":[1127],"yoast_head":"<!-- This site is optimized with the Yoast SEO plugin v15.3 - https:\/\/yoast.com\/wordpress\/plugins\/seo\/ -->\n<title>Fructose Concentrate - CC Moore - Pesca Fish<\/title>\n<meta name=\"robots\" content=\"index, follow, max-snippet:-1, max-image-preview:large, max-video-preview:-1\" \/>\n<link rel=\"canonical\" href=\"https:\/\/www.pescafish.it\/new\/prodotto\/fructose-concentrate-cc-moore\/\" \/>\n<meta property=\"og:locale\" content=\"it_IT\" \/>\n<meta property=\"og:type\" content=\"article\" \/>\n<meta property=\"og:title\" content=\"Fructose Concentrate - CC Moore - Pesca Fish\" \/>\n<meta property=\"og:description\" content=\"Fructose Concentrate Questo additivo \u00e8 un potente palatant alla frutto molto forte che \u00e8 stato ora potenziato con l&#8217;aggiunta di un particolare dolcificante. Una volta aggiunto caratterizzer\u00e0 le vostre esche con un sapore\/aroma di frutta\/lampone, estremamente efficace se usato in combinazione con proteine del latte e birdfood. Confezione da 250gr\" \/>\n<meta property=\"og:url\" content=\"https:\/\/www.pescafish.it\/new\/prodotto\/fructose-concentrate-cc-moore\/\" \/>\n<meta property=\"og:site_name\" content=\"Pesca Fish\" \/>\n<meta property=\"article:publisher\" content=\"https:\/\/www.facebook.com\/pescafishvr\/\" \/>\n<meta property=\"article:modified_time\" content=\"2020-08-22T13:09:41+00:00\" \/>\n<meta property=\"og:image\" content=\"https:\/\/www.pescafish.it\/new\/wp-content\/uploads\/2020\/08\/fructose-concentrate-250-gr-cc-moore.jpg\" \/>\n\t<meta property=\"og:image:width\" content=\"800\" \/>\n\t<meta property=\"og:image:height\" content=\"558\" \/>\n<meta name=\"twitter:card\" content=\"summary_large_image\" \/>\n<meta name=\"twitter:label1\" content=\"Scritto da\">\n\t<meta name=\"twitter:data1\" content=\"francesca\">\n\t<meta name=\"twitter:label2\" content=\"Tempo di lettura stimato\">\n\t<meta name=\"twitter:data2\" content=\"0 minuti\">\n<script type=\"application\/ld+json\" class=\"yoast-schema-graph\">{\"@context\":\"https:\/\/schema.org\",\"@graph\":[{\"@type\":\"WebSite\",\"@id\":\"https:\/\/www.pescafish.it\/new\/#website\",\"url\":\"https:\/\/www.pescafish.it\/new\/\",\"name\":\"Pesca Fish\",\"description\":\"Benvenuti sul nostro sito!\",\"potentialAction\":[{\"@type\":\"SearchAction\",\"target\":\"https:\/\/www.pescafish.it\/new\/?s={search_term_string}\",\"query-input\":\"required name=search_term_string\"}],\"inLanguage\":\"it-IT\"},{\"@type\":\"ImageObject\",\"@id\":\"https:\/\/www.pescafish.it\/new\/prodotto\/fructose-concentrate-cc-moore\/#primaryimage\",\"inLanguage\":\"it-IT\",\"url\":\"https:\/\/www.pescafish.it\/new\/wp-content\/uploads\/2020\/08\/fructose-concentrate-250-gr-cc-moore.jpg\",\"width\":800,\"height\":558,\"caption\":\"CC Moore\"},{\"@type\":\"WebPage\",\"@id\":\"https:\/\/www.pescafish.it\/new\/prodotto\/fructose-concentrate-cc-moore\/#webpage\",\"url\":\"https:\/\/www.pescafish.it\/new\/prodotto\/fructose-concentrate-cc-moore\/\",\"name\":\"Fructose Concentrate - CC Moore - Pesca Fish\",\"isPartOf\":{\"@id\":\"https:\/\/www.pescafish.it\/new\/#website\"},\"primaryImageOfPage\":{\"@id\":\"https:\/\/www.pescafish.it\/new\/prodotto\/fructose-concentrate-cc-moore\/#primaryimage\"},\"datePublished\":\"2020-08-22T13:09:40+00:00\",\"dateModified\":\"2020-08-22T13:09:41+00:00\",\"inLanguage\":\"it-IT\",\"potentialAction\":[{\"@type\":\"ReadAction\",\"target\":[\"https:\/\/www.pescafish.it\/new\/prodotto\/fructose-concentrate-cc-moore\/\"]}]}]}<\/script>\n<!-- \/ Yoast SEO plugin. -->","_links":{"self":[{"href":"https:\/\/www.pescafish.it\/new\/wp-json\/wp\/v2\/product\/61177"}],"collection":[{"href":"https:\/\/www.pescafish.it\/new\/wp-json\/wp\/v2\/product"}],"about":[{"href":"https:\/\/www.pescafish.it\/new\/wp-json\/wp\/v2\/types\/product"}],"replies":[{"embeddable":true,"href":"https:\/\/www.pescafish.it\/new\/wp-json\/wp\/v2\/comments?post=61177"}],"wp:featuredmedia":[{"embeddable":true,"href":"https:\/\/www.pescafish.it\/new\/wp-json\/wp\/v2\/media\/61178"}],"wp:attachment":[{"href":"https:\/\/www.pescafish.it\/new\/wp-json\/wp\/v2\/media?parent=61177"}],"wp:term":[{"taxonomy":"product_cat","embeddable":true,"href":"https:\/\/www.pescafish.it\/new\/wp-json\/wp\/v2\/product_cat?post=61177"},{"taxonomy":"product_tag","embeddable":true,"href":"https:\/\/www.pescafish.it\/new\/wp-json\/wp\/v2\/product_tag?post=61177"}],"curies":[{"name":"wp","href":"https:\/\/api.w.org\/{rel}","templated":true}]}}