{"id":61107,"date":"2020-08-20T14:40:22","date_gmt":"2020-08-20T12:40:22","guid":{"rendered":"https:\/\/www.pescafish.it\/new\/?post_type=product&#038;p=61107"},"modified":"2025-11-10T18:02:25","modified_gmt":"2025-11-10T17:02:25","slug":"liquid-glm-compound-cc-moore","status":"publish","type":"product","link":"https:\/\/www.pescafish.it\/new\/prodotto\/liquid-glm-compound-cc-moore\/","title":{"rendered":"Liquid GLM Compound &#8211; CC Moore"},"content":{"rendered":"<div class=\"short-description\">\n<h2>Liquid GLM Compound<\/h2>\n<p>Con l&#8217;estratto di cozze verdi della Nuova Zelanda che \u00e8 uno dei pi\u00f9 efficaci attrattori di carpa e pesce grosso conosciuti dall&#8217;uomo, \u00e8 da diversi anni che la nostra ricerca \u00e8 quella di imbrigliarlo e presentarlo sotto forma di un alimento liquido concentrato. Dopo un lungo lavoro con i nostri colleghi in Nuova Zelanda, siamo entusiasti di poter finalmente fare questo con il nostro eccezionale nuovo Liquid G.L.M. Estratto<\/p>\n<p>Nel momento in cui apri una bottiglia di Liquid G.L.M. Composto, ricevi un&#8217;incredibile ondata di aromi ricchi di cozze che non ti lasciano dubbi sul suo potenziale di cattura del pesce; urla assolutamente pesce.<\/p>\n<p>Con le sue caratteristiche principali \u00e8 il suo straordinario gusto e aroma di cozze verdi naturali derivato dal puro G.L.M. (come la nostra Odyssey XXX) abbiamo ulteriormente migliorato questo prodotto con l&#8217;aggiunta di zuccheri naturali e proteine ??di pesce per renderlo un irresistibile additivo per esche liquide tutto l&#8217;anno.<\/p>\n<p><strong>Barattolo da 500ml<\/strong><\/p>\n<\/div>\n","protected":false},"excerpt":{"rendered":"<p>Liquid GLM Compound Con l&#8217;estratto di cozze verdi della Nuova Zelanda che \u00e8 uno dei pi\u00f9 efficaci attrattori di carpa e pesce grosso conosciuti dall&#8217;uomo, \u00e8 da diversi anni che la nostra ricerca \u00e8 quella di imbrigliarlo e presentarlo sotto forma di un alimento liquido concentrato. Dopo un lungo lavoro con i nostri colleghi in [&hellip;]<\/p>\n","protected":false},"featured_media":61108,"comment_status":"closed","ping_status":"closed","template":"","meta":[],"product_cat":[1128],"product_tag":[1127],"yoast_head":"<!-- This site is optimized with the Yoast SEO plugin v15.3 - https:\/\/yoast.com\/wordpress\/plugins\/seo\/ -->\n<title>Liquid GLM Compound - CC Moore - Pesca Fish<\/title>\n<meta name=\"robots\" content=\"index, follow, max-snippet:-1, max-image-preview:large, max-video-preview:-1\" \/>\n<link rel=\"canonical\" href=\"https:\/\/www.pescafish.it\/new\/prodotto\/liquid-glm-compound-cc-moore\/\" \/>\n<meta property=\"og:locale\" content=\"it_IT\" \/>\n<meta property=\"og:type\" content=\"article\" \/>\n<meta property=\"og:title\" content=\"Liquid GLM Compound - CC Moore - Pesca Fish\" \/>\n<meta property=\"og:description\" content=\"Liquid GLM Compound Con l&#8217;estratto di cozze verdi della Nuova Zelanda che \u00e8 uno dei pi\u00f9 efficaci attrattori di carpa e pesce grosso conosciuti dall&#8217;uomo, \u00e8 da diversi anni che la nostra ricerca \u00e8 quella di imbrigliarlo e presentarlo sotto forma di un alimento liquido concentrato. Dopo un lungo lavoro con i nostri colleghi in [&hellip;]\" \/>\n<meta property=\"og:url\" content=\"https:\/\/www.pescafish.it\/new\/prodotto\/liquid-glm-compound-cc-moore\/\" \/>\n<meta property=\"og:site_name\" content=\"Pesca Fish\" \/>\n<meta property=\"article:publisher\" content=\"https:\/\/www.facebook.com\/pescafishvr\/\" \/>\n<meta property=\"article:modified_time\" content=\"2025-11-10T17:02:25+00:00\" \/>\n<meta property=\"og:image\" content=\"https:\/\/www.pescafish.it\/new\/wp-content\/uploads\/2020\/08\/liquid-GLM-extract-500-ml-cc-moore.jpg\" \/>\n\t<meta property=\"og:image:width\" content=\"458\" \/>\n\t<meta property=\"og:image:height\" content=\"343\" \/>\n<meta name=\"twitter:card\" content=\"summary_large_image\" \/>\n<meta name=\"twitter:label1\" content=\"Scritto da\">\n\t<meta name=\"twitter:data1\" content=\"francesca\">\n\t<meta name=\"twitter:label2\" content=\"Tempo di lettura stimato\">\n\t<meta name=\"twitter:data2\" content=\"1 minuto\">\n<script type=\"application\/ld+json\" class=\"yoast-schema-graph\">{\"@context\":\"https:\/\/schema.org\",\"@graph\":[{\"@type\":\"WebSite\",\"@id\":\"https:\/\/www.pescafish.it\/new\/#website\",\"url\":\"https:\/\/www.pescafish.it\/new\/\",\"name\":\"Pesca Fish\",\"description\":\"Benvenuti sul nostro sito!\",\"potentialAction\":[{\"@type\":\"SearchAction\",\"target\":\"https:\/\/www.pescafish.it\/new\/?s={search_term_string}\",\"query-input\":\"required name=search_term_string\"}],\"inLanguage\":\"it-IT\"},{\"@type\":\"ImageObject\",\"@id\":\"https:\/\/www.pescafish.it\/new\/prodotto\/liquid-glm-compound-cc-moore\/#primaryimage\",\"inLanguage\":\"it-IT\",\"url\":\"https:\/\/www.pescafish.it\/new\/wp-content\/uploads\/2020\/08\/liquid-GLM-extract-500-ml-cc-moore.jpg\",\"width\":458,\"height\":343,\"caption\":\"CC Moore\"},{\"@type\":\"WebPage\",\"@id\":\"https:\/\/www.pescafish.it\/new\/prodotto\/liquid-glm-compound-cc-moore\/#webpage\",\"url\":\"https:\/\/www.pescafish.it\/new\/prodotto\/liquid-glm-compound-cc-moore\/\",\"name\":\"Liquid GLM Compound - CC Moore - Pesca Fish\",\"isPartOf\":{\"@id\":\"https:\/\/www.pescafish.it\/new\/#website\"},\"primaryImageOfPage\":{\"@id\":\"https:\/\/www.pescafish.it\/new\/prodotto\/liquid-glm-compound-cc-moore\/#primaryimage\"},\"datePublished\":\"2020-08-20T12:40:22+00:00\",\"dateModified\":\"2025-11-10T17:02:25+00:00\",\"inLanguage\":\"it-IT\",\"potentialAction\":[{\"@type\":\"ReadAction\",\"target\":[\"https:\/\/www.pescafish.it\/new\/prodotto\/liquid-glm-compound-cc-moore\/\"]}]}]}<\/script>\n<!-- \/ Yoast SEO plugin. -->","_links":{"self":[{"href":"https:\/\/www.pescafish.it\/new\/wp-json\/wp\/v2\/product\/61107"}],"collection":[{"href":"https:\/\/www.pescafish.it\/new\/wp-json\/wp\/v2\/product"}],"about":[{"href":"https:\/\/www.pescafish.it\/new\/wp-json\/wp\/v2\/types\/product"}],"replies":[{"embeddable":true,"href":"https:\/\/www.pescafish.it\/new\/wp-json\/wp\/v2\/comments?post=61107"}],"wp:featuredmedia":[{"embeddable":true,"href":"https:\/\/www.pescafish.it\/new\/wp-json\/wp\/v2\/media\/61108"}],"wp:attachment":[{"href":"https:\/\/www.pescafish.it\/new\/wp-json\/wp\/v2\/media?parent=61107"}],"wp:term":[{"taxonomy":"product_cat","embeddable":true,"href":"https:\/\/www.pescafish.it\/new\/wp-json\/wp\/v2\/product_cat?post=61107"},{"taxonomy":"product_tag","embeddable":true,"href":"https:\/\/www.pescafish.it\/new\/wp-json\/wp\/v2\/product_tag?post=61107"}],"curies":[{"name":"wp","href":"https:\/\/api.w.org\/{rel}","templated":true}]}}