{"id":61095,"date":"2020-08-20T14:09:34","date_gmt":"2020-08-20T12:09:34","guid":{"rendered":"https:\/\/www.pescafish.it\/new\/?post_type=product&#038;p=61095"},"modified":"2020-08-20T14:09:35","modified_gmt":"2020-08-20T12:09:35","slug":"chilli-hemp-oil-cc-moore","status":"publish","type":"product","link":"https:\/\/www.pescafish.it\/new\/prodotto\/chilli-hemp-oil-cc-moore\/","title":{"rendered":"Chilli Hemp Oil &#8211; CC Moore"},"content":{"rendered":"<div class=\"tab-content\">\n<section id=\"tab2\" class=\"tab-pane page-product-box active\">\n<div class=\"rte\">\n<h2>Chilli Hemp Oil<\/h2>\n<p>Il chilli e la canapa sono due ingredienti da tempo utilizzati nella produzione delle esche, la CC Moore ha pensato di combinare insieme questi due attrattori devastanti per carpe,creando un olio straordinario da impiegare in molteplici situazioni. Il nostro eccezionale olio di canapa emette segnali alimentari e chimici molto concentrati in acqua, rappresentando una ricca fonte di nutrienti vitali come l&#8217;Acido Gamma linoleico, Omega 3-6 e 9 aminoacidi, oli, oligoelementi e vitamine D e E.<\/p>\n<p>Questi benefici attrattivi e salutari,vengono combinati con le propriet\u00e0 potenti forniti da un nostro prodotto esclusivo ed impareggiabile, ilChilli in polvere. Questo potente olio aggiunge un gusto incredibile e contiene una grande quantit\u00e0 di betacarotene e capsaicina, una sostanza nutriente naturale che non solo attira i pesci, ma agisce anche come antiossidante contenente livelli elevati di vitamina C.<\/p>\n<p>Il CC Moore Chilli Hemp Oil \u00e8 un attrattore che pu\u00f2 essere adoperato tutto l&#8217;anno ed i livelli di inclusione all&#8217;interno della parte liquida delle boiles consigliato e di 15-30 ml\/kg. Pu\u00f2 essere impiegato anche per impastare il method mix, dosando il 50% di prodotto ed il restante 50% di acqua, oppure per bagnare gli stick mix, per lo spod, ottimo abbinato con il nostro CC Moore red pepper+. Ottimo se viene adoperato per l&#8217;ammollo delle esche.<\/p>\n<p>Personalmente consiglio l&#8217;uso di questo liquid food quando l&#8217;acqua inizia a scendere sotto i 10\u00b0 e soprattutto nel periodo invernale, in quanto il Chilli cos\u00ec come altre spezie fanno parte della categoria di ingredienti termogenici cio\u00e8 hanno la funzione di aumentare il metabolismo delle carpe tenendole pi\u00f9 attive sugli spot, visto che pi\u00f9 diminuisce la temperatura dell&#8217;acqua,pi\u00f9 diminuisce il loro metabolismo, aiuteranno inoltre le carpe nella digestione.<\/p>\n<p>Grazie alla presenza di sostanze alcaloidi, garantisce un livello attrattivo eccezionale.Il livello attrattivo del prodotto si raddoppia visto che il Chilli viene miscelato con la canapa, altro ingrediente molto attrattivo contenente tracce di THC il principio attivo della marijuana,i cui segnali vengono percepiti dal pesce facendogli percepire presenza di cibo.<\/p>\n<p><strong>Barattolo da 500ml<\/strong><\/p>\n<\/div>\n<\/section>\n<\/div>\n","protected":false},"excerpt":{"rendered":"<p>Chilli Hemp Oil Il chilli e la canapa sono due ingredienti da tempo utilizzati nella produzione delle esche, la CC Moore ha pensato di combinare insieme questi due attrattori devastanti per carpe,creando un olio straordinario da impiegare in molteplici situazioni. Il nostro eccezionale olio di canapa emette segnali alimentari e chimici molto concentrati in acqua, [&hellip;]<\/p>\n","protected":false},"featured_media":61096,"comment_status":"open","ping_status":"closed","template":"","meta":[],"product_cat":[1128],"product_tag":[1127],"yoast_head":"<!-- This site is optimized with the Yoast SEO plugin v15.3 - https:\/\/yoast.com\/wordpress\/plugins\/seo\/ -->\n<title>Chilli Hemp Oil - CC Moore - Pesca Fish<\/title>\n<meta name=\"robots\" content=\"index, follow, max-snippet:-1, max-image-preview:large, max-video-preview:-1\" \/>\n<link rel=\"canonical\" href=\"https:\/\/www.pescafish.it\/new\/prodotto\/chilli-hemp-oil-cc-moore\/\" \/>\n<meta property=\"og:locale\" content=\"it_IT\" \/>\n<meta property=\"og:type\" content=\"article\" \/>\n<meta property=\"og:title\" content=\"Chilli Hemp Oil - CC Moore - Pesca Fish\" \/>\n<meta property=\"og:description\" content=\"Chilli Hemp Oil Il chilli e la canapa sono due ingredienti da tempo utilizzati nella produzione delle esche, la CC Moore ha pensato di combinare insieme questi due attrattori devastanti per carpe,creando un olio straordinario da impiegare in molteplici situazioni. Il nostro eccezionale olio di canapa emette segnali alimentari e chimici molto concentrati in acqua, [&hellip;]\" \/>\n<meta property=\"og:url\" content=\"https:\/\/www.pescafish.it\/new\/prodotto\/chilli-hemp-oil-cc-moore\/\" \/>\n<meta property=\"og:site_name\" content=\"Pesca Fish\" \/>\n<meta property=\"article:publisher\" content=\"https:\/\/www.facebook.com\/pescafishvr\/\" \/>\n<meta property=\"article:modified_time\" content=\"2020-08-20T12:09:35+00:00\" \/>\n<meta property=\"og:image\" content=\"https:\/\/www.pescafish.it\/new\/wp-content\/uploads\/2020\/08\/ccmoore-chilli-hemp-oil-500ml.jpg\" \/>\n\t<meta property=\"og:image:width\" content=\"1200\" \/>\n\t<meta property=\"og:image:height\" content=\"1200\" \/>\n<meta name=\"twitter:card\" content=\"summary_large_image\" \/>\n<meta name=\"twitter:label1\" content=\"Scritto da\">\n\t<meta name=\"twitter:data1\" content=\"francesca\">\n\t<meta name=\"twitter:label2\" content=\"Tempo di lettura stimato\">\n\t<meta name=\"twitter:data2\" content=\"1 minuto\">\n<script type=\"application\/ld+json\" class=\"yoast-schema-graph\">{\"@context\":\"https:\/\/schema.org\",\"@graph\":[{\"@type\":\"WebSite\",\"@id\":\"https:\/\/www.pescafish.it\/new\/#website\",\"url\":\"https:\/\/www.pescafish.it\/new\/\",\"name\":\"Pesca Fish\",\"description\":\"Benvenuti sul nostro sito!\",\"potentialAction\":[{\"@type\":\"SearchAction\",\"target\":\"https:\/\/www.pescafish.it\/new\/?s={search_term_string}\",\"query-input\":\"required name=search_term_string\"}],\"inLanguage\":\"it-IT\"},{\"@type\":\"ImageObject\",\"@id\":\"https:\/\/www.pescafish.it\/new\/prodotto\/chilli-hemp-oil-cc-moore\/#primaryimage\",\"inLanguage\":\"it-IT\",\"url\":\"https:\/\/www.pescafish.it\/new\/wp-content\/uploads\/2020\/08\/ccmoore-chilli-hemp-oil-500ml.jpg\",\"width\":1200,\"height\":1200,\"caption\":\"CC Moore\"},{\"@type\":\"WebPage\",\"@id\":\"https:\/\/www.pescafish.it\/new\/prodotto\/chilli-hemp-oil-cc-moore\/#webpage\",\"url\":\"https:\/\/www.pescafish.it\/new\/prodotto\/chilli-hemp-oil-cc-moore\/\",\"name\":\"Chilli Hemp Oil - CC Moore - Pesca Fish\",\"isPartOf\":{\"@id\":\"https:\/\/www.pescafish.it\/new\/#website\"},\"primaryImageOfPage\":{\"@id\":\"https:\/\/www.pescafish.it\/new\/prodotto\/chilli-hemp-oil-cc-moore\/#primaryimage\"},\"datePublished\":\"2020-08-20T12:09:34+00:00\",\"dateModified\":\"2020-08-20T12:09:35+00:00\",\"inLanguage\":\"it-IT\",\"potentialAction\":[{\"@type\":\"ReadAction\",\"target\":[\"https:\/\/www.pescafish.it\/new\/prodotto\/chilli-hemp-oil-cc-moore\/\"]}]}]}<\/script>\n<!-- \/ Yoast SEO plugin. -->","_links":{"self":[{"href":"https:\/\/www.pescafish.it\/new\/wp-json\/wp\/v2\/product\/61095"}],"collection":[{"href":"https:\/\/www.pescafish.it\/new\/wp-json\/wp\/v2\/product"}],"about":[{"href":"https:\/\/www.pescafish.it\/new\/wp-json\/wp\/v2\/types\/product"}],"replies":[{"embeddable":true,"href":"https:\/\/www.pescafish.it\/new\/wp-json\/wp\/v2\/comments?post=61095"}],"wp:featuredmedia":[{"embeddable":true,"href":"https:\/\/www.pescafish.it\/new\/wp-json\/wp\/v2\/media\/61096"}],"wp:attachment":[{"href":"https:\/\/www.pescafish.it\/new\/wp-json\/wp\/v2\/media?parent=61095"}],"wp:term":[{"taxonomy":"product_cat","embeddable":true,"href":"https:\/\/www.pescafish.it\/new\/wp-json\/wp\/v2\/product_cat?post=61095"},{"taxonomy":"product_tag","embeddable":true,"href":"https:\/\/www.pescafish.it\/new\/wp-json\/wp\/v2\/product_tag?post=61095"}],"curies":[{"name":"wp","href":"https:\/\/api.w.org\/{rel}","templated":true}]}}