{"id":61046,"date":"2020-08-18T11:31:06","date_gmt":"2020-08-18T09:31:06","guid":{"rendered":"https:\/\/www.pescafish.it\/new\/?post_type=product&#038;p=61046"},"modified":"2023-01-14T10:08:13","modified_gmt":"2023-01-14T09:08:13","slug":"f1-maggot-hook-guru","status":"publish","type":"product","link":"https:\/\/www.pescafish.it\/new\/prodotto\/f1-maggot-hook-guru\/","title":{"rendered":"F1 Maggot Hook &#8211; Guru"},"content":{"rendered":"<h2>F1 Maggot Hook<\/h2>\n<p>Guru F1 Maggot Hook \u00e8 un amo a filo molto fine ed ha un peso leggero ideale per la pesca con l&#8217;innesco di vermi. Le larve si adattano perfettamente alla base, essendo un amo con la punta dritta e appuntita ti dar\u00e0 una prestazione perfetta dell&#8217;innesco, ottima per ingannare il pesce diffidente. Anche se la f1 Maggot \u00e8 un amo a filo molto fine, \u00e8 ingannevolmente forte, aiutando a portare a riva tanti esemplari di pesci che si possono incontrare<\/p>\n<p>\u2022Fine a paletta<br \/>\n\u2022Senza ardiglione<br \/>\n\u2022Rivestimento in PTFE<br \/>\n\u2022Punta super acuminata<br \/>\n\u2022A filo fine<br \/>\n\u2022Apertura stretta<br \/>\n\u2022Adatto per Maggots, Casters, Pinkies e altre piccole esche<br \/>\n\u2022Taglie disponibili 14-22<\/p>\n<p><strong>Disponibile nelle seguenti varianti:<\/strong><br \/>\n<strong>GF1E14<\/strong>\u00a0 size 14<br \/>\n<strong>GF1E16\u00a0<\/strong> size 16<br \/>\n<strong>GF1E18\u00a0<\/strong> size 18<br \/>\n<strong>GF1E20\u00a0<\/strong> size 20<br \/>\n<strong>GF1E22\u00a0<\/strong> size22<\/p>\n","protected":false},"excerpt":{"rendered":"<p>F1 Maggot Hook Guru F1 Maggot Hook \u00e8 un amo a filo molto fine ed ha un peso leggero ideale per la pesca con l&#8217;innesco di vermi. Le larve si adattano perfettamente alla base, essendo un amo con la punta dritta e appuntita ti dar\u00e0 una prestazione perfetta dell&#8217;innesco, ottima per ingannare il pesce diffidente. [&hellip;]<\/p>\n","protected":false},"featured_media":61052,"comment_status":"closed","ping_status":"closed","template":"","meta":[],"product_cat":[175],"product_tag":[1026],"yoast_head":"<!-- This site is optimized with the Yoast SEO plugin v15.3 - https:\/\/yoast.com\/wordpress\/plugins\/seo\/ -->\n<title>F1 Maggot Hook - Guru - Pesca Fish<\/title>\n<meta name=\"robots\" content=\"index, follow, max-snippet:-1, max-image-preview:large, max-video-preview:-1\" \/>\n<link rel=\"canonical\" href=\"https:\/\/www.pescafish.it\/new\/prodotto\/f1-maggot-hook-guru\/\" \/>\n<meta property=\"og:locale\" content=\"it_IT\" \/>\n<meta property=\"og:type\" content=\"article\" \/>\n<meta property=\"og:title\" content=\"F1 Maggot Hook - Guru - Pesca Fish\" \/>\n<meta property=\"og:description\" content=\"F1 Maggot Hook Guru F1 Maggot Hook \u00e8 un amo a filo molto fine ed ha un peso leggero ideale per la pesca con l&#8217;innesco di vermi. Le larve si adattano perfettamente alla base, essendo un amo con la punta dritta e appuntita ti dar\u00e0 una prestazione perfetta dell&#8217;innesco, ottima per ingannare il pesce diffidente. [&hellip;]\" \/>\n<meta property=\"og:url\" content=\"https:\/\/www.pescafish.it\/new\/prodotto\/f1-maggot-hook-guru\/\" \/>\n<meta property=\"og:site_name\" content=\"Pesca Fish\" \/>\n<meta property=\"article:publisher\" content=\"https:\/\/www.facebook.com\/pescafishvr\/\" \/>\n<meta property=\"article:modified_time\" content=\"2023-01-14T09:08:13+00:00\" \/>\n<meta property=\"og:image\" content=\"https:\/\/www.pescafish.it\/new\/wp-content\/uploads\/2020\/08\/5060196185436-guru-hook-f1-maggot-barbless-spade-end.jpg\" \/>\n\t<meta property=\"og:image:width\" content=\"640\" \/>\n\t<meta property=\"og:image:height\" content=\"480\" \/>\n<meta name=\"twitter:card\" content=\"summary_large_image\" \/>\n<meta name=\"twitter:label1\" content=\"Scritto da\">\n\t<meta name=\"twitter:data1\" content=\"francesca\">\n\t<meta name=\"twitter:label2\" content=\"Tempo di lettura stimato\">\n\t<meta name=\"twitter:data2\" content=\"1 minuto\">\n<script type=\"application\/ld+json\" class=\"yoast-schema-graph\">{\"@context\":\"https:\/\/schema.org\",\"@graph\":[{\"@type\":\"WebSite\",\"@id\":\"https:\/\/www.pescafish.it\/new\/#website\",\"url\":\"https:\/\/www.pescafish.it\/new\/\",\"name\":\"Pesca Fish\",\"description\":\"Benvenuti sul nostro sito!\",\"potentialAction\":[{\"@type\":\"SearchAction\",\"target\":\"https:\/\/www.pescafish.it\/new\/?s={search_term_string}\",\"query-input\":\"required name=search_term_string\"}],\"inLanguage\":\"it-IT\"},{\"@type\":\"ImageObject\",\"@id\":\"https:\/\/www.pescafish.it\/new\/prodotto\/f1-maggot-hook-guru\/#primaryimage\",\"inLanguage\":\"it-IT\",\"url\":\"https:\/\/www.pescafish.it\/new\/wp-content\/uploads\/2020\/08\/5060196185436-guru-hook-f1-maggot-barbless-spade-end.jpg\",\"width\":640,\"height\":480},{\"@type\":\"WebPage\",\"@id\":\"https:\/\/www.pescafish.it\/new\/prodotto\/f1-maggot-hook-guru\/#webpage\",\"url\":\"https:\/\/www.pescafish.it\/new\/prodotto\/f1-maggot-hook-guru\/\",\"name\":\"F1 Maggot Hook - Guru - Pesca Fish\",\"isPartOf\":{\"@id\":\"https:\/\/www.pescafish.it\/new\/#website\"},\"primaryImageOfPage\":{\"@id\":\"https:\/\/www.pescafish.it\/new\/prodotto\/f1-maggot-hook-guru\/#primaryimage\"},\"datePublished\":\"2020-08-18T09:31:06+00:00\",\"dateModified\":\"2023-01-14T09:08:13+00:00\",\"inLanguage\":\"it-IT\",\"potentialAction\":[{\"@type\":\"ReadAction\",\"target\":[\"https:\/\/www.pescafish.it\/new\/prodotto\/f1-maggot-hook-guru\/\"]}]}]}<\/script>\n<!-- \/ Yoast SEO plugin. -->","_links":{"self":[{"href":"https:\/\/www.pescafish.it\/new\/wp-json\/wp\/v2\/product\/61046"}],"collection":[{"href":"https:\/\/www.pescafish.it\/new\/wp-json\/wp\/v2\/product"}],"about":[{"href":"https:\/\/www.pescafish.it\/new\/wp-json\/wp\/v2\/types\/product"}],"replies":[{"embeddable":true,"href":"https:\/\/www.pescafish.it\/new\/wp-json\/wp\/v2\/comments?post=61046"}],"wp:featuredmedia":[{"embeddable":true,"href":"https:\/\/www.pescafish.it\/new\/wp-json\/wp\/v2\/media\/61052"}],"wp:attachment":[{"href":"https:\/\/www.pescafish.it\/new\/wp-json\/wp\/v2\/media?parent=61046"}],"wp:term":[{"taxonomy":"product_cat","embeddable":true,"href":"https:\/\/www.pescafish.it\/new\/wp-json\/wp\/v2\/product_cat?post=61046"},{"taxonomy":"product_tag","embeddable":true,"href":"https:\/\/www.pescafish.it\/new\/wp-json\/wp\/v2\/product_tag?post=61046"}],"curies":[{"name":"wp","href":"https:\/\/api.w.org\/{rel}","templated":true}]}}