{"id":60963,"date":"2020-08-14T11:05:29","date_gmt":"2020-08-14T09:05:29","guid":{"rendered":"https:\/\/www.pescafish.it\/new\/?post_type=product&#038;p=60963"},"modified":"2025-06-09T20:34:48","modified_gmt":"2025-06-09T18:34:48","slug":"ns1-mini-pop-up-8mm-cc-moore","status":"publish","type":"product","link":"https:\/\/www.pescafish.it\/new\/prodotto\/ns1-mini-pop-up-8mm-cc-moore\/","title":{"rendered":"NS1 Mini Pop Up 8mm &#8211; CC Moore"},"content":{"rendered":"<h2>NS1 Mini Pop Up<\/h2>\n<p>Le Boilies Pop-Ups Mini Bitez 8 mm della CC Moore prodotte con l&#8217;ultra vivace Pop Up Mix, sono delle gemme perfettamente rollate che garantiscono un reale vantaggio quando vengono adoperate con l&#8217;ausilio dei sacchetti in PVA, oltre a piccole particles e pellet, usate come innesco pop-up o come presentazione per Zig Rig. Queste pop up super luminose hanno un diametro di 8 mm e consentono di ridurre perci\u00f2 la scala del finale e affrontare pesci di taglia con esche pi\u00f9 piccole, una tattica che vi permetter\u00e0 delle catture eccezionali. Ogni vasetto contiene circa 150 Mini Bitez di sette colori diversi, non aromatizzate, dotate di un colore molto luminoso che consente di ammollarle con tutte le combinazioni di attrattori che preferite, per creare numerosi inneschi pop up altamente attrattivi.<\/p>\n<p>&nbsp;<\/p>\n","protected":false},"excerpt":{"rendered":"<p>NS1 Mini Pop Up Le Boilies Pop-Ups Mini Bitez 8 mm della CC Moore prodotte con l&#8217;ultra vivace Pop Up Mix, sono delle gemme perfettamente rollate che garantiscono un reale vantaggio quando vengono adoperate con l&#8217;ausilio dei sacchetti in PVA, oltre a piccole particles e pellet, usate come innesco pop-up o come presentazione per Zig [&hellip;]<\/p>\n","protected":false},"featured_media":60964,"comment_status":"closed","ping_status":"closed","template":"","meta":[],"product_cat":[1128],"product_tag":[1127],"yoast_head":"<!-- This site is optimized with the Yoast SEO plugin v15.3 - https:\/\/yoast.com\/wordpress\/plugins\/seo\/ -->\n<title>NS1 Mini Pop Up 8mm - CC Moore - Pesca Fish<\/title>\n<meta name=\"robots\" content=\"index, follow, max-snippet:-1, max-image-preview:large, max-video-preview:-1\" \/>\n<link rel=\"canonical\" href=\"https:\/\/www.pescafish.it\/new\/prodotto\/ns1-mini-pop-up-8mm-cc-moore\/\" \/>\n<meta property=\"og:locale\" content=\"it_IT\" \/>\n<meta property=\"og:type\" content=\"article\" \/>\n<meta property=\"og:title\" content=\"NS1 Mini Pop Up 8mm - CC Moore - Pesca Fish\" \/>\n<meta property=\"og:description\" content=\"NS1 Mini Pop Up Le Boilies Pop-Ups Mini Bitez 8 mm della CC Moore prodotte con l&#8217;ultra vivace Pop Up Mix, sono delle gemme perfettamente rollate che garantiscono un reale vantaggio quando vengono adoperate con l&#8217;ausilio dei sacchetti in PVA, oltre a piccole particles e pellet, usate come innesco pop-up o come presentazione per Zig [&hellip;]\" \/>\n<meta property=\"og:url\" content=\"https:\/\/www.pescafish.it\/new\/prodotto\/ns1-mini-pop-up-8mm-cc-moore\/\" \/>\n<meta property=\"og:site_name\" content=\"Pesca Fish\" \/>\n<meta property=\"article:publisher\" content=\"https:\/\/www.facebook.com\/pescafishvr\/\" \/>\n<meta property=\"article:modified_time\" content=\"2025-06-09T18:34:48+00:00\" \/>\n<meta property=\"og:image\" content=\"https:\/\/www.pescafish.it\/new\/wp-content\/uploads\/2020\/08\/twelvefeetmag-ccmoore-knallige-pop-ups-4.jpg\" \/>\n\t<meta property=\"og:image:width\" content=\"1200\" \/>\n\t<meta property=\"og:image:height\" content=\"800\" \/>\n<meta name=\"twitter:card\" content=\"summary_large_image\" \/>\n<meta name=\"twitter:label1\" content=\"Scritto da\">\n\t<meta name=\"twitter:data1\" content=\"francesca\">\n\t<meta name=\"twitter:label2\" content=\"Tempo di lettura stimato\">\n\t<meta name=\"twitter:data2\" content=\"1 minuto\">\n<script type=\"application\/ld+json\" class=\"yoast-schema-graph\">{\"@context\":\"https:\/\/schema.org\",\"@graph\":[{\"@type\":\"WebSite\",\"@id\":\"https:\/\/www.pescafish.it\/new\/#website\",\"url\":\"https:\/\/www.pescafish.it\/new\/\",\"name\":\"Pesca Fish\",\"description\":\"Benvenuti sul nostro sito!\",\"potentialAction\":[{\"@type\":\"SearchAction\",\"target\":\"https:\/\/www.pescafish.it\/new\/?s={search_term_string}\",\"query-input\":\"required name=search_term_string\"}],\"inLanguage\":\"it-IT\"},{\"@type\":\"ImageObject\",\"@id\":\"https:\/\/www.pescafish.it\/new\/prodotto\/ns1-mini-pop-up-8mm-cc-moore\/#primaryimage\",\"inLanguage\":\"it-IT\",\"url\":\"https:\/\/www.pescafish.it\/new\/wp-content\/uploads\/2020\/08\/twelvefeetmag-ccmoore-knallige-pop-ups-4.jpg\",\"width\":1200,\"height\":800,\"caption\":\"NS1 Mini Pop Up\"},{\"@type\":\"WebPage\",\"@id\":\"https:\/\/www.pescafish.it\/new\/prodotto\/ns1-mini-pop-up-8mm-cc-moore\/#webpage\",\"url\":\"https:\/\/www.pescafish.it\/new\/prodotto\/ns1-mini-pop-up-8mm-cc-moore\/\",\"name\":\"NS1 Mini Pop Up 8mm - CC Moore - Pesca Fish\",\"isPartOf\":{\"@id\":\"https:\/\/www.pescafish.it\/new\/#website\"},\"primaryImageOfPage\":{\"@id\":\"https:\/\/www.pescafish.it\/new\/prodotto\/ns1-mini-pop-up-8mm-cc-moore\/#primaryimage\"},\"datePublished\":\"2020-08-14T09:05:29+00:00\",\"dateModified\":\"2025-06-09T18:34:48+00:00\",\"inLanguage\":\"it-IT\",\"potentialAction\":[{\"@type\":\"ReadAction\",\"target\":[\"https:\/\/www.pescafish.it\/new\/prodotto\/ns1-mini-pop-up-8mm-cc-moore\/\"]}]}]}<\/script>\n<!-- \/ Yoast SEO plugin. -->","_links":{"self":[{"href":"https:\/\/www.pescafish.it\/new\/wp-json\/wp\/v2\/product\/60963"}],"collection":[{"href":"https:\/\/www.pescafish.it\/new\/wp-json\/wp\/v2\/product"}],"about":[{"href":"https:\/\/www.pescafish.it\/new\/wp-json\/wp\/v2\/types\/product"}],"replies":[{"embeddable":true,"href":"https:\/\/www.pescafish.it\/new\/wp-json\/wp\/v2\/comments?post=60963"}],"wp:featuredmedia":[{"embeddable":true,"href":"https:\/\/www.pescafish.it\/new\/wp-json\/wp\/v2\/media\/60964"}],"wp:attachment":[{"href":"https:\/\/www.pescafish.it\/new\/wp-json\/wp\/v2\/media?parent=60963"}],"wp:term":[{"taxonomy":"product_cat","embeddable":true,"href":"https:\/\/www.pescafish.it\/new\/wp-json\/wp\/v2\/product_cat?post=60963"},{"taxonomy":"product_tag","embeddable":true,"href":"https:\/\/www.pescafish.it\/new\/wp-json\/wp\/v2\/product_tag?post=60963"}],"curies":[{"name":"wp","href":"https:\/\/api.w.org\/{rel}","templated":true}]}}