{"id":60940,"date":"2020-08-14T11:00:20","date_gmt":"2020-08-14T09:00:20","guid":{"rendered":"https:\/\/www.pescafish.it\/new\/?post_type=product&#038;p=60940"},"modified":"2025-03-12T18:56:42","modified_gmt":"2025-03-12T17:56:42","slug":"pacific-tuna-cc-moore","status":"publish","type":"product","link":"https:\/\/www.pescafish.it\/new\/prodotto\/pacific-tuna-cc-moore\/","title":{"rendered":"Pacific Tuna &#8211; CC Moore"},"content":{"rendered":"<h2><strong>Pacific Tuna<\/strong><\/h2>\n<p>Le Pacific Tuna sono boilies naturali, di colore rosso scuro intenso, che combinano le proteine solubili del pesce, quelle del latte e le proteine vegetali, il tutto insieme a potenti stimolatori d&#8217;appetito. Il risultato \u00e8 una performante boilies all season, grazie all&#8217;elevata solubilit\u00e0 e digeribilit\u00e0 anche in acque fredde. Sono caratterizzate da una buona durata in acqua, e grazie all&#8217;alto contenuto di aminoacidi e di proteine di alta qualit\u00e0 interagiscono rapidamente con l&#8217;acqua dello spot. Contengono l&#8217;ormai famoso Robin Red di Haith&#8217;s, derivati del tonno e di molluschi lavorati a basse temperature, ed estratti vegetali. Per chi ama le boilies al &#8220;pesce&#8221;, questa boilie non pu\u00f2 assolutamente mancare tra le prime scelte.<\/p>\n<p><b>Disponibile nelle seguenti\u00a0varianti:<\/b><br \/>\n<b>90191\u00a0 <\/b>Boilies 15mm 1kg<br \/>\n<strong>90196\u00a0<\/strong> Boilies 18mm 1kg<br \/>\n<strong>90200<\/strong> Boilies 24mm 1kg<br \/>\n<strong>90198<\/strong>\u00a0 Boilies 18mm 5kg<br \/>\n<strong>90202<\/strong>\u00a0 Boilies 24mm 5kg<br \/>\n<strong>94510<\/strong>\u00a0 Paste 300gr<br \/>\n<strong>90236<\/strong>\u00a0 Hard HookBaits 15mm<br \/>\n<strong>90237<\/strong>\u00a0 Hard HookBaits 18mm<br \/>\n<strong>95858\u00a0<\/strong> Hard HookBaits 24mm<br \/>\n<strong>90220\u00a0<\/strong> Pop Up 15mm<br \/>\n<strong>90221\u00a0<\/strong> Pop Up 18mm<br \/>\n<b>90129<\/b>\u00a0 Pop Up White 14mm<br \/>\n<strong>90569<\/strong>\u00a0 Wafter 12mm<br \/>\n<strong>90229\u00a0<\/strong> Wafter 15mm<br \/>\n<strong>90230<\/strong>\u00a0 Wafter 18mm<br \/>\n<strong>90206\u00a0<\/strong> Pellets 2mm 1kg<br \/>\n<strong>90214\u00a0<\/strong> Pellets 6mm 1kg<br \/>\n<strong>90238<\/strong>\u00a0 Glugged Hookbaits 10x14mm<br \/>\n<strong>90394<\/strong>\u00a0 Glugged Hookbaits 15x18mm<br \/>\n<strong>90239<\/strong>\u00a0 Bait Booster 500ml<br \/>\n<strong>95844<\/strong>\u00a0 Hookbait Booster 50ml<\/p>\n<p>&nbsp;<\/p>\n","protected":false},"excerpt":{"rendered":"<p>Pacific Tuna Le Pacific Tuna sono boilies naturali, di colore rosso scuro intenso, che combinano le proteine solubili del pesce, quelle del latte e le proteine vegetali, il tutto insieme a potenti stimolatori d&#8217;appetito. Il risultato \u00e8 una performante boilies all season, grazie all&#8217;elevata solubilit\u00e0 e digeribilit\u00e0 anche in acque fredde. Sono caratterizzate da una [&hellip;]<\/p>\n","protected":false},"featured_media":93057,"comment_status":"closed","ping_status":"closed","template":"","meta":[],"product_cat":[1128],"product_tag":[1127],"yoast_head":"<!-- This site is optimized with the Yoast SEO plugin v15.3 - https:\/\/yoast.com\/wordpress\/plugins\/seo\/ -->\n<title>Pacific Tuna - CC Moore - Pesca Fish<\/title>\n<meta name=\"robots\" content=\"index, follow, max-snippet:-1, max-image-preview:large, max-video-preview:-1\" \/>\n<link rel=\"canonical\" href=\"https:\/\/www.pescafish.it\/new\/prodotto\/pacific-tuna-cc-moore\/\" \/>\n<meta property=\"og:locale\" content=\"it_IT\" \/>\n<meta property=\"og:type\" content=\"article\" \/>\n<meta property=\"og:title\" content=\"Pacific Tuna - CC Moore - Pesca Fish\" \/>\n<meta property=\"og:description\" content=\"Pacific Tuna Le Pacific Tuna sono boilies naturali, di colore rosso scuro intenso, che combinano le proteine solubili del pesce, quelle del latte e le proteine vegetali, il tutto insieme a potenti stimolatori d&#8217;appetito. Il risultato \u00e8 una performante boilies all season, grazie all&#8217;elevata solubilit\u00e0 e digeribilit\u00e0 anche in acque fredde. Sono caratterizzate da una [&hellip;]\" \/>\n<meta property=\"og:url\" content=\"https:\/\/www.pescafish.it\/new\/prodotto\/pacific-tuna-cc-moore\/\" \/>\n<meta property=\"og:site_name\" content=\"Pesca Fish\" \/>\n<meta property=\"article:publisher\" content=\"https:\/\/www.facebook.com\/pescafishvr\/\" \/>\n<meta property=\"article:modified_time\" content=\"2025-03-12T17:56:42+00:00\" \/>\n<meta property=\"og:image\" content=\"https:\/\/www.pescafish.it\/new\/wp-content\/uploads\/2020\/08\/pacific-tuna-boilies.jpg\" \/>\n\t<meta property=\"og:image:width\" content=\"800\" \/>\n\t<meta property=\"og:image:height\" content=\"800\" \/>\n<meta name=\"twitter:card\" content=\"summary_large_image\" \/>\n<meta name=\"twitter:label1\" content=\"Scritto da\">\n\t<meta name=\"twitter:data1\" content=\"francesca\">\n\t<meta name=\"twitter:label2\" content=\"Tempo di lettura stimato\">\n\t<meta name=\"twitter:data2\" content=\"1 minuto\">\n<script type=\"application\/ld+json\" class=\"yoast-schema-graph\">{\"@context\":\"https:\/\/schema.org\",\"@graph\":[{\"@type\":\"WebSite\",\"@id\":\"https:\/\/www.pescafish.it\/new\/#website\",\"url\":\"https:\/\/www.pescafish.it\/new\/\",\"name\":\"Pesca Fish\",\"description\":\"Benvenuti sul nostro sito!\",\"potentialAction\":[{\"@type\":\"SearchAction\",\"target\":\"https:\/\/www.pescafish.it\/new\/?s={search_term_string}\",\"query-input\":\"required name=search_term_string\"}],\"inLanguage\":\"it-IT\"},{\"@type\":\"ImageObject\",\"@id\":\"https:\/\/www.pescafish.it\/new\/prodotto\/pacific-tuna-cc-moore\/#primaryimage\",\"inLanguage\":\"it-IT\",\"url\":\"https:\/\/www.pescafish.it\/new\/wp-content\/uploads\/2020\/08\/pacific-tuna-boilies.jpg\",\"width\":800,\"height\":800,\"caption\":\"CC Moore\"},{\"@type\":\"WebPage\",\"@id\":\"https:\/\/www.pescafish.it\/new\/prodotto\/pacific-tuna-cc-moore\/#webpage\",\"url\":\"https:\/\/www.pescafish.it\/new\/prodotto\/pacific-tuna-cc-moore\/\",\"name\":\"Pacific Tuna - CC Moore - Pesca Fish\",\"isPartOf\":{\"@id\":\"https:\/\/www.pescafish.it\/new\/#website\"},\"primaryImageOfPage\":{\"@id\":\"https:\/\/www.pescafish.it\/new\/prodotto\/pacific-tuna-cc-moore\/#primaryimage\"},\"datePublished\":\"2020-08-14T09:00:20+00:00\",\"dateModified\":\"2025-03-12T17:56:42+00:00\",\"inLanguage\":\"it-IT\",\"potentialAction\":[{\"@type\":\"ReadAction\",\"target\":[\"https:\/\/www.pescafish.it\/new\/prodotto\/pacific-tuna-cc-moore\/\"]}]}]}<\/script>\n<!-- \/ Yoast SEO plugin. -->","_links":{"self":[{"href":"https:\/\/www.pescafish.it\/new\/wp-json\/wp\/v2\/product\/60940"}],"collection":[{"href":"https:\/\/www.pescafish.it\/new\/wp-json\/wp\/v2\/product"}],"about":[{"href":"https:\/\/www.pescafish.it\/new\/wp-json\/wp\/v2\/types\/product"}],"replies":[{"embeddable":true,"href":"https:\/\/www.pescafish.it\/new\/wp-json\/wp\/v2\/comments?post=60940"}],"wp:featuredmedia":[{"embeddable":true,"href":"https:\/\/www.pescafish.it\/new\/wp-json\/wp\/v2\/media\/93057"}],"wp:attachment":[{"href":"https:\/\/www.pescafish.it\/new\/wp-json\/wp\/v2\/media?parent=60940"}],"wp:term":[{"taxonomy":"product_cat","embeddable":true,"href":"https:\/\/www.pescafish.it\/new\/wp-json\/wp\/v2\/product_cat?post=60940"},{"taxonomy":"product_tag","embeddable":true,"href":"https:\/\/www.pescafish.it\/new\/wp-json\/wp\/v2\/product_tag?post=60940"}],"curies":[{"name":"wp","href":"https:\/\/api.w.org\/{rel}","templated":true}]}}