{"id":60900,"date":"2020-08-13T15:21:32","date_gmt":"2020-08-13T13:21:32","guid":{"rendered":"https:\/\/www.pescafish.it\/new\/?post_type=product&#038;p=60900"},"modified":"2024-11-30T09:13:18","modified_gmt":"2024-11-30T08:13:18","slug":"smart-liquid-mainline-baits","status":"publish","type":"product","link":"https:\/\/www.pescafish.it\/new\/prodotto\/smart-liquid-mainline-baits\/","title":{"rendered":"Smart Liquid &#8211; Mainline Baits"},"content":{"rendered":"<h2>Smart Liquid<\/h2>\n<p>Molto pi\u00f9 di un alimento liquido, molto pi\u00f9 di un attrattore liquido, Smart Liquid \u00e8 &#8220;intelligente&#8221;. L&#8217;acqua \u00e8 il catalizzatore di Smart Liquid che si infiltra nel suo ambiente sottomarino; su tutto il substrato di fondo orizzontalmente poi salendo verticalmente, impregnando l&#8217;intera colonna d&#8217;acqua con composti avanzati o amminoacidi liberi, palatanti e oligoelementi altamente stimolatori.<\/p>\n<p>Ricoprire semplicemente boilies, pellet, particelle, floater e inneschi con Smart Liquid, o aggiungerlo a Groundbaits in fase di miscelazione. Aggiungi come richiesto. Grazie alla formulazione unica di Smart Liquids, \u00e8 impossibile sovraccaricare.<\/p>\n<p><strong>Disponibile nelle seguenti aromatizzazioni:<br \/>\n<\/strong><strong>M10004\u00a0<\/strong> CellTM<br \/>\n<strong>M10005\u00a0<\/strong> Fish<br \/>\n<strong>M10006\u00a0<\/strong> Fruit<br \/>\n<strong>M10007\u00a0<\/strong> Cream<br \/>\n<strong>M10009<\/strong>\u00a0 Pineapple<br \/>\n<strong>M10010<\/strong>\u00a0 Squid<br \/>\n<strong>M10011<\/strong>\u00a0 Essential Cell<br \/>\n<strong>M10012<\/strong>\u00a0 Link<br \/>\n<strong>M10014<\/strong>\u00a0 Sweetcorn<br \/>\n<strong>M10013<\/strong>\u00a0 ISO Fish<\/p>\n<p><strong>Barattolo da 250ml\u00a0<\/strong><\/p>\n<p><strong>PVA Friendly<\/strong><\/p>\n","protected":false},"excerpt":{"rendered":"<p>Smart Liquid Molto pi\u00f9 di un alimento liquido, molto pi\u00f9 di un attrattore liquido, Smart Liquid \u00e8 &#8220;intelligente&#8221;. L&#8217;acqua \u00e8 il catalizzatore di Smart Liquid che si infiltra nel suo ambiente sottomarino; su tutto il substrato di fondo orizzontalmente poi salendo verticalmente, impregnando l&#8217;intera colonna d&#8217;acqua con composti avanzati o amminoacidi liberi, palatanti e oligoelementi [&hellip;]<\/p>\n","protected":false},"featured_media":95341,"comment_status":"closed","ping_status":"closed","template":"","meta":[],"product_cat":[553],"product_tag":[1126],"yoast_head":"<!-- This site is optimized with the Yoast SEO plugin v15.3 - https:\/\/yoast.com\/wordpress\/plugins\/seo\/ -->\n<title>Smart Liquid - Mainline Baits - Pesca Fish<\/title>\n<meta name=\"robots\" content=\"index, follow, max-snippet:-1, max-image-preview:large, max-video-preview:-1\" \/>\n<link rel=\"canonical\" href=\"https:\/\/www.pescafish.it\/new\/prodotto\/smart-liquid-mainline-baits\/\" \/>\n<meta property=\"og:locale\" content=\"it_IT\" \/>\n<meta property=\"og:type\" content=\"article\" \/>\n<meta property=\"og:title\" content=\"Smart Liquid - Mainline Baits - Pesca Fish\" \/>\n<meta property=\"og:description\" content=\"Smart Liquid Molto pi\u00f9 di un alimento liquido, molto pi\u00f9 di un attrattore liquido, Smart Liquid \u00e8 &#8220;intelligente&#8221;. L&#8217;acqua \u00e8 il catalizzatore di Smart Liquid che si infiltra nel suo ambiente sottomarino; su tutto il substrato di fondo orizzontalmente poi salendo verticalmente, impregnando l&#8217;intera colonna d&#8217;acqua con composti avanzati o amminoacidi liberi, palatanti e oligoelementi [&hellip;]\" \/>\n<meta property=\"og:url\" content=\"https:\/\/www.pescafish.it\/new\/prodotto\/smart-liquid-mainline-baits\/\" \/>\n<meta property=\"og:site_name\" content=\"Pesca Fish\" \/>\n<meta property=\"article:publisher\" content=\"https:\/\/www.facebook.com\/pescafishvr\/\" \/>\n<meta property=\"article:modified_time\" content=\"2024-11-30T08:13:18+00:00\" \/>\n<meta property=\"og:image\" content=\"https:\/\/www.pescafish.it\/new\/wp-content\/uploads\/2020\/08\/SMART.jpg\" \/>\n\t<meta property=\"og:image:width\" content=\"789\" \/>\n\t<meta property=\"og:image:height\" content=\"794\" \/>\n<meta name=\"twitter:card\" content=\"summary_large_image\" \/>\n<meta name=\"twitter:label1\" content=\"Scritto da\">\n\t<meta name=\"twitter:data1\" content=\"francesca\">\n\t<meta name=\"twitter:label2\" content=\"Tempo di lettura stimato\">\n\t<meta name=\"twitter:data2\" content=\"0 minuti\">\n<script type=\"application\/ld+json\" class=\"yoast-schema-graph\">{\"@context\":\"https:\/\/schema.org\",\"@graph\":[{\"@type\":\"WebSite\",\"@id\":\"https:\/\/www.pescafish.it\/new\/#website\",\"url\":\"https:\/\/www.pescafish.it\/new\/\",\"name\":\"Pesca Fish\",\"description\":\"Benvenuti sul nostro sito!\",\"potentialAction\":[{\"@type\":\"SearchAction\",\"target\":\"https:\/\/www.pescafish.it\/new\/?s={search_term_string}\",\"query-input\":\"required name=search_term_string\"}],\"inLanguage\":\"it-IT\"},{\"@type\":\"ImageObject\",\"@id\":\"https:\/\/www.pescafish.it\/new\/prodotto\/smart-liquid-mainline-baits\/#primaryimage\",\"inLanguage\":\"it-IT\",\"url\":\"https:\/\/www.pescafish.it\/new\/wp-content\/uploads\/2020\/08\/SMART.jpg\",\"width\":789,\"height\":794,\"caption\":\"Mainline Bait\"},{\"@type\":\"WebPage\",\"@id\":\"https:\/\/www.pescafish.it\/new\/prodotto\/smart-liquid-mainline-baits\/#webpage\",\"url\":\"https:\/\/www.pescafish.it\/new\/prodotto\/smart-liquid-mainline-baits\/\",\"name\":\"Smart Liquid - Mainline Baits - Pesca Fish\",\"isPartOf\":{\"@id\":\"https:\/\/www.pescafish.it\/new\/#website\"},\"primaryImageOfPage\":{\"@id\":\"https:\/\/www.pescafish.it\/new\/prodotto\/smart-liquid-mainline-baits\/#primaryimage\"},\"datePublished\":\"2020-08-13T13:21:32+00:00\",\"dateModified\":\"2024-11-30T08:13:18+00:00\",\"inLanguage\":\"it-IT\",\"potentialAction\":[{\"@type\":\"ReadAction\",\"target\":[\"https:\/\/www.pescafish.it\/new\/prodotto\/smart-liquid-mainline-baits\/\"]}]}]}<\/script>\n<!-- \/ Yoast SEO plugin. -->","_links":{"self":[{"href":"https:\/\/www.pescafish.it\/new\/wp-json\/wp\/v2\/product\/60900"}],"collection":[{"href":"https:\/\/www.pescafish.it\/new\/wp-json\/wp\/v2\/product"}],"about":[{"href":"https:\/\/www.pescafish.it\/new\/wp-json\/wp\/v2\/types\/product"}],"replies":[{"embeddable":true,"href":"https:\/\/www.pescafish.it\/new\/wp-json\/wp\/v2\/comments?post=60900"}],"wp:featuredmedia":[{"embeddable":true,"href":"https:\/\/www.pescafish.it\/new\/wp-json\/wp\/v2\/media\/95341"}],"wp:attachment":[{"href":"https:\/\/www.pescafish.it\/new\/wp-json\/wp\/v2\/media?parent=60900"}],"wp:term":[{"taxonomy":"product_cat","embeddable":true,"href":"https:\/\/www.pescafish.it\/new\/wp-json\/wp\/v2\/product_cat?post=60900"},{"taxonomy":"product_tag","embeddable":true,"href":"https:\/\/www.pescafish.it\/new\/wp-json\/wp\/v2\/product_tag?post=60900"}],"curies":[{"name":"wp","href":"https:\/\/api.w.org\/{rel}","templated":true}]}}