{"id":59831,"date":"2020-05-15T20:24:42","date_gmt":"2020-05-15T18:24:42","guid":{"rendered":"https:\/\/www.pescafish.it\/new\/?post_type=product&#038;p=59831"},"modified":"2024-09-08T16:08:35","modified_gmt":"2024-09-08T14:08:35","slug":"roubasienne-mammoth-9m-sensas","status":"publish","type":"product","link":"https:\/\/www.pescafish.it\/new\/prodotto\/roubasienne-mammoth-9m-sensas\/","title":{"rendered":"Roubasienne Mammoth 9m &#8211; Sensas"},"content":{"rendered":"<p><strong>Specifiche tecniche:<\/strong><\/p>\n<p>\u2022Canna 9mt<br \/>\n\u2022impugnatura rinforzata 3\u00b0pz<br \/>\n\u2022tubo di protezione<br \/>\n<strong><br \/>\n<\/strong><\/p>\n<p>Con questo modello ancora pi\u00f9 rigido e pi\u00f9 resistente&#8230; in breve, tutto ci\u00f2 che \u00e8 necessario per domare i pesci di grandi dimensioni.<\/p>\n","protected":false},"excerpt":{"rendered":"<p>Specifiche tecniche: \u2022Canna 9mt \u2022impugnatura rinforzata 3\u00b0pz \u2022tubo di protezione Con questo modello ancora pi\u00f9 rigido e pi\u00f9 resistente&#8230; in breve, tutto ci\u00f2 che \u00e8 necessario per domare i pesci di grandi dimensioni.<\/p>\n","protected":false},"featured_media":59833,"comment_status":"closed","ping_status":"closed","template":"","meta":[],"product_cat":[91],"product_tag":[1041],"yoast_head":"<!-- This site is optimized with the Yoast SEO plugin v15.3 - https:\/\/yoast.com\/wordpress\/plugins\/seo\/ -->\n<title>Roubasienne Mammoth 9m - Sensas - Pesca Fish<\/title>\n<meta name=\"robots\" content=\"index, follow, max-snippet:-1, max-image-preview:large, max-video-preview:-1\" \/>\n<link rel=\"canonical\" href=\"https:\/\/www.pescafish.it\/new\/prodotto\/roubasienne-mammoth-9m-sensas\/\" \/>\n<meta property=\"og:locale\" content=\"it_IT\" \/>\n<meta property=\"og:type\" content=\"article\" \/>\n<meta property=\"og:title\" content=\"Roubasienne Mammoth 9m - Sensas - Pesca Fish\" \/>\n<meta property=\"og:description\" content=\"Specifiche tecniche: \u2022Canna 9mt \u2022impugnatura rinforzata 3\u00b0pz \u2022tubo di protezione Con questo modello ancora pi\u00f9 rigido e pi\u00f9 resistente&#8230; in breve, tutto ci\u00f2 che \u00e8 necessario per domare i pesci di grandi dimensioni.\" \/>\n<meta property=\"og:url\" content=\"https:\/\/www.pescafish.it\/new\/prodotto\/roubasienne-mammoth-9m-sensas\/\" \/>\n<meta property=\"og:site_name\" content=\"Pesca Fish\" \/>\n<meta property=\"article:publisher\" content=\"https:\/\/www.facebook.com\/pescafishvr\/\" \/>\n<meta property=\"article:modified_time\" content=\"2024-09-08T14:08:35+00:00\" \/>\n<meta property=\"og:image\" content=\"https:\/\/www.pescafish.it\/new\/wp-content\/uploads\/2020\/05\/canne-coup-a-emmanchement-sensas-mammoth-margin-serie-4-f-2022-202273.jpg\" \/>\n\t<meta property=\"og:image:width\" content=\"224\" \/>\n\t<meta property=\"og:image:height\" content=\"224\" \/>\n<meta name=\"twitter:card\" content=\"summary_large_image\" \/>\n<meta name=\"twitter:label1\" content=\"Scritto da\">\n\t<meta name=\"twitter:data1\" content=\"francesca\">\n\t<meta name=\"twitter:label2\" content=\"Tempo di lettura stimato\">\n\t<meta name=\"twitter:data2\" content=\"0 minuti\">\n<script type=\"application\/ld+json\" class=\"yoast-schema-graph\">{\"@context\":\"https:\/\/schema.org\",\"@graph\":[{\"@type\":\"WebSite\",\"@id\":\"https:\/\/www.pescafish.it\/new\/#website\",\"url\":\"https:\/\/www.pescafish.it\/new\/\",\"name\":\"Pesca Fish\",\"description\":\"Benvenuti sul nostro sito!\",\"potentialAction\":[{\"@type\":\"SearchAction\",\"target\":\"https:\/\/www.pescafish.it\/new\/?s={search_term_string}\",\"query-input\":\"required name=search_term_string\"}],\"inLanguage\":\"it-IT\"},{\"@type\":\"ImageObject\",\"@id\":\"https:\/\/www.pescafish.it\/new\/prodotto\/roubasienne-mammoth-9m-sensas\/#primaryimage\",\"inLanguage\":\"it-IT\",\"url\":\"https:\/\/www.pescafish.it\/new\/wp-content\/uploads\/2020\/05\/canne-coup-a-emmanchement-sensas-mammoth-margin-serie-4-f-2022-202273.jpg\",\"width\":224,\"height\":224},{\"@type\":\"WebPage\",\"@id\":\"https:\/\/www.pescafish.it\/new\/prodotto\/roubasienne-mammoth-9m-sensas\/#webpage\",\"url\":\"https:\/\/www.pescafish.it\/new\/prodotto\/roubasienne-mammoth-9m-sensas\/\",\"name\":\"Roubasienne Mammoth 9m - Sensas - Pesca Fish\",\"isPartOf\":{\"@id\":\"https:\/\/www.pescafish.it\/new\/#website\"},\"primaryImageOfPage\":{\"@id\":\"https:\/\/www.pescafish.it\/new\/prodotto\/roubasienne-mammoth-9m-sensas\/#primaryimage\"},\"datePublished\":\"2020-05-15T18:24:42+00:00\",\"dateModified\":\"2024-09-08T14:08:35+00:00\",\"inLanguage\":\"it-IT\",\"potentialAction\":[{\"@type\":\"ReadAction\",\"target\":[\"https:\/\/www.pescafish.it\/new\/prodotto\/roubasienne-mammoth-9m-sensas\/\"]}]}]}<\/script>\n<!-- \/ Yoast SEO plugin. -->","_links":{"self":[{"href":"https:\/\/www.pescafish.it\/new\/wp-json\/wp\/v2\/product\/59831"}],"collection":[{"href":"https:\/\/www.pescafish.it\/new\/wp-json\/wp\/v2\/product"}],"about":[{"href":"https:\/\/www.pescafish.it\/new\/wp-json\/wp\/v2\/types\/product"}],"replies":[{"embeddable":true,"href":"https:\/\/www.pescafish.it\/new\/wp-json\/wp\/v2\/comments?post=59831"}],"wp:featuredmedia":[{"embeddable":true,"href":"https:\/\/www.pescafish.it\/new\/wp-json\/wp\/v2\/media\/59833"}],"wp:attachment":[{"href":"https:\/\/www.pescafish.it\/new\/wp-json\/wp\/v2\/media?parent=59831"}],"wp:term":[{"taxonomy":"product_cat","embeddable":true,"href":"https:\/\/www.pescafish.it\/new\/wp-json\/wp\/v2\/product_cat?post=59831"},{"taxonomy":"product_tag","embeddable":true,"href":"https:\/\/www.pescafish.it\/new\/wp-json\/wp\/v2\/product_tag?post=59831"}],"curies":[{"name":"wp","href":"https:\/\/api.w.org\/{rel}","templated":true}]}}