{"id":59741,"date":"2020-05-11T17:19:06","date_gmt":"2020-05-11T15:19:06","guid":{"rendered":"https:\/\/www.pescafish.it\/new\/?post_type=product&#038;p=59741"},"modified":"2021-01-19T13:15:32","modified_gmt":"2021-01-19T12:15:32","slug":"mix-hi-nu-val-1kg-nutrabaits","status":"publish","type":"product","link":"https:\/\/www.pescafish.it\/new\/prodotto\/mix-hi-nu-val-1kg-nutrabaits\/","title":{"rendered":"Mix Hi-Nu-Val 1kg &#8211; Nutrabaits"},"content":{"rendered":"<p id=\"tw-target-text\" class=\"tw-data-text tw-text-large tw-ta\" dir=\"ltr\" data-placeholder=\"Traduzione\"><span lang=\"it\">Hi-Nu-Val si basa sulla formidabile reputazione di miscele ad alto contenuto proteico, contenenti una sottile miscela di proteine \u200b\u200bumane derivate dal latte per uso alimentare. Questo mix di basi HNV permette all&#8217;odore naturale, altamente stimolante, della proteina di espandersi nell&#8217;acqua. Questa \u00e8 un&#8217;autentica esca per alimenti a lungo termine che si \u00e8 spesso dimostrata molto selettiva nel superare pesci pi\u00f9 grandi. Essendo proteine \u200b\u200bdel latte al 100%, molti pescatori producono anche esche uncinate su misura utilizzando questo mix di basi.<\/span><\/p>\n","protected":false},"excerpt":{"rendered":"<p>Hi-Nu-Val si basa sulla formidabile reputazione di miscele ad alto contenuto proteico, contenenti una sottile miscela di proteine \u200b\u200bumane derivate dal latte per uso alimentare. Questo mix di basi HNV permette all&#8217;odore naturale, altamente stimolante, della proteina di espandersi nell&#8217;acqua. Questa \u00e8 un&#8217;autentica esca per alimenti a lungo termine che si \u00e8 spesso dimostrata molto [&hellip;]<\/p>\n","protected":false},"featured_media":59744,"comment_status":"open","ping_status":"closed","template":"","meta":[],"product_cat":[943],"product_tag":[1049],"yoast_head":"<!-- This site is optimized with the Yoast SEO plugin v15.3 - https:\/\/yoast.com\/wordpress\/plugins\/seo\/ -->\n<title>Mix Hi-Nu-Val 1kg - Nutrabaits - Pesca Fish<\/title>\n<meta name=\"robots\" content=\"index, follow, max-snippet:-1, max-image-preview:large, max-video-preview:-1\" \/>\n<link rel=\"canonical\" href=\"https:\/\/www.pescafish.it\/new\/prodotto\/mix-hi-nu-val-1kg-nutrabaits\/\" \/>\n<meta property=\"og:locale\" content=\"it_IT\" \/>\n<meta property=\"og:type\" content=\"article\" \/>\n<meta property=\"og:title\" content=\"Mix Hi-Nu-Val 1kg - Nutrabaits - Pesca Fish\" \/>\n<meta property=\"og:description\" content=\"Hi-Nu-Val si basa sulla formidabile reputazione di miscele ad alto contenuto proteico, contenenti una sottile miscela di proteine \u200b\u200bumane derivate dal latte per uso alimentare. Questo mix di basi HNV permette all&#8217;odore naturale, altamente stimolante, della proteina di espandersi nell&#8217;acqua. Questa \u00e8 un&#8217;autentica esca per alimenti a lungo termine che si \u00e8 spesso dimostrata molto [&hellip;]\" \/>\n<meta property=\"og:url\" content=\"https:\/\/www.pescafish.it\/new\/prodotto\/mix-hi-nu-val-1kg-nutrabaits\/\" \/>\n<meta property=\"og:site_name\" content=\"Pesca Fish\" \/>\n<meta property=\"article:publisher\" content=\"https:\/\/www.facebook.com\/pescafishvr\/\" \/>\n<meta property=\"article:modified_time\" content=\"2021-01-19T12:15:32+00:00\" \/>\n<meta property=\"og:image\" content=\"https:\/\/www.pescafish.it\/new\/wp-content\/uploads\/2020\/05\/Hi-Nu-Val-740x491-1.jpg\" \/>\n\t<meta property=\"og:image:width\" content=\"740\" \/>\n\t<meta property=\"og:image:height\" content=\"491\" \/>\n<meta name=\"twitter:card\" content=\"summary_large_image\" \/>\n<meta name=\"twitter:label1\" content=\"Scritto da\">\n\t<meta name=\"twitter:data1\" content=\"francesca\">\n\t<meta name=\"twitter:label2\" content=\"Tempo di lettura stimato\">\n\t<meta name=\"twitter:data2\" content=\"0 minuti\">\n<script type=\"application\/ld+json\" class=\"yoast-schema-graph\">{\"@context\":\"https:\/\/schema.org\",\"@graph\":[{\"@type\":\"WebSite\",\"@id\":\"https:\/\/www.pescafish.it\/new\/#website\",\"url\":\"https:\/\/www.pescafish.it\/new\/\",\"name\":\"Pesca Fish\",\"description\":\"Benvenuti sul nostro sito!\",\"potentialAction\":[{\"@type\":\"SearchAction\",\"target\":\"https:\/\/www.pescafish.it\/new\/?s={search_term_string}\",\"query-input\":\"required name=search_term_string\"}],\"inLanguage\":\"it-IT\"},{\"@type\":\"ImageObject\",\"@id\":\"https:\/\/www.pescafish.it\/new\/prodotto\/mix-hi-nu-val-1kg-nutrabaits\/#primaryimage\",\"inLanguage\":\"it-IT\",\"url\":\"https:\/\/www.pescafish.it\/new\/wp-content\/uploads\/2020\/05\/Hi-Nu-Val-740x491-1.jpg\",\"width\":740,\"height\":491},{\"@type\":\"WebPage\",\"@id\":\"https:\/\/www.pescafish.it\/new\/prodotto\/mix-hi-nu-val-1kg-nutrabaits\/#webpage\",\"url\":\"https:\/\/www.pescafish.it\/new\/prodotto\/mix-hi-nu-val-1kg-nutrabaits\/\",\"name\":\"Mix Hi-Nu-Val 1kg - Nutrabaits - Pesca Fish\",\"isPartOf\":{\"@id\":\"https:\/\/www.pescafish.it\/new\/#website\"},\"primaryImageOfPage\":{\"@id\":\"https:\/\/www.pescafish.it\/new\/prodotto\/mix-hi-nu-val-1kg-nutrabaits\/#primaryimage\"},\"datePublished\":\"2020-05-11T15:19:06+00:00\",\"dateModified\":\"2021-01-19T12:15:32+00:00\",\"inLanguage\":\"it-IT\",\"potentialAction\":[{\"@type\":\"ReadAction\",\"target\":[\"https:\/\/www.pescafish.it\/new\/prodotto\/mix-hi-nu-val-1kg-nutrabaits\/\"]}]}]}<\/script>\n<!-- \/ Yoast SEO plugin. -->","_links":{"self":[{"href":"https:\/\/www.pescafish.it\/new\/wp-json\/wp\/v2\/product\/59741"}],"collection":[{"href":"https:\/\/www.pescafish.it\/new\/wp-json\/wp\/v2\/product"}],"about":[{"href":"https:\/\/www.pescafish.it\/new\/wp-json\/wp\/v2\/types\/product"}],"replies":[{"embeddable":true,"href":"https:\/\/www.pescafish.it\/new\/wp-json\/wp\/v2\/comments?post=59741"}],"wp:featuredmedia":[{"embeddable":true,"href":"https:\/\/www.pescafish.it\/new\/wp-json\/wp\/v2\/media\/59744"}],"wp:attachment":[{"href":"https:\/\/www.pescafish.it\/new\/wp-json\/wp\/v2\/media?parent=59741"}],"wp:term":[{"taxonomy":"product_cat","embeddable":true,"href":"https:\/\/www.pescafish.it\/new\/wp-json\/wp\/v2\/product_cat?post=59741"},{"taxonomy":"product_tag","embeddable":true,"href":"https:\/\/www.pescafish.it\/new\/wp-json\/wp\/v2\/product_tag?post=59741"}],"curies":[{"name":"wp","href":"https:\/\/api.w.org\/{rel}","templated":true}]}}