{"id":59709,"date":"2020-05-08T21:04:46","date_gmt":"2020-05-08T19:04:46","guid":{"rendered":"https:\/\/www.pescafish.it\/new\/?post_type=product&#038;p=59709"},"modified":"2020-05-08T21:04:46","modified_gmt":"2020-05-08T19:04:46","slug":"pure-salmon-250ml-nutrabaits","status":"publish","type":"product","link":"https:\/\/www.pescafish.it\/new\/prodotto\/pure-salmon-250ml-nutrabaits\/","title":{"rendered":"Pure Salmon 250ml &#8211; Nutrabaits"},"content":{"rendered":"<p>Ogni esca di qualit\u00e0 contiene grassi, quindi i nostri Bulk Food Oils rappresentano la risposta naturale di acidi grassi. Sappiamo bene che le vostre esche richiedono proteine come di grassi e che quindi gli aminoacidi sono essenziali cos\u00ec come gli acidi grassi. Non c\u2019era modo migliore di introdurli se non sotto forma di bulk food oil. Food sta per cibo ed \u00e8 esattamente ci\u00f2 che sono. Sono formulati per ogni tipo di mix per apportare i grassi necessari e nelle giuste qualit\u00e0 dietetiche alle vostre esche. I grassi permettono alle proteine di essere pi\u00f9 facilmente assimilate durante la crescita. Nello stesso tempo vengono convertiti in fonte di energia. Sono, infatti parte fondamentale di una dieta bilanciata a livello nutrizionale.<\/p>\n","protected":false},"excerpt":{"rendered":"<p>Ogni esca di qualit\u00e0 contiene grassi, quindi i nostri Bulk Food Oils rappresentano la risposta naturale di acidi grassi. Sappiamo bene che le vostre esche richiedono proteine come di grassi e che quindi gli aminoacidi sono essenziali cos\u00ec come gli acidi grassi. Non c\u2019era modo migliore di introdurli se non sotto forma di bulk food [&hellip;]<\/p>\n","protected":false},"featured_media":59711,"comment_status":"open","ping_status":"closed","template":"","meta":[],"product_cat":[943],"product_tag":[1049],"yoast_head":"<!-- This site is optimized with the Yoast SEO plugin v15.3 - https:\/\/yoast.com\/wordpress\/plugins\/seo\/ -->\n<title>Pure Salmon 250ml - Nutrabaits - Pesca Fish<\/title>\n<meta name=\"robots\" content=\"index, follow, max-snippet:-1, max-image-preview:large, max-video-preview:-1\" \/>\n<link rel=\"canonical\" href=\"https:\/\/www.pescafish.it\/new\/prodotto\/pure-salmon-250ml-nutrabaits\/\" \/>\n<meta property=\"og:locale\" content=\"it_IT\" \/>\n<meta property=\"og:type\" content=\"article\" \/>\n<meta property=\"og:title\" content=\"Pure Salmon 250ml - Nutrabaits - Pesca Fish\" \/>\n<meta property=\"og:description\" content=\"Ogni esca di qualit\u00e0 contiene grassi, quindi i nostri Bulk Food Oils rappresentano la risposta naturale di acidi grassi. Sappiamo bene che le vostre esche richiedono proteine come di grassi e che quindi gli aminoacidi sono essenziali cos\u00ec come gli acidi grassi. Non c\u2019era modo migliore di introdurli se non sotto forma di bulk food [&hellip;]\" \/>\n<meta property=\"og:url\" content=\"https:\/\/www.pescafish.it\/new\/prodotto\/pure-salmon-250ml-nutrabaits\/\" \/>\n<meta property=\"og:site_name\" content=\"Pesca Fish\" \/>\n<meta property=\"article:publisher\" content=\"https:\/\/www.facebook.com\/pescafishvr\/\" \/>\n<meta property=\"og:image\" content=\"https:\/\/www.pescafish.it\/new\/wp-content\/uploads\/2020\/05\/A0332.jpg\" \/>\n\t<meta property=\"og:image:width\" content=\"1000\" \/>\n\t<meta property=\"og:image:height\" content=\"667\" \/>\n<meta name=\"twitter:card\" content=\"summary_large_image\" \/>\n<meta name=\"twitter:label1\" content=\"Scritto da\">\n\t<meta name=\"twitter:data1\" content=\"francesca\">\n\t<meta name=\"twitter:label2\" content=\"Tempo di lettura stimato\">\n\t<meta name=\"twitter:data2\" content=\"0 minuti\">\n<script type=\"application\/ld+json\" class=\"yoast-schema-graph\">{\"@context\":\"https:\/\/schema.org\",\"@graph\":[{\"@type\":\"WebSite\",\"@id\":\"https:\/\/www.pescafish.it\/new\/#website\",\"url\":\"https:\/\/www.pescafish.it\/new\/\",\"name\":\"Pesca Fish\",\"description\":\"Benvenuti sul nostro sito!\",\"potentialAction\":[{\"@type\":\"SearchAction\",\"target\":\"https:\/\/www.pescafish.it\/new\/?s={search_term_string}\",\"query-input\":\"required name=search_term_string\"}],\"inLanguage\":\"it-IT\"},{\"@type\":\"ImageObject\",\"@id\":\"https:\/\/www.pescafish.it\/new\/prodotto\/pure-salmon-250ml-nutrabaits\/#primaryimage\",\"inLanguage\":\"it-IT\",\"url\":\"https:\/\/www.pescafish.it\/new\/wp-content\/uploads\/2020\/05\/A0332.jpg\",\"width\":1000,\"height\":667},{\"@type\":\"WebPage\",\"@id\":\"https:\/\/www.pescafish.it\/new\/prodotto\/pure-salmon-250ml-nutrabaits\/#webpage\",\"url\":\"https:\/\/www.pescafish.it\/new\/prodotto\/pure-salmon-250ml-nutrabaits\/\",\"name\":\"Pure Salmon 250ml - Nutrabaits - Pesca Fish\",\"isPartOf\":{\"@id\":\"https:\/\/www.pescafish.it\/new\/#website\"},\"primaryImageOfPage\":{\"@id\":\"https:\/\/www.pescafish.it\/new\/prodotto\/pure-salmon-250ml-nutrabaits\/#primaryimage\"},\"datePublished\":\"2020-05-08T19:04:46+00:00\",\"dateModified\":\"2020-05-08T19:04:46+00:00\",\"inLanguage\":\"it-IT\",\"potentialAction\":[{\"@type\":\"ReadAction\",\"target\":[\"https:\/\/www.pescafish.it\/new\/prodotto\/pure-salmon-250ml-nutrabaits\/\"]}]}]}<\/script>\n<!-- \/ Yoast SEO plugin. -->","_links":{"self":[{"href":"https:\/\/www.pescafish.it\/new\/wp-json\/wp\/v2\/product\/59709"}],"collection":[{"href":"https:\/\/www.pescafish.it\/new\/wp-json\/wp\/v2\/product"}],"about":[{"href":"https:\/\/www.pescafish.it\/new\/wp-json\/wp\/v2\/types\/product"}],"replies":[{"embeddable":true,"href":"https:\/\/www.pescafish.it\/new\/wp-json\/wp\/v2\/comments?post=59709"}],"wp:featuredmedia":[{"embeddable":true,"href":"https:\/\/www.pescafish.it\/new\/wp-json\/wp\/v2\/media\/59711"}],"wp:attachment":[{"href":"https:\/\/www.pescafish.it\/new\/wp-json\/wp\/v2\/media?parent=59709"}],"wp:term":[{"taxonomy":"product_cat","embeddable":true,"href":"https:\/\/www.pescafish.it\/new\/wp-json\/wp\/v2\/product_cat?post=59709"},{"taxonomy":"product_tag","embeddable":true,"href":"https:\/\/www.pescafish.it\/new\/wp-json\/wp\/v2\/product_tag?post=59709"}],"curies":[{"name":"wp","href":"https:\/\/api.w.org\/{rel}","templated":true}]}}